{"id":10011,"date":"2023-08-03T12:39:01","date_gmt":"2023-08-03T10:39:01","guid":{"rendered":"https:\/\/timan.dk\/historie\/"},"modified":"2025-08-06T11:05:50","modified_gmt":"2025-08-06T09:05:50","slug":"o-timanu","status":"publish","type":"page","link":"https:\/\/timan.dk\/cs\/o-timanu\/","title":{"rendered":"O Timanu"},"content":{"rendered":"<div class=\"wpb-content-wrapper\"><p>[vc_row full_width=&#8220;stretch_row&#8220;][vc_column]<div class=\"ult-spacer spacer-69f5e87cb15f8\" data-id=\"69f5e87cb15f8\" data-height=\"90\" data-height-mobile=\"60\" data-height-tab=\"90\" data-height-tab-portrait=\"60\" data-height-mobile-landscape=\"60\" style=\"clear:both;display:block;\"><\/div>[vc_column_text]<\/p>\n<h2>Od gar\u00e1\u017ee k mezin\u00e1rodn\u00edmu obchodu<\/h2>\n<p>[\/vc_column_text][vc_empty_space height=&#8220;30px&#8220;][vc_separator color=&#8220;custom&#8220; border_width=&#8220;2&#8243; accent_color=&#8220;#f7f7f7&#8243;][vc_empty_space height=&#8220;30px&#8220;][vc_row_inner][vc_column_inner offset=&#8220;vc_col-lg-8 vc_col-md-8 vc_col-xs-12&#8243;][vc_column_text]<\/p>\n<h3>Pod\u00edvejte se na fascinuj\u00edc\u00ed p\u0159\u00edb\u011bh spole\u010dnosti Timan v n\u00e1sleduj\u00edc\u00edm poutav\u00e9m videu<\/h3>\n<p>Star\u00e9 a nov\u00e9 z\u00e1b\u011bry propojuj\u00ed historii spole\u010dnosti Timan a poskytuj\u00ed siln\u00fd vhled do spole\u010dnosti: Jak\u00e9 jsou vize spole\u010dnosti Timan a odkud poch\u00e1z\u00ed?[\/vc_column_text][vc_empty_space height=&#8220;30px&#8220;][vc_column_text css=&#8220;.vc_custom_1691140852995{background-color: #f7f7f7 !important;}&#8220;]<\/p>\n<blockquote><p>Ka\u017ed\u00fd stroj Timan se vyzna\u010duje d\u00e1nskou kvalitou a \u0159emesln\u00fdm zpracov\u00e1n\u00edm<\/p><\/blockquote>\n<p>[\/vc_column_text][vc_empty_space height=&#8220;30px&#8220;][vc_video link=&#8220;https:\/\/www.youtube.com\/watch?v=2TLzw7W7hXo&#8220;]<div class=\"ult-spacer spacer-69f5e87cb1644\" data-id=\"69f5e87cb1644\" data-height=\"0\" data-height-mobile=\"30\" data-height-tab=\"0\" data-height-tab-portrait=\"30\" data-height-mobile-landscape=\"30\" style=\"clear:both;display:block;\"><\/div>[\/vc_column_inner][vc_column_inner offset=&#8220;vc_col-lg-4 vc_col-md-4 vc_col-xs-12&#8243;][vc_btn title=&#8220;Zobrazit prodejce&#8220; style=&#8220;custom&#8220; custom_background=&#8220;#fc5623&#8243; custom_text=&#8220;#ffffff&#8220; shape=&#8220;square&#8220; align=&#8220;left&#8220; button_block=&#8220;true&#8220; link=&#8220;url:https%3A%2F%2Ftiman.dk%2Fforhandlere%2F|title:Prodejci|&#8220;][vc_empty_space height=&#8220;5px&#8220;][vc_btn title=&#8220;Objedn\u00e1vka n\u00e1hradn\u00edch d\u00edl\u016f&#8220; style=&#8220;custom&#8220; custom_background=&#8220;#fc5623&#8243; custom_text=&#8220;#ffffff&#8220; shape=&#8220;square&#8220; align=&#8220;left&#8220; button_block=&#8220;true&#8220; link=&#8220;url:https%3A%2F%2Fcloud.interactivespares.com%2Ftiman%2Fcategorie%2F1000%2B-%2BTool-Trac|title:Jak%20na%20to|target:_blank|&#8220;][vc_empty_space height=&#8220;30px&#8220;][vc_widget_sidebar sidebar_id=&#8220;sidebar-1&#8243; el_class=&#8220;contact-sidebar&#8220;][\/vc_column_inner][\/vc_row_inner]<div class=\"ult-spacer spacer-69f5e87cb1672\" data-id=\"69f5e87cb1672\" data-height=\"90\" data-height-mobile=\"60\" data-height-tab=\"90\" data-height-tab-portrait=\"60\" data-height-mobile-landscape=\"60\" style=\"clear:both;display:block;\"><\/div>[\/vc_column][\/vc_row][vc_row full_width=&#8220;stretch_row&#8220; bg_type=&#8220;bg_color&#8220; seperator_enable=&#8220;seperator_enable_value&#8220; seperator_type=&#8220;xlarge_triangle_left_seperator&#8220; seperator_svg_height=&#8220;60&#8243; seperator_shape_background=&#8220;#ffffff&#8220; height=&#8220;90&#8243; height_on_tabs=&#8220;90&#8243; height_on_tabs_portrait=&#8220;60&#8243; height_on_mob_landscape=&#8220;60&#8243; height_on_mob=&#8220;60&#8243; bg_color_value=&#8220;#ece8e1&#8243;][vc_column]<div class=\"ult-spacer spacer-69f5e87cb1696\" data-id=\"69f5e87cb1696\" data-height=\"90\" data-height-mobile=\"60\" data-height-tab=\"90\" data-height-tab-portrait=\"60\" data-height-mobile-landscape=\"60\" style=\"clear:both;display:block;\"><\/div>[\/vc_column][\/vc_row][vc_row full_width=&#8220;stretch_row&#8220; el_class=&#8220;overlay white cta parallax&#8220; css=&#8220;.vc_custom_1691133202809{background-image: url(https:\/\/timan.dk\/wp-content\/uploads\/2023\/08\/16966-116.jpg?id=5540) !important;background-position: center !important;background-repeat: no-repeat !important;background-size: cover !important;}&#8220;][vc_column]<div class=\"ult-spacer spacer-69f5e87cb16c2\" data-id=\"69f5e87cb16c2\" data-height=\"90\" data-height-mobile=\"60\" data-height-tab=\"90\" data-height-tab-portrait=\"60\" data-height-mobile-landscape=\"60\" style=\"clear:both;display:block;\"><\/div>[vc_row_inner][vc_column_inner width=&#8220;1\/4&#8243;][\/vc_column_inner][vc_column_inner width=&#8220;1\/2&#8243;][vc_column_text]<\/p>\n<h6 style=\"text-align: center;\">Nena\u0161li jste, co pot\u0159ebujete?<\/h6>\n<h3 style=\"text-align: center;\">Kontaktujte n\u00e1s je\u0161t\u011b dnes<\/h3>\n<p style=\"text-align: center;\">Pokud jste nena\u0161li \u0159e\u0161en\u00ed, kter\u00e9 pot\u0159ebujete, kontaktujte n\u00e1s na telefonn\u00edm \u010d\u00edsle <a href=\"tel:+420 777 468 938\">+420 777 468 938<\/a> nebo n\u00e1m napi\u0161te e-mail na adresu <a href=\"mailto:info@avistech.cz\">info@avistech.cz<\/a>,\u00a0kde jsme p\u0159ipraveni v\u00e1m pomoci.<\/p>\n<p style=\"text-align: center;\">T\u011b\u0161\u00edme se na va\u0161e dotazy.<\/p>\n<p>[\/vc_column_text][vc_empty_space height=&#8220;30px&#8220;][vc_btn title=&#8220;Kontaktujte n\u00e1s&#8220; style=&#8220;custom&#8220; custom_background=&#8220;#fc5623&#8243; custom_text=&#8220;#ffffff&#8220; shape=&#8220;square&#8220; align=&#8220;center&#8220; link=&#8220;url:https%3A%2F%2Ftiman.dk%2Fcs%2Fkontakt%2F|title:Kontakt|&#8220;][\/vc_column_inner][vc_column_inner width=&#8220;1\/4&#8243;][\/vc_column_inner][\/vc_row_inner]<div class=\"ult-spacer spacer-69f5e87cb16e2\" data-id=\"69f5e87cb16e2\" data-height=\"90\" data-height-mobile=\"60\" data-height-tab=\"90\" data-height-tab-portrait=\"60\" data-height-mobile-landscape=\"60\" style=\"clear:both;display:block;\"><\/div>[\/vc_column][\/vc_row]<\/p>\n<\/div>","protected":false},"excerpt":{"rendered":"<p>[vc_row full_width=&#8220;stretch_row&#8220;][vc_column][vc_column_text] Od gar\u00e1\u017ee k mezin\u00e1rodn\u00edmu obchodu [\/vc_column_text][vc_empty_space height=&#8220;30px&#8220;][vc_separator color=&#8220;custom&#8220; border_width=&#8220;2&#8243; accent_color=&#8220;#f7f7f7&#8243;][vc_empty_space height=&#8220;30px&#8220;][vc_row_inner][vc_column_inner offset=&#8220;vc_col-lg-8 vc_col-md-8 vc_col-xs-12&#8243;][vc_column_text] Pod\u00edvejte se na fascinuj\u00edc\u00ed p\u0159\u00edb\u011bh spole\u010dnosti Timan v n\u00e1sleduj\u00edc\u00edm poutav\u00e9m videu Star\u00e9 a nov\u00e9 z\u00e1b\u011bry propojuj\u00ed historii spole\u010dnosti Timan a poskytuj\u00ed siln\u00fd vhled do spole\u010dnosti: Jak\u00e9 jsou vize spole\u010dnosti Timan a odkud poch\u00e1z\u00ed?[\/vc_column_text][vc_empty_space height=&#8220;30px&#8220;][vc_column_text css=&#8220;.vc_custom_1691140852995{background-color: #f7f7f7 !important;}&#8220;] Ka\u017ed\u00fd stroj &#8230; <a title=\"O Timanu\" class=\"read-more\" href=\"https:\/\/timan.dk\/cs\/o-timanu\/\" aria-label=\"\u010c\u00edst v\u00edce o O Timanu\">Read more<\/a><\/p>\n","protected":false},"author":1,"featured_media":0,"parent":0,"menu_order":8,"comment_status":"closed","ping_status":"closed","template":"","meta":{"_acf_changed":false,"footnotes":""},"categories":[],"class_list":["post-10011","page","type-page","status-publish"],"acf":[],"yoast_head":"<!-- This site is optimized with the Yoast SEO plugin v27.5 - https:\/\/yoast.com\/product\/yoast-seo-wordpress\/ -->\n<title>Na\u0161e historie | Timan A\/S<\/title>\n<meta name=\"description\" content=\"Spole\u010dnost Timan A\/S se z gar\u00e1\u017ee stala mezin\u00e1rodn\u00ed spole\u010dnost\u00ed. Odkud poch\u00e1z\u00edme a jak\u00e1 je na\u0161e vize? P\u0159e\u010dt\u011bte si v\u00edce zde!\" \/>\n<meta name=\"robots\" content=\"index, follow, max-snippet:-1, max-image-preview:large, max-video-preview:-1\" \/>\n<link rel=\"canonical\" href=\"https:\/\/timan.dk\/cs\/o-timanu\/\" \/>\n<meta property=\"og:locale\" content=\"cs_CZ\" \/>\n<meta property=\"og:type\" content=\"article\" \/>\n<meta property=\"og:title\" content=\"Na\u0161e historie | Timan A\/S\" \/>\n<meta property=\"og:description\" content=\"Spole\u010dnost Timan A\/S se z gar\u00e1\u017ee stala mezin\u00e1rodn\u00ed spole\u010dnost\u00ed. Odkud poch\u00e1z\u00edme a jak\u00e1 je na\u0161e vize? P\u0159e\u010dt\u011bte si v\u00edce zde!\" \/>\n<meta property=\"og:url\" content=\"https:\/\/timan.dk\/cs\/o-timanu\/\" \/>\n<meta property=\"og:site_name\" content=\"Timan A\/S\" \/>\n<meta property=\"article:modified_time\" content=\"2025-08-06T09:05:50+00:00\" \/>\n<meta name=\"twitter:card\" content=\"summary_large_image\" \/>\n<meta name=\"twitter:label1\" content=\"Odhadovan\u00e1 doba \u010dten\u00ed\" \/>\n\t<meta name=\"twitter:data1\" content=\"3 minuty\" \/>\n<script type=\"application\/ld+json\" class=\"yoast-schema-graph\">{\"@context\":\"https:\\\/\\\/schema.org\",\"@graph\":[{\"@type\":\"WebPage\",\"@id\":\"https:\\\/\\\/timan.dk\\\/cs\\\/o-timanu\\\/\",\"url\":\"https:\\\/\\\/timan.dk\\\/cs\\\/o-timanu\\\/\",\"name\":\"Na\u0161e historie | Timan A\\\/S\",\"isPartOf\":{\"@id\":\"https:\\\/\\\/timan.dk\\\/#website\"},\"datePublished\":\"2023-08-03T10:39:01+00:00\",\"dateModified\":\"2025-08-06T09:05:50+00:00\",\"description\":\"Spole\u010dnost Timan A\\\/S se z gar\u00e1\u017ee stala mezin\u00e1rodn\u00ed spole\u010dnost\u00ed. Odkud poch\u00e1z\u00edme a jak\u00e1 je na\u0161e vize? P\u0159e\u010dt\u011bte si v\u00edce zde!\",\"breadcrumb\":{\"@id\":\"https:\\\/\\\/timan.dk\\\/cs\\\/o-timanu\\\/#breadcrumb\"},\"inLanguage\":\"cs\",\"potentialAction\":[{\"@type\":\"ReadAction\",\"target\":[\"https:\\\/\\\/timan.dk\\\/cs\\\/o-timanu\\\/\"]}]},{\"@type\":\"BreadcrumbList\",\"@id\":\"https:\\\/\\\/timan.dk\\\/cs\\\/o-timanu\\\/#breadcrumb\",\"itemListElement\":[{\"@type\":\"ListItem\",\"position\":1,\"name\":\"Hjem\",\"item\":\"https:\\\/\\\/timan.dk\\\/cs\\\/\"},{\"@type\":\"ListItem\",\"position\":2,\"name\":\"O Timanu\"}]},{\"@type\":\"WebSite\",\"@id\":\"https:\\\/\\\/timan.dk\\\/#website\",\"url\":\"https:\\\/\\\/timan.dk\\\/\",\"name\":\"Timan A\\\/S\",\"description\":\"Sweepers with collectors, slope mowers, remote-controlled flail mowers in Denmark\",\"publisher\":{\"@id\":\"https:\\\/\\\/timan.dk\\\/#organization\"},\"potentialAction\":[{\"@type\":\"SearchAction\",\"target\":{\"@type\":\"EntryPoint\",\"urlTemplate\":\"https:\\\/\\\/timan.dk\\\/?s={search_term_string}\"},\"query-input\":{\"@type\":\"PropertyValueSpecification\",\"valueRequired\":true,\"valueName\":\"search_term_string\"}}],\"inLanguage\":\"cs\"},{\"@type\":\"Organization\",\"@id\":\"https:\\\/\\\/timan.dk\\\/#organization\",\"name\":\"Timan A\\\/S\",\"url\":\"https:\\\/\\\/timan.dk\\\/\",\"logo\":{\"@type\":\"ImageObject\",\"inLanguage\":\"cs\",\"@id\":\"https:\\\/\\\/timan.dk\\\/#\\\/schema\\\/logo\\\/image\\\/\",\"url\":\"https:\\\/\\\/timan.dk\\\/wp-content\\\/uploads\\\/2023\\\/08\\\/logo-timan-cut.png\",\"contentUrl\":\"https:\\\/\\\/timan.dk\\\/wp-content\\\/uploads\\\/2023\\\/08\\\/logo-timan-cut.png\",\"width\":2048,\"height\":599,\"caption\":\"Timan A\\\/S\"},\"image\":{\"@id\":\"https:\\\/\\\/timan.dk\\\/#\\\/schema\\\/logo\\\/image\\\/\"}}]}<\/script>\n<!-- \/ Yoast SEO plugin. -->","yoast_head_json":{"title":"Na\u0161e historie | Timan A\/S","description":"Spole\u010dnost Timan A\/S se z gar\u00e1\u017ee stala mezin\u00e1rodn\u00ed spole\u010dnost\u00ed. Odkud poch\u00e1z\u00edme a jak\u00e1 je na\u0161e vize? P\u0159e\u010dt\u011bte si v\u00edce zde!","robots":{"index":"index","follow":"follow","max-snippet":"max-snippet:-1","max-image-preview":"max-image-preview:large","max-video-preview":"max-video-preview:-1"},"canonical":"https:\/\/timan.dk\/cs\/o-timanu\/","og_locale":"cs_CZ","og_type":"article","og_title":"Na\u0161e historie | Timan A\/S","og_description":"Spole\u010dnost Timan A\/S se z gar\u00e1\u017ee stala mezin\u00e1rodn\u00ed spole\u010dnost\u00ed. Odkud poch\u00e1z\u00edme a jak\u00e1 je na\u0161e vize? P\u0159e\u010dt\u011bte si v\u00edce zde!","og_url":"https:\/\/timan.dk\/cs\/o-timanu\/","og_site_name":"Timan A\/S","article_modified_time":"2025-08-06T09:05:50+00:00","twitter_card":"summary_large_image","twitter_misc":{"Odhadovan\u00e1 doba \u010dten\u00ed":"3 minuty"},"schema":{"@context":"https:\/\/schema.org","@graph":[{"@type":"WebPage","@id":"https:\/\/timan.dk\/cs\/o-timanu\/","url":"https:\/\/timan.dk\/cs\/o-timanu\/","name":"Na\u0161e historie | Timan A\/S","isPartOf":{"@id":"https:\/\/timan.dk\/#website"},"datePublished":"2023-08-03T10:39:01+00:00","dateModified":"2025-08-06T09:05:50+00:00","description":"Spole\u010dnost Timan A\/S se z gar\u00e1\u017ee stala mezin\u00e1rodn\u00ed spole\u010dnost\u00ed. Odkud poch\u00e1z\u00edme a jak\u00e1 je na\u0161e vize? P\u0159e\u010dt\u011bte si v\u00edce zde!","breadcrumb":{"@id":"https:\/\/timan.dk\/cs\/o-timanu\/#breadcrumb"},"inLanguage":"cs","potentialAction":[{"@type":"ReadAction","target":["https:\/\/timan.dk\/cs\/o-timanu\/"]}]},{"@type":"BreadcrumbList","@id":"https:\/\/timan.dk\/cs\/o-timanu\/#breadcrumb","itemListElement":[{"@type":"ListItem","position":1,"name":"Hjem","item":"https:\/\/timan.dk\/cs\/"},{"@type":"ListItem","position":2,"name":"O Timanu"}]},{"@type":"WebSite","@id":"https:\/\/timan.dk\/#website","url":"https:\/\/timan.dk\/","name":"Timan A\/S","description":"Sweepers with collectors, slope mowers, remote-controlled flail mowers in Denmark","publisher":{"@id":"https:\/\/timan.dk\/#organization"},"potentialAction":[{"@type":"SearchAction","target":{"@type":"EntryPoint","urlTemplate":"https:\/\/timan.dk\/?s={search_term_string}"},"query-input":{"@type":"PropertyValueSpecification","valueRequired":true,"valueName":"search_term_string"}}],"inLanguage":"cs"},{"@type":"Organization","@id":"https:\/\/timan.dk\/#organization","name":"Timan A\/S","url":"https:\/\/timan.dk\/","logo":{"@type":"ImageObject","inLanguage":"cs","@id":"https:\/\/timan.dk\/#\/schema\/logo\/image\/","url":"https:\/\/timan.dk\/wp-content\/uploads\/2023\/08\/logo-timan-cut.png","contentUrl":"https:\/\/timan.dk\/wp-content\/uploads\/2023\/08\/logo-timan-cut.png","width":2048,"height":599,"caption":"Timan A\/S"},"image":{"@id":"https:\/\/timan.dk\/#\/schema\/logo\/image\/"}}]}},"_links":{"self":[{"href":"https:\/\/timan.dk\/cs\/wp-json\/wp\/v2\/pages\/10011","targetHints":{"allow":["GET"]}}],"collection":[{"href":"https:\/\/timan.dk\/cs\/wp-json\/wp\/v2\/pages"}],"about":[{"href":"https:\/\/timan.dk\/cs\/wp-json\/wp\/v2\/types\/page"}],"author":[{"embeddable":true,"href":"https:\/\/timan.dk\/cs\/wp-json\/wp\/v2\/users\/1"}],"replies":[{"embeddable":true,"href":"https:\/\/timan.dk\/cs\/wp-json\/wp\/v2\/comments?post=10011"}],"version-history":[{"count":7,"href":"https:\/\/timan.dk\/cs\/wp-json\/wp\/v2\/pages\/10011\/revisions"}],"predecessor-version":[{"id":13943,"href":"https:\/\/timan.dk\/cs\/wp-json\/wp\/v2\/pages\/10011\/revisions\/13943"}],"wp:attachment":[{"href":"https:\/\/timan.dk\/cs\/wp-json\/wp\/v2\/media?parent=10011"}],"wp:term":[{"taxonomy":"category","embeddable":true,"href":"https:\/\/timan.dk\/cs\/wp-json\/wp\/v2\/categories?post=10011"}],"curies":[{"name":"wp","href":"https:\/\/api.w.org\/{rel}","templated":true}]}}