{"id":10014,"date":"2023-08-03T12:39:02","date_gmt":"2023-08-03T10:39:02","guid":{"rendered":"https:\/\/timan.dk\/novinky\/"},"modified":"2025-09-04T21:48:05","modified_gmt":"2025-09-04T19:48:05","slug":"novinky","status":"publish","type":"page","link":"https:\/\/timan.dk\/cs\/novinky\/","title":{"rendered":"Novinky"},"content":{"rendered":"<div class=\"wpb-content-wrapper\"><p>[vc_row full_width=&#8220;stretch_row&#8220;][vc_column]<div class=\"ult-spacer spacer-69f2745b381d0\" data-id=\"69f2745b381d0\" data-height=\"60\" data-height-mobile=\"60\" data-height-tab=\"90\" data-height-tab-portrait=\"60\" data-height-mobile-landscape=\"60\" style=\"clear:both;display:block;\"><\/div>[vc_column_text css=&#8220;&#8220;]<\/p>\n<h1><strong data-start=\"46\" data-end=\"77\">Nejnov\u011bj\u0161\u00ed zpr\u00e1vy od Timan:<\/strong> uveden\u00ed produkt\u016f na trh, firemn\u00ed novinky a dal\u0161\u00ed.<br data-start=\"127\" data-end=\"130\" \/>Jste prodejcem Timan? Z\u00edskejte novinky \u0161it\u00e9 na m\u00edru p\u0159\u00edmo pro v\u00e1s \u2013 p\u0159ihlaste se do <strong data-start=\"214\" data-end=\"234\">Prodejn\u00ed port\u00e1lu<\/strong> a odeb\u00edrejte n\u00e1\u0161 <strong data-start=\"252\" data-end=\"279\">newsletter pro prodejce<\/strong> je\u0161t\u011b dnes!<\/h1>\n<p>[\/vc_column_text][vc_separator color=&#8220;custom&#8220; border_width=&#8220;2&#8243; accent_color=&#8220;#f7f7f7&#8243;]<div class=\"ult-spacer spacer-69f2745b38216\" data-id=\"69f2745b38216\" data-height=\"90\" data-height-mobile=\"60\" data-height-tab=\"90\" data-height-tab-portrait=\"60\" data-height-mobile-landscape=\"60\" style=\"clear:both;display:block;\"><\/div>[\/vc_column][\/vc_row][vc_row][vc_column][vc_basic_grid post_type=&#8220;post&#8220; max_items=&#8220;100&#8243; element_width=&#8220;3&#8243; item=&#8220;11805&#8243; css=&#8220;&#8220; grid_id=&#8220;vc_gid:1751879349938-116b1b57-92e5-0&#8243; taxonomies=&#8220;127&#8243; el_class=&#8220;fire-rows&#8220;]<div class=\"ult-spacer spacer-69f2745b38239\" data-id=\"69f2745b38239\" data-height=\"90\" data-height-mobile=\"60\" data-height-tab=\"90\" data-height-tab-portrait=\"60\" data-height-mobile-landscape=\"60\" style=\"clear:both;display:block;\"><\/div>[\/vc_column][\/vc_row]<\/p>\n<\/div>","protected":false},"excerpt":{"rendered":"<p>[vc_row full_width=&#8220;stretch_row&#8220;][vc_column][vc_column_text css=&#8220;&#8220;] Nejnov\u011bj\u0161\u00ed zpr\u00e1vy od Timan: uveden\u00ed produkt\u016f na trh, firemn\u00ed novinky a dal\u0161\u00ed.Jste prodejcem Timan? Z\u00edskejte novinky \u0161it\u00e9 na m\u00edru p\u0159\u00edmo pro v\u00e1s \u2013 p\u0159ihlaste se do Prodejn\u00ed port\u00e1lu a odeb\u00edrejte n\u00e1\u0161 newsletter pro prodejce je\u0161t\u011b dnes! [\/vc_column_text][vc_separator color=&#8220;custom&#8220; border_width=&#8220;2&#8243; accent_color=&#8220;#f7f7f7&#8243;][\/vc_column][\/vc_row][vc_row][vc_column][vc_basic_grid post_type=&#8220;post&#8220; max_items=&#8220;100&#8243; element_width=&#8220;3&#8243; item=&#8220;11805&#8243; css=&#8220;&#8220; grid_id=&#8220;vc_gid:1751879349938-116b1b57-92e5-0&#8243; taxonomies=&#8220;127&#8243; el_class=&#8220;fire-rows&#8220;][\/vc_column][\/vc_row]<\/p>\n","protected":false},"author":1,"featured_media":0,"parent":0,"menu_order":9,"comment_status":"closed","ping_status":"closed","template":"","meta":{"_acf_changed":false,"footnotes":""},"categories":[],"class_list":["post-10014","page","type-page","status-publish"],"acf":[],"yoast_head":"<!-- This site is optimized with the Yoast SEO plugin v27.4 - https:\/\/yoast.com\/product\/yoast-seo-wordpress\/ -->\n<title>Novinky | Timan A\/S<\/title>\n<meta name=\"robots\" content=\"index, follow, max-snippet:-1, max-image-preview:large, max-video-preview:-1\" \/>\n<link rel=\"canonical\" href=\"https:\/\/timan.dk\/nyheder\/\" \/>\n<meta property=\"og:locale\" content=\"cs_CZ\" \/>\n<meta property=\"og:type\" content=\"article\" \/>\n<meta property=\"og:title\" content=\"Novinky | Timan A\/S\" \/>\n<meta property=\"og:description\" content=\"[vc_row full_width=&#8220;stretch_row&#8220;][vc_column][vc_column_text css=&#8220;&#8220;] Nejnov\u011bj\u0161\u00ed zpr\u00e1vy od Timan: uveden\u00ed produkt\u016f na trh, firemn\u00ed novinky a dal\u0161\u00ed.Jste prodejcem Timan? Z\u00edskejte novinky \u0161it\u00e9 na m\u00edru p\u0159\u00edmo pro v\u00e1s \u2013 p\u0159ihlaste se do Prodejn\u00ed port\u00e1lu a odeb\u00edrejte n\u00e1\u0161 newsletter pro prodejce je\u0161t\u011b dnes! [\/vc_column_text][vc_separator color=&#8220;custom&#8220; border_width=&#8220;2&#8243; accent_color=&#8220;#f7f7f7&#8243;][\/vc_column][\/vc_row][vc_row][vc_column][vc_basic_grid post_type=&#8220;post&#8220; max_items=&#8220;100&#8243; element_width=&#8220;3&#8243; item=&#8220;11805&#8243; css=&#8220;&#8220; grid_id=&#8220;vc_gid:1751879349938-116b1b57-92e5-0&#8243; taxonomies=&#8220;127&#8243; el_class=&#8220;fire-rows&#8220;][\/vc_column][\/vc_row]\" \/>\n<meta property=\"og:url\" content=\"https:\/\/timan.dk\/nyheder\/\" \/>\n<meta property=\"og:site_name\" content=\"Timan A\/S\" \/>\n<meta property=\"article:modified_time\" content=\"2025-09-04T19:48:05+00:00\" \/>\n<meta name=\"twitter:card\" content=\"summary_large_image\" \/>\n<meta name=\"twitter:label1\" content=\"Odhadovan\u00e1 doba \u010dten\u00ed\" \/>\n\t<meta name=\"twitter:data1\" content=\"1 minuta\" \/>\n<script type=\"application\/ld+json\" class=\"yoast-schema-graph\">{\"@context\":\"https:\\\/\\\/schema.org\",\"@graph\":[{\"@type\":\"WebPage\",\"@id\":\"https:\\\/\\\/timan.dk\\\/nyheder\\\/\",\"url\":\"https:\\\/\\\/timan.dk\\\/nyheder\\\/\",\"name\":\"Novinky | Timan A\\\/S\",\"isPartOf\":{\"@id\":\"https:\\\/\\\/timan.dk\\\/#website\"},\"datePublished\":\"2023-08-03T10:39:02+00:00\",\"dateModified\":\"2025-09-04T19:48:05+00:00\",\"breadcrumb\":{\"@id\":\"https:\\\/\\\/timan.dk\\\/nyheder\\\/#breadcrumb\"},\"inLanguage\":\"cs\",\"potentialAction\":[{\"@type\":\"ReadAction\",\"target\":[\"https:\\\/\\\/timan.dk\\\/nyheder\\\/\"]}]},{\"@type\":\"BreadcrumbList\",\"@id\":\"https:\\\/\\\/timan.dk\\\/nyheder\\\/#breadcrumb\",\"itemListElement\":[{\"@type\":\"ListItem\",\"position\":1,\"name\":\"Hjem\",\"item\":\"https:\\\/\\\/timan.dk\\\/cs\\\/\"},{\"@type\":\"ListItem\",\"position\":2,\"name\":\"Novinky\"}]},{\"@type\":\"WebSite\",\"@id\":\"https:\\\/\\\/timan.dk\\\/#website\",\"url\":\"https:\\\/\\\/timan.dk\\\/\",\"name\":\"Timan A\\\/S\",\"description\":\"Sweepers with collectors, slope mowers, remote-controlled flail mowers in Denmark\",\"publisher\":{\"@id\":\"https:\\\/\\\/timan.dk\\\/#organization\"},\"potentialAction\":[{\"@type\":\"SearchAction\",\"target\":{\"@type\":\"EntryPoint\",\"urlTemplate\":\"https:\\\/\\\/timan.dk\\\/?s={search_term_string}\"},\"query-input\":{\"@type\":\"PropertyValueSpecification\",\"valueRequired\":true,\"valueName\":\"search_term_string\"}}],\"inLanguage\":\"cs\"},{\"@type\":\"Organization\",\"@id\":\"https:\\\/\\\/timan.dk\\\/#organization\",\"name\":\"Timan A\\\/S\",\"url\":\"https:\\\/\\\/timan.dk\\\/\",\"logo\":{\"@type\":\"ImageObject\",\"inLanguage\":\"cs\",\"@id\":\"https:\\\/\\\/timan.dk\\\/#\\\/schema\\\/logo\\\/image\\\/\",\"url\":\"https:\\\/\\\/timan.dk\\\/wp-content\\\/uploads\\\/2023\\\/08\\\/logo-timan-cut.png\",\"contentUrl\":\"https:\\\/\\\/timan.dk\\\/wp-content\\\/uploads\\\/2023\\\/08\\\/logo-timan-cut.png\",\"width\":2048,\"height\":599,\"caption\":\"Timan A\\\/S\"},\"image\":{\"@id\":\"https:\\\/\\\/timan.dk\\\/#\\\/schema\\\/logo\\\/image\\\/\"}}]}<\/script>\n<!-- \/ Yoast SEO plugin. -->","yoast_head_json":{"title":"Novinky | Timan A\/S","robots":{"index":"index","follow":"follow","max-snippet":"max-snippet:-1","max-image-preview":"max-image-preview:large","max-video-preview":"max-video-preview:-1"},"canonical":"https:\/\/timan.dk\/nyheder\/","og_locale":"cs_CZ","og_type":"article","og_title":"Novinky | Timan A\/S","og_description":"[vc_row full_width=&#8220;stretch_row&#8220;][vc_column][vc_column_text css=&#8220;&#8220;] Nejnov\u011bj\u0161\u00ed zpr\u00e1vy od Timan: uveden\u00ed produkt\u016f na trh, firemn\u00ed novinky a dal\u0161\u00ed.Jste prodejcem Timan? Z\u00edskejte novinky \u0161it\u00e9 na m\u00edru p\u0159\u00edmo pro v\u00e1s \u2013 p\u0159ihlaste se do Prodejn\u00ed port\u00e1lu a odeb\u00edrejte n\u00e1\u0161 newsletter pro prodejce je\u0161t\u011b dnes! [\/vc_column_text][vc_separator color=&#8220;custom&#8220; border_width=&#8220;2&#8243; accent_color=&#8220;#f7f7f7&#8243;][\/vc_column][\/vc_row][vc_row][vc_column][vc_basic_grid post_type=&#8220;post&#8220; max_items=&#8220;100&#8243; element_width=&#8220;3&#8243; item=&#8220;11805&#8243; css=&#8220;&#8220; grid_id=&#8220;vc_gid:1751879349938-116b1b57-92e5-0&#8243; taxonomies=&#8220;127&#8243; el_class=&#8220;fire-rows&#8220;][\/vc_column][\/vc_row]","og_url":"https:\/\/timan.dk\/nyheder\/","og_site_name":"Timan A\/S","article_modified_time":"2025-09-04T19:48:05+00:00","twitter_card":"summary_large_image","twitter_misc":{"Odhadovan\u00e1 doba \u010dten\u00ed":"1 minuta"},"schema":{"@context":"https:\/\/schema.org","@graph":[{"@type":"WebPage","@id":"https:\/\/timan.dk\/nyheder\/","url":"https:\/\/timan.dk\/nyheder\/","name":"Novinky | Timan A\/S","isPartOf":{"@id":"https:\/\/timan.dk\/#website"},"datePublished":"2023-08-03T10:39:02+00:00","dateModified":"2025-09-04T19:48:05+00:00","breadcrumb":{"@id":"https:\/\/timan.dk\/nyheder\/#breadcrumb"},"inLanguage":"cs","potentialAction":[{"@type":"ReadAction","target":["https:\/\/timan.dk\/nyheder\/"]}]},{"@type":"BreadcrumbList","@id":"https:\/\/timan.dk\/nyheder\/#breadcrumb","itemListElement":[{"@type":"ListItem","position":1,"name":"Hjem","item":"https:\/\/timan.dk\/cs\/"},{"@type":"ListItem","position":2,"name":"Novinky"}]},{"@type":"WebSite","@id":"https:\/\/timan.dk\/#website","url":"https:\/\/timan.dk\/","name":"Timan A\/S","description":"Sweepers with collectors, slope mowers, remote-controlled flail mowers in Denmark","publisher":{"@id":"https:\/\/timan.dk\/#organization"},"potentialAction":[{"@type":"SearchAction","target":{"@type":"EntryPoint","urlTemplate":"https:\/\/timan.dk\/?s={search_term_string}"},"query-input":{"@type":"PropertyValueSpecification","valueRequired":true,"valueName":"search_term_string"}}],"inLanguage":"cs"},{"@type":"Organization","@id":"https:\/\/timan.dk\/#organization","name":"Timan A\/S","url":"https:\/\/timan.dk\/","logo":{"@type":"ImageObject","inLanguage":"cs","@id":"https:\/\/timan.dk\/#\/schema\/logo\/image\/","url":"https:\/\/timan.dk\/wp-content\/uploads\/2023\/08\/logo-timan-cut.png","contentUrl":"https:\/\/timan.dk\/wp-content\/uploads\/2023\/08\/logo-timan-cut.png","width":2048,"height":599,"caption":"Timan A\/S"},"image":{"@id":"https:\/\/timan.dk\/#\/schema\/logo\/image\/"}}]}},"_links":{"self":[{"href":"https:\/\/timan.dk\/cs\/wp-json\/wp\/v2\/pages\/10014","targetHints":{"allow":["GET"]}}],"collection":[{"href":"https:\/\/timan.dk\/cs\/wp-json\/wp\/v2\/pages"}],"about":[{"href":"https:\/\/timan.dk\/cs\/wp-json\/wp\/v2\/types\/page"}],"author":[{"embeddable":true,"href":"https:\/\/timan.dk\/cs\/wp-json\/wp\/v2\/users\/1"}],"replies":[{"embeddable":true,"href":"https:\/\/timan.dk\/cs\/wp-json\/wp\/v2\/comments?post=10014"}],"version-history":[{"count":6,"href":"https:\/\/timan.dk\/cs\/wp-json\/wp\/v2\/pages\/10014\/revisions"}],"predecessor-version":[{"id":14181,"href":"https:\/\/timan.dk\/cs\/wp-json\/wp\/v2\/pages\/10014\/revisions\/14181"}],"wp:attachment":[{"href":"https:\/\/timan.dk\/cs\/wp-json\/wp\/v2\/media?parent=10014"}],"wp:term":[{"taxonomy":"category","embeddable":true,"href":"https:\/\/timan.dk\/cs\/wp-json\/wp\/v2\/categories?post=10014"}],"curies":[{"name":"wp","href":"https:\/\/api.w.org\/{rel}","templated":true}]}}