{"id":10021,"date":"2023-08-03T12:39:02","date_gmt":"2023-08-03T10:39:02","guid":{"rendered":"https:\/\/timan.dk\/udalosti\/"},"modified":"2026-03-02T09:08:29","modified_gmt":"2026-03-02T08:08:29","slug":"udalosti","status":"publish","type":"page","link":"https:\/\/timan.dk\/cs\/udalosti\/","title":{"rendered":"Ud\u00e1losti"},"content":{"rendered":"<div class=\"wpb-content-wrapper\"><p>[vc_row full_width=&#8220;stretch_row&#8220;][vc_column]<div class=\"ult-spacer spacer-69f360e2124e6\" data-id=\"69f360e2124e6\" data-height=\"90\" data-height-mobile=\"60\" data-height-tab=\"90\" data-height-tab-portrait=\"60\" data-height-mobile-landscape=\"60\" style=\"clear:both;display:block;\"><\/div>[vc_column_text css=&#8220;&#8220;]<\/p>\n<h2>Maskiner Under Broen<\/h2>\n<p>[\/vc_column_text][vc_empty_space height=&#8220;30px&#8220;][vc_separator color=&#8220;custom&#8220; border_width=&#8220;2&#8243; accent_color=&#8220;#f7f7f7&#8243;][vc_empty_space height=&#8220;30px&#8220;][vc_row_inner][vc_column_inner offset=&#8220;vc_col-lg-8 vc_col-md-8 vc_col-xs-12&#8243;][vc_column_text]<\/p>\n<h3>Setk\u00e1n\u00ed s Timanem na v\u00fdstav\u00e1ch a akc\u00edch<\/h3>\n<p>Spole\u010dnost Timan se v pr\u016fb\u011bhu roku \u00fa\u010dastn\u00ed n\u011bkolika akc\u00ed, na kter\u00fdch m\u00e1te p\u0159\u00edle\u017eitost vyzkou\u0161et si na\u0161e stroje v praxi a promluvit si s n\u00e1mi o v\u0161em, co se t\u00fdk\u00e1 spole\u010dnosti Timan.<\/p>\n<p>Pod\u00edvejte se na na\u0161e nadch\u00e1zej\u00edc\u00ed akce n\u00ed\u017ee.<\/p>\n<p>Sledujte n\u00e1s na Facebooku a LinkedIn a z\u00edskejte aktu\u00e1ln\u00ed informace z na\u0161ich akc\u00ed a v\u00fdstav.[\/vc_column_text][vc_empty_space height=&#8220;30px&#8220;][vc_column_text css=&#8220;.vc_custom_1691141148535{background-color: #f7f7f7 !important;}&#8220;]<\/p>\n<blockquote><p>Ka\u017ed\u00fd stroj Timan se vyzna\u010duje d\u00e1nskou kvalitou a \u0159emesln\u00fdm zpracov\u00e1n\u00edm<\/p><\/blockquote>\n<p>[\/vc_column_text]<div class=\"ult-spacer spacer-69f360e21252d\" data-id=\"69f360e21252d\" data-height=\"0\" data-height-mobile=\"30\" data-height-tab=\"0\" data-height-tab-portrait=\"30\" data-height-mobile-landscape=\"30\" style=\"clear:both;display:block;\"><\/div>[\/vc_column_inner][vc_column_inner offset=&#8220;vc_col-lg-4 vc_col-md-4 vc_col-xs-12&#8243;][vc_btn title=&#8220;Zobrazit prodejce&#8220; style=&#8220;custom&#8220; custom_background=&#8220;#fc5623&#8243; custom_text=&#8220;#ffffff&#8220; shape=&#8220;square&#8220; align=&#8220;left&#8220; button_block=&#8220;true&#8220; link=&#8220;url:https%3A%2F%2Ftiman.dk%2Fforhandlere%2F|title:Prodejci|&#8220;][vc_empty_space height=&#8220;5px&#8220;][vc_btn title=&#8220;Objedn\u00e1vka n\u00e1hradn\u00edch d\u00edl\u016f&#8220; style=&#8220;custom&#8220; custom_background=&#8220;#fc5623&#8243; custom_text=&#8220;#ffffff&#8220; shape=&#8220;square&#8220; align=&#8220;left&#8220; button_block=&#8220;true&#8220; link=&#8220;url:https%3A%2F%2Fcloud.interactivespares.com%2Ftiman%2Fcategorie%2F1000%2B-%2BTool-Trac|title:N%C3%A1hradn%C3%AD%20d%C3%ADly|target:_blank|&#8220;][\/vc_column_inner][\/vc_row_inner]<div class=\"ult-spacer spacer-69f360e212552\" data-id=\"69f360e212552\" data-height=\"90\" data-height-mobile=\"60\" data-height-tab=\"90\" data-height-tab-portrait=\"60\" data-height-mobile-landscape=\"60\" style=\"clear:both;display:block;\"><\/div>[vc_row_inner][vc_column_inner][vc_column_text css=&#8220;&#8220;]<\/p>\n<h3>Kalend\u00e1\u0159 akc\u00ed pro 2026<\/h3>\n<p>[\/vc_column_text][vc_empty_space height=&#8220;30px&#8220;][vc_toggle title=&#8220;Agra Landwirtschaftsausstellung&#8220; style=&#8220;square&#8220; color=&#8220;black&#8220; css=&#8220;&#8220;]<strong>Datum<\/strong><br \/>\n9. dubna &#8211; 12. dubna<\/p>\n<p><strong>M\u00edsto<\/strong><br \/>\nLipsko, N\u011bmecko<\/p>\n<p><strong>Web<\/strong><br \/>\n<a href=\"https:\/\/www.agra-messe.de\/\" target=\"_blank\" rel=\"noopener\">www.agra-messe.de<\/a>[\/vc_toggle][vc_empty_space height=&#8220;10px&#8220;][vc_toggle title=&#8220;Den Maskiner Under Broen&#8220; style=&#8220;square&#8220; color=&#8220;black&#8220; css=&#8220;&#8220;]<strong>Datum<\/strong><br \/>\n26. &#8211; 27 srpna 2026<\/p>\n<p><strong>M\u00edsto<\/strong><br \/>\nMiddelfart, D\u00e1nsko<\/p>\n<p><strong>Web<\/strong><br \/>\n<a href=\"https:\/\/maskinerunderbroen.dk\/\" target=\"_blank\" rel=\"noopener\">www.maskinerunderbroen.dk<\/a>[\/vc_toggle][vc_empty_space height=&#8220;10px&#8220;][vc_toggle title=&#8220;GaLaBau 2026&#8243; style=&#8220;square&#8220; color=&#8220;black&#8220; css=&#8220;&#8220;]<strong>Datum<\/strong><br \/>\n\u200b15. z\u00e1\u0159\u00ed &#8211; 18. z\u00e1\u0159\u00ed<\/p>\n<p><strong>M\u00edsto<\/strong><br \/>\nN\u00fcrnberg, N\u011bmecko<\/p>\n<p><strong>Web<\/strong><br \/>\n<a href=\"https:\/\/www.galabau-messe.com\/en\" target=\"_blank\" rel=\"noopener\">www.galabau-messe.com<\/a>[\/vc_toggle][vc_empty_space height=&#8220;10px&#8220;][\/vc_column_inner][\/vc_row_inner]<div class=\"ult-spacer spacer-69f360e212571\" data-id=\"69f360e212571\" data-height=\"90\" data-height-mobile=\"60\" data-height-tab=\"90\" data-height-tab-portrait=\"60\" data-height-mobile-landscape=\"60\" style=\"clear:both;display:block;\"><\/div>[\/vc_column][\/vc_row][vc_row full_width=&#8220;stretch_row&#8220; bg_type=&#8220;bg_color&#8220; seperator_enable=&#8220;seperator_enable_value&#8220; seperator_type=&#8220;xlarge_triangle_left_seperator&#8220; seperator_svg_height=&#8220;60&#8243; seperator_shape_background=&#8220;#ffffff&#8220; height=&#8220;90&#8243; height_on_tabs=&#8220;90&#8243; height_on_tabs_portrait=&#8220;60&#8243; height_on_mob_landscape=&#8220;60&#8243; height_on_mob=&#8220;60&#8243; bg_color_value=&#8220;#ece8e1&#8243;][vc_column]<div class=\"ult-spacer spacer-69f360e21258e\" data-id=\"69f360e21258e\" data-height=\"90\" data-height-mobile=\"60\" data-height-tab=\"90\" data-height-tab-portrait=\"60\" data-height-mobile-landscape=\"60\" style=\"clear:both;display:block;\"><\/div>[\/vc_column][\/vc_row][vc_row full_width=&#8220;stretch_row&#8220; el_class=&#8220;overlay white cta parallax&#8220; css=&#8220;.vc_custom_1691133202809{background-image: url(https:\/\/timan.dk\/wp-content\/uploads\/2023\/08\/16966-116.jpg?id=5540) !important;background-position: center !important;background-repeat: no-repeat !important;background-size: cover !important;}&#8220;][vc_column]<div class=\"ult-spacer spacer-69f360e2125aa\" data-id=\"69f360e2125aa\" data-height=\"90\" data-height-mobile=\"60\" data-height-tab=\"90\" data-height-tab-portrait=\"60\" data-height-mobile-landscape=\"60\" style=\"clear:both;display:block;\"><\/div>[vc_row_inner][vc_column_inner width=&#8220;1\/4&#8243;][\/vc_column_inner][vc_column_inner width=&#8220;1\/2&#8243;][vc_column_text]<\/p>\n<h6 style=\"text-align: center;\">Nena\u0161li jste, co pot\u0159ebujete?<\/h6>\n<h3 style=\"text-align: center;\">Kontaktujte n\u00e1s je\u0161t\u011b dnes<\/h3>\n<p style=\"text-align: center;\">Pokud jste nena\u0161li \u0159e\u0161en\u00ed, kter\u00e9 pot\u0159ebujete, kontaktujte n\u00e1s na telefonn\u00edm \u010d\u00edsle <a href=\"tel:+420 777 468 938\">+420 777 468 938<\/a> nebo n\u00e1m napi\u0161te e-mail na adresu <a href=\"mailto:info@avistech.cz\">info@avistech.cz<\/a>,\u00a0kde jsme p\u0159ipraveni v\u00e1m pomoci.<\/p>\n<p style=\"text-align: center;\">T\u011b\u0161\u00edme se na va\u0161e dotazy.<\/p>\n<p>[\/vc_column_text][vc_empty_space height=&#8220;30px&#8220;][vc_btn title=&#8220;Kontaktujte n\u00e1s&#8220; style=&#8220;custom&#8220; custom_background=&#8220;#fc5623&#8243; custom_text=&#8220;#ffffff&#8220; shape=&#8220;square&#8220; align=&#8220;center&#8220; link=&#8220;url:https%3A%2F%2Ftiman.dk%2Fcs%2Fkontakt%2F|title:Kontakt|&#8220;][\/vc_column_inner][vc_column_inner width=&#8220;1\/4&#8243;][\/vc_column_inner][\/vc_row_inner]<div class=\"ult-spacer spacer-69f360e2125c5\" data-id=\"69f360e2125c5\" data-height=\"90\" data-height-mobile=\"60\" data-height-tab=\"90\" data-height-tab-portrait=\"60\" data-height-mobile-landscape=\"60\" style=\"clear:both;display:block;\"><\/div>[\/vc_column][\/vc_row]<\/p>\n<\/div>","protected":false},"excerpt":{"rendered":"<p>[vc_row full_width=&#8220;stretch_row&#8220;][vc_column][vc_column_text css=&#8220;&#8220;] Maskiner Under Broen [\/vc_column_text][vc_empty_space height=&#8220;30px&#8220;][vc_separator color=&#8220;custom&#8220; border_width=&#8220;2&#8243; accent_color=&#8220;#f7f7f7&#8243;][vc_empty_space height=&#8220;30px&#8220;][vc_row_inner][vc_column_inner offset=&#8220;vc_col-lg-8 vc_col-md-8 vc_col-xs-12&#8243;][vc_column_text] Setk\u00e1n\u00ed s Timanem na v\u00fdstav\u00e1ch a akc\u00edch Spole\u010dnost Timan se v pr\u016fb\u011bhu roku \u00fa\u010dastn\u00ed n\u011bkolika akc\u00ed, na kter\u00fdch m\u00e1te p\u0159\u00edle\u017eitost vyzkou\u0161et si na\u0161e stroje v praxi a promluvit si s n\u00e1mi o v\u0161em, co se t\u00fdk\u00e1 spole\u010dnosti Timan. Pod\u00edvejte se &#8230; <a title=\"Ud\u00e1losti\" class=\"read-more\" href=\"https:\/\/timan.dk\/cs\/udalosti\/\" aria-label=\"\u010c\u00edst v\u00edce o Ud\u00e1losti\">Read more<\/a><\/p>\n","protected":false},"author":1,"featured_media":0,"parent":0,"menu_order":10,"comment_status":"closed","ping_status":"closed","template":"","meta":{"_acf_changed":false,"footnotes":""},"categories":[],"class_list":["post-10021","page","type-page","status-publish"],"acf":[],"yoast_head":"<!-- This site is optimized with the Yoast SEO plugin v27.5 - https:\/\/yoast.com\/product\/yoast-seo-wordpress\/ -->\n<title>Ud\u00e1losti | Timan A\/S<\/title>\n<meta name=\"robots\" content=\"index, follow, max-snippet:-1, max-image-preview:large, max-video-preview:-1\" \/>\n<link rel=\"canonical\" href=\"https:\/\/timan.dk\/cs\/udalosti\/\" \/>\n<meta property=\"og:locale\" content=\"cs_CZ\" \/>\n<meta property=\"og:type\" content=\"article\" \/>\n<meta property=\"og:title\" content=\"Ud\u00e1losti | Timan A\/S\" \/>\n<meta property=\"og:description\" content=\"[vc_row full_width=&#8220;stretch_row&#8220;][vc_column][vc_column_text css=&#8220;&#8220;] Maskiner Under Broen [\/vc_column_text][vc_empty_space height=&#8220;30px&#8220;][vc_separator color=&#8220;custom&#8220; border_width=&#8220;2&#8243; accent_color=&#8220;#f7f7f7&#8243;][vc_empty_space height=&#8220;30px&#8220;][vc_row_inner][vc_column_inner offset=&#8220;vc_col-lg-8 vc_col-md-8 vc_col-xs-12&#8243;][vc_column_text] Setk\u00e1n\u00ed s Timanem na v\u00fdstav\u00e1ch a akc\u00edch Spole\u010dnost Timan se v pr\u016fb\u011bhu roku \u00fa\u010dastn\u00ed n\u011bkolika akc\u00ed, na kter\u00fdch m\u00e1te p\u0159\u00edle\u017eitost vyzkou\u0161et si na\u0161e stroje v praxi a promluvit si s n\u00e1mi o v\u0161em, co se t\u00fdk\u00e1 spole\u010dnosti Timan. Pod\u00edvejte se ... Read more\" \/>\n<meta property=\"og:url\" content=\"https:\/\/timan.dk\/cs\/udalosti\/\" \/>\n<meta property=\"og:site_name\" content=\"Timan A\/S\" \/>\n<meta property=\"article:modified_time\" content=\"2026-03-02T08:08:29+00:00\" \/>\n<meta name=\"twitter:card\" content=\"summary_large_image\" \/>\n<meta name=\"twitter:label1\" content=\"Odhadovan\u00e1 doba \u010dten\u00ed\" \/>\n\t<meta name=\"twitter:data1\" content=\"4 minuty\" \/>\n<script type=\"application\/ld+json\" class=\"yoast-schema-graph\">{\"@context\":\"https:\\\/\\\/schema.org\",\"@graph\":[{\"@type\":\"WebPage\",\"@id\":\"https:\\\/\\\/timan.dk\\\/cs\\\/udalosti\\\/\",\"url\":\"https:\\\/\\\/timan.dk\\\/cs\\\/udalosti\\\/\",\"name\":\"Ud\u00e1losti | Timan A\\\/S\",\"isPartOf\":{\"@id\":\"https:\\\/\\\/timan.dk\\\/#website\"},\"datePublished\":\"2023-08-03T10:39:02+00:00\",\"dateModified\":\"2026-03-02T08:08:29+00:00\",\"breadcrumb\":{\"@id\":\"https:\\\/\\\/timan.dk\\\/cs\\\/udalosti\\\/#breadcrumb\"},\"inLanguage\":\"cs\",\"potentialAction\":[{\"@type\":\"ReadAction\",\"target\":[\"https:\\\/\\\/timan.dk\\\/cs\\\/udalosti\\\/\"]}]},{\"@type\":\"BreadcrumbList\",\"@id\":\"https:\\\/\\\/timan.dk\\\/cs\\\/udalosti\\\/#breadcrumb\",\"itemListElement\":[{\"@type\":\"ListItem\",\"position\":1,\"name\":\"Hjem\",\"item\":\"https:\\\/\\\/timan.dk\\\/cs\\\/\"},{\"@type\":\"ListItem\",\"position\":2,\"name\":\"Ud\u00e1losti\"}]},{\"@type\":\"WebSite\",\"@id\":\"https:\\\/\\\/timan.dk\\\/#website\",\"url\":\"https:\\\/\\\/timan.dk\\\/\",\"name\":\"Timan A\\\/S\",\"description\":\"Sweepers with collectors, slope mowers, remote-controlled flail mowers in Denmark\",\"publisher\":{\"@id\":\"https:\\\/\\\/timan.dk\\\/#organization\"},\"potentialAction\":[{\"@type\":\"SearchAction\",\"target\":{\"@type\":\"EntryPoint\",\"urlTemplate\":\"https:\\\/\\\/timan.dk\\\/?s={search_term_string}\"},\"query-input\":{\"@type\":\"PropertyValueSpecification\",\"valueRequired\":true,\"valueName\":\"search_term_string\"}}],\"inLanguage\":\"cs\"},{\"@type\":\"Organization\",\"@id\":\"https:\\\/\\\/timan.dk\\\/#organization\",\"name\":\"Timan A\\\/S\",\"url\":\"https:\\\/\\\/timan.dk\\\/\",\"logo\":{\"@type\":\"ImageObject\",\"inLanguage\":\"cs\",\"@id\":\"https:\\\/\\\/timan.dk\\\/#\\\/schema\\\/logo\\\/image\\\/\",\"url\":\"https:\\\/\\\/timan.dk\\\/wp-content\\\/uploads\\\/2023\\\/08\\\/logo-timan-cut.png\",\"contentUrl\":\"https:\\\/\\\/timan.dk\\\/wp-content\\\/uploads\\\/2023\\\/08\\\/logo-timan-cut.png\",\"width\":2048,\"height\":599,\"caption\":\"Timan A\\\/S\"},\"image\":{\"@id\":\"https:\\\/\\\/timan.dk\\\/#\\\/schema\\\/logo\\\/image\\\/\"}}]}<\/script>\n<!-- \/ Yoast SEO plugin. -->","yoast_head_json":{"title":"Ud\u00e1losti | Timan A\/S","robots":{"index":"index","follow":"follow","max-snippet":"max-snippet:-1","max-image-preview":"max-image-preview:large","max-video-preview":"max-video-preview:-1"},"canonical":"https:\/\/timan.dk\/cs\/udalosti\/","og_locale":"cs_CZ","og_type":"article","og_title":"Ud\u00e1losti | Timan A\/S","og_description":"[vc_row full_width=&#8220;stretch_row&#8220;][vc_column][vc_column_text css=&#8220;&#8220;] Maskiner Under Broen [\/vc_column_text][vc_empty_space height=&#8220;30px&#8220;][vc_separator color=&#8220;custom&#8220; border_width=&#8220;2&#8243; accent_color=&#8220;#f7f7f7&#8243;][vc_empty_space height=&#8220;30px&#8220;][vc_row_inner][vc_column_inner offset=&#8220;vc_col-lg-8 vc_col-md-8 vc_col-xs-12&#8243;][vc_column_text] Setk\u00e1n\u00ed s Timanem na v\u00fdstav\u00e1ch a akc\u00edch Spole\u010dnost Timan se v pr\u016fb\u011bhu roku \u00fa\u010dastn\u00ed n\u011bkolika akc\u00ed, na kter\u00fdch m\u00e1te p\u0159\u00edle\u017eitost vyzkou\u0161et si na\u0161e stroje v praxi a promluvit si s n\u00e1mi o v\u0161em, co se t\u00fdk\u00e1 spole\u010dnosti Timan. Pod\u00edvejte se ... Read more","og_url":"https:\/\/timan.dk\/cs\/udalosti\/","og_site_name":"Timan A\/S","article_modified_time":"2026-03-02T08:08:29+00:00","twitter_card":"summary_large_image","twitter_misc":{"Odhadovan\u00e1 doba \u010dten\u00ed":"4 minuty"},"schema":{"@context":"https:\/\/schema.org","@graph":[{"@type":"WebPage","@id":"https:\/\/timan.dk\/cs\/udalosti\/","url":"https:\/\/timan.dk\/cs\/udalosti\/","name":"Ud\u00e1losti | Timan A\/S","isPartOf":{"@id":"https:\/\/timan.dk\/#website"},"datePublished":"2023-08-03T10:39:02+00:00","dateModified":"2026-03-02T08:08:29+00:00","breadcrumb":{"@id":"https:\/\/timan.dk\/cs\/udalosti\/#breadcrumb"},"inLanguage":"cs","potentialAction":[{"@type":"ReadAction","target":["https:\/\/timan.dk\/cs\/udalosti\/"]}]},{"@type":"BreadcrumbList","@id":"https:\/\/timan.dk\/cs\/udalosti\/#breadcrumb","itemListElement":[{"@type":"ListItem","position":1,"name":"Hjem","item":"https:\/\/timan.dk\/cs\/"},{"@type":"ListItem","position":2,"name":"Ud\u00e1losti"}]},{"@type":"WebSite","@id":"https:\/\/timan.dk\/#website","url":"https:\/\/timan.dk\/","name":"Timan A\/S","description":"Sweepers with collectors, slope mowers, remote-controlled flail mowers in Denmark","publisher":{"@id":"https:\/\/timan.dk\/#organization"},"potentialAction":[{"@type":"SearchAction","target":{"@type":"EntryPoint","urlTemplate":"https:\/\/timan.dk\/?s={search_term_string}"},"query-input":{"@type":"PropertyValueSpecification","valueRequired":true,"valueName":"search_term_string"}}],"inLanguage":"cs"},{"@type":"Organization","@id":"https:\/\/timan.dk\/#organization","name":"Timan A\/S","url":"https:\/\/timan.dk\/","logo":{"@type":"ImageObject","inLanguage":"cs","@id":"https:\/\/timan.dk\/#\/schema\/logo\/image\/","url":"https:\/\/timan.dk\/wp-content\/uploads\/2023\/08\/logo-timan-cut.png","contentUrl":"https:\/\/timan.dk\/wp-content\/uploads\/2023\/08\/logo-timan-cut.png","width":2048,"height":599,"caption":"Timan A\/S"},"image":{"@id":"https:\/\/timan.dk\/#\/schema\/logo\/image\/"}}]}},"_links":{"self":[{"href":"https:\/\/timan.dk\/cs\/wp-json\/wp\/v2\/pages\/10021","targetHints":{"allow":["GET"]}}],"collection":[{"href":"https:\/\/timan.dk\/cs\/wp-json\/wp\/v2\/pages"}],"about":[{"href":"https:\/\/timan.dk\/cs\/wp-json\/wp\/v2\/types\/page"}],"author":[{"embeddable":true,"href":"https:\/\/timan.dk\/cs\/wp-json\/wp\/v2\/users\/1"}],"replies":[{"embeddable":true,"href":"https:\/\/timan.dk\/cs\/wp-json\/wp\/v2\/comments?post=10021"}],"version-history":[{"count":13,"href":"https:\/\/timan.dk\/cs\/wp-json\/wp\/v2\/pages\/10021\/revisions"}],"predecessor-version":[{"id":15282,"href":"https:\/\/timan.dk\/cs\/wp-json\/wp\/v2\/pages\/10021\/revisions\/15282"}],"wp:attachment":[{"href":"https:\/\/timan.dk\/cs\/wp-json\/wp\/v2\/media?parent=10021"}],"wp:term":[{"taxonomy":"category","embeddable":true,"href":"https:\/\/timan.dk\/cs\/wp-json\/wp\/v2\/categories?post=10021"}],"curies":[{"name":"wp","href":"https:\/\/api.w.org\/{rel}","templated":true}]}}