{"id":10072,"date":"2023-08-03T12:39:04","date_gmt":"2023-08-03T10:39:04","guid":{"rendered":"https:\/\/timan.dk\/nastroje\/nastroje-pro-tool-trac\/kartac-na-plevel\/"},"modified":"2025-09-04T19:13:36","modified_gmt":"2025-09-04T17:13:36","slug":"kartac-na-plevel","status":"publish","type":"page","link":"https:\/\/timan.dk\/cs\/kartac-na-plevel\/","title":{"rendered":"Kart\u00e1\u010d na plevel"},"content":{"rendered":"<div class=\"wpb-content-wrapper\"><p>[vc_row full_width=&#8220;stretch_row&#8220;][vc_column]<div class=\"ult-spacer spacer-6a09846c2afbd\" data-id=\"6a09846c2afbd\" data-height=\"90\" data-height-mobile=\"60\" data-height-tab=\"90\" data-height-tab-portrait=\"60\" data-height-mobile-landscape=\"60\" style=\"clear:both;display:block;\"><\/div>[vc_column_text]<\/p>\n<h2>Kart\u00e1\u010d na plevel \u2013 Timan Tool-Trac 5740<\/h2>\n<p>[\/vc_column_text][vc_empty_space height=&#8220;30px&#8220;][vc_separator color=&#8220;custom&#8220; border_width=&#8220;2&#8243; accent_color=&#8220;#f7f7f7&#8243;][vc_empty_space height=&#8220;30px&#8220;][vc_row_inner][vc_column_inner offset=&#8220;vc_col-lg-8 vc_col-md-8 vc_col-xs-12&#8243;][vc_column_text]<\/p>\n<h3>\u00da\u010dinn\u00e9 a ekologick\u00e9 \u010di\u0161t\u011bn\u00ed na v\u0161ech zpevn\u011bn\u00fdch ploch\u00e1ch.<\/h3>\n<p>Bez pou\u017eit\u00ed chemik\u00e1li\u00ed \u2013 udr\u017eiteln\u00e1 forma huben\u00ed plevele.[\/vc_column_text][vc_empty_space height=&#8220;30px&#8220;][vc_column_text css=&#8220;.vc_custom_1708680152002{background-color: #f7f7f7 !important;}&#8220;]<br \/>\n<\/p>\n<blockquote><p>&#8222;Od roku 2004 navrhujeme a vyv\u00edj\u00edme stroje s porozum\u011bn\u00edm pro spokojenost obsluhy a jej\u00ed \u00fakoly&#8220;<\/p><\/blockquote>\n<p>[\/vc_column_text][vc_empty_space height=&#8220;30px&#8220;][vc_single_image image=&#8220;10073&#8243; img_size=&#8220;full&#8220;][vc_empty_space height=&#8220;15px&#8220;][vc_media_grid style=&#8220;pagination&#8220; items_per_page=&#8220;3&#8243; arrows_design=&#8220;vc_arrow-icon-arrow_01_left&#8220; arrows_position=&#8220;outside&#8220; arrows_color=&#8220;black&#8220; paging_design=&#8220;none&#8220; loop=&#8220;yes&#8220; autoplay=&#8220;6&#8243; grid_id=&#8220;vc_gid:1752560084169-bae5a748-92ca-4&#8243; include=&#8220;5609,5586,5592,5601,5573,5593&#8243;]<div class=\"ult-spacer spacer-6a09846c2b00f\" data-id=\"6a09846c2b00f\" data-height=\"0\" data-height-mobile=\"30\" data-height-tab=\"0\" data-height-tab-portrait=\"30\" data-height-mobile-landscape=\"30\" style=\"clear:both;display:block;\"><\/div>[\/vc_column_inner][vc_column_inner offset=&#8220;vc_col-lg-4 vc_col-md-4 vc_col-xs-12&#8243;][vc_column_text el_class=&#8220;custom-sidebar-boks&#8220;]<\/p>\n<h4>Co z\u00edsk\u00e1te:<\/h4>\n<p><\/p>\n<ul>\n<li>Ekologick\u00e1 ochrana proti plevelu<\/li>\n<li>\u00da\u010dinn\u00fd n\u00e1stroj<\/li>\n<li>Mo\u017enost pou\u017eit\u00ed okrajova\u010de<\/li>\n<li>Rota\u010dn\u00ed kart\u00e1\u010d na plevel<\/li>\n<li>Ide\u00e1ln\u00ed pro chodn\u00edky<\/li>\n<\/ul>\n<p>[\/vc_column_text][vc_empty_space height=&#8220;30px&#8220;][vc_btn title=&#8220;St\u00e1hnout katalog&#8220; style=&#8220;custom&#8220; custom_background=&#8220;#fc5623&#8243; custom_text=&#8220;#ffffff&#8220; shape=&#8220;square&#8220; align=&#8220;left&#8220; css=&#8220;&#8220; button_block=&#8220;true&#8220; link=&#8220;url:https%3A%2F%2Ftiman.dk%2Fwp-content%2Fuploads%2F2025%2F07%2Ftool-trac-5740-dk-lang-mail-lav.pdf|title:St%C3%A1hnout%20katalog|target:_blank|&#8220; el_class=&#8220;custom-farve-btn&#8220;][vc_empty_space height=&#8220;5px&#8220;][vc_btn title=&#8220;Prohl\u00e9dn\u011bte si technick\u00e9 \u00fadaje&#8220; style=&#8220;custom&#8220; custom_background=&#8220;#fc5623&#8243; custom_text=&#8220;#ffffff&#8220; shape=&#8220;square&#8220; align=&#8220;left&#8220; css=&#8220;&#8220; button_block=&#8220;true&#8220; link=&#8220;url:%2Fwp-content%2Fuploads%2F2023%2F08%2F2204-dk-teknisk-data-ukrudtsborste-timan-tool-trac.pdf|title:Prohl%C3%A9dn%C4%9Bte%20si%20technick%C3%A9%20%C3%BAdaje|target:_blank|&#8220; el_class=&#8220;custom-farve-btn&#8220;][vc_empty_space height=&#8220;5px&#8220;][vc_btn title=&#8220;Prohl\u00e9dn\u011bte si n\u00e1stroje Tool-Trac&#8220; style=&#8220;custom&#8220; custom_background=&#8220;#fc5623&#8243; custom_text=&#8220;#ffffff&#8220; shape=&#8220;square&#8220; align=&#8220;left&#8220; css=&#8220;&#8220; button_block=&#8220;true&#8220; link=&#8220;url:https%3A%2F%2Ftiman.dk%2Fredskaber%2Fredskaber-til-tool-trac%2F|title:N%C3%A1stroje%20pro%20Tool-Trac|&#8220;][vc_empty_space height=&#8220;30px&#8220;][vc_widget_sidebar sidebar_id=&#8220;sidebar-1&#8243; el_class=&#8220;contact-sidebar&#8220;][\/vc_column_inner][\/vc_row_inner]<div class=\"ult-spacer spacer-6a09846c2b041\" data-id=\"6a09846c2b041\" data-height=\"90\" data-height-mobile=\"60\" data-height-tab=\"90\" data-height-tab-portrait=\"60\" data-height-mobile-landscape=\"60\" style=\"clear:both;display:block;\"><\/div>[\/vc_column][\/vc_row][vc_row full_width=&#8220;stretch_row&#8220; bg_type=&#8220;bg_color&#8220; seperator_enable=&#8220;seperator_enable_value&#8220; seperator_type=&#8220;xlarge_triangle_left_seperator&#8220; seperator_svg_height=&#8220;60&#8243; seperator_shape_background=&#8220;#ffffff&#8220; height=&#8220;90&#8243; height_on_tabs=&#8220;90&#8243; height_on_tabs_portrait=&#8220;60&#8243; height_on_mob_landscape=&#8220;60&#8243; height_on_mob=&#8220;60&#8243; bg_color_value=&#8220;#ece8e1&#8243;][vc_column]<div class=\"ult-spacer spacer-6a09846c2b065\" data-id=\"6a09846c2b065\" data-height=\"90\" data-height-mobile=\"60\" data-height-tab=\"90\" data-height-tab-portrait=\"60\" data-height-mobile-landscape=\"60\" style=\"clear:both;display:block;\"><\/div>[\/vc_column][\/vc_row][vc_row full_width=&#8220;stretch_row&#8220; bg_type=&#8220;bg_color&#8220; bg_color_value=&#8220;#ece8e1&#8243;][vc_column css_animation=&#8220;fadeInUp&#8220;]<div class=\"ult-spacer spacer-6a09846c2b086\" data-id=\"6a09846c2b086\" data-height=\"90\" data-height-mobile=\"60\" data-height-tab=\"90\" data-height-tab-portrait=\"60\" data-height-mobile-landscape=\"60\" style=\"clear:both;display:block;\"><\/div>[vc_row_inner][vc_column_inner][vc_video link=&#8220;https:\/\/www.youtube.com\/watch?v=pZV-BYL0N6o&#8220;][\/vc_column_inner][\/vc_row_inner]<div class=\"ult-spacer spacer-6a09846c2b0b1\" data-id=\"6a09846c2b0b1\" data-height=\"90\" data-height-mobile=\"60\" data-height-tab=\"90\" data-height-tab-portrait=\"60\" data-height-mobile-landscape=\"60\" style=\"clear:both;display:block;\"><\/div>[\/vc_column][\/vc_row][vc_row full_width=&#8220;stretch_row&#8220; bg_type=&#8220;bg_color&#8220; seperator_enable=&#8220;seperator_enable_value&#8220; seperator_type=&#8220;xlarge_triangle_right_seperator&#8220; seperator_position=&#8220;bottom_seperator&#8220; seperator_svg_height=&#8220;60&#8243; seperator_shape_background=&#8220;#ffffff&#8220; height=&#8220;90&#8243; height_on_tabs=&#8220;90&#8243; height_on_tabs_portrait=&#8220;60&#8243; height_on_mob_landscape=&#8220;60&#8243; height_on_mob=&#8220;60&#8243; bg_color_value=&#8220;#ece8e1&#8243;][vc_column]<div class=\"ult-spacer spacer-6a09846c2b0d0\" data-id=\"6a09846c2b0d0\" data-height=\"90\" data-height-mobile=\"60\" data-height-tab=\"90\" data-height-tab-portrait=\"60\" data-height-mobile-landscape=\"60\" style=\"clear:both;display:block;\"><\/div>[\/vc_column][\/vc_row][vc_row full_width=&#8220;stretch_row&#8220;][vc_column css_animation=&#8220;fadeIn&#8220; css=&#8220;.vc_custom_1691106517578{padding-top: 0px !important;}&#8220;]<div class=\"ult-spacer spacer-6a09846c2b0ed\" data-id=\"6a09846c2b0ed\" data-height=\"90\" data-height-mobile=\"60\" data-height-tab=\"90\" data-height-tab-portrait=\"60\" data-height-mobile-landscape=\"60\" style=\"clear:both;display:block;\"><\/div>[vc_row_inner equal_height=&#8220;yes&#8220;][vc_column_inner offset=&#8220;vc_col-lg-6 vc_col-md-6 vc_col-xs-12&#8243;][vc_column_text]<\/p>\n<h3>Kart\u00e1\u010d na plevel<\/h3>\n<p>[\/vc_column_text][vc_empty_space height=&#8220;30px&#8220;][vc_separator color=&#8220;custom&#8220; border_width=&#8220;2&#8243; accent_color=&#8220;#f7f7f7&#8243;][vc_empty_space height=&#8220;30px&#8220;][vc_column_text]Kart\u00e1\u010d na plevel je vysoce \u00fa\u010dinn\u00fd n\u00e1stroj pro odstra\u0148ov\u00e1n\u00ed plevele mezi dla\u017edicemi a dla\u017eebn\u00edmi kostkami zp\u016fsobem \u0161etrn\u00fdm k \u017eivotn\u00edmu prost\u0159ed\u00ed. Dok\u00e1\u017ee vy\u010desat plevel a ne\u010distoty ze \u0161kv\u00edr mezi dla\u017edicemi v \u00fazk\u00fdch prostorech, kter\u00e9 by jinak bylo nutn\u00e9 odstra\u0148ovat ru\u010dn\u011b.<\/p>\n<p>S p\u0159\u00edstrojem Tool-Trac se m\u016f\u017eete dostat kolem cest, kam se jin\u00e9 v\u011bt\u0161\u00ed stroje nedostanou, a nahradit tak t\u011b\u017ekou ru\u010dn\u00ed pr\u00e1ci. Nam\u00edsto pou\u017eit\u00ed pesticid\u016f nebo o\u0161et\u0159en\u00ed plynov\u00fdm ho\u0159\u00e1kem je plevel odstran\u011bn zp\u016fsobem, kter\u00fd je velmi \u0161etrn\u00fd k \u017eivotn\u00edmu prost\u0159ed\u00ed a o\u0161et\u0159en\u00ed je \u00fa\u010dinn\u011bj\u0161\u00ed ne\u017e jin\u00e9 metody.<\/p>\n<p>Je tak\u00e9 ide\u00e1ln\u00ed pro oblasti, kde by pou\u017eit\u00ed plynov\u00e9ho ho\u0159\u00e1ku mohlo p\u0159edstavovat nebezpe\u010d\u00ed po\u017e\u00e1ru.<\/p>\n<p>Nastaviteln\u00fd kryt kart\u00e1\u010de zabra\u0148uje vymr\u0161t\u011bn\u00ed kamen\u016f, zeminy a plevele.<\/p>\n<p>Kart\u00e1\u010d na plevel je obzvl\u00e1\u0161t\u011b u\u017eite\u010dn\u00fd pro obce a dal\u0161\u00ed odv\u011btv\u00ed slu\u017eeb a je ide\u00e1ln\u00ed pro ekonomick\u00e9 a ekologick\u00e9 odstra\u0148ov\u00e1n\u00ed plevele na chodn\u00edc\u00edch, cyklostezk\u00e1ch, n\u00e1m\u011bst\u00edch, ulic\u00edch a parkovi\u0161t\u00edch.<\/p>\n<ul>\n<li>Odstra\u0148uje plevel zp\u016fsobem \u0161etrn\u00fdm k \u017eivotn\u00edmu prost\u0159ed\u00ed<\/li>\n<li>Robustn\u00ed konstrukce<\/li>\n<\/ul>\n<p>[\/vc_column_text]<div class=\"ult-spacer spacer-6a09846c2b10a\" data-id=\"6a09846c2b10a\" data-height=\"0\" data-height-mobile=\"30\" data-height-tab=\"0\" data-height-tab-portrait=\"0\" data-height-mobile-landscape=\"30\" style=\"clear:both;display:block;\"><\/div>[\/vc_column_inner][vc_column_inner css=&#8220;.vc_custom_1692880108804{margin-right: 30px !important;margin-left: 30px !important;background-image: url(https:\/\/timan.dk\/wp-content\/uploads\/2023\/08\/dji-20200902-14023300-00-07-28still002.jpg?id=5592) !important;background-position: center !important;background-repeat: no-repeat !important;background-size: cover !important;}&#8220; offset=&#8220;vc_col-lg-6 vc_col-md-6 vc_col-xs-12&#8243;]<div class=\"ult-spacer spacer-6a09846c2b12d\" data-id=\"6a09846c2b12d\" data-height=\"0\" data-height-mobile=\"300\" data-height-tab=\"0\" data-height-tab-portrait=\"300\" data-height-mobile-landscape=\"300\" style=\"clear:both;display:block;\"><\/div>[\/vc_column_inner][\/vc_row_inner]<div class=\"ult-spacer spacer-6a09846c2b149\" data-id=\"6a09846c2b149\" data-height=\"90\" data-height-mobile=\"60\" data-height-tab=\"90\" data-height-tab-portrait=\"60\" data-height-mobile-landscape=\"60\" style=\"clear:both;display:block;\"><\/div>[\/vc_column][\/vc_row][vc_row full_width=&#8220;stretch_row&#8220; bg_type=&#8220;bg_color&#8220; seperator_enable=&#8220;seperator_enable_value&#8220; seperator_type=&#8220;xlarge_triangle_left_seperator&#8220; seperator_svg_height=&#8220;60&#8243; seperator_shape_background=&#8220;#ffffff&#8220; height=&#8220;90&#8243; height_on_tabs=&#8220;90&#8243; height_on_tabs_portrait=&#8220;60&#8243; height_on_mob_landscape=&#8220;60&#8243; height_on_mob=&#8220;60&#8243; bg_color_value=&#8220;#ece8e1&#8243;][vc_column]<div class=\"ult-spacer spacer-6a09846c2b164\" data-id=\"6a09846c2b164\" data-height=\"90\" data-height-mobile=\"60\" data-height-tab=\"90\" data-height-tab-portrait=\"60\" data-height-mobile-landscape=\"60\" style=\"clear:both;display:block;\"><\/div>[\/vc_column][\/vc_row]<\/p>\n<p>[vc_row full_width=&#8220;stretch_row&#8220; el_class=&#8220;overlay parallax overflow-row&#8220; css=&#8220;.vc_custom_1691104819308{background-image: url(https:\/\/timan.dk\/wp-content\/uploads\/2023\/08\/16966-116.jpg?id=5540) !important;background-position: center !important;background-repeat: no-repeat !important;background-size: cover !important;}&#8220;][vc_column css_animation=&#8220;fadeIn&#8220;]<div class=\"ult-spacer spacer-6a09846c2b17f\" data-id=\"6a09846c2b17f\" data-height=\"120\" data-height-mobile=\"60\" data-height-tab=\"90\" data-height-tab-portrait=\"60\" data-height-mobile-landscape=\"60\" style=\"clear:both;display:block;\"><\/div>[vc_row_inner css=&#8220;.vc_custom_1682518429141{margin-right: 0px !important;margin-left: 0px !important;}&#8220;][vc_column_inner el_class=&#8220;overflow-box-footer&#8220;][vc_empty_space height=&#8220;60px&#8220;][vc_column_text]<\/p>\n<p data-start=\"88\" data-end=\"180\"><strong data-start=\"88\" data-end=\"113\">Kontaktujte Timan A\/S<\/strong><br data-start=\"113\" data-end=\"116\" \/>M\u00e1te ot\u00e1zky? Ozv\u011bte se n\u00e1m a r\u00e1di s v\u00e1mi nez\u00e1vazn\u011b promluv\u00edme.<\/p>\n<p><\/p>\n<p data-start=\"182\" data-end=\"368\">Jsme p\u0159ipraveni odpov\u011bd\u011bt na jak\u00fdkoli dotaz, na kter\u00fd jste na na\u0161em webu nena\u0161li odpov\u011b\u010f. Nev\u00e1hejte n\u00e1m zavolat nebo napsat \u2013 s radost\u00ed si s v\u00e1mi nez\u00e1vazn\u011b popov\u00edd\u00e1me o va\u0161ich pl\u00e1nech.<\/p>\n<p>[\/vc_column_text][vc_empty_space height=&#8220;15px&#8220;][vc_btn title=&#8220;Kontaktujte n\u00e1s zde&#8220; style=&#8220;custom&#8220; custom_background=&#8220;#fc5623&#8243; custom_text=&#8220;#ffffff&#8220; shape=&#8220;square&#8220; link=&#8220;url:https%3A%2F%2Ftiman.dk%2Fcs%2Fkontakt%2F|title:Kontakt|&#8220;][vc_btn title=&#8220;N\u00e1hradn\u00ed d\u00edly&#8220; style=&#8220;outline-custom&#8220; outline_custom_color=&#8220;#666666&#8243; outline_custom_hover_background=&#8220;#666666&#8243; outline_custom_hover_text=&#8220;#ffffff&#8220; shape=&#8220;square&#8220; link=&#8220;url:https%3A%2F%2Ftiman.dk%2Fcs%2Fnavody%2F|title:N%C3%A1hradn%C3%AD%20d%C3%ADly|&#8220;][vc_empty_space height=&#8220;30&#8243;][vc_column_text]<\/p>\n<p class=\"elementor-heading-title elementor-size-default\">+420 778 881 904<\/p>\n<p>[\/vc_column_text][vc_empty_space height=&#8220;60px&#8220;][\/vc_column_inner][\/vc_row_inner]<div class=\"ult-spacer spacer-6a09846c2b199\" data-id=\"6a09846c2b199\" data-height=\"120\" data-height-mobile=\"60\" data-height-tab=\"90\" data-height-tab-portrait=\"60\" data-height-mobile-landscape=\"60\" style=\"clear:both;display:block;\"><\/div>[\/vc_column][\/vc_row]<\/p>\n<\/div>","protected":false},"excerpt":{"rendered":"<p>[vc_row full_width=&#8220;stretch_row&#8220;][vc_column][vc_column_text] Kart\u00e1\u010d na plevel \u2013 Timan Tool-Trac 5740 [\/vc_column_text][vc_empty_space height=&#8220;30px&#8220;][vc_separator color=&#8220;custom&#8220; border_width=&#8220;2&#8243; accent_color=&#8220;#f7f7f7&#8243;][vc_empty_space height=&#8220;30px&#8220;][vc_row_inner][vc_column_inner offset=&#8220;vc_col-lg-8 vc_col-md-8 vc_col-xs-12&#8243;][vc_column_text] \u00da\u010dinn\u00e9 a ekologick\u00e9 \u010di\u0161t\u011bn\u00ed na v\u0161ech zpevn\u011bn\u00fdch ploch\u00e1ch. Bez pou\u017eit\u00ed chemik\u00e1li\u00ed \u2013 udr\u017eiteln\u00e1 forma huben\u00ed plevele.[\/vc_column_text][vc_empty_space height=&#8220;30px&#8220;][vc_column_text css=&#8220;.vc_custom_1708680152002{background-color: #f7f7f7 !important;}&#8220;] &#8222;Od roku 2004 navrhujeme a vyv\u00edj\u00edme stroje s porozum\u011bn\u00edm pro spokojenost obsluhy a jej\u00ed \u00fakoly&#8220; [\/vc_column_text][vc_empty_space height=&#8220;30px&#8220;][vc_single_image &#8230; <a title=\"Kart\u00e1\u010d na plevel\" class=\"read-more\" href=\"https:\/\/timan.dk\/cs\/kartac-na-plevel\/\" aria-label=\"\u010c\u00edst v\u00edce o Kart\u00e1\u010d na plevel\">Read more<\/a><\/p>\n","protected":false},"author":1,"featured_media":10073,"parent":0,"menu_order":16,"comment_status":"closed","ping_status":"closed","template":"","meta":{"_acf_changed":false,"footnotes":""},"categories":[110,113],"class_list":{"0":"post-10072","1":"page","2":"type-page","3":"status-publish","4":"has-post-thumbnail","6":"category-nastroje-tool-trac","7":"category-udrzba-zelenych-ploch"},"acf":[],"yoast_head":"<!-- This site is optimized with the Yoast SEO plugin v27.6 - https:\/\/yoast.com\/product\/yoast-seo-wordpress\/ -->\n<title>Kart\u00e1\u010d na plevel | Timan A\/S<\/title>\n<meta name=\"robots\" content=\"index, follow, max-snippet:-1, max-image-preview:large, max-video-preview:-1\" \/>\n<link rel=\"canonical\" href=\"https:\/\/timan.dk\/redskaber\/redskaber-til-tool-trac\/ukrudtsboerste\/\" \/>\n<meta property=\"og:locale\" content=\"cs_CZ\" \/>\n<meta property=\"og:type\" content=\"article\" \/>\n<meta property=\"og:title\" content=\"Kart\u00e1\u010d na plevel | Timan A\/S\" \/>\n<meta property=\"og:description\" content=\"[vc_row full_width=&#8220;stretch_row&#8220;][vc_column][vc_column_text] Kart\u00e1\u010d na plevel \u2013 Timan Tool-Trac 5740 [\/vc_column_text][vc_empty_space height=&#8220;30px&#8220;][vc_separator color=&#8220;custom&#8220; border_width=&#8220;2&#8243; accent_color=&#8220;#f7f7f7&#8243;][vc_empty_space height=&#8220;30px&#8220;][vc_row_inner][vc_column_inner offset=&#8220;vc_col-lg-8 vc_col-md-8 vc_col-xs-12&#8243;][vc_column_text] \u00da\u010dinn\u00e9 a ekologick\u00e9 \u010di\u0161t\u011bn\u00ed na v\u0161ech zpevn\u011bn\u00fdch ploch\u00e1ch. Bez pou\u017eit\u00ed chemik\u00e1li\u00ed \u2013 udr\u017eiteln\u00e1 forma huben\u00ed plevele.[\/vc_column_text][vc_empty_space height=&#8220;30px&#8220;][vc_column_text css=&#8220;.vc_custom_1708680152002{background-color: #f7f7f7 !important;}&#8220;] &#8222;Od roku 2004 navrhujeme a vyv\u00edj\u00edme stroje s porozum\u011bn\u00edm pro spokojenost obsluhy a jej\u00ed \u00fakoly&#8220; [\/vc_column_text][vc_empty_space height=&#8220;30px&#8220;][vc_single_image ... Read more\" \/>\n<meta property=\"og:url\" content=\"https:\/\/timan.dk\/redskaber\/redskaber-til-tool-trac\/ukrudtsboerste\/\" \/>\n<meta property=\"og:site_name\" content=\"Timan A\/S\" \/>\n<meta property=\"article:modified_time\" content=\"2025-09-04T17:13:36+00:00\" \/>\n<meta property=\"og:image\" content=\"https:\/\/timan.dk\/wp-content\/uploads\/2023\/08\/dji-20200902-14023300-00-01-27still001.jpg\" \/>\n\t<meta property=\"og:image:width\" content=\"1500\" \/>\n\t<meta property=\"og:image:height\" content=\"844\" \/>\n\t<meta property=\"og:image:type\" content=\"image\/jpeg\" \/>\n<meta name=\"twitter:card\" content=\"summary_large_image\" \/>\n<meta name=\"twitter:label1\" content=\"Odhadovan\u00e1 doba \u010dten\u00ed\" \/>\n\t<meta name=\"twitter:data1\" content=\"7 minut\" \/>\n<script type=\"application\/ld+json\" class=\"yoast-schema-graph\">{\"@context\":\"https:\\\/\\\/schema.org\",\"@graph\":[{\"@type\":\"WebPage\",\"@id\":\"https:\\\/\\\/timan.dk\\\/redskaber\\\/redskaber-til-tool-trac\\\/ukrudtsboerste\\\/\",\"url\":\"https:\\\/\\\/timan.dk\\\/redskaber\\\/redskaber-til-tool-trac\\\/ukrudtsboerste\\\/\",\"name\":\"Kart\u00e1\u010d na plevel | Timan A\\\/S\",\"isPartOf\":{\"@id\":\"https:\\\/\\\/timan.dk\\\/#website\"},\"primaryImageOfPage\":{\"@id\":\"https:\\\/\\\/timan.dk\\\/redskaber\\\/redskaber-til-tool-trac\\\/ukrudtsboerste\\\/#primaryimage\"},\"image\":{\"@id\":\"https:\\\/\\\/timan.dk\\\/redskaber\\\/redskaber-til-tool-trac\\\/ukrudtsboerste\\\/#primaryimage\"},\"thumbnailUrl\":\"https:\\\/\\\/timan.dk\\\/wp-content\\\/uploads\\\/2023\\\/08\\\/dji-20200902-14023300-00-01-27still001.jpg\",\"datePublished\":\"2023-08-03T10:39:04+00:00\",\"dateModified\":\"2025-09-04T17:13:36+00:00\",\"breadcrumb\":{\"@id\":\"https:\\\/\\\/timan.dk\\\/redskaber\\\/redskaber-til-tool-trac\\\/ukrudtsboerste\\\/#breadcrumb\"},\"inLanguage\":\"cs\",\"potentialAction\":[{\"@type\":\"ReadAction\",\"target\":[\"https:\\\/\\\/timan.dk\\\/redskaber\\\/redskaber-til-tool-trac\\\/ukrudtsboerste\\\/\"]}]},{\"@type\":\"ImageObject\",\"inLanguage\":\"cs\",\"@id\":\"https:\\\/\\\/timan.dk\\\/redskaber\\\/redskaber-til-tool-trac\\\/ukrudtsboerste\\\/#primaryimage\",\"url\":\"https:\\\/\\\/timan.dk\\\/wp-content\\\/uploads\\\/2023\\\/08\\\/dji-20200902-14023300-00-01-27still001.jpg\",\"contentUrl\":\"https:\\\/\\\/timan.dk\\\/wp-content\\\/uploads\\\/2023\\\/08\\\/dji-20200902-14023300-00-01-27still001.jpg\",\"width\":1500,\"height\":844},{\"@type\":\"BreadcrumbList\",\"@id\":\"https:\\\/\\\/timan.dk\\\/redskaber\\\/redskaber-til-tool-trac\\\/ukrudtsboerste\\\/#breadcrumb\",\"itemListElement\":[{\"@type\":\"ListItem\",\"position\":1,\"name\":\"Hjem\",\"item\":\"https:\\\/\\\/timan.dk\\\/cs\\\/\"},{\"@type\":\"ListItem\",\"position\":2,\"name\":\"Kart\u00e1\u010d na plevel\"}]},{\"@type\":\"WebSite\",\"@id\":\"https:\\\/\\\/timan.dk\\\/#website\",\"url\":\"https:\\\/\\\/timan.dk\\\/\",\"name\":\"Timan A\\\/S\",\"description\":\"Sweepers with collectors, slope mowers, remote-controlled flail mowers in Denmark\",\"publisher\":{\"@id\":\"https:\\\/\\\/timan.dk\\\/#organization\"},\"potentialAction\":[{\"@type\":\"SearchAction\",\"target\":{\"@type\":\"EntryPoint\",\"urlTemplate\":\"https:\\\/\\\/timan.dk\\\/?s={search_term_string}\"},\"query-input\":{\"@type\":\"PropertyValueSpecification\",\"valueRequired\":true,\"valueName\":\"search_term_string\"}}],\"inLanguage\":\"cs\"},{\"@type\":\"Organization\",\"@id\":\"https:\\\/\\\/timan.dk\\\/#organization\",\"name\":\"Timan A\\\/S\",\"url\":\"https:\\\/\\\/timan.dk\\\/\",\"logo\":{\"@type\":\"ImageObject\",\"inLanguage\":\"cs\",\"@id\":\"https:\\\/\\\/timan.dk\\\/#\\\/schema\\\/logo\\\/image\\\/\",\"url\":\"https:\\\/\\\/timan.dk\\\/wp-content\\\/uploads\\\/2023\\\/08\\\/logo-timan-cut.png\",\"contentUrl\":\"https:\\\/\\\/timan.dk\\\/wp-content\\\/uploads\\\/2023\\\/08\\\/logo-timan-cut.png\",\"width\":2048,\"height\":599,\"caption\":\"Timan A\\\/S\"},\"image\":{\"@id\":\"https:\\\/\\\/timan.dk\\\/#\\\/schema\\\/logo\\\/image\\\/\"}}]}<\/script>\n<!-- \/ Yoast SEO plugin. -->","yoast_head_json":{"title":"Kart\u00e1\u010d na plevel | Timan A\/S","robots":{"index":"index","follow":"follow","max-snippet":"max-snippet:-1","max-image-preview":"max-image-preview:large","max-video-preview":"max-video-preview:-1"},"canonical":"https:\/\/timan.dk\/redskaber\/redskaber-til-tool-trac\/ukrudtsboerste\/","og_locale":"cs_CZ","og_type":"article","og_title":"Kart\u00e1\u010d na plevel | Timan A\/S","og_description":"[vc_row full_width=&#8220;stretch_row&#8220;][vc_column][vc_column_text] Kart\u00e1\u010d na plevel \u2013 Timan Tool-Trac 5740 [\/vc_column_text][vc_empty_space height=&#8220;30px&#8220;][vc_separator color=&#8220;custom&#8220; border_width=&#8220;2&#8243; accent_color=&#8220;#f7f7f7&#8243;][vc_empty_space height=&#8220;30px&#8220;][vc_row_inner][vc_column_inner offset=&#8220;vc_col-lg-8 vc_col-md-8 vc_col-xs-12&#8243;][vc_column_text] \u00da\u010dinn\u00e9 a ekologick\u00e9 \u010di\u0161t\u011bn\u00ed na v\u0161ech zpevn\u011bn\u00fdch ploch\u00e1ch. Bez pou\u017eit\u00ed chemik\u00e1li\u00ed \u2013 udr\u017eiteln\u00e1 forma huben\u00ed plevele.[\/vc_column_text][vc_empty_space height=&#8220;30px&#8220;][vc_column_text css=&#8220;.vc_custom_1708680152002{background-color: #f7f7f7 !important;}&#8220;] &#8222;Od roku 2004 navrhujeme a vyv\u00edj\u00edme stroje s porozum\u011bn\u00edm pro spokojenost obsluhy a jej\u00ed \u00fakoly&#8220; [\/vc_column_text][vc_empty_space height=&#8220;30px&#8220;][vc_single_image ... Read more","og_url":"https:\/\/timan.dk\/redskaber\/redskaber-til-tool-trac\/ukrudtsboerste\/","og_site_name":"Timan A\/S","article_modified_time":"2025-09-04T17:13:36+00:00","og_image":[{"width":1500,"height":844,"url":"https:\/\/timan.dk\/wp-content\/uploads\/2023\/08\/dji-20200902-14023300-00-01-27still001.jpg","type":"image\/jpeg"}],"twitter_card":"summary_large_image","twitter_misc":{"Odhadovan\u00e1 doba \u010dten\u00ed":"7 minut"},"schema":{"@context":"https:\/\/schema.org","@graph":[{"@type":"WebPage","@id":"https:\/\/timan.dk\/redskaber\/redskaber-til-tool-trac\/ukrudtsboerste\/","url":"https:\/\/timan.dk\/redskaber\/redskaber-til-tool-trac\/ukrudtsboerste\/","name":"Kart\u00e1\u010d na plevel | Timan A\/S","isPartOf":{"@id":"https:\/\/timan.dk\/#website"},"primaryImageOfPage":{"@id":"https:\/\/timan.dk\/redskaber\/redskaber-til-tool-trac\/ukrudtsboerste\/#primaryimage"},"image":{"@id":"https:\/\/timan.dk\/redskaber\/redskaber-til-tool-trac\/ukrudtsboerste\/#primaryimage"},"thumbnailUrl":"https:\/\/timan.dk\/wp-content\/uploads\/2023\/08\/dji-20200902-14023300-00-01-27still001.jpg","datePublished":"2023-08-03T10:39:04+00:00","dateModified":"2025-09-04T17:13:36+00:00","breadcrumb":{"@id":"https:\/\/timan.dk\/redskaber\/redskaber-til-tool-trac\/ukrudtsboerste\/#breadcrumb"},"inLanguage":"cs","potentialAction":[{"@type":"ReadAction","target":["https:\/\/timan.dk\/redskaber\/redskaber-til-tool-trac\/ukrudtsboerste\/"]}]},{"@type":"ImageObject","inLanguage":"cs","@id":"https:\/\/timan.dk\/redskaber\/redskaber-til-tool-trac\/ukrudtsboerste\/#primaryimage","url":"https:\/\/timan.dk\/wp-content\/uploads\/2023\/08\/dji-20200902-14023300-00-01-27still001.jpg","contentUrl":"https:\/\/timan.dk\/wp-content\/uploads\/2023\/08\/dji-20200902-14023300-00-01-27still001.jpg","width":1500,"height":844},{"@type":"BreadcrumbList","@id":"https:\/\/timan.dk\/redskaber\/redskaber-til-tool-trac\/ukrudtsboerste\/#breadcrumb","itemListElement":[{"@type":"ListItem","position":1,"name":"Hjem","item":"https:\/\/timan.dk\/cs\/"},{"@type":"ListItem","position":2,"name":"Kart\u00e1\u010d na plevel"}]},{"@type":"WebSite","@id":"https:\/\/timan.dk\/#website","url":"https:\/\/timan.dk\/","name":"Timan A\/S","description":"Sweepers with collectors, slope mowers, remote-controlled flail mowers in Denmark","publisher":{"@id":"https:\/\/timan.dk\/#organization"},"potentialAction":[{"@type":"SearchAction","target":{"@type":"EntryPoint","urlTemplate":"https:\/\/timan.dk\/?s={search_term_string}"},"query-input":{"@type":"PropertyValueSpecification","valueRequired":true,"valueName":"search_term_string"}}],"inLanguage":"cs"},{"@type":"Organization","@id":"https:\/\/timan.dk\/#organization","name":"Timan A\/S","url":"https:\/\/timan.dk\/","logo":{"@type":"ImageObject","inLanguage":"cs","@id":"https:\/\/timan.dk\/#\/schema\/logo\/image\/","url":"https:\/\/timan.dk\/wp-content\/uploads\/2023\/08\/logo-timan-cut.png","contentUrl":"https:\/\/timan.dk\/wp-content\/uploads\/2023\/08\/logo-timan-cut.png","width":2048,"height":599,"caption":"Timan A\/S"},"image":{"@id":"https:\/\/timan.dk\/#\/schema\/logo\/image\/"}}]}},"_links":{"self":[{"href":"https:\/\/timan.dk\/cs\/wp-json\/wp\/v2\/pages\/10072","targetHints":{"allow":["GET"]}}],"collection":[{"href":"https:\/\/timan.dk\/cs\/wp-json\/wp\/v2\/pages"}],"about":[{"href":"https:\/\/timan.dk\/cs\/wp-json\/wp\/v2\/types\/page"}],"author":[{"embeddable":true,"href":"https:\/\/timan.dk\/cs\/wp-json\/wp\/v2\/users\/1"}],"replies":[{"embeddable":true,"href":"https:\/\/timan.dk\/cs\/wp-json\/wp\/v2\/comments?post=10072"}],"version-history":[{"count":6,"href":"https:\/\/timan.dk\/cs\/wp-json\/wp\/v2\/pages\/10072\/revisions"}],"predecessor-version":[{"id":14147,"href":"https:\/\/timan.dk\/cs\/wp-json\/wp\/v2\/pages\/10072\/revisions\/14147"}],"wp:featuredmedia":[{"embeddable":true,"href":"https:\/\/timan.dk\/cs\/wp-json\/wp\/v2\/media\/10073"}],"wp:attachment":[{"href":"https:\/\/timan.dk\/cs\/wp-json\/wp\/v2\/media?parent=10072"}],"wp:term":[{"taxonomy":"category","embeddable":true,"href":"https:\/\/timan.dk\/cs\/wp-json\/wp\/v2\/categories?post=10072"}],"curies":[{"name":"wp","href":"https:\/\/api.w.org\/{rel}","templated":true}]}}