{"id":10077,"date":"2023-08-03T12:39:05","date_gmt":"2023-08-03T10:39:05","guid":{"rendered":"https:\/\/timan.dk\/nastroje\/nastroje-pro-tool-trac\/rotacni-sekacky-13-1800\/"},"modified":"2025-09-04T19:15:18","modified_gmt":"2025-09-04T17:15:18","slug":"rotacni-sekacky-13-1800","status":"publish","type":"page","link":"https:\/\/timan.dk\/cs\/rotacni-sekacky-13-1800\/","title":{"rendered":"Rota\u010dn\u00ed seka\u010dky 13-1800"},"content":{"rendered":"<div class=\"wpb-content-wrapper\"><p>[vc_row full_width=&#8220;stretch_row&#8220;][vc_column]<div class=\"ult-spacer spacer-6a0965c279987\" data-id=\"6a0965c279987\" data-height=\"90\" data-height-mobile=\"60\" data-height-tab=\"90\" data-height-tab-portrait=\"60\" data-height-mobile-landscape=\"60\" style=\"clear:both;display:block;\"><\/div>[vc_column_text]<\/p>\n<h2>Rota\u010dn\u00ed seka\u010dky 1300-1800 Timan Tool-Trac<\/h2>\n<p>[\/vc_column_text][vc_empty_space height=&#8220;30px&#8220;][vc_separator color=&#8220;custom&#8220; border_width=&#8220;2&#8243; accent_color=&#8220;#f7f7f7&#8243;][vc_empty_space height=&#8220;30px&#8220;][vc_row_inner][vc_column_inner offset=&#8220;vc_col-lg-8 vc_col-md-8 vc_col-xs-12&#8243;][vc_column_text]<\/p>\n<h3>Robustn\u00ed rota\u010dn\u00ed seka\u010dky<\/h3>\n<p>Robustn\u00ed rota\u010dn\u00ed seka\u010dky pro se\u010den\u00ed v\u0161ech typ\u016f travnat\u00fdch ploch, kde je vy\u017eadov\u00e1n kr\u00e1sn\u00fd v\u00fdsledek. Se 3 r\u016fzn\u00fdmi modely vy\u0159e\u0161\u00edte ka\u017ed\u00fd \u00fakol se\u010den\u00ed.[\/vc_column_text][vc_empty_space height=&#8220;30px&#8220;][vc_column_text css=&#8220;.vc_custom_1708680216034{background-color: #f7f7f7 !important;}&#8220;]<br \/>\n<\/p>\n<blockquote><p>&#8222;Od roku 2004 navrhujeme a vyv\u00edj\u00edme stroje s porozum\u011bn\u00edm pro spokojenost obsluhy s prac\u00ed a \u00fakoly&#8220;<\/p><\/blockquote>\n<p>\n[\/vc_column_text][vc_empty_space height=&#8220;30px&#8220;][vc_single_image image=&#8220;10078&#8243; img_size=&#8220;full&#8220;][vc_empty_space height=&#8220;15px&#8220;][vc_media_grid style=&#8220;pagination&#8220; items_per_page=&#8220;3&#8243; arrows_design=&#8220;vc_arrow-icon-arrow_01_left&#8220; arrows_position=&#8220;outside&#8220; arrows_color=&#8220;black&#8220; paging_design=&#8220;none&#8220; loop=&#8220;yes&#8220; autoplay=&#8220;6&#8243; grid_id=&#8220;vc_gid:1752560098589-348c5455-9a5c-2&#8243; include=&#8220;5490,5560,5566,5623,5595,5562&#8243;]<div class=\"ult-spacer spacer-6a0965c2799d2\" data-id=\"6a0965c2799d2\" data-height=\"0\" data-height-mobile=\"30\" data-height-tab=\"0\" data-height-tab-portrait=\"30\" data-height-mobile-landscape=\"30\" style=\"clear:both;display:block;\"><\/div>[\/vc_column_inner][vc_column_inner offset=&#8220;vc_col-lg-4 vc_col-md-4 vc_col-xs-12&#8243;][vc_column_text el_class=&#8220;custom-sidebar-boks&#8220;]<\/p>\n<h4>Co z\u00edsk\u00e1te:<\/h4>\n<p><\/p>\n<ul>\n<li>Rovnom\u011brn\u011b rozd\u011bluje pose\u010denou tr\u00e1vu<\/li>\n<li>Nezanech\u00e1v\u00e1 na tr\u00e1vn\u00edku \u017e\u00e1dn\u00e9 chuchvalce<\/li>\n<li>Snadno se dostane kolem p\u0159ek\u00e1\u017eek, jako jsou stromy a sloupy ve\u0159ejn\u00e9ho osv\u011btlen\u00ed<\/li>\n<li>Pomoc\u00ed multifunk\u010dn\u00ed sady lze p\u0159estav\u011bt na mul\u010dovac\u00ed seka\u010dku<\/li>\n<\/ul>\n<p>[\/vc_column_text][vc_empty_space height=&#8220;30px&#8220;][vc_btn title=&#8220;St\u00e1hnout katalog&#8220; style=&#8220;custom&#8220; custom_background=&#8220;#fc5623&#8243; custom_text=&#8220;#ffffff&#8220; shape=&#8220;square&#8220; align=&#8220;left&#8220; css=&#8220;&#8220; button_block=&#8220;true&#8220; link=&#8220;url:https%3A%2F%2Ftiman.dk%2Fwp-content%2Fuploads%2F2025%2F07%2Ftool-trac-5740-dk-lang-mail-lav.pdf|title:St%C3%A1hnout%20katalog|target:_blank|&#8220; el_class=&#8220;custom-farve-btn&#8220;][vc_empty_space height=&#8220;5px&#8220;][vc_btn title=&#8220;Prohl\u00e9dn\u011bte si technick\u00e9 \u00fadaje&#8220; style=&#8220;custom&#8220; custom_background=&#8220;#fc5623&#8243; custom_text=&#8220;#ffffff&#8220; shape=&#8220;square&#8220; align=&#8220;left&#8220; css=&#8220;&#8220; button_block=&#8220;true&#8220; link=&#8220;url:https%3A%2F%2Ftiman.dk%2Fwp-content%2Fuploads%2F2024%2F03%2Fdata-rotorklipper-timan-5740-dk-1.pdf|title:Prohl%C3%A9dn%C4%9Bte%20si%20technick%C3%A9%20%C3%BAdaje|target:_blank|&#8220; el_class=&#8220;custom-farve-btn&#8220;][vc_empty_space height=&#8220;5px&#8220;][vc_btn title=&#8220;Prohl\u00e9dn\u011bte si n\u00e1stroje Tool-Trac&#8220; style=&#8220;custom&#8220; custom_background=&#8220;#fc5623&#8243; custom_text=&#8220;#ffffff&#8220; shape=&#8220;square&#8220; align=&#8220;left&#8220; css=&#8220;&#8220; button_block=&#8220;true&#8220; link=&#8220;url:https%3A%2F%2Ftiman.dk%2Fredskaber%2Fredskaber-til-tool-trac%2F|title:N%C3%A1stroje%20pro%20Tool-Trac|target:_blank|&#8220;][vc_empty_space height=&#8220;30px&#8220;][vc_widget_sidebar sidebar_id=&#8220;sidebar-1&#8243; el_class=&#8220;contact-sidebar&#8220;][\/vc_column_inner][\/vc_row_inner]<div class=\"ult-spacer spacer-6a0965c2799fa\" data-id=\"6a0965c2799fa\" data-height=\"90\" data-height-mobile=\"60\" data-height-tab=\"90\" data-height-tab-portrait=\"60\" data-height-mobile-landscape=\"60\" style=\"clear:both;display:block;\"><\/div>[\/vc_column][\/vc_row][vc_row full_width=&#8220;stretch_row&#8220; bg_type=&#8220;bg_color&#8220; seperator_enable=&#8220;seperator_enable_value&#8220; seperator_type=&#8220;xlarge_triangle_left_seperator&#8220; seperator_svg_height=&#8220;60&#8243; seperator_shape_background=&#8220;#ffffff&#8220; height=&#8220;90&#8243; height_on_tabs=&#8220;90&#8243; height_on_tabs_portrait=&#8220;60&#8243; height_on_mob_landscape=&#8220;60&#8243; height_on_mob=&#8220;60&#8243; bg_color_value=&#8220;#ece8e1&#8243;][vc_column]<div class=\"ult-spacer spacer-6a0965c279a1b\" data-id=\"6a0965c279a1b\" data-height=\"90\" data-height-mobile=\"60\" data-height-tab=\"90\" data-height-tab-portrait=\"60\" data-height-mobile-landscape=\"60\" style=\"clear:both;display:block;\"><\/div>[\/vc_column][\/vc_row][vc_row full_width=&#8220;stretch_row&#8220; bg_type=&#8220;bg_color&#8220; bg_color_value=&#8220;#ece8e1&#8243;][vc_column css_animation=&#8220;fadeInUp&#8220;]<div class=\"ult-spacer spacer-6a0965c279a3a\" data-id=\"6a0965c279a3a\" data-height=\"90\" data-height-mobile=\"60\" data-height-tab=\"90\" data-height-tab-portrait=\"60\" data-height-mobile-landscape=\"60\" style=\"clear:both;display:block;\"><\/div>[vc_row_inner][vc_column_inner][vc_video link=&#8220;https:\/\/www.youtube.com\/watch?v=fOW4Eg6UnFc&#8220;][\/vc_column_inner][\/vc_row_inner]<div class=\"ult-spacer spacer-6a0965c279a59\" data-id=\"6a0965c279a59\" data-height=\"90\" data-height-mobile=\"60\" data-height-tab=\"90\" data-height-tab-portrait=\"60\" data-height-mobile-landscape=\"60\" style=\"clear:both;display:block;\"><\/div>[\/vc_column][\/vc_row][vc_row full_width=&#8220;stretch_row&#8220; bg_type=&#8220;bg_color&#8220; seperator_enable=&#8220;seperator_enable_value&#8220; seperator_type=&#8220;xlarge_triangle_right_seperator&#8220; seperator_position=&#8220;bottom_seperator&#8220; seperator_svg_height=&#8220;60&#8243; seperator_shape_background=&#8220;#ffffff&#8220; height=&#8220;90&#8243; height_on_tabs=&#8220;90&#8243; height_on_tabs_portrait=&#8220;60&#8243; height_on_mob_landscape=&#8220;60&#8243; height_on_mob=&#8220;60&#8243; bg_color_value=&#8220;#ece8e1&#8243;][vc_column]<div class=\"ult-spacer spacer-6a0965c279a7d\" data-id=\"6a0965c279a7d\" data-height=\"90\" data-height-mobile=\"60\" data-height-tab=\"90\" data-height-tab-portrait=\"60\" data-height-mobile-landscape=\"60\" style=\"clear:both;display:block;\"><\/div>[\/vc_column][\/vc_row][vc_row full_width=&#8220;stretch_row&#8220;][vc_column css_animation=&#8220;fadeIn&#8220; css=&#8220;.vc_custom_1691106517578{padding-top: 0px !important;}&#8220;]<div class=\"ult-spacer spacer-6a0965c279a9b\" data-id=\"6a0965c279a9b\" data-height=\"90\" data-height-mobile=\"60\" data-height-tab=\"90\" data-height-tab-portrait=\"60\" data-height-mobile-landscape=\"60\" style=\"clear:both;display:block;\"><\/div>[vc_row_inner equal_height=&#8220;yes&#8220;][vc_column_inner offset=&#8220;vc_col-lg-6 vc_col-md-6 vc_col-xs-12&#8243;][vc_column_text]<\/p>\n<h3>Dobr\u00fd n\u00e1stroj proti mnoha p\u0159ek\u00e1\u017ek\u00e1m<\/h3>\n<p>[\/vc_column_text][vc_empty_space height=&#8220;30px&#8220;][vc_separator color=&#8220;custom&#8220; border_width=&#8220;2&#8243; accent_color=&#8220;#f7f7f7&#8243;][vc_empty_space height=&#8220;30px&#8220;][vc_column_text]Pokud je v\u00e1\u0161 tr\u00e1vn\u00edk pln\u00fd p\u0159ek\u00e1\u017eek, jako jsou stromy, ke\u0159e a kv\u011btinov\u00e9 z\u00e1hony, je dobr\u00e9 zvolit u\u017e\u0161\u00ed seka\u010dku, kter\u00e1 v\u00e1m usnadn\u00ed jejich obch\u00e1zen\u00ed.<\/p>\n<p>Pokud pot\u0159ebujete seka\u010dku vy\u010distit nebo nabrousit no\u017ee, Tool-Trac v\u00e1m umo\u017en\u00ed snadn\u00fd p\u0159\u00edstup ke spodn\u00ed \u010d\u00e1sti seka\u010dky, proto\u017ee ji lze snadno a bez n\u00e1mahy zvednout do po\u017eadovan\u00e9 v\u00fd\u0161ky pomoc\u00ed v\u00edcen\u00e1sobn\u00e9ho ramene.<\/p>\n<p>Pokud sek\u00e1te tr\u00e1vn\u00edk \u010dasto a chcete dos\u00e1hnout je\u0161t\u011b lep\u0161\u00edho povrchu, lze v\u0161echny seka\u010dky s multi-kitem p\u0159estav\u011bt na mul\u010dovac\u00ed seka\u010dky. S multikitem je tr\u00e1va posek\u00e1na na velmi mal\u00e9 kousky, kter\u00e9 miz\u00ed v tr\u00e1vn\u00edku a p\u0159irozen\u011b ho hnoj\u00ed.<\/p>\n<p>Velk\u00e1 \u0161\u00ed\u0159ka v\u00fdhozu zaji\u0161\u0165uje dobr\u00e9 rozlo\u017een\u00ed materi\u00e1lu a nezanech\u00e1v\u00e1 na tr\u00e1vn\u00edku \u017e\u00e1dn\u00e9 hrudky.<br \/>[\/vc_column_text]<div class=\"ult-spacer spacer-6a0965c279ab7\" data-id=\"6a0965c279ab7\" data-height=\"0\" data-height-mobile=\"30\" data-height-tab=\"0\" data-height-tab-portrait=\"0\" data-height-mobile-landscape=\"30\" style=\"clear:both;display:block;\"><\/div>[\/vc_column_inner][vc_column_inner css=&#8220;.vc_custom_1692880928265{margin-right: 30px !important;margin-left: 30px !important;background-image: url(https:\/\/timan.dk\/wp-content\/uploads\/2023\/08\/plaeneklippersmalkoerselklip00-00-13-09still001red.jpg?id=5490) !important;background-position: center !important;background-repeat: no-repeat !important;background-size: cover !important;}&#8220; offset=&#8220;vc_col-lg-6 vc_col-md-6 vc_col-xs-12&#8243;]<div class=\"ult-spacer spacer-6a0965c279ad4\" data-id=\"6a0965c279ad4\" data-height=\"0\" data-height-mobile=\"300\" data-height-tab=\"0\" data-height-tab-portrait=\"300\" data-height-mobile-landscape=\"300\" style=\"clear:both;display:block;\"><\/div>[\/vc_column_inner][\/vc_row_inner]<div class=\"ult-spacer spacer-6a0965c279aef\" data-id=\"6a0965c279aef\" data-height=\"90\" data-height-mobile=\"60\" data-height-tab=\"90\" data-height-tab-portrait=\"60\" data-height-mobile-landscape=\"60\" style=\"clear:both;display:block;\"><\/div>[\/vc_column][\/vc_row][vc_row full_width=&#8220;stretch_row&#8220; bg_type=&#8220;bg_color&#8220; seperator_enable=&#8220;seperator_enable_value&#8220; seperator_type=&#8220;xlarge_triangle_left_seperator&#8220; seperator_svg_height=&#8220;60&#8243; seperator_shape_background=&#8220;#ffffff&#8220; height=&#8220;90&#8243; height_on_tabs=&#8220;90&#8243; height_on_tabs_portrait=&#8220;60&#8243; height_on_mob_landscape=&#8220;60&#8243; height_on_mob=&#8220;60&#8243; bg_color_value=&#8220;#ece8e1&#8243;][vc_column]<div class=\"ult-spacer spacer-6a0965c279b0a\" data-id=\"6a0965c279b0a\" data-height=\"90\" data-height-mobile=\"60\" data-height-tab=\"90\" data-height-tab-portrait=\"60\" data-height-mobile-landscape=\"60\" style=\"clear:both;display:block;\"><\/div>[\/vc_column][\/vc_row]<\/p>\n<p>[vc_row full_width=&#8220;stretch_row&#8220; el_class=&#8220;overlay parallax overflow-row&#8220; css=&#8220;.vc_custom_1691104819308{background-image: url(https:\/\/timan.dk\/wp-content\/uploads\/2023\/08\/16966-116.jpg?id=5540) !important;background-position: center !important;background-repeat: no-repeat !important;background-size: cover !important;}&#8220;][vc_column css_animation=&#8220;fadeIn&#8220;]<div class=\"ult-spacer spacer-6a0965c279b24\" data-id=\"6a0965c279b24\" data-height=\"120\" data-height-mobile=\"60\" data-height-tab=\"90\" data-height-tab-portrait=\"60\" data-height-mobile-landscape=\"60\" style=\"clear:both;display:block;\"><\/div>[vc_row_inner css=&#8220;.vc_custom_1682518429141{margin-right: 0px !important;margin-left: 0px !important;}&#8220;][vc_column_inner el_class=&#8220;overflow-box-footer&#8220;][vc_empty_space height=&#8220;60px&#8220;][vc_column_text]<\/p>\n<p data-start=\"88\" data-end=\"180\"><strong data-start=\"88\" data-end=\"113\">Kontaktujte Timan A\/S<\/strong><br data-start=\"113\" data-end=\"116\" \/>M\u00e1te ot\u00e1zky? Ozv\u011bte se n\u00e1m a r\u00e1di s v\u00e1mi nez\u00e1vazn\u011b promluv\u00edme.<\/p>\n<p><\/p>\n<p data-start=\"182\" data-end=\"368\">Jsme p\u0159ipraveni odpov\u011bd\u011bt na jak\u00fdkoli dotaz, na kter\u00fd jste na na\u0161em webu nena\u0161li odpov\u011b\u010f. Nev\u00e1hejte n\u00e1m zavolat nebo napsat \u2013 s radost\u00ed si s v\u00e1mi nez\u00e1vazn\u011b popov\u00edd\u00e1me o va\u0161ich pl\u00e1nech.<\/p>\n<p>[\/vc_column_text][vc_empty_space height=&#8220;15px&#8220;][vc_btn title=&#8220;Kontaktujte n\u00e1s zde&#8220; style=&#8220;custom&#8220; custom_background=&#8220;#fc5623&#8243; custom_text=&#8220;#ffffff&#8220; shape=&#8220;square&#8220; link=&#8220;url:https%3A%2F%2Ftiman.dk%2Fcs%2Fkontakt%2F|title:Kontakt|&#8220;][vc_btn title=&#8220;N\u00e1hradn\u00ed d\u00edly&#8220; style=&#8220;outline-custom&#8220; outline_custom_color=&#8220;#666666&#8243; outline_custom_hover_background=&#8220;#666666&#8243; outline_custom_hover_text=&#8220;#ffffff&#8220; shape=&#8220;square&#8220; link=&#8220;url:https%3A%2F%2Ftiman.dk%2Fcs%2Fnavody%2F|title:N%C3%A1hradn%C3%AD%20d%C3%ADly|&#8220;][vc_empty_space height=&#8220;30&#8243;][vc_column_text]<\/p>\n<p>+420 778 881 904<\/p>\n<p>[\/vc_column_text][vc_empty_space height=&#8220;60px&#8220;][\/vc_column_inner][\/vc_row_inner]<div class=\"ult-spacer spacer-6a0965c279b3e\" data-id=\"6a0965c279b3e\" data-height=\"120\" data-height-mobile=\"60\" data-height-tab=\"90\" data-height-tab-portrait=\"60\" data-height-mobile-landscape=\"60\" style=\"clear:both;display:block;\"><\/div>[\/vc_column][\/vc_row]<\/p>\n<\/div>","protected":false},"excerpt":{"rendered":"<p>[vc_row full_width=&#8220;stretch_row&#8220;][vc_column][vc_column_text] Rota\u010dn\u00ed seka\u010dky 1300-1800 Timan Tool-Trac [\/vc_column_text][vc_empty_space height=&#8220;30px&#8220;][vc_separator color=&#8220;custom&#8220; border_width=&#8220;2&#8243; accent_color=&#8220;#f7f7f7&#8243;][vc_empty_space height=&#8220;30px&#8220;][vc_row_inner][vc_column_inner offset=&#8220;vc_col-lg-8 vc_col-md-8 vc_col-xs-12&#8243;][vc_column_text] Robustn\u00ed rota\u010dn\u00ed seka\u010dky Robustn\u00ed rota\u010dn\u00ed seka\u010dky pro se\u010den\u00ed v\u0161ech typ\u016f travnat\u00fdch ploch, kde je vy\u017eadov\u00e1n kr\u00e1sn\u00fd v\u00fdsledek. Se 3 r\u016fzn\u00fdmi modely vy\u0159e\u0161\u00edte ka\u017ed\u00fd \u00fakol se\u010den\u00ed.[\/vc_column_text][vc_empty_space height=&#8220;30px&#8220;][vc_column_text css=&#8220;.vc_custom_1708680216034{background-color: #f7f7f7 !important;}&#8220;] &#8222;Od roku 2004 navrhujeme a vyv\u00edj\u00edme stroje s porozum\u011bn\u00edm pro &#8230; <a title=\"Rota\u010dn\u00ed seka\u010dky 13-1800\" class=\"read-more\" href=\"https:\/\/timan.dk\/cs\/rotacni-sekacky-13-1800\/\" aria-label=\"\u010c\u00edst v\u00edce o Rota\u010dn\u00ed seka\u010dky 13-1800\">Read more<\/a><\/p>\n","protected":false},"author":1,"featured_media":10078,"parent":0,"menu_order":17,"comment_status":"closed","ping_status":"closed","template":"","meta":{"_acf_changed":false,"footnotes":""},"categories":[110,113],"class_list":{"0":"post-10077","1":"page","2":"type-page","3":"status-publish","4":"has-post-thumbnail","6":"category-nastroje-tool-trac","7":"category-udrzba-zelenych-ploch"},"acf":[],"yoast_head":"<!-- This site is optimized with the Yoast SEO plugin v27.6 - https:\/\/yoast.com\/product\/yoast-seo-wordpress\/ -->\n<title>Rota\u010dn\u00ed seka\u010dky 13-1800 | Timan A\/S<\/title>\n<meta name=\"robots\" content=\"index, follow, max-snippet:-1, max-image-preview:large, max-video-preview:-1\" \/>\n<link rel=\"canonical\" href=\"https:\/\/timan.dk\/redskaber\/redskaber-til-tool-trac\/rotorklipper-13-1800\/\" \/>\n<meta property=\"og:locale\" content=\"cs_CZ\" \/>\n<meta property=\"og:type\" content=\"article\" \/>\n<meta property=\"og:title\" content=\"Rota\u010dn\u00ed seka\u010dky 13-1800 | Timan A\/S\" \/>\n<meta property=\"og:description\" content=\"[vc_row full_width=&#8220;stretch_row&#8220;][vc_column][vc_column_text] Rota\u010dn\u00ed seka\u010dky 1300-1800 Timan Tool-Trac [\/vc_column_text][vc_empty_space height=&#8220;30px&#8220;][vc_separator color=&#8220;custom&#8220; border_width=&#8220;2&#8243; accent_color=&#8220;#f7f7f7&#8243;][vc_empty_space height=&#8220;30px&#8220;][vc_row_inner][vc_column_inner offset=&#8220;vc_col-lg-8 vc_col-md-8 vc_col-xs-12&#8243;][vc_column_text] Robustn\u00ed rota\u010dn\u00ed seka\u010dky Robustn\u00ed rota\u010dn\u00ed seka\u010dky pro se\u010den\u00ed v\u0161ech typ\u016f travnat\u00fdch ploch, kde je vy\u017eadov\u00e1n kr\u00e1sn\u00fd v\u00fdsledek. Se 3 r\u016fzn\u00fdmi modely vy\u0159e\u0161\u00edte ka\u017ed\u00fd \u00fakol se\u010den\u00ed.[\/vc_column_text][vc_empty_space height=&#8220;30px&#8220;][vc_column_text css=&#8220;.vc_custom_1708680216034{background-color: #f7f7f7 !important;}&#8220;] &#8222;Od roku 2004 navrhujeme a vyv\u00edj\u00edme stroje s porozum\u011bn\u00edm pro ... Read more\" \/>\n<meta property=\"og:url\" content=\"https:\/\/timan.dk\/redskaber\/redskaber-til-tool-trac\/rotorklipper-13-1800\/\" \/>\n<meta property=\"og:site_name\" content=\"Timan A\/S\" \/>\n<meta property=\"article:modified_time\" content=\"2025-09-04T17:15:18+00:00\" \/>\n<meta property=\"og:image\" content=\"https:\/\/timan.dk\/wp-content\/uploads\/2023\/08\/plaeneklippersmalkoerselklip00-00-27-11still004red.jpg\" \/>\n\t<meta property=\"og:image:width\" content=\"1500\" \/>\n\t<meta property=\"og:image:height\" content=\"844\" \/>\n\t<meta property=\"og:image:type\" content=\"image\/jpeg\" \/>\n<meta name=\"twitter:card\" content=\"summary_large_image\" \/>\n<meta name=\"twitter:label1\" content=\"Odhadovan\u00e1 doba \u010dten\u00ed\" \/>\n\t<meta name=\"twitter:data1\" content=\"7 minut\" \/>\n<script type=\"application\/ld+json\" class=\"yoast-schema-graph\">{\"@context\":\"https:\\\/\\\/schema.org\",\"@graph\":[{\"@type\":\"WebPage\",\"@id\":\"https:\\\/\\\/timan.dk\\\/redskaber\\\/redskaber-til-tool-trac\\\/rotorklipper-13-1800\\\/\",\"url\":\"https:\\\/\\\/timan.dk\\\/redskaber\\\/redskaber-til-tool-trac\\\/rotorklipper-13-1800\\\/\",\"name\":\"Rota\u010dn\u00ed seka\u010dky 13-1800 | Timan A\\\/S\",\"isPartOf\":{\"@id\":\"https:\\\/\\\/timan.dk\\\/#website\"},\"primaryImageOfPage\":{\"@id\":\"https:\\\/\\\/timan.dk\\\/redskaber\\\/redskaber-til-tool-trac\\\/rotorklipper-13-1800\\\/#primaryimage\"},\"image\":{\"@id\":\"https:\\\/\\\/timan.dk\\\/redskaber\\\/redskaber-til-tool-trac\\\/rotorklipper-13-1800\\\/#primaryimage\"},\"thumbnailUrl\":\"https:\\\/\\\/timan.dk\\\/wp-content\\\/uploads\\\/2023\\\/08\\\/plaeneklippersmalkoerselklip00-00-27-11still004red.jpg\",\"datePublished\":\"2023-08-03T10:39:05+00:00\",\"dateModified\":\"2025-09-04T17:15:18+00:00\",\"breadcrumb\":{\"@id\":\"https:\\\/\\\/timan.dk\\\/redskaber\\\/redskaber-til-tool-trac\\\/rotorklipper-13-1800\\\/#breadcrumb\"},\"inLanguage\":\"cs\",\"potentialAction\":[{\"@type\":\"ReadAction\",\"target\":[\"https:\\\/\\\/timan.dk\\\/redskaber\\\/redskaber-til-tool-trac\\\/rotorklipper-13-1800\\\/\"]}]},{\"@type\":\"ImageObject\",\"inLanguage\":\"cs\",\"@id\":\"https:\\\/\\\/timan.dk\\\/redskaber\\\/redskaber-til-tool-trac\\\/rotorklipper-13-1800\\\/#primaryimage\",\"url\":\"https:\\\/\\\/timan.dk\\\/wp-content\\\/uploads\\\/2023\\\/08\\\/plaeneklippersmalkoerselklip00-00-27-11still004red.jpg\",\"contentUrl\":\"https:\\\/\\\/timan.dk\\\/wp-content\\\/uploads\\\/2023\\\/08\\\/plaeneklippersmalkoerselklip00-00-27-11still004red.jpg\",\"width\":1500,\"height\":844},{\"@type\":\"BreadcrumbList\",\"@id\":\"https:\\\/\\\/timan.dk\\\/redskaber\\\/redskaber-til-tool-trac\\\/rotorklipper-13-1800\\\/#breadcrumb\",\"itemListElement\":[{\"@type\":\"ListItem\",\"position\":1,\"name\":\"Hjem\",\"item\":\"https:\\\/\\\/timan.dk\\\/cs\\\/\"},{\"@type\":\"ListItem\",\"position\":2,\"name\":\"Rota\u010dn\u00ed seka\u010dky 13-1800\"}]},{\"@type\":\"WebSite\",\"@id\":\"https:\\\/\\\/timan.dk\\\/#website\",\"url\":\"https:\\\/\\\/timan.dk\\\/\",\"name\":\"Timan A\\\/S\",\"description\":\"Sweepers with collectors, slope mowers, remote-controlled flail mowers in Denmark\",\"publisher\":{\"@id\":\"https:\\\/\\\/timan.dk\\\/#organization\"},\"potentialAction\":[{\"@type\":\"SearchAction\",\"target\":{\"@type\":\"EntryPoint\",\"urlTemplate\":\"https:\\\/\\\/timan.dk\\\/?s={search_term_string}\"},\"query-input\":{\"@type\":\"PropertyValueSpecification\",\"valueRequired\":true,\"valueName\":\"search_term_string\"}}],\"inLanguage\":\"cs\"},{\"@type\":\"Organization\",\"@id\":\"https:\\\/\\\/timan.dk\\\/#organization\",\"name\":\"Timan A\\\/S\",\"url\":\"https:\\\/\\\/timan.dk\\\/\",\"logo\":{\"@type\":\"ImageObject\",\"inLanguage\":\"cs\",\"@id\":\"https:\\\/\\\/timan.dk\\\/#\\\/schema\\\/logo\\\/image\\\/\",\"url\":\"https:\\\/\\\/timan.dk\\\/wp-content\\\/uploads\\\/2023\\\/08\\\/logo-timan-cut.png\",\"contentUrl\":\"https:\\\/\\\/timan.dk\\\/wp-content\\\/uploads\\\/2023\\\/08\\\/logo-timan-cut.png\",\"width\":2048,\"height\":599,\"caption\":\"Timan A\\\/S\"},\"image\":{\"@id\":\"https:\\\/\\\/timan.dk\\\/#\\\/schema\\\/logo\\\/image\\\/\"}}]}<\/script>\n<!-- \/ Yoast SEO plugin. -->","yoast_head_json":{"title":"Rota\u010dn\u00ed seka\u010dky 13-1800 | Timan A\/S","robots":{"index":"index","follow":"follow","max-snippet":"max-snippet:-1","max-image-preview":"max-image-preview:large","max-video-preview":"max-video-preview:-1"},"canonical":"https:\/\/timan.dk\/redskaber\/redskaber-til-tool-trac\/rotorklipper-13-1800\/","og_locale":"cs_CZ","og_type":"article","og_title":"Rota\u010dn\u00ed seka\u010dky 13-1800 | Timan A\/S","og_description":"[vc_row full_width=&#8220;stretch_row&#8220;][vc_column][vc_column_text] Rota\u010dn\u00ed seka\u010dky 1300-1800 Timan Tool-Trac [\/vc_column_text][vc_empty_space height=&#8220;30px&#8220;][vc_separator color=&#8220;custom&#8220; border_width=&#8220;2&#8243; accent_color=&#8220;#f7f7f7&#8243;][vc_empty_space height=&#8220;30px&#8220;][vc_row_inner][vc_column_inner offset=&#8220;vc_col-lg-8 vc_col-md-8 vc_col-xs-12&#8243;][vc_column_text] Robustn\u00ed rota\u010dn\u00ed seka\u010dky Robustn\u00ed rota\u010dn\u00ed seka\u010dky pro se\u010den\u00ed v\u0161ech typ\u016f travnat\u00fdch ploch, kde je vy\u017eadov\u00e1n kr\u00e1sn\u00fd v\u00fdsledek. Se 3 r\u016fzn\u00fdmi modely vy\u0159e\u0161\u00edte ka\u017ed\u00fd \u00fakol se\u010den\u00ed.[\/vc_column_text][vc_empty_space height=&#8220;30px&#8220;][vc_column_text css=&#8220;.vc_custom_1708680216034{background-color: #f7f7f7 !important;}&#8220;] &#8222;Od roku 2004 navrhujeme a vyv\u00edj\u00edme stroje s porozum\u011bn\u00edm pro ... Read more","og_url":"https:\/\/timan.dk\/redskaber\/redskaber-til-tool-trac\/rotorklipper-13-1800\/","og_site_name":"Timan A\/S","article_modified_time":"2025-09-04T17:15:18+00:00","og_image":[{"width":1500,"height":844,"url":"https:\/\/timan.dk\/wp-content\/uploads\/2023\/08\/plaeneklippersmalkoerselklip00-00-27-11still004red.jpg","type":"image\/jpeg"}],"twitter_card":"summary_large_image","twitter_misc":{"Odhadovan\u00e1 doba \u010dten\u00ed":"7 minut"},"schema":{"@context":"https:\/\/schema.org","@graph":[{"@type":"WebPage","@id":"https:\/\/timan.dk\/redskaber\/redskaber-til-tool-trac\/rotorklipper-13-1800\/","url":"https:\/\/timan.dk\/redskaber\/redskaber-til-tool-trac\/rotorklipper-13-1800\/","name":"Rota\u010dn\u00ed seka\u010dky 13-1800 | Timan A\/S","isPartOf":{"@id":"https:\/\/timan.dk\/#website"},"primaryImageOfPage":{"@id":"https:\/\/timan.dk\/redskaber\/redskaber-til-tool-trac\/rotorklipper-13-1800\/#primaryimage"},"image":{"@id":"https:\/\/timan.dk\/redskaber\/redskaber-til-tool-trac\/rotorklipper-13-1800\/#primaryimage"},"thumbnailUrl":"https:\/\/timan.dk\/wp-content\/uploads\/2023\/08\/plaeneklippersmalkoerselklip00-00-27-11still004red.jpg","datePublished":"2023-08-03T10:39:05+00:00","dateModified":"2025-09-04T17:15:18+00:00","breadcrumb":{"@id":"https:\/\/timan.dk\/redskaber\/redskaber-til-tool-trac\/rotorklipper-13-1800\/#breadcrumb"},"inLanguage":"cs","potentialAction":[{"@type":"ReadAction","target":["https:\/\/timan.dk\/redskaber\/redskaber-til-tool-trac\/rotorklipper-13-1800\/"]}]},{"@type":"ImageObject","inLanguage":"cs","@id":"https:\/\/timan.dk\/redskaber\/redskaber-til-tool-trac\/rotorklipper-13-1800\/#primaryimage","url":"https:\/\/timan.dk\/wp-content\/uploads\/2023\/08\/plaeneklippersmalkoerselklip00-00-27-11still004red.jpg","contentUrl":"https:\/\/timan.dk\/wp-content\/uploads\/2023\/08\/plaeneklippersmalkoerselklip00-00-27-11still004red.jpg","width":1500,"height":844},{"@type":"BreadcrumbList","@id":"https:\/\/timan.dk\/redskaber\/redskaber-til-tool-trac\/rotorklipper-13-1800\/#breadcrumb","itemListElement":[{"@type":"ListItem","position":1,"name":"Hjem","item":"https:\/\/timan.dk\/cs\/"},{"@type":"ListItem","position":2,"name":"Rota\u010dn\u00ed seka\u010dky 13-1800"}]},{"@type":"WebSite","@id":"https:\/\/timan.dk\/#website","url":"https:\/\/timan.dk\/","name":"Timan A\/S","description":"Sweepers with collectors, slope mowers, remote-controlled flail mowers in Denmark","publisher":{"@id":"https:\/\/timan.dk\/#organization"},"potentialAction":[{"@type":"SearchAction","target":{"@type":"EntryPoint","urlTemplate":"https:\/\/timan.dk\/?s={search_term_string}"},"query-input":{"@type":"PropertyValueSpecification","valueRequired":true,"valueName":"search_term_string"}}],"inLanguage":"cs"},{"@type":"Organization","@id":"https:\/\/timan.dk\/#organization","name":"Timan A\/S","url":"https:\/\/timan.dk\/","logo":{"@type":"ImageObject","inLanguage":"cs","@id":"https:\/\/timan.dk\/#\/schema\/logo\/image\/","url":"https:\/\/timan.dk\/wp-content\/uploads\/2023\/08\/logo-timan-cut.png","contentUrl":"https:\/\/timan.dk\/wp-content\/uploads\/2023\/08\/logo-timan-cut.png","width":2048,"height":599,"caption":"Timan A\/S"},"image":{"@id":"https:\/\/timan.dk\/#\/schema\/logo\/image\/"}}]}},"_links":{"self":[{"href":"https:\/\/timan.dk\/cs\/wp-json\/wp\/v2\/pages\/10077","targetHints":{"allow":["GET"]}}],"collection":[{"href":"https:\/\/timan.dk\/cs\/wp-json\/wp\/v2\/pages"}],"about":[{"href":"https:\/\/timan.dk\/cs\/wp-json\/wp\/v2\/types\/page"}],"author":[{"embeddable":true,"href":"https:\/\/timan.dk\/cs\/wp-json\/wp\/v2\/users\/1"}],"replies":[{"embeddable":true,"href":"https:\/\/timan.dk\/cs\/wp-json\/wp\/v2\/comments?post=10077"}],"version-history":[{"count":6,"href":"https:\/\/timan.dk\/cs\/wp-json\/wp\/v2\/pages\/10077\/revisions"}],"predecessor-version":[{"id":14150,"href":"https:\/\/timan.dk\/cs\/wp-json\/wp\/v2\/pages\/10077\/revisions\/14150"}],"wp:featuredmedia":[{"embeddable":true,"href":"https:\/\/timan.dk\/cs\/wp-json\/wp\/v2\/media\/10078"}],"wp:attachment":[{"href":"https:\/\/timan.dk\/cs\/wp-json\/wp\/v2\/media?parent=10077"}],"wp:term":[{"taxonomy":"category","embeddable":true,"href":"https:\/\/timan.dk\/cs\/wp-json\/wp\/v2\/categories?post=10077"}],"curies":[{"name":"wp","href":"https:\/\/api.w.org\/{rel}","templated":true}]}}