{"id":10087,"date":"2023-08-03T12:39:05","date_gmt":"2023-08-03T10:39:05","guid":{"rendered":"https:\/\/timan.dk\/nastroje\/nastroje-pro-tool-trac\/paletove-vidle\/"},"modified":"2025-09-04T19:22:47","modified_gmt":"2025-09-04T17:22:47","slug":"paletove-vidle","status":"publish","type":"page","link":"https:\/\/timan.dk\/cs\/paletove-vidle\/","title":{"rendered":"Paletov\u00e9 vidle"},"content":{"rendered":"<div class=\"wpb-content-wrapper\"><p>[vc_row full_width=&#8220;stretch_row&#8220;][vc_column]<div class=\"ult-spacer spacer-6a0965af9bdc4\" data-id=\"6a0965af9bdc4\" data-height=\"90\" data-height-mobile=\"60\" data-height-tab=\"90\" data-height-tab-portrait=\"60\" data-height-mobile-landscape=\"60\" style=\"clear:both;display:block;\"><\/div>[vc_column_text]<\/p>\n<h2>Paletov\u00e9 vidle &#8211; Timan Tool-Trac 5740<\/h2>\n<p>[\/vc_column_text][vc_empty_space height=&#8220;30px&#8220;][vc_separator color=&#8220;custom&#8220; border_width=&#8220;2&#8243; accent_color=&#8220;#f7f7f7&#8243;][vc_empty_space height=&#8220;30px&#8220;][vc_row_inner][vc_column_inner offset=&#8220;vc_col-lg-8 vc_col-md-8 vc_col-xs-12&#8243;][vc_column_text]<\/p>\n<h3>S paletov\u00fdmi vidlemi lze snadno manipulovat s r\u016fzn\u00fdmi obt\u00ed\u017en\u00fdmi materi\u00e1ly.<\/h3>\n<p>Paletov\u00e9 vidle jsou k dispozici ve 2 r\u016fzn\u00fdch d\u00e9lk\u00e1ch.[\/vc_column_text][vc_empty_space height=&#8220;30px&#8220;][vc_column_text css=&#8220;.vc_custom_1708680341833{background-color: #f7f7f7 !important;}&#8220;]<br \/>\n<\/p>\n<blockquote><p>&#8222;Od roku 2004 navrhujeme a vyv\u00edj\u00edme stroje s porozum\u011bn\u00edm pro spokojenost obsluhy a jej\u00ed \u00fakoly&#8220;<\/p><\/blockquote>\n<p>[\/vc_column_text][vc_empty_space height=&#8220;30px&#8220;][vc_single_image image=&#8220;10088&#8243; img_size=&#8220;full&#8220;][vc_empty_space height=&#8220;15px&#8220;][vc_media_grid style=&#8220;pagination&#8220; items_per_page=&#8220;3&#8243; arrows_design=&#8220;vc_arrow-icon-arrow_01_left&#8220; arrows_position=&#8220;outside&#8220; arrows_color=&#8220;black&#8220; paging_design=&#8220;none&#8220; loop=&#8220;yes&#8220; autoplay=&#8220;6&#8243; grid_id=&#8220;vc_gid:1752561049644-25b13c52-28ae-3&#8243; include=&#8220;10034,5621,5603,10088,5650,5590&#8243;]<div class=\"ult-spacer spacer-6a0965af9be10\" data-id=\"6a0965af9be10\" data-height=\"0\" data-height-mobile=\"30\" data-height-tab=\"0\" data-height-tab-portrait=\"30\" data-height-mobile-landscape=\"30\" style=\"clear:both;display:block;\"><\/div>[\/vc_column_inner][vc_column_inner offset=&#8220;vc_col-lg-4 vc_col-md-4 vc_col-xs-12&#8243;][vc_column_text el_class=&#8220;custom-sidebar-boks&#8220;]<\/p>\n<h4>Co z\u00edsk\u00e1te:<\/h4>\n<p><\/p>\n<ul>\n<li>Prodlou\u017een\u00e9 rameno pro manipulaci s materi\u00e1lem<\/li>\n<li>N\u00e1stroj pro odstran\u011bn\u00ed nepoddajn\u00fdch ko\u0159en\u016f v zemi<\/li>\n<li>Zlep\u0161en\u00e9 pracovn\u00ed prost\u0159ed\u00ed<\/li>\n<li>V\u00fd\u0161ku zdvihu a\u017e 2,5 metru<\/li>\n<\/ul>\n<p>[\/vc_column_text][vc_empty_space height=&#8220;30px&#8220;][vc_btn title=&#8220;St\u00e1hnout katalog&#8220; style=&#8220;custom&#8220; custom_background=&#8220;#fc5623&#8243; custom_text=&#8220;#ffffff&#8220; shape=&#8220;square&#8220; align=&#8220;left&#8220; css=&#8220;&#8220; button_block=&#8220;true&#8220; link=&#8220;url:https%3A%2F%2Ftiman.dk%2Fwp-content%2Fuploads%2F2025%2F07%2Ftool-trac-5740-dk-lang-mail-lav.pdf|title:St%C3%A1hnout%20katalog|target:_blank|&#8220; el_class=&#8220;custom-farve-btn&#8220;][vc_empty_space height=&#8220;5px&#8220;][vc_btn title=&#8220;Prohl\u00e9dn\u011bte si technick\u00e9 \u00fadaje&#8220; style=&#8220;custom&#8220; custom_background=&#8220;#fc5623&#8243; custom_text=&#8220;#ffffff&#8220; shape=&#8220;square&#8220; align=&#8220;left&#8220; css=&#8220;&#8220; button_block=&#8220;true&#8220; link=&#8220;url:%2Fwp-content%2Fuploads%2F2023%2F08%2F2195-dk-teknisk-data-pallegafler-timan-tool-trac.pdf|title:Prohl%C3%A9dn%C4%9Bte%20si%20technick%C3%A9%20%C3%BAdaje|target:_blank|&#8220; el_class=&#8220;custom-farve-btn&#8220;][vc_empty_space height=&#8220;5px&#8220;][vc_btn title=&#8220;Prohl\u00e9dn\u011bte si n\u00e1stroje Tool-Trac&#8220; style=&#8220;custom&#8220; custom_background=&#8220;#fc5623&#8243; custom_text=&#8220;#ffffff&#8220; shape=&#8220;square&#8220; align=&#8220;left&#8220; css=&#8220;&#8220; button_block=&#8220;true&#8220; link=&#8220;url:https%3A%2F%2Ftiman.dk%2Fredskaber%2Fredskaber-til-tool-trac%2F|title:N%C3%A1stroje%20pro%20Tool-Trac|&#8220;][vc_empty_space height=&#8220;30px&#8220;][vc_widget_sidebar sidebar_id=&#8220;sidebar-1&#8243; el_class=&#8220;contact-sidebar&#8220;][\/vc_column_inner][\/vc_row_inner]<div class=\"ult-spacer spacer-6a0965af9be38\" data-id=\"6a0965af9be38\" data-height=\"90\" data-height-mobile=\"60\" data-height-tab=\"90\" data-height-tab-portrait=\"60\" data-height-mobile-landscape=\"60\" style=\"clear:both;display:block;\"><\/div>[\/vc_column][\/vc_row][vc_row full_width=&#8220;stretch_row&#8220; bg_type=&#8220;bg_color&#8220; seperator_enable=&#8220;seperator_enable_value&#8220; seperator_type=&#8220;xlarge_triangle_left_seperator&#8220; seperator_svg_height=&#8220;60&#8243; seperator_shape_background=&#8220;#ffffff&#8220; height=&#8220;90&#8243; height_on_tabs=&#8220;90&#8243; height_on_tabs_portrait=&#8220;60&#8243; height_on_mob_landscape=&#8220;60&#8243; height_on_mob=&#8220;60&#8243; bg_color_value=&#8220;#ece8e1&#8243;][vc_column]<div class=\"ult-spacer spacer-6a0965af9be6d\" data-id=\"6a0965af9be6d\" data-height=\"90\" data-height-mobile=\"60\" data-height-tab=\"90\" data-height-tab-portrait=\"60\" data-height-mobile-landscape=\"60\" style=\"clear:both;display:block;\"><\/div>[\/vc_column][\/vc_row][vc_row full_width=&#8220;stretch_row&#8220; bg_type=&#8220;bg_color&#8220; bg_color_value=&#8220;#ece8e1&#8243;][vc_column css_animation=&#8220;fadeInUp&#8220;]<div class=\"ult-spacer spacer-6a0965af9be92\" data-id=\"6a0965af9be92\" data-height=\"90\" data-height-mobile=\"60\" data-height-tab=\"90\" data-height-tab-portrait=\"60\" data-height-mobile-landscape=\"60\" style=\"clear:both;display:block;\"><\/div>[vc_row_inner][vc_column_inner][vc_video link=&#8220;https:\/\/www.youtube.com\/watch?v=NGcbcx_3Uc8&#8243;][\/vc_column_inner][\/vc_row_inner]<div class=\"ult-spacer spacer-6a0965af9beb4\" data-id=\"6a0965af9beb4\" data-height=\"90\" data-height-mobile=\"60\" data-height-tab=\"90\" data-height-tab-portrait=\"60\" data-height-mobile-landscape=\"60\" style=\"clear:both;display:block;\"><\/div>[\/vc_column][\/vc_row][vc_row full_width=&#8220;stretch_row&#8220; bg_type=&#8220;bg_color&#8220; seperator_enable=&#8220;seperator_enable_value&#8220; seperator_type=&#8220;xlarge_triangle_right_seperator&#8220; seperator_position=&#8220;bottom_seperator&#8220; seperator_svg_height=&#8220;60&#8243; seperator_shape_background=&#8220;#ffffff&#8220; height=&#8220;90&#8243; height_on_tabs=&#8220;90&#8243; height_on_tabs_portrait=&#8220;60&#8243; height_on_mob_landscape=&#8220;60&#8243; height_on_mob=&#8220;60&#8243; bg_color_value=&#8220;#ece8e1&#8243;][vc_column]<div class=\"ult-spacer spacer-6a0965af9bed6\" data-id=\"6a0965af9bed6\" data-height=\"90\" data-height-mobile=\"60\" data-height-tab=\"90\" data-height-tab-portrait=\"60\" data-height-mobile-landscape=\"60\" style=\"clear:both;display:block;\"><\/div>[\/vc_column][\/vc_row][vc_row full_width=&#8220;stretch_row&#8220;][vc_column css_animation=&#8220;fadeIn&#8220; css=&#8220;.vc_custom_1691106517578{padding-top: 0px !important;}&#8220;]<div class=\"ult-spacer spacer-6a0965af9bef6\" data-id=\"6a0965af9bef6\" data-height=\"90\" data-height-mobile=\"60\" data-height-tab=\"90\" data-height-tab-portrait=\"60\" data-height-mobile-landscape=\"60\" style=\"clear:both;display:block;\"><\/div>[vc_row_inner equal_height=&#8220;yes&#8220;][vc_column_inner offset=&#8220;vc_col-lg-6 vc_col-md-6 vc_col-xs-12&#8243;][vc_column_text]<\/p>\n<h3>Vysok\u00e1 pevnost a velk\u00e1 kapacita<\/h3>\n<p>[\/vc_column_text][vc_empty_space height=&#8220;30px&#8220;][vc_separator color=&#8220;custom&#8220; border_width=&#8220;2&#8243; accent_color=&#8220;#f7f7f7&#8243;][vc_empty_space height=&#8220;30px&#8220;][vc_column_text]Paletov\u00e9 vidlice se rychle stanou va\u0161\u00ed prodlou\u017eenou rukou pro v\u011bt\u0161inu \u00fakol\u016f p\u0159i manipulaci s materi\u00e1lem.<\/p>\n<p>Spln\u00ed ka\u017edou pot\u0159ebu nakl\u00e1dky a vykl\u00e1dky.<\/p>\n<p>Paletov\u00e9 vidlice jsou navr\u017eeny tak, aby kombinovaly vysokou pevnost a n\u00edzkou hmotnost pro vysokou kapacitu.<\/p>\n<p>Pokud pot\u0159ebujete p\u0159em\u00edstit paletu o hmotnosti a\u017e 550 kg, va\u0161e vidle Tool-Trac tuto pr\u00e1ci zvl\u00e1dnou za v\u00e1s.<\/p>\n<p>Pokud pot\u0159ebujete uklidit, je Tool-Trac s paletov\u00fdmi vidlemi skv\u011bl\u00fdm pomocn\u00edkem. S nosnost\u00ed 900 kg v rychloup\u00edna\u010di a 550 kg 600 mm na vidlic\u00edch zvl\u00e1dne v\u011bt\u0161inu men\u0161\u00edch \u00fakol\u016f. Vidle lze pou\u017e\u00edt i k odstran\u011bn\u00ed nepoddajn\u00fdch ko\u0159en\u016f v p\u016fd\u011b.<\/p>\n<p>V\u00fd\u0161ka zdvihu a\u017e 2,5 m umo\u017e\u0148uje nap\u0159\u00edklad p\u0159epravu palety s kameny na le\u0161en\u00ed.<\/p>\n<p>Tool-Trac s paletov\u00fdmi vidlemi je tak\u00e9 skv\u011bl\u00fdm pomocn\u00edkem p\u0159i p\u0159emis\u0165ov\u00e1n\u00ed obklad\u016f nebo dla\u017eebn\u00edch kostek.<\/p>\n<p>Vyhn\u011bte se zved\u00e1n\u00ed t\u011b\u017ek\u00fdch b\u0159emen a u\u0161et\u0159ete si s\u00edlu.<\/p>\n<p>Paletov\u00e9 vidle jsou u\u017eite\u010dn\u00fdm n\u00e1strojem pro zahradn\u00edky, dodavatele, bytov\u00e1 dru\u017estva, materi\u00e1lov\u00e9 sklady, recykla\u010dn\u00ed centra a mnoho dal\u0161\u00edch.<\/p>\n<ul>\n<li>Zvl\u00e1dne jak\u00fdkoli zvedac\u00ed \u00fakol<\/li>\n<li>Snadno p\u0159em\u00edst\u00ed nepohodln\u00e9 p\u0159edm\u011bty, jako jsou velk\u00e9 kameny, kl\u00e1dy, big bagy a dal\u0161\u00ed t\u011b\u017ek\u00e9 p\u0159edm\u011bty.<\/li>\n<\/ul>\n<p>[\/vc_column_text]<div class=\"ult-spacer spacer-6a0965af9bf16\" data-id=\"6a0965af9bf16\" data-height=\"0\" data-height-mobile=\"30\" data-height-tab=\"0\" data-height-tab-portrait=\"0\" data-height-mobile-landscape=\"30\" style=\"clear:both;display:block;\"><\/div>[\/vc_column_inner][vc_column_inner css=&#8220;.vc_custom_1692945022405{margin-right: 30px !important;margin-left: 30px !important;background-image: url(https:\/\/timan.dk\/wp-content\/uploads\/2023\/08\/img-0083red.jpg?id=5603) !important;background-position: center !important;background-repeat: no-repeat !important;background-size: cover !important;}&#8220; offset=&#8220;vc_col-lg-6 vc_col-md-6 vc_col-xs-12&#8243;]<div class=\"ult-spacer spacer-6a0965af9bf3b\" data-id=\"6a0965af9bf3b\" data-height=\"0\" data-height-mobile=\"300\" data-height-tab=\"0\" data-height-tab-portrait=\"300\" data-height-mobile-landscape=\"300\" style=\"clear:both;display:block;\"><\/div>[\/vc_column_inner][\/vc_row_inner]<div class=\"ult-spacer spacer-6a0965af9bf5a\" data-id=\"6a0965af9bf5a\" data-height=\"90\" data-height-mobile=\"60\" data-height-tab=\"90\" data-height-tab-portrait=\"60\" data-height-mobile-landscape=\"60\" style=\"clear:both;display:block;\"><\/div>[\/vc_column][\/vc_row][vc_row full_width=&#8220;stretch_row&#8220; bg_type=&#8220;bg_color&#8220; seperator_enable=&#8220;seperator_enable_value&#8220; seperator_type=&#8220;xlarge_triangle_left_seperator&#8220; seperator_svg_height=&#8220;60&#8243; seperator_shape_background=&#8220;#ffffff&#8220; height=&#8220;90&#8243; height_on_tabs=&#8220;90&#8243; height_on_tabs_portrait=&#8220;60&#8243; height_on_mob_landscape=&#8220;60&#8243; height_on_mob=&#8220;60&#8243; bg_color_value=&#8220;#ece8e1&#8243;][vc_column]<div class=\"ult-spacer spacer-6a0965af9bf80\" data-id=\"6a0965af9bf80\" data-height=\"90\" data-height-mobile=\"60\" data-height-tab=\"90\" data-height-tab-portrait=\"60\" data-height-mobile-landscape=\"60\" style=\"clear:both;display:block;\"><\/div>[\/vc_column][\/vc_row]<\/p>\n<p>[vc_row full_width=&#8220;stretch_row&#8220; el_class=&#8220;overlay parallax overflow-row&#8220; css=&#8220;.vc_custom_1691104819308{background-image: url(https:\/\/timan.dk\/wp-content\/uploads\/2023\/08\/16966-116.jpg?id=5540) !important;background-position: center !important;background-repeat: no-repeat !important;background-size: cover !important;}&#8220;][vc_column css_animation=&#8220;fadeIn&#8220;]<div class=\"ult-spacer spacer-6a0965af9bfae\" data-id=\"6a0965af9bfae\" data-height=\"120\" data-height-mobile=\"60\" data-height-tab=\"90\" data-height-tab-portrait=\"60\" data-height-mobile-landscape=\"60\" style=\"clear:both;display:block;\"><\/div>[vc_row_inner css=&#8220;.vc_custom_1682518429141{margin-right: 0px !important;margin-left: 0px !important;}&#8220;][vc_column_inner el_class=&#8220;overflow-box-footer&#8220;][vc_empty_space height=&#8220;60px&#8220;][vc_column_text]<\/p>\n<p><b>Kontaktujte Timan A\/S<\/b><br \/>M\u00e1te ot\u00e1zky? Ozv\u011bte se n\u00e1m a r\u00e1di s v\u00e1mi nez\u00e1vazn\u011b promluv\u00edme.<\/p>\n<p>Jsme p\u0159ipraveni odpov\u011bd\u011bt na jak\u00fdkoli dotaz, na kter\u00fd jste na na\u0161em webu nena\u0161li odpov\u011b\u010f. Nev\u00e1hejte n\u00e1m zavolat nebo napsat \u2013 s radost\u00ed si s v\u00e1mi nez\u00e1vazn\u011b popov\u00edd\u00e1me o va\u0161ich pl\u00e1nech.<\/p>\n<p>[\/vc_column_text][vc_empty_space height=&#8220;15px&#8220;][vc_btn title=&#8220;Kontaktujte n\u00e1s zde&#8220; style=&#8220;custom&#8220; custom_background=&#8220;#fc5623&#8243; custom_text=&#8220;#ffffff&#8220; shape=&#8220;square&#8220; link=&#8220;url:https%3A%2F%2Ftiman.dk%2Fcs%2Fkontakt%2F|title:Kontakt|&#8220;][vc_btn title=&#8220;N\u00e1hradn\u00ed d\u00edly&#8220; style=&#8220;outline-custom&#8220; outline_custom_color=&#8220;#666666&#8243; outline_custom_hover_background=&#8220;#666666&#8243; outline_custom_hover_text=&#8220;#ffffff&#8220; shape=&#8220;square&#8220; link=&#8220;url:https%3A%2F%2Ftiman.dk%2Fcs%2Fnavody%2F|title:N%C3%A1hradn%C3%AD%20d%C3%ADly|&#8220;][vc_empty_space height=&#8220;30&#8243;][vc_column_text]<\/p>\n<p>+420 778 881 904<\/p>\n<p>[\/vc_column_text][vc_empty_space height=&#8220;60px&#8220;][\/vc_column_inner][\/vc_row_inner]<div class=\"ult-spacer spacer-6a0965af9bfcf\" data-id=\"6a0965af9bfcf\" data-height=\"120\" data-height-mobile=\"60\" data-height-tab=\"90\" data-height-tab-portrait=\"60\" data-height-mobile-landscape=\"60\" style=\"clear:both;display:block;\"><\/div>[\/vc_column][\/vc_row]<\/p>\n<\/div>","protected":false},"excerpt":{"rendered":"<p>[vc_row full_width=&#8220;stretch_row&#8220;][vc_column][vc_column_text] Paletov\u00e9 vidle &#8211; Timan Tool-Trac 5740 [\/vc_column_text][vc_empty_space height=&#8220;30px&#8220;][vc_separator color=&#8220;custom&#8220; border_width=&#8220;2&#8243; accent_color=&#8220;#f7f7f7&#8243;][vc_empty_space height=&#8220;30px&#8220;][vc_row_inner][vc_column_inner offset=&#8220;vc_col-lg-8 vc_col-md-8 vc_col-xs-12&#8243;][vc_column_text] S paletov\u00fdmi vidlemi lze snadno manipulovat s r\u016fzn\u00fdmi obt\u00ed\u017en\u00fdmi materi\u00e1ly. Paletov\u00e9 vidle jsou k dispozici ve 2 r\u016fzn\u00fdch d\u00e9lk\u00e1ch.[\/vc_column_text][vc_empty_space height=&#8220;30px&#8220;][vc_column_text css=&#8220;.vc_custom_1708680341833{background-color: #f7f7f7 !important;}&#8220;] &#8222;Od roku 2004 navrhujeme a vyv\u00edj\u00edme stroje s porozum\u011bn\u00edm pro spokojenost obsluhy a jej\u00ed \u00fakoly&#8220; &#8230; <a title=\"Paletov\u00e9 vidle\" class=\"read-more\" href=\"https:\/\/timan.dk\/cs\/paletove-vidle\/\" aria-label=\"\u010c\u00edst v\u00edce o Paletov\u00e9 vidle\">Read more<\/a><\/p>\n","protected":false},"author":1,"featured_media":10088,"parent":0,"menu_order":19,"comment_status":"closed","ping_status":"closed","template":"","meta":{"_acf_changed":false,"footnotes":""},"categories":[114,110],"class_list":{"0":"post-10087","1":"page","2":"type-page","3":"status-publish","4":"has-post-thumbnail","6":"category-kopani-zvedani","7":"category-nastroje-tool-trac"},"acf":[],"yoast_head":"<!-- This site is optimized with the Yoast SEO plugin v27.6 - https:\/\/yoast.com\/product\/yoast-seo-wordpress\/ -->\n<title>Paletov\u00e9 vidle | Timan A\/S<\/title>\n<meta name=\"robots\" content=\"index, follow, max-snippet:-1, max-image-preview:large, max-video-preview:-1\" \/>\n<link rel=\"canonical\" href=\"https:\/\/timan.dk\/redskaber\/redskaber-til-tool-trac\/pallegafler\/\" \/>\n<meta property=\"og:locale\" content=\"cs_CZ\" \/>\n<meta property=\"og:type\" content=\"article\" \/>\n<meta property=\"og:title\" content=\"Paletov\u00e9 vidle | Timan A\/S\" \/>\n<meta property=\"og:description\" content=\"[vc_row full_width=&#8220;stretch_row&#8220;][vc_column][vc_column_text] Paletov\u00e9 vidle &#8211; Timan Tool-Trac 5740 [\/vc_column_text][vc_empty_space height=&#8220;30px&#8220;][vc_separator color=&#8220;custom&#8220; border_width=&#8220;2&#8243; accent_color=&#8220;#f7f7f7&#8243;][vc_empty_space height=&#8220;30px&#8220;][vc_row_inner][vc_column_inner offset=&#8220;vc_col-lg-8 vc_col-md-8 vc_col-xs-12&#8243;][vc_column_text] S paletov\u00fdmi vidlemi lze snadno manipulovat s r\u016fzn\u00fdmi obt\u00ed\u017en\u00fdmi materi\u00e1ly. Paletov\u00e9 vidle jsou k dispozici ve 2 r\u016fzn\u00fdch d\u00e9lk\u00e1ch.[\/vc_column_text][vc_empty_space height=&#8220;30px&#8220;][vc_column_text css=&#8220;.vc_custom_1708680341833{background-color: #f7f7f7 !important;}&#8220;] &#8222;Od roku 2004 navrhujeme a vyv\u00edj\u00edme stroje s porozum\u011bn\u00edm pro spokojenost obsluhy a jej\u00ed \u00fakoly&#8220; ... Read more\" \/>\n<meta property=\"og:url\" content=\"https:\/\/timan.dk\/redskaber\/redskaber-til-tool-trac\/pallegafler\/\" \/>\n<meta property=\"og:site_name\" content=\"Timan A\/S\" \/>\n<meta property=\"article:modified_time\" content=\"2025-09-04T17:22:47+00:00\" \/>\n<meta property=\"og:image\" content=\"https:\/\/timan.dk\/wp-content\/uploads\/2023\/08\/masser-af-styrke-red.jpg\" \/>\n\t<meta property=\"og:image:width\" content=\"1500\" \/>\n\t<meta property=\"og:image:height\" content=\"844\" \/>\n\t<meta property=\"og:image:type\" content=\"image\/jpeg\" \/>\n<meta name=\"twitter:card\" content=\"summary_large_image\" \/>\n<meta name=\"twitter:label1\" content=\"Odhadovan\u00e1 doba \u010dten\u00ed\" \/>\n\t<meta name=\"twitter:data1\" content=\"7 minut\" \/>\n<script type=\"application\/ld+json\" class=\"yoast-schema-graph\">{\"@context\":\"https:\\\/\\\/schema.org\",\"@graph\":[{\"@type\":\"WebPage\",\"@id\":\"https:\\\/\\\/timan.dk\\\/redskaber\\\/redskaber-til-tool-trac\\\/pallegafler\\\/\",\"url\":\"https:\\\/\\\/timan.dk\\\/redskaber\\\/redskaber-til-tool-trac\\\/pallegafler\\\/\",\"name\":\"Paletov\u00e9 vidle | Timan A\\\/S\",\"isPartOf\":{\"@id\":\"https:\\\/\\\/timan.dk\\\/#website\"},\"primaryImageOfPage\":{\"@id\":\"https:\\\/\\\/timan.dk\\\/redskaber\\\/redskaber-til-tool-trac\\\/pallegafler\\\/#primaryimage\"},\"image\":{\"@id\":\"https:\\\/\\\/timan.dk\\\/redskaber\\\/redskaber-til-tool-trac\\\/pallegafler\\\/#primaryimage\"},\"thumbnailUrl\":\"https:\\\/\\\/timan.dk\\\/wp-content\\\/uploads\\\/2023\\\/08\\\/masser-af-styrke-red.jpg\",\"datePublished\":\"2023-08-03T10:39:05+00:00\",\"dateModified\":\"2025-09-04T17:22:47+00:00\",\"breadcrumb\":{\"@id\":\"https:\\\/\\\/timan.dk\\\/redskaber\\\/redskaber-til-tool-trac\\\/pallegafler\\\/#breadcrumb\"},\"inLanguage\":\"cs\",\"potentialAction\":[{\"@type\":\"ReadAction\",\"target\":[\"https:\\\/\\\/timan.dk\\\/redskaber\\\/redskaber-til-tool-trac\\\/pallegafler\\\/\"]}]},{\"@type\":\"ImageObject\",\"inLanguage\":\"cs\",\"@id\":\"https:\\\/\\\/timan.dk\\\/redskaber\\\/redskaber-til-tool-trac\\\/pallegafler\\\/#primaryimage\",\"url\":\"https:\\\/\\\/timan.dk\\\/wp-content\\\/uploads\\\/2023\\\/08\\\/masser-af-styrke-red.jpg\",\"contentUrl\":\"https:\\\/\\\/timan.dk\\\/wp-content\\\/uploads\\\/2023\\\/08\\\/masser-af-styrke-red.jpg\",\"width\":1500,\"height\":844},{\"@type\":\"BreadcrumbList\",\"@id\":\"https:\\\/\\\/timan.dk\\\/redskaber\\\/redskaber-til-tool-trac\\\/pallegafler\\\/#breadcrumb\",\"itemListElement\":[{\"@type\":\"ListItem\",\"position\":1,\"name\":\"Hjem\",\"item\":\"https:\\\/\\\/timan.dk\\\/cs\\\/\"},{\"@type\":\"ListItem\",\"position\":2,\"name\":\"Paletov\u00e9 vidle\"}]},{\"@type\":\"WebSite\",\"@id\":\"https:\\\/\\\/timan.dk\\\/#website\",\"url\":\"https:\\\/\\\/timan.dk\\\/\",\"name\":\"Timan A\\\/S\",\"description\":\"Sweepers with collectors, slope mowers, remote-controlled flail mowers in Denmark\",\"publisher\":{\"@id\":\"https:\\\/\\\/timan.dk\\\/#organization\"},\"potentialAction\":[{\"@type\":\"SearchAction\",\"target\":{\"@type\":\"EntryPoint\",\"urlTemplate\":\"https:\\\/\\\/timan.dk\\\/?s={search_term_string}\"},\"query-input\":{\"@type\":\"PropertyValueSpecification\",\"valueRequired\":true,\"valueName\":\"search_term_string\"}}],\"inLanguage\":\"cs\"},{\"@type\":\"Organization\",\"@id\":\"https:\\\/\\\/timan.dk\\\/#organization\",\"name\":\"Timan A\\\/S\",\"url\":\"https:\\\/\\\/timan.dk\\\/\",\"logo\":{\"@type\":\"ImageObject\",\"inLanguage\":\"cs\",\"@id\":\"https:\\\/\\\/timan.dk\\\/#\\\/schema\\\/logo\\\/image\\\/\",\"url\":\"https:\\\/\\\/timan.dk\\\/wp-content\\\/uploads\\\/2023\\\/08\\\/logo-timan-cut.png\",\"contentUrl\":\"https:\\\/\\\/timan.dk\\\/wp-content\\\/uploads\\\/2023\\\/08\\\/logo-timan-cut.png\",\"width\":2048,\"height\":599,\"caption\":\"Timan A\\\/S\"},\"image\":{\"@id\":\"https:\\\/\\\/timan.dk\\\/#\\\/schema\\\/logo\\\/image\\\/\"}}]}<\/script>\n<!-- \/ Yoast SEO plugin. -->","yoast_head_json":{"title":"Paletov\u00e9 vidle | Timan A\/S","robots":{"index":"index","follow":"follow","max-snippet":"max-snippet:-1","max-image-preview":"max-image-preview:large","max-video-preview":"max-video-preview:-1"},"canonical":"https:\/\/timan.dk\/redskaber\/redskaber-til-tool-trac\/pallegafler\/","og_locale":"cs_CZ","og_type":"article","og_title":"Paletov\u00e9 vidle | Timan A\/S","og_description":"[vc_row full_width=&#8220;stretch_row&#8220;][vc_column][vc_column_text] Paletov\u00e9 vidle &#8211; Timan Tool-Trac 5740 [\/vc_column_text][vc_empty_space height=&#8220;30px&#8220;][vc_separator color=&#8220;custom&#8220; border_width=&#8220;2&#8243; accent_color=&#8220;#f7f7f7&#8243;][vc_empty_space height=&#8220;30px&#8220;][vc_row_inner][vc_column_inner offset=&#8220;vc_col-lg-8 vc_col-md-8 vc_col-xs-12&#8243;][vc_column_text] S paletov\u00fdmi vidlemi lze snadno manipulovat s r\u016fzn\u00fdmi obt\u00ed\u017en\u00fdmi materi\u00e1ly. Paletov\u00e9 vidle jsou k dispozici ve 2 r\u016fzn\u00fdch d\u00e9lk\u00e1ch.[\/vc_column_text][vc_empty_space height=&#8220;30px&#8220;][vc_column_text css=&#8220;.vc_custom_1708680341833{background-color: #f7f7f7 !important;}&#8220;] &#8222;Od roku 2004 navrhujeme a vyv\u00edj\u00edme stroje s porozum\u011bn\u00edm pro spokojenost obsluhy a jej\u00ed \u00fakoly&#8220; ... Read more","og_url":"https:\/\/timan.dk\/redskaber\/redskaber-til-tool-trac\/pallegafler\/","og_site_name":"Timan A\/S","article_modified_time":"2025-09-04T17:22:47+00:00","og_image":[{"width":1500,"height":844,"url":"https:\/\/timan.dk\/wp-content\/uploads\/2023\/08\/masser-af-styrke-red.jpg","type":"image\/jpeg"}],"twitter_card":"summary_large_image","twitter_misc":{"Odhadovan\u00e1 doba \u010dten\u00ed":"7 minut"},"schema":{"@context":"https:\/\/schema.org","@graph":[{"@type":"WebPage","@id":"https:\/\/timan.dk\/redskaber\/redskaber-til-tool-trac\/pallegafler\/","url":"https:\/\/timan.dk\/redskaber\/redskaber-til-tool-trac\/pallegafler\/","name":"Paletov\u00e9 vidle | Timan A\/S","isPartOf":{"@id":"https:\/\/timan.dk\/#website"},"primaryImageOfPage":{"@id":"https:\/\/timan.dk\/redskaber\/redskaber-til-tool-trac\/pallegafler\/#primaryimage"},"image":{"@id":"https:\/\/timan.dk\/redskaber\/redskaber-til-tool-trac\/pallegafler\/#primaryimage"},"thumbnailUrl":"https:\/\/timan.dk\/wp-content\/uploads\/2023\/08\/masser-af-styrke-red.jpg","datePublished":"2023-08-03T10:39:05+00:00","dateModified":"2025-09-04T17:22:47+00:00","breadcrumb":{"@id":"https:\/\/timan.dk\/redskaber\/redskaber-til-tool-trac\/pallegafler\/#breadcrumb"},"inLanguage":"cs","potentialAction":[{"@type":"ReadAction","target":["https:\/\/timan.dk\/redskaber\/redskaber-til-tool-trac\/pallegafler\/"]}]},{"@type":"ImageObject","inLanguage":"cs","@id":"https:\/\/timan.dk\/redskaber\/redskaber-til-tool-trac\/pallegafler\/#primaryimage","url":"https:\/\/timan.dk\/wp-content\/uploads\/2023\/08\/masser-af-styrke-red.jpg","contentUrl":"https:\/\/timan.dk\/wp-content\/uploads\/2023\/08\/masser-af-styrke-red.jpg","width":1500,"height":844},{"@type":"BreadcrumbList","@id":"https:\/\/timan.dk\/redskaber\/redskaber-til-tool-trac\/pallegafler\/#breadcrumb","itemListElement":[{"@type":"ListItem","position":1,"name":"Hjem","item":"https:\/\/timan.dk\/cs\/"},{"@type":"ListItem","position":2,"name":"Paletov\u00e9 vidle"}]},{"@type":"WebSite","@id":"https:\/\/timan.dk\/#website","url":"https:\/\/timan.dk\/","name":"Timan A\/S","description":"Sweepers with collectors, slope mowers, remote-controlled flail mowers in Denmark","publisher":{"@id":"https:\/\/timan.dk\/#organization"},"potentialAction":[{"@type":"SearchAction","target":{"@type":"EntryPoint","urlTemplate":"https:\/\/timan.dk\/?s={search_term_string}"},"query-input":{"@type":"PropertyValueSpecification","valueRequired":true,"valueName":"search_term_string"}}],"inLanguage":"cs"},{"@type":"Organization","@id":"https:\/\/timan.dk\/#organization","name":"Timan A\/S","url":"https:\/\/timan.dk\/","logo":{"@type":"ImageObject","inLanguage":"cs","@id":"https:\/\/timan.dk\/#\/schema\/logo\/image\/","url":"https:\/\/timan.dk\/wp-content\/uploads\/2023\/08\/logo-timan-cut.png","contentUrl":"https:\/\/timan.dk\/wp-content\/uploads\/2023\/08\/logo-timan-cut.png","width":2048,"height":599,"caption":"Timan A\/S"},"image":{"@id":"https:\/\/timan.dk\/#\/schema\/logo\/image\/"}}]}},"_links":{"self":[{"href":"https:\/\/timan.dk\/cs\/wp-json\/wp\/v2\/pages\/10087","targetHints":{"allow":["GET"]}}],"collection":[{"href":"https:\/\/timan.dk\/cs\/wp-json\/wp\/v2\/pages"}],"about":[{"href":"https:\/\/timan.dk\/cs\/wp-json\/wp\/v2\/types\/page"}],"author":[{"embeddable":true,"href":"https:\/\/timan.dk\/cs\/wp-json\/wp\/v2\/users\/1"}],"replies":[{"embeddable":true,"href":"https:\/\/timan.dk\/cs\/wp-json\/wp\/v2\/comments?post=10087"}],"version-history":[{"count":6,"href":"https:\/\/timan.dk\/cs\/wp-json\/wp\/v2\/pages\/10087\/revisions"}],"predecessor-version":[{"id":14156,"href":"https:\/\/timan.dk\/cs\/wp-json\/wp\/v2\/pages\/10087\/revisions\/14156"}],"wp:featuredmedia":[{"embeddable":true,"href":"https:\/\/timan.dk\/cs\/wp-json\/wp\/v2\/media\/10088"}],"wp:attachment":[{"href":"https:\/\/timan.dk\/cs\/wp-json\/wp\/v2\/media?parent=10087"}],"wp:term":[{"taxonomy":"category","embeddable":true,"href":"https:\/\/timan.dk\/cs\/wp-json\/wp\/v2\/categories?post=10087"}],"curies":[{"name":"wp","href":"https:\/\/api.w.org\/{rel}","templated":true}]}}