{"id":10101,"date":"2023-08-03T12:39:06","date_gmt":"2023-08-03T10:39:06","guid":{"rendered":"https:\/\/timan.dk\/nastroje\/nastroje-pro-tool-trac\/hydraulicky-pridrzovac\/"},"modified":"2025-09-04T19:25:41","modified_gmt":"2025-09-04T17:25:41","slug":"hydraulicky-pridrzovac","status":"publish","type":"page","link":"https:\/\/timan.dk\/cs\/hydraulicky-pridrzovac\/","title":{"rendered":"Hydraulick\u00fd p\u0159idr\u017eova\u010d se l\u017e\u00edc\u00ed"},"content":{"rendered":"<div class=\"wpb-content-wrapper\"><p>[vc_row full_width=&#8220;stretch_row&#8220;][vc_column]<div class=\"ult-spacer spacer-69e73108eb924\" data-id=\"69e73108eb924\" data-height=\"90\" data-height-mobile=\"60\" data-height-tab=\"90\" data-height-tab-portrait=\"60\" data-height-mobile-landscape=\"60\" style=\"clear:both;display:block;\"><\/div>[vc_column_text]<\/p>\n<h2>N\u00e1stavec na l\u017e\u00edci pro Tool-Trac<\/h2>\n<p>[\/vc_column_text][vc_empty_space height=&#8220;30px&#8220;][vc_separator color=&#8220;custom&#8220; border_width=&#8220;2&#8243; accent_color=&#8220;#f7f7f7&#8243;][vc_empty_space height=&#8220;30px&#8220;][vc_row_inner][vc_column_inner offset=&#8220;vc_col-lg-8 vc_col-md-8 vc_col-xs-12&#8243;][vc_column_text]<\/p>\n<h3>V\u0161estrann\u00e9 n\u00e1\u0159ad\u00ed<\/h3>\n<p>P\u0159id\u00e1n\u00edm p\u0159idr\u017eova\u010de ke l\u017e\u00edci z\u00edsk\u00e1te v\u0161estrann\u00e9 n\u00e1\u0159ad\u00ed, kter\u00e9 je obzvl\u00e1\u0161t\u011b vhodn\u00e9 pro obt\u00ed\u017en\u00e9 \u00fachopov\u00e9 pr\u00e1ce.[\/vc_column_text][vc_empty_space height=&#8220;30px&#8220;][vc_column_text css=&#8220;.vc_custom_1691136099807{background-color: #f7f7f7 !important;}&#8220;]<br \/>\n<\/p>\n<blockquote><p>&#8222;Ji\u017e v\u00edce ne\u017e 15 let navrhujeme a vyv\u00edj\u00edme stroje s porozum\u011bn\u00edm pro spokojenost obsluhy a jej\u00ed \u00fakoly&#8220;<\/p><\/blockquote>\n<p>[\/vc_column_text][vc_empty_space height=&#8220;30px&#8220;][vc_single_image image=&#8220;7079&#8243; img_size=&#8220;full&#8220;][vc_empty_space height=&#8220;15px&#8220;][vc_media_grid style=&#8220;pagination&#8220; items_per_page=&#8220;3&#8243; arrows_design=&#8220;vc_arrow-icon-arrow_01_left&#8220; arrows_position=&#8220;outside&#8220; arrows_color=&#8220;black&#8220; paging_design=&#8220;none&#8220; loop=&#8220;yes&#8220; autoplay=&#8220;6&#8243; grid_id=&#8220;vc_gid:1752561049919-1cee7ad9-cc19-5&#8243; include=&#8220;7091,7088,10102,7082,7079&#8243;]<div class=\"ult-spacer spacer-69e73108eb96c\" data-id=\"69e73108eb96c\" data-height=\"0\" data-height-mobile=\"30\" data-height-tab=\"0\" data-height-tab-portrait=\"30\" data-height-mobile-landscape=\"30\" style=\"clear:both;display:block;\"><\/div>[\/vc_column_inner][vc_column_inner offset=&#8220;vc_col-lg-4 vc_col-md-4 vc_col-xs-12&#8243;][vc_column_text el_class=&#8220;custom-sidebar-boks&#8220;]<\/p>\n<h4>Co z\u00edsk\u00e1te:<\/h4>\n<p><\/p>\n<ul>\n<li>\u0158e\u0161\u00ed obt\u00ed\u017en\u00e9 uchopovac\u00ed \u00fakoly<br \/>\nEfektivn\u00ed manipulaci s v\u011btvemi, palivov\u00fdm d\u0159evem, kompostem atd.<\/li>\n<li>V\u00edceos\u00e9 rameno bez n\u00e1mahy zved\u00e1 odpad do kontejneru<\/li>\n<\/ul>\n<p>[\/vc_column_text][vc_empty_space height=&#8220;30px&#8220;][vc_btn title=&#8220;St\u00e1hnout katalog&#8220; style=&#8220;custom&#8220; custom_background=&#8220;#fc5623&#8243; custom_text=&#8220;#ffffff&#8220; shape=&#8220;square&#8220; align=&#8220;left&#8220; css=&#8220;&#8220; button_block=&#8220;true&#8220; link=&#8220;url:https%3A%2F%2Ftiman.dk%2Fwp-content%2Fuploads%2F2025%2F07%2Ftool-trac-5740-dk-lang-mail-lav-1.pdf|title:St%C3%A1hnout%20katalog|target:_blank|&#8220; el_class=&#8220;custom-farve-btn&#8220;][vc_empty_space height=&#8220;5px&#8220;][vc_btn title=&#8220;Prohl\u00e9dn\u011bte si technick\u00e9 \u00fadaje&#8220; style=&#8220;custom&#8220; custom_background=&#8220;#fc5623&#8243; custom_text=&#8220;#ffffff&#8220; shape=&#8220;square&#8220; align=&#8220;left&#8220; css=&#8220;&#8220; button_block=&#8220;true&#8220; link=&#8220;url:http%3A%2F%2F2194_dk-teknisk-data-overfald-skovl-timan-tool-trac.pdf|title:Prohl%C3%A9dn%C4%9Bte%20si%20technick%C3%A9%20%C3%BAdaje|target:_blank|&#8220; el_class=&#8220;custom-farve-btn&#8220;][vc_empty_space height=&#8220;5px&#8220;][vc_btn title=&#8220;Prohl\u00e9dn\u011bte si n\u00e1stroje Tool-Trac&#8220; style=&#8220;custom&#8220; custom_background=&#8220;#fc5623&#8243; custom_text=&#8220;#ffffff&#8220; shape=&#8220;square&#8220; align=&#8220;left&#8220; css=&#8220;&#8220; button_block=&#8220;true&#8220; link=&#8220;url:https%3A%2F%2Ftiman.dk%2Fredskaber%2Fredskaber-til-tool-trac%2F|title:N%C3%A1stroje%20pro%20Tool-Trac|&#8220;][vc_empty_space height=&#8220;30px&#8220;][vc_widget_sidebar sidebar_id=&#8220;sidebar-1&#8243; el_class=&#8220;contact-sidebar&#8220;][\/vc_column_inner][\/vc_row_inner]<div class=\"ult-spacer spacer-69e73108eb992\" data-id=\"69e73108eb992\" data-height=\"90\" data-height-mobile=\"60\" data-height-tab=\"90\" data-height-tab-portrait=\"60\" data-height-mobile-landscape=\"60\" style=\"clear:both;display:block;\"><\/div>[\/vc_column][\/vc_row][vc_row full_width=&#8220;stretch_row&#8220; bg_type=&#8220;bg_color&#8220; seperator_enable=&#8220;seperator_enable_value&#8220; seperator_type=&#8220;xlarge_triangle_left_seperator&#8220; seperator_svg_height=&#8220;60&#8243; seperator_shape_background=&#8220;#ffffff&#8220; height=&#8220;90&#8243; height_on_tabs=&#8220;90&#8243; height_on_tabs_portrait=&#8220;60&#8243; height_on_mob_landscape=&#8220;60&#8243; height_on_mob=&#8220;60&#8243; bg_color_value=&#8220;#ece8e1&#8243;][vc_column]<div class=\"ult-spacer spacer-69e73108eb9b4\" data-id=\"69e73108eb9b4\" data-height=\"90\" data-height-mobile=\"60\" data-height-tab=\"90\" data-height-tab-portrait=\"60\" data-height-mobile-landscape=\"60\" style=\"clear:both;display:block;\"><\/div>[\/vc_column][\/vc_row][vc_row full_width=&#8220;stretch_row&#8220; bg_type=&#8220;bg_color&#8220; bg_color_value=&#8220;#ece8e1&#8243;][vc_column css_animation=&#8220;fadeInUp&#8220;]<div class=\"ult-spacer spacer-69e73108eb9d2\" data-id=\"69e73108eb9d2\" data-height=\"90\" data-height-mobile=\"60\" data-height-tab=\"90\" data-height-tab-portrait=\"60\" data-height-mobile-landscape=\"60\" style=\"clear:both;display:block;\"><\/div>[vc_row_inner][vc_column_inner][vc_video link=&#8220;https:\/\/www.youtube.com\/watch?v=KTcmmf7Kmrk&#8220;][\/vc_column_inner][\/vc_row_inner]<div class=\"ult-spacer spacer-69e73108eb9ef\" data-id=\"69e73108eb9ef\" data-height=\"90\" data-height-mobile=\"60\" data-height-tab=\"90\" data-height-tab-portrait=\"60\" data-height-mobile-landscape=\"60\" style=\"clear:both;display:block;\"><\/div>[\/vc_column][\/vc_row][vc_row full_width=&#8220;stretch_row&#8220; bg_type=&#8220;bg_color&#8220; seperator_enable=&#8220;seperator_enable_value&#8220; seperator_type=&#8220;xlarge_triangle_right_seperator&#8220; seperator_position=&#8220;bottom_seperator&#8220; seperator_svg_height=&#8220;60&#8243; seperator_shape_background=&#8220;#ffffff&#8220; height=&#8220;90&#8243; height_on_tabs=&#8220;90&#8243; height_on_tabs_portrait=&#8220;60&#8243; height_on_mob_landscape=&#8220;60&#8243; height_on_mob=&#8220;60&#8243; bg_color_value=&#8220;#ece8e1&#8243;][vc_column]<div class=\"ult-spacer spacer-69e73108eba0c\" data-id=\"69e73108eba0c\" data-height=\"90\" data-height-mobile=\"60\" data-height-tab=\"90\" data-height-tab-portrait=\"60\" data-height-mobile-landscape=\"60\" style=\"clear:both;display:block;\"><\/div>[\/vc_column][\/vc_row][vc_row full_width=&#8220;stretch_row&#8220;][vc_column css_animation=&#8220;fadeIn&#8220; css=&#8220;.vc_custom_1691106517578{padding-top: 0px !important;}&#8220;]<div class=\"ult-spacer spacer-69e73108eba28\" data-id=\"69e73108eba28\" data-height=\"90\" data-height-mobile=\"60\" data-height-tab=\"90\" data-height-tab-portrait=\"60\" data-height-mobile-landscape=\"60\" style=\"clear:both;display:block;\"><\/div>[vc_row_inner equal_height=&#8220;yes&#8220;][vc_column_inner offset=&#8220;vc_col-lg-6 vc_col-md-6 vc_col-xs-12&#8243;][vc_column_text]<\/p>\n<h3>Efektivn\u00ed manipulace<\/h3>\n<p>[\/vc_column_text][vc_empty_space height=&#8220;30px&#8220;][vc_separator color=&#8220;custom&#8220; border_width=&#8220;2&#8243; accent_color=&#8220;#f7f7f7&#8243;][vc_empty_space height=&#8220;30px&#8220;][vc_column_text]Speci\u00e1ln\u00ed tvar materi\u00e1l nejprve vtla\u010d\u00ed do l\u017e\u00edce a pot\u00e9 jej zadr\u017e\u00ed, co\u017e usnad\u0148uje p\u0159epravu velk\u00fdch a objemn\u00fdch materi\u00e1l\u016f.<\/p>\n<p>Z\u00edsk\u00e1te tak efektivn\u00ed manipulaci s v\u011btvemi, palivov\u00fdm d\u0159evem, kompostem a dal\u0161\u00edm t\u011b\u017eko manipulovateln\u00fdm materi\u00e1lem.<\/p>\n<p>D\u00edky v\u00edceos\u00e9mu rameni se k\u0159ov\u00ed, v\u011btve a dal\u0161\u00ed odpadky bez n\u00e1mahy zvedaj\u00ed do kontejneru k odvozu.<\/p>\n<ul>\n<li>Materi\u00e1l je p\u0159i p\u0159eprav\u011b zachov\u00e1n<\/li>\n<li>Velk\u00e9 objemy se zpracov\u00e1vaj\u00ed v jedn\u00e9 operaci<\/li>\n<\/ul>\n<p>[\/vc_column_text]<div class=\"ult-spacer spacer-69e73108eba44\" data-id=\"69e73108eba44\" data-height=\"0\" data-height-mobile=\"30\" data-height-tab=\"0\" data-height-tab-portrait=\"0\" data-height-mobile-landscape=\"30\" style=\"clear:both;display:block;\"><\/div>[\/vc_column_inner][vc_column_inner css=&#8220;.vc_custom_1692946538921{margin-right: 30px !important;margin-left: 30px !important;background-image: url(https:\/\/timan.dk\/wp-content\/uploads\/2023\/08\/overfald-skovl-minilaesser-redskabsbaerer-timan-16898.jpg?id=7082) !important;background-position: center !important;background-repeat: no-repeat !important;background-size: cover !important;}&#8220; offset=&#8220;vc_col-lg-6 vc_col-md-6 vc_col-xs-12&#8243;]<div class=\"ult-spacer spacer-69e73108eba60\" data-id=\"69e73108eba60\" data-height=\"0\" data-height-mobile=\"300\" data-height-tab=\"0\" data-height-tab-portrait=\"300\" data-height-mobile-landscape=\"300\" style=\"clear:both;display:block;\"><\/div>[\/vc_column_inner][\/vc_row_inner]<div class=\"ult-spacer spacer-69e73108eba7b\" data-id=\"69e73108eba7b\" data-height=\"90\" data-height-mobile=\"60\" data-height-tab=\"90\" data-height-tab-portrait=\"60\" data-height-mobile-landscape=\"60\" style=\"clear:both;display:block;\"><\/div>[\/vc_column][\/vc_row][vc_row full_width=&#8220;stretch_row&#8220; bg_type=&#8220;bg_color&#8220; seperator_enable=&#8220;seperator_enable_value&#8220; seperator_type=&#8220;xlarge_triangle_left_seperator&#8220; seperator_svg_height=&#8220;60&#8243; seperator_shape_background=&#8220;#ffffff&#8220; height=&#8220;90&#8243; height_on_tabs=&#8220;90&#8243; height_on_tabs_portrait=&#8220;60&#8243; height_on_mob_landscape=&#8220;60&#8243; height_on_mob=&#8220;60&#8243; bg_color_value=&#8220;#ece8e1&#8243;][vc_column]<div class=\"ult-spacer spacer-69e73108eba96\" data-id=\"69e73108eba96\" data-height=\"90\" data-height-mobile=\"60\" data-height-tab=\"90\" data-height-tab-portrait=\"60\" data-height-mobile-landscape=\"60\" style=\"clear:both;display:block;\"><\/div>[\/vc_column][\/vc_row]<\/p>\n<p>[vc_row full_width=&#8220;stretch_row&#8220; el_class=&#8220;overlay parallax overflow-row&#8220; css=&#8220;.vc_custom_1691104819308{background-image: url(https:\/\/timan.dk\/wp-content\/uploads\/2023\/08\/16966-116.jpg?id=5540) !important;background-position: center !important;background-repeat: no-repeat !important;background-size: cover !important;}&#8220;][vc_column css_animation=&#8220;fadeIn&#8220;]<div class=\"ult-spacer spacer-69e73108ebab0\" data-id=\"69e73108ebab0\" data-height=\"120\" data-height-mobile=\"60\" data-height-tab=\"90\" data-height-tab-portrait=\"60\" data-height-mobile-landscape=\"60\" style=\"clear:both;display:block;\"><\/div>[vc_row_inner css=&#8220;.vc_custom_1682518429141{margin-right: 0px !important;margin-left: 0px !important;}&#8220;][vc_column_inner el_class=&#8220;overflow-box-footer&#8220;][vc_empty_space height=&#8220;60px&#8220;][vc_column_text]<\/p>\n<p><b>Kontaktujte Timan A\/S<\/b><br \/>M\u00e1te ot\u00e1zky? Ozv\u011bte se n\u00e1m a r\u00e1di s v\u00e1mi nez\u00e1vazn\u011b promluv\u00edme.<\/p>\n<p>Jsme p\u0159ipraveni odpov\u011bd\u011bt na jak\u00fdkoli dotaz, na kter\u00fd jste na na\u0161em webu nena\u0161li odpov\u011b\u010f. Nev\u00e1hejte n\u00e1m zavolat nebo napsat \u2013 s radost\u00ed si s v\u00e1mi nez\u00e1vazn\u011b popov\u00edd\u00e1me o va\u0161ich pl\u00e1nech.<\/p>\n<p>[\/vc_column_text][vc_empty_space height=&#8220;15px&#8220;][vc_btn title=&#8220;Kontaktujte n\u00e1s zde&#8220; style=&#8220;custom&#8220; custom_background=&#8220;#fc5623&#8243; custom_text=&#8220;#ffffff&#8220; shape=&#8220;square&#8220; link=&#8220;url:https%3A%2F%2Ftiman.dk%2Fcs%2Fkontakt%2F|title:Kontakt|&#8220;][vc_btn title=&#8220;N\u00e1hradn\u00ed d\u00edly&#8220; style=&#8220;outline-custom&#8220; outline_custom_color=&#8220;#666666&#8243; outline_custom_hover_background=&#8220;#666666&#8243; outline_custom_hover_text=&#8220;#ffffff&#8220; shape=&#8220;square&#8220; link=&#8220;url:https%3A%2F%2Ftiman.dk%2Fcs%2Fnavody%2F|title:N%C3%A1hradn%C3%AD%20d%C3%ADly|&#8220;][vc_empty_space height=&#8220;30&#8243;][vc_column_text]<\/p>\n<p>+420 778 881 904<\/p>\n<p>[\/vc_column_text][vc_empty_space height=&#8220;60px&#8220;][\/vc_column_inner][\/vc_row_inner]<div class=\"ult-spacer spacer-69e73108ebac9\" data-id=\"69e73108ebac9\" data-height=\"120\" data-height-mobile=\"60\" data-height-tab=\"90\" data-height-tab-portrait=\"60\" data-height-mobile-landscape=\"60\" style=\"clear:both;display:block;\"><\/div>[\/vc_column][\/vc_row]<\/p>\n<\/div>","protected":false},"excerpt":{"rendered":"<p>[vc_row full_width=&#8220;stretch_row&#8220;][vc_column][vc_column_text] N\u00e1stavec na l\u017e\u00edci pro Tool-Trac [\/vc_column_text][vc_empty_space height=&#8220;30px&#8220;][vc_separator color=&#8220;custom&#8220; border_width=&#8220;2&#8243; accent_color=&#8220;#f7f7f7&#8243;][vc_empty_space height=&#8220;30px&#8220;][vc_row_inner][vc_column_inner offset=&#8220;vc_col-lg-8 vc_col-md-8 vc_col-xs-12&#8243;][vc_column_text] V\u0161estrann\u00e9 n\u00e1\u0159ad\u00ed P\u0159id\u00e1n\u00edm p\u0159idr\u017eova\u010de ke l\u017e\u00edci z\u00edsk\u00e1te v\u0161estrann\u00e9 n\u00e1\u0159ad\u00ed, kter\u00e9 je obzvl\u00e1\u0161t\u011b vhodn\u00e9 pro obt\u00ed\u017en\u00e9 \u00fachopov\u00e9 pr\u00e1ce.[\/vc_column_text][vc_empty_space height=&#8220;30px&#8220;][vc_column_text css=&#8220;.vc_custom_1691136099807{background-color: #f7f7f7 !important;}&#8220;] &#8222;Ji\u017e v\u00edce ne\u017e 15 let navrhujeme a vyv\u00edj\u00edme stroje s porozum\u011bn\u00edm pro spokojenost obsluhy a jej\u00ed \u00fakoly&#8220; [\/vc_column_text][vc_empty_space &#8230; <a title=\"Hydraulick\u00fd p\u0159idr\u017eova\u010d se l\u017e\u00edc\u00ed\" class=\"read-more\" href=\"https:\/\/timan.dk\/cs\/hydraulicky-pridrzovac\/\" aria-label=\"\u010c\u00edst v\u00edce o Hydraulick\u00fd p\u0159idr\u017eova\u010d se l\u017e\u00edc\u00ed\">Read more<\/a><\/p>\n","protected":false},"author":1,"featured_media":10102,"parent":0,"menu_order":21,"comment_status":"closed","ping_status":"closed","template":"","meta":{"_acf_changed":false,"footnotes":""},"categories":[114,110],"class_list":{"0":"post-10101","1":"page","2":"type-page","3":"status-publish","4":"has-post-thumbnail","6":"category-kopani-zvedani","7":"category-nastroje-tool-trac"},"acf":[],"yoast_head":"<!-- This site is optimized with the Yoast SEO plugin v27.4 - https:\/\/yoast.com\/product\/yoast-seo-wordpress\/ -->\n<title>Hydraulick\u00fd p\u0159idr\u017eova\u010d se l\u017e\u00edc\u00ed | Timan A\/S<\/title>\n<meta name=\"robots\" content=\"index, follow, max-snippet:-1, max-image-preview:large, max-video-preview:-1\" \/>\n<link rel=\"canonical\" href=\"https:\/\/timan.dk\/redskaber\/redskaber-til-tool-trac\/overfald-til-skovl\/\" \/>\n<meta property=\"og:locale\" content=\"cs_CZ\" \/>\n<meta property=\"og:type\" content=\"article\" \/>\n<meta property=\"og:title\" content=\"Hydraulick\u00fd p\u0159idr\u017eova\u010d se l\u017e\u00edc\u00ed | Timan A\/S\" \/>\n<meta property=\"og:description\" content=\"[vc_row full_width=&#8220;stretch_row&#8220;][vc_column][vc_column_text] N\u00e1stavec na l\u017e\u00edci pro Tool-Trac [\/vc_column_text][vc_empty_space height=&#8220;30px&#8220;][vc_separator color=&#8220;custom&#8220; border_width=&#8220;2&#8243; accent_color=&#8220;#f7f7f7&#8243;][vc_empty_space height=&#8220;30px&#8220;][vc_row_inner][vc_column_inner offset=&#8220;vc_col-lg-8 vc_col-md-8 vc_col-xs-12&#8243;][vc_column_text] V\u0161estrann\u00e9 n\u00e1\u0159ad\u00ed P\u0159id\u00e1n\u00edm p\u0159idr\u017eova\u010de ke l\u017e\u00edci z\u00edsk\u00e1te v\u0161estrann\u00e9 n\u00e1\u0159ad\u00ed, kter\u00e9 je obzvl\u00e1\u0161t\u011b vhodn\u00e9 pro obt\u00ed\u017en\u00e9 \u00fachopov\u00e9 pr\u00e1ce.[\/vc_column_text][vc_empty_space height=&#8220;30px&#8220;][vc_column_text css=&#8220;.vc_custom_1691136099807{background-color: #f7f7f7 !important;}&#8220;] &#8222;Ji\u017e v\u00edce ne\u017e 15 let navrhujeme a vyv\u00edj\u00edme stroje s porozum\u011bn\u00edm pro spokojenost obsluhy a jej\u00ed \u00fakoly&#8220; [\/vc_column_text][vc_empty_space ... Read more\" \/>\n<meta property=\"og:url\" content=\"https:\/\/timan.dk\/redskaber\/redskaber-til-tool-trac\/overfald-til-skovl\/\" \/>\n<meta property=\"og:site_name\" content=\"Timan A\/S\" \/>\n<meta property=\"article:modified_time\" content=\"2025-09-04T17:25:41+00:00\" \/>\n<meta property=\"og:image\" content=\"https:\/\/timan.dk\/wp-content\/uploads\/2023\/08\/overfald-til-skovl-redskabsbaerer-minilaesser-timan-16904.jpg\" \/>\n\t<meta property=\"og:image:width\" content=\"1250\" \/>\n\t<meta property=\"og:image:height\" content=\"938\" \/>\n\t<meta property=\"og:image:type\" content=\"image\/jpeg\" \/>\n<meta name=\"twitter:card\" content=\"summary_large_image\" \/>\n<meta name=\"twitter:label1\" content=\"Odhadovan\u00e1 doba \u010dten\u00ed\" \/>\n\t<meta name=\"twitter:data1\" content=\"7 minut\" \/>\n<script type=\"application\/ld+json\" class=\"yoast-schema-graph\">{\"@context\":\"https:\\\/\\\/schema.org\",\"@graph\":[{\"@type\":\"WebPage\",\"@id\":\"https:\\\/\\\/timan.dk\\\/redskaber\\\/redskaber-til-tool-trac\\\/overfald-til-skovl\\\/\",\"url\":\"https:\\\/\\\/timan.dk\\\/redskaber\\\/redskaber-til-tool-trac\\\/overfald-til-skovl\\\/\",\"name\":\"Hydraulick\u00fd p\u0159idr\u017eova\u010d se l\u017e\u00edc\u00ed | Timan A\\\/S\",\"isPartOf\":{\"@id\":\"https:\\\/\\\/timan.dk\\\/#website\"},\"primaryImageOfPage\":{\"@id\":\"https:\\\/\\\/timan.dk\\\/redskaber\\\/redskaber-til-tool-trac\\\/overfald-til-skovl\\\/#primaryimage\"},\"image\":{\"@id\":\"https:\\\/\\\/timan.dk\\\/redskaber\\\/redskaber-til-tool-trac\\\/overfald-til-skovl\\\/#primaryimage\"},\"thumbnailUrl\":\"https:\\\/\\\/timan.dk\\\/wp-content\\\/uploads\\\/2023\\\/08\\\/overfald-til-skovl-redskabsbaerer-minilaesser-timan-16904.jpg\",\"datePublished\":\"2023-08-03T10:39:06+00:00\",\"dateModified\":\"2025-09-04T17:25:41+00:00\",\"breadcrumb\":{\"@id\":\"https:\\\/\\\/timan.dk\\\/redskaber\\\/redskaber-til-tool-trac\\\/overfald-til-skovl\\\/#breadcrumb\"},\"inLanguage\":\"cs\",\"potentialAction\":[{\"@type\":\"ReadAction\",\"target\":[\"https:\\\/\\\/timan.dk\\\/redskaber\\\/redskaber-til-tool-trac\\\/overfald-til-skovl\\\/\"]}]},{\"@type\":\"ImageObject\",\"inLanguage\":\"cs\",\"@id\":\"https:\\\/\\\/timan.dk\\\/redskaber\\\/redskaber-til-tool-trac\\\/overfald-til-skovl\\\/#primaryimage\",\"url\":\"https:\\\/\\\/timan.dk\\\/wp-content\\\/uploads\\\/2023\\\/08\\\/overfald-til-skovl-redskabsbaerer-minilaesser-timan-16904.jpg\",\"contentUrl\":\"https:\\\/\\\/timan.dk\\\/wp-content\\\/uploads\\\/2023\\\/08\\\/overfald-til-skovl-redskabsbaerer-minilaesser-timan-16904.jpg\",\"width\":1250,\"height\":938},{\"@type\":\"BreadcrumbList\",\"@id\":\"https:\\\/\\\/timan.dk\\\/redskaber\\\/redskaber-til-tool-trac\\\/overfald-til-skovl\\\/#breadcrumb\",\"itemListElement\":[{\"@type\":\"ListItem\",\"position\":1,\"name\":\"Hjem\",\"item\":\"https:\\\/\\\/timan.dk\\\/cs\\\/\"},{\"@type\":\"ListItem\",\"position\":2,\"name\":\"Hydraulick\u00fd p\u0159idr\u017eova\u010d se l\u017e\u00edc\u00ed\"}]},{\"@type\":\"WebSite\",\"@id\":\"https:\\\/\\\/timan.dk\\\/#website\",\"url\":\"https:\\\/\\\/timan.dk\\\/\",\"name\":\"Timan A\\\/S\",\"description\":\"Sweepers with collectors, slope mowers, remote-controlled flail mowers in Denmark\",\"publisher\":{\"@id\":\"https:\\\/\\\/timan.dk\\\/#organization\"},\"potentialAction\":[{\"@type\":\"SearchAction\",\"target\":{\"@type\":\"EntryPoint\",\"urlTemplate\":\"https:\\\/\\\/timan.dk\\\/?s={search_term_string}\"},\"query-input\":{\"@type\":\"PropertyValueSpecification\",\"valueRequired\":true,\"valueName\":\"search_term_string\"}}],\"inLanguage\":\"cs\"},{\"@type\":\"Organization\",\"@id\":\"https:\\\/\\\/timan.dk\\\/#organization\",\"name\":\"Timan A\\\/S\",\"url\":\"https:\\\/\\\/timan.dk\\\/\",\"logo\":{\"@type\":\"ImageObject\",\"inLanguage\":\"cs\",\"@id\":\"https:\\\/\\\/timan.dk\\\/#\\\/schema\\\/logo\\\/image\\\/\",\"url\":\"https:\\\/\\\/timan.dk\\\/wp-content\\\/uploads\\\/2023\\\/08\\\/logo-timan-cut.png\",\"contentUrl\":\"https:\\\/\\\/timan.dk\\\/wp-content\\\/uploads\\\/2023\\\/08\\\/logo-timan-cut.png\",\"width\":2048,\"height\":599,\"caption\":\"Timan A\\\/S\"},\"image\":{\"@id\":\"https:\\\/\\\/timan.dk\\\/#\\\/schema\\\/logo\\\/image\\\/\"}}]}<\/script>\n<!-- \/ Yoast SEO plugin. -->","yoast_head_json":{"title":"Hydraulick\u00fd p\u0159idr\u017eova\u010d se l\u017e\u00edc\u00ed | Timan A\/S","robots":{"index":"index","follow":"follow","max-snippet":"max-snippet:-1","max-image-preview":"max-image-preview:large","max-video-preview":"max-video-preview:-1"},"canonical":"https:\/\/timan.dk\/redskaber\/redskaber-til-tool-trac\/overfald-til-skovl\/","og_locale":"cs_CZ","og_type":"article","og_title":"Hydraulick\u00fd p\u0159idr\u017eova\u010d se l\u017e\u00edc\u00ed | Timan A\/S","og_description":"[vc_row full_width=&#8220;stretch_row&#8220;][vc_column][vc_column_text] N\u00e1stavec na l\u017e\u00edci pro Tool-Trac [\/vc_column_text][vc_empty_space height=&#8220;30px&#8220;][vc_separator color=&#8220;custom&#8220; border_width=&#8220;2&#8243; accent_color=&#8220;#f7f7f7&#8243;][vc_empty_space height=&#8220;30px&#8220;][vc_row_inner][vc_column_inner offset=&#8220;vc_col-lg-8 vc_col-md-8 vc_col-xs-12&#8243;][vc_column_text] V\u0161estrann\u00e9 n\u00e1\u0159ad\u00ed P\u0159id\u00e1n\u00edm p\u0159idr\u017eova\u010de ke l\u017e\u00edci z\u00edsk\u00e1te v\u0161estrann\u00e9 n\u00e1\u0159ad\u00ed, kter\u00e9 je obzvl\u00e1\u0161t\u011b vhodn\u00e9 pro obt\u00ed\u017en\u00e9 \u00fachopov\u00e9 pr\u00e1ce.[\/vc_column_text][vc_empty_space height=&#8220;30px&#8220;][vc_column_text css=&#8220;.vc_custom_1691136099807{background-color: #f7f7f7 !important;}&#8220;] &#8222;Ji\u017e v\u00edce ne\u017e 15 let navrhujeme a vyv\u00edj\u00edme stroje s porozum\u011bn\u00edm pro spokojenost obsluhy a jej\u00ed \u00fakoly&#8220; [\/vc_column_text][vc_empty_space ... Read more","og_url":"https:\/\/timan.dk\/redskaber\/redskaber-til-tool-trac\/overfald-til-skovl\/","og_site_name":"Timan A\/S","article_modified_time":"2025-09-04T17:25:41+00:00","og_image":[{"width":1250,"height":938,"url":"https:\/\/timan.dk\/wp-content\/uploads\/2023\/08\/overfald-til-skovl-redskabsbaerer-minilaesser-timan-16904.jpg","type":"image\/jpeg"}],"twitter_card":"summary_large_image","twitter_misc":{"Odhadovan\u00e1 doba \u010dten\u00ed":"7 minut"},"schema":{"@context":"https:\/\/schema.org","@graph":[{"@type":"WebPage","@id":"https:\/\/timan.dk\/redskaber\/redskaber-til-tool-trac\/overfald-til-skovl\/","url":"https:\/\/timan.dk\/redskaber\/redskaber-til-tool-trac\/overfald-til-skovl\/","name":"Hydraulick\u00fd p\u0159idr\u017eova\u010d se l\u017e\u00edc\u00ed | Timan A\/S","isPartOf":{"@id":"https:\/\/timan.dk\/#website"},"primaryImageOfPage":{"@id":"https:\/\/timan.dk\/redskaber\/redskaber-til-tool-trac\/overfald-til-skovl\/#primaryimage"},"image":{"@id":"https:\/\/timan.dk\/redskaber\/redskaber-til-tool-trac\/overfald-til-skovl\/#primaryimage"},"thumbnailUrl":"https:\/\/timan.dk\/wp-content\/uploads\/2023\/08\/overfald-til-skovl-redskabsbaerer-minilaesser-timan-16904.jpg","datePublished":"2023-08-03T10:39:06+00:00","dateModified":"2025-09-04T17:25:41+00:00","breadcrumb":{"@id":"https:\/\/timan.dk\/redskaber\/redskaber-til-tool-trac\/overfald-til-skovl\/#breadcrumb"},"inLanguage":"cs","potentialAction":[{"@type":"ReadAction","target":["https:\/\/timan.dk\/redskaber\/redskaber-til-tool-trac\/overfald-til-skovl\/"]}]},{"@type":"ImageObject","inLanguage":"cs","@id":"https:\/\/timan.dk\/redskaber\/redskaber-til-tool-trac\/overfald-til-skovl\/#primaryimage","url":"https:\/\/timan.dk\/wp-content\/uploads\/2023\/08\/overfald-til-skovl-redskabsbaerer-minilaesser-timan-16904.jpg","contentUrl":"https:\/\/timan.dk\/wp-content\/uploads\/2023\/08\/overfald-til-skovl-redskabsbaerer-minilaesser-timan-16904.jpg","width":1250,"height":938},{"@type":"BreadcrumbList","@id":"https:\/\/timan.dk\/redskaber\/redskaber-til-tool-trac\/overfald-til-skovl\/#breadcrumb","itemListElement":[{"@type":"ListItem","position":1,"name":"Hjem","item":"https:\/\/timan.dk\/cs\/"},{"@type":"ListItem","position":2,"name":"Hydraulick\u00fd p\u0159idr\u017eova\u010d se l\u017e\u00edc\u00ed"}]},{"@type":"WebSite","@id":"https:\/\/timan.dk\/#website","url":"https:\/\/timan.dk\/","name":"Timan A\/S","description":"Sweepers with collectors, slope mowers, remote-controlled flail mowers in Denmark","publisher":{"@id":"https:\/\/timan.dk\/#organization"},"potentialAction":[{"@type":"SearchAction","target":{"@type":"EntryPoint","urlTemplate":"https:\/\/timan.dk\/?s={search_term_string}"},"query-input":{"@type":"PropertyValueSpecification","valueRequired":true,"valueName":"search_term_string"}}],"inLanguage":"cs"},{"@type":"Organization","@id":"https:\/\/timan.dk\/#organization","name":"Timan A\/S","url":"https:\/\/timan.dk\/","logo":{"@type":"ImageObject","inLanguage":"cs","@id":"https:\/\/timan.dk\/#\/schema\/logo\/image\/","url":"https:\/\/timan.dk\/wp-content\/uploads\/2023\/08\/logo-timan-cut.png","contentUrl":"https:\/\/timan.dk\/wp-content\/uploads\/2023\/08\/logo-timan-cut.png","width":2048,"height":599,"caption":"Timan A\/S"},"image":{"@id":"https:\/\/timan.dk\/#\/schema\/logo\/image\/"}}]}},"_links":{"self":[{"href":"https:\/\/timan.dk\/cs\/wp-json\/wp\/v2\/pages\/10101","targetHints":{"allow":["GET"]}}],"collection":[{"href":"https:\/\/timan.dk\/cs\/wp-json\/wp\/v2\/pages"}],"about":[{"href":"https:\/\/timan.dk\/cs\/wp-json\/wp\/v2\/types\/page"}],"author":[{"embeddable":true,"href":"https:\/\/timan.dk\/cs\/wp-json\/wp\/v2\/users\/1"}],"replies":[{"embeddable":true,"href":"https:\/\/timan.dk\/cs\/wp-json\/wp\/v2\/comments?post=10101"}],"version-history":[{"count":6,"href":"https:\/\/timan.dk\/cs\/wp-json\/wp\/v2\/pages\/10101\/revisions"}],"predecessor-version":[{"id":14162,"href":"https:\/\/timan.dk\/cs\/wp-json\/wp\/v2\/pages\/10101\/revisions\/14162"}],"wp:featuredmedia":[{"embeddable":true,"href":"https:\/\/timan.dk\/cs\/wp-json\/wp\/v2\/media\/10102"}],"wp:attachment":[{"href":"https:\/\/timan.dk\/cs\/wp-json\/wp\/v2\/media?parent=10101"}],"wp:term":[{"taxonomy":"category","embeddable":true,"href":"https:\/\/timan.dk\/cs\/wp-json\/wp\/v2\/categories?post=10101"}],"curies":[{"name":"wp","href":"https:\/\/api.w.org\/{rel}","templated":true}]}}