{"id":10106,"date":"2023-08-03T12:39:07","date_gmt":"2023-08-03T10:39:07","guid":{"rendered":"https:\/\/timan.dk\/nastroje\/nastroje-pro-tool-trac\/zametaci-stroj\/"},"modified":"2025-09-04T19:27:29","modified_gmt":"2025-09-04T17:27:29","slug":"zametaci-stroj","status":"publish","type":"page","link":"https:\/\/timan.dk\/cs\/zametaci-stroj\/","title":{"rendered":"Hydraulick\u00fd zametac\u00ed stroj"},"content":{"rendered":"<div class=\"wpb-content-wrapper\"><p>[vc_row full_width=&#8220;stretch_row&#8220;][vc_column]<div class=\"ult-spacer spacer-6a0965ec6c1bc\" data-id=\"6a0965ec6c1bc\" data-height=\"90\" data-height-mobile=\"60\" data-height-tab=\"90\" data-height-tab-portrait=\"60\" data-height-mobile-landscape=\"60\" style=\"clear:both;display:block;\"><\/div>[vc_column_text]<\/p>\n<h2>Hydraulick\u00fd zametac\u00ed stroj Tool-Trac 5740<\/h2>\n<p>[\/vc_column_text][vc_empty_space height=&#8220;30px&#8220;][vc_separator color=&#8220;custom&#8220; border_width=&#8220;2&#8243; accent_color=&#8220;#f7f7f7&#8243;][vc_empty_space height=&#8220;30px&#8220;][vc_row_inner][vc_column_inner offset=&#8220;vc_col-lg-8 vc_col-md-8 vc_col-xs-12&#8243;][vc_column_text]<\/p>\n<h3>V\u00fdkonn\u00fd a efektivn\u00ed zametac\u00ed stroj<\/h3>\n<p>Pokud pot\u0159ebujete udr\u017eovat chodn\u00edky, chodn\u00ed\u010dky a cesty \u010dist\u00e9 a zbaven\u00e9 sn\u011bhu, je tu pro v\u00e1s v\u00fdkonn\u00fd a efektivn\u00ed zametac\u00ed stroj, kter\u00fd je udr\u017e\u00ed \u010dist\u00e9 po cel\u00fd rok. K dispozici ve 2 r\u016fzn\u00fdch velikostech.[\/vc_column_text][vc_empty_space height=&#8220;30px&#8220;][vc_column_text css=&#8220;.vc_custom_1691136099807{background-color: #f7f7f7 !important;}&#8220;]<br \/>\n<\/p>\n<blockquote><p>&#8222;Ji\u017e v\u00edce ne\u017e 15 let navrhujeme a vyv\u00edj\u00edme stroje s porozum\u011bn\u00edm pro spokojenost obsluhy a jej\u00ed \u00fakoly&#8220;<\/p><\/blockquote>\n<p>[\/vc_column_text][vc_empty_space height=&#8220;30px&#8220;][vc_single_image image=&#8220;5622&#8243; img_size=&#8220;full&#8220;][vc_empty_space height=&#8220;15px&#8220;][vc_media_grid style=&#8220;pagination&#8220; items_per_page=&#8220;3&#8243; arrows_design=&#8220;vc_arrow-icon-arrow_01_left&#8220; arrows_position=&#8220;outside&#8220; arrows_color=&#8220;black&#8220; paging_design=&#8220;none&#8220; loop=&#8220;yes&#8220; autoplay=&#8220;6&#8243; grid_id=&#8220;vc_gid:1752561380770-1a30a1ed-9002-10&#8243; include=&#8220;5547,7099,7096,5622,5613,10107&#8243;]<div class=\"ult-spacer spacer-6a0965ec6c20d\" data-id=\"6a0965ec6c20d\" data-height=\"0\" data-height-mobile=\"30\" data-height-tab=\"0\" data-height-tab-portrait=\"30\" data-height-mobile-landscape=\"30\" style=\"clear:both;display:block;\"><\/div>[\/vc_column_inner][vc_column_inner offset=&#8220;vc_col-lg-4 vc_col-md-4 vc_col-xs-12&#8243;][vc_column_text el_class=&#8220;custom-sidebar-boks&#8220;]<\/p>\n<h4>Co z\u00edsk\u00e1te:<\/h4>\n<p><\/p>\n<ul>\n<li>V\u00fdkonn\u00fd zametac\u00ed stroj pro celoro\u010dn\u00ed provoz<\/li>\n<li>Dv\u011b r\u016fzn\u00e9 velikosti<\/li>\n<li>Hydraulick\u00fd v\u00fdkyv doprava a doleva<\/li>\n<li>Gumov\u00e1 roho\u017e chr\u00e1n\u00ed p\u0159ed rozst\u0159ikov\u00e1n\u00edm na \u010deln\u00ed sklo<\/li>\n<li>Zm\u011bna sm\u011bru zamet\u00e1n\u00ed z\u00a0kabiny<\/li>\n<\/ul>\n<p>[\/vc_column_text][vc_empty_space height=&#8220;30px&#8220;][vc_btn title=&#8220;St\u00e1hnout katalog&#8220; style=&#8220;custom&#8220; custom_background=&#8220;#fc5623&#8243; custom_text=&#8220;#ffffff&#8220; shape=&#8220;square&#8220; align=&#8220;left&#8220; css=&#8220;&#8220; button_block=&#8220;true&#8220; link=&#8220;url:https%3A%2F%2Ftiman.dk%2Fwp-content%2Fuploads%2F2025%2F07%2Ftool-trac-5740-dk-lang-mail-lav-1.pdf|title:St%C3%A1hnout%20katalog|target:_blank|&#8220; el_class=&#8220;custom-farve-btn&#8220;][vc_empty_space height=&#8220;5px&#8220;][vc_btn title=&#8220;Prohl\u00e9dn\u011bte si technick\u00e9 \u00fadaje&#8220; style=&#8220;custom&#8220; custom_background=&#8220;#fc5623&#8243; custom_text=&#8220;#ffffff&#8220; shape=&#8220;square&#8220; align=&#8220;left&#8220; css=&#8220;&#8220; button_block=&#8220;true&#8220; link=&#8220;url:%2Fwp-content%2Fuploads%2F2023%2F08%2F2896-data-fejemaskine-timan-5740-dk.pdf|title:Prohl%C3%A9dn%C4%9Bte%20si%20technick%C3%A9%20%C3%BAdaje|target:_blank|&#8220; el_class=&#8220;custom-farve-btn&#8220;][vc_empty_space height=&#8220;5px&#8220;][vc_btn title=&#8220;Prohl\u00e9dn\u011bte si n\u00e1stroje Tool-Trac&#8220; style=&#8220;custom&#8220; custom_background=&#8220;#fc5623&#8243; custom_text=&#8220;#ffffff&#8220; shape=&#8220;square&#8220; align=&#8220;left&#8220; css=&#8220;&#8220; button_block=&#8220;true&#8220; link=&#8220;url:https%3A%2F%2Ftiman.dk%2Fredskaber%2Fredskaber-til-tool-trac%2F|title:N%C3%A1stroje%20pro%20Tool-Trac|&#8220;][vc_empty_space height=&#8220;30px&#8220;][vc_widget_sidebar sidebar_id=&#8220;sidebar-1&#8243; el_class=&#8220;contact-sidebar&#8220;][\/vc_column_inner][\/vc_row_inner]<div class=\"ult-spacer spacer-6a0965ec6c235\" data-id=\"6a0965ec6c235\" data-height=\"90\" data-height-mobile=\"60\" data-height-tab=\"90\" data-height-tab-portrait=\"60\" data-height-mobile-landscape=\"60\" style=\"clear:both;display:block;\"><\/div>[\/vc_column][\/vc_row][vc_row full_width=&#8220;stretch_row&#8220; bg_type=&#8220;bg_color&#8220; seperator_enable=&#8220;seperator_enable_value&#8220; seperator_type=&#8220;xlarge_triangle_left_seperator&#8220; seperator_svg_height=&#8220;60&#8243; seperator_shape_background=&#8220;#ffffff&#8220; height=&#8220;90&#8243; height_on_tabs=&#8220;90&#8243; height_on_tabs_portrait=&#8220;60&#8243; height_on_mob_landscape=&#8220;60&#8243; height_on_mob=&#8220;60&#8243; bg_color_value=&#8220;#ece8e1&#8243;][vc_column]<div class=\"ult-spacer spacer-6a0965ec6c258\" data-id=\"6a0965ec6c258\" data-height=\"90\" data-height-mobile=\"60\" data-height-tab=\"90\" data-height-tab-portrait=\"60\" data-height-mobile-landscape=\"60\" style=\"clear:both;display:block;\"><\/div>[\/vc_column][\/vc_row][vc_row full_width=&#8220;stretch_row&#8220; bg_type=&#8220;bg_color&#8220; bg_color_value=&#8220;#ece8e1&#8243;][vc_column css_animation=&#8220;fadeInUp&#8220;]<div class=\"ult-spacer spacer-6a0965ec6c278\" data-id=\"6a0965ec6c278\" data-height=\"90\" data-height-mobile=\"60\" data-height-tab=\"90\" data-height-tab-portrait=\"60\" data-height-mobile-landscape=\"60\" style=\"clear:both;display:block;\"><\/div>[vc_row_inner][vc_column_inner][vc_video link=&#8220;https:\/\/www.youtube.com\/watch?v=M8Ta4GsHm_I&#8220;][\/vc_column_inner][\/vc_row_inner]<div class=\"ult-spacer spacer-6a0965ec6c296\" data-id=\"6a0965ec6c296\" data-height=\"90\" data-height-mobile=\"60\" data-height-tab=\"90\" data-height-tab-portrait=\"60\" data-height-mobile-landscape=\"60\" style=\"clear:both;display:block;\"><\/div>[\/vc_column][\/vc_row][vc_row full_width=&#8220;stretch_row&#8220; bg_type=&#8220;bg_color&#8220; seperator_enable=&#8220;seperator_enable_value&#8220; seperator_type=&#8220;xlarge_triangle_right_seperator&#8220; seperator_position=&#8220;bottom_seperator&#8220; seperator_svg_height=&#8220;60&#8243; seperator_shape_background=&#8220;#ffffff&#8220; height=&#8220;90&#8243; height_on_tabs=&#8220;90&#8243; height_on_tabs_portrait=&#8220;60&#8243; height_on_mob_landscape=&#8220;60&#8243; height_on_mob=&#8220;60&#8243; bg_color_value=&#8220;#ece8e1&#8243;][vc_column]<div class=\"ult-spacer spacer-6a0965ec6c2b4\" data-id=\"6a0965ec6c2b4\" data-height=\"90\" data-height-mobile=\"60\" data-height-tab=\"90\" data-height-tab-portrait=\"60\" data-height-mobile-landscape=\"60\" style=\"clear:both;display:block;\"><\/div>[\/vc_column][\/vc_row][vc_row full_width=&#8220;stretch_row&#8220;][vc_column css_animation=&#8220;fadeIn&#8220; css=&#8220;.vc_custom_1691106517578{padding-top: 0px !important;}&#8220;]<div class=\"ult-spacer spacer-6a0965ec6c2d0\" data-id=\"6a0965ec6c2d0\" data-height=\"90\" data-height-mobile=\"60\" data-height-tab=\"90\" data-height-tab-portrait=\"60\" data-height-mobile-landscape=\"60\" style=\"clear:both;display:block;\"><\/div>[vc_row_inner equal_height=&#8220;yes&#8220;][vc_column_inner offset=&#8220;vc_col-lg-6 vc_col-md-6 vc_col-xs-12&#8243;][vc_column_text]<\/p>\n<h3>Efektivn\u00ed odkl\u00edzen\u00ed sn\u011bhu po celou zimu<\/h3>\n<p>[\/vc_column_text][vc_empty_space height=&#8220;30px&#8220;][vc_separator color=&#8220;custom&#8220; border_width=&#8220;2&#8243; accent_color=&#8220;#f7f7f7&#8243;][vc_empty_space height=&#8220;30px&#8220;][vc_column_text]S hydraulick\u00fdm zametac\u00edm strojem od spole\u010dnosti Timan m\u016f\u017eete sv\u00e9 venkovn\u00ed plochy efektivn\u011b odkl\u00edzet od sn\u011bhu po celou zimu. Zameta\u010d zamet\u00e1 a\u017e na dno a d\u00edky hydraulick\u00e9mu v\u00fdkyvu +- 21 stup\u0148\u016f vpravo i vlevo lze sn\u00edh odhazovat na po\u017eadovanou stranu.<\/p>\n<p>Sm\u011br j\u00edzdy lze snadno m\u011bnit z kabiny \u0159idi\u010de, co\u017e umo\u017e\u0148uje odhrnovat sn\u00edh od vchod\u016f apod. P\u0159i zm\u011bn\u011b sm\u011bru j\u00edzdy je smet\u00e1k vybaven gumovou podlo\u017ekou, kter\u00e1 vis\u00ed na zadn\u00ed stran\u011b kart\u00e1\u010dov\u00e9ho v\u00e1lce a chr\u00e1n\u00ed p\u0159ed rozst\u0159ikem o \u010deln\u00ed sklo.<\/p>\n<p>Zametac\u00ed stroj je vhodn\u00fd pro u\u017eivatele s\u00a0vysok\u00fdmi n\u00e1roky na spolehlivost a stabilitu.<\/p>\n<p>Pokud napadne hodn\u011b sn\u011bhu, lze zametac\u00ed stroj S1300 vybavit \u0161krabkou, \u010d\u00edm\u017e z\u00edsk\u00e1te dva n\u00e1stroje v jednom.<\/p>\n<p>Mimo zimn\u00ed sez\u00f3nu lze v\u00fdkonn\u00fd zametac\u00ed stroj pou\u017e\u00edt mimo jin\u00e9 k b\u011b\u017en\u00e9mu zamet\u00e1n\u00ed \u0161t\u011brku, list\u00ed a dal\u0161\u00edch ne\u010distot, zbytk\u016f a k \u00faklidu po zemn\u00edch prac\u00edch.<\/p>\n<ul>\n<li>Udr\u017euje venkovn\u00ed plochy \u010dist\u00e9 po cel\u00fd rok<\/li>\n<li>Snadno zamet\u00e1 v\u011bt\u0161\u00ed plochy<\/li>\n<li>S1300 lze kombinovat se shrnovac\u00ed li\u0161tou<\/li>\n<\/ul>\n<p>[\/vc_column_text]<div class=\"ult-spacer spacer-6a0965ec6c2f1\" data-id=\"6a0965ec6c2f1\" data-height=\"0\" data-height-mobile=\"30\" data-height-tab=\"0\" data-height-tab-portrait=\"0\" data-height-mobile-landscape=\"30\" style=\"clear:both;display:block;\"><\/div>[\/vc_column_inner][vc_column_inner css=&#8220;.vc_custom_1692947301744{margin-right: 30px !important;margin-left: 30px !important;background-image: url(https:\/\/timan.dk\/wp-content\/uploads\/2023\/08\/tool-trac-timan-fejemaskine-kost-rydning-blade-346.jpg?id=7096) !important;background-position: center !important;background-repeat: no-repeat !important;background-size: cover !important;}&#8220; offset=&#8220;vc_col-lg-6 vc_col-md-6 vc_col-xs-12&#8243;]<div class=\"ult-spacer spacer-6a0965ec6c314\" data-id=\"6a0965ec6c314\" data-height=\"0\" data-height-mobile=\"300\" data-height-tab=\"0\" data-height-tab-portrait=\"300\" data-height-mobile-landscape=\"300\" style=\"clear:both;display:block;\"><\/div>[\/vc_column_inner][\/vc_row_inner]<div class=\"ult-spacer spacer-6a0965ec6c330\" data-id=\"6a0965ec6c330\" data-height=\"90\" data-height-mobile=\"60\" data-height-tab=\"90\" data-height-tab-portrait=\"60\" data-height-mobile-landscape=\"60\" style=\"clear:both;display:block;\"><\/div>[\/vc_column][\/vc_row][vc_row full_width=&#8220;stretch_row&#8220; bg_type=&#8220;bg_color&#8220; seperator_enable=&#8220;seperator_enable_value&#8220; seperator_type=&#8220;xlarge_triangle_left_seperator&#8220; seperator_svg_height=&#8220;60&#8243; seperator_shape_background=&#8220;#ffffff&#8220; height=&#8220;90&#8243; height_on_tabs=&#8220;90&#8243; height_on_tabs_portrait=&#8220;60&#8243; height_on_mob_landscape=&#8220;60&#8243; height_on_mob=&#8220;60&#8243; bg_color_value=&#8220;#ece8e1&#8243;][vc_column]<div class=\"ult-spacer spacer-6a0965ec6c34a\" data-id=\"6a0965ec6c34a\" data-height=\"90\" data-height-mobile=\"60\" data-height-tab=\"90\" data-height-tab-portrait=\"60\" data-height-mobile-landscape=\"60\" style=\"clear:both;display:block;\"><\/div>[\/vc_column][\/vc_row]<\/p>\n<p>[vc_row full_width=&#8220;stretch_row&#8220; el_class=&#8220;overlay parallax overflow-row&#8220; css=&#8220;.vc_custom_1691104819308{background-image: url(https:\/\/timan.dk\/wp-content\/uploads\/2023\/08\/16966-116.jpg?id=5540) !important;background-position: center !important;background-repeat: no-repeat !important;background-size: cover !important;}&#8220;][vc_column css_animation=&#8220;fadeIn&#8220;]<div class=\"ult-spacer spacer-6a0965ec6c365\" data-id=\"6a0965ec6c365\" data-height=\"120\" data-height-mobile=\"60\" data-height-tab=\"90\" data-height-tab-portrait=\"60\" data-height-mobile-landscape=\"60\" style=\"clear:both;display:block;\"><\/div>[vc_row_inner css=&#8220;.vc_custom_1682518429141{margin-right: 0px !important;margin-left: 0px !important;}&#8220;][vc_column_inner el_class=&#8220;overflow-box-footer&#8220;][vc_empty_space height=&#8220;60px&#8220;][vc_column_text]<\/p>\n<p><b>Kontaktujte Timan A\/S<\/b><br \/>M\u00e1te ot\u00e1zky? Ozv\u011bte se n\u00e1m a r\u00e1di s v\u00e1mi nez\u00e1vazn\u011b promluv\u00edme.<\/p>\n<p>Jsme p\u0159ipraveni odpov\u011bd\u011bt na jak\u00fdkoli dotaz, na kter\u00fd jste na na\u0161em webu nena\u0161li odpov\u011b\u010f. Nev\u00e1hejte n\u00e1m zavolat nebo napsat \u2013 s radost\u00ed si s v\u00e1mi nez\u00e1vazn\u011b popov\u00edd\u00e1me o va\u0161ich pl\u00e1nech.<\/p>\n<p>[\/vc_column_text][vc_empty_space height=&#8220;15px&#8220;][vc_btn title=&#8220;Kontaktujte n\u00e1s zde&#8220; style=&#8220;custom&#8220; custom_background=&#8220;#fc5623&#8243; custom_text=&#8220;#ffffff&#8220; shape=&#8220;square&#8220; link=&#8220;url:https%3A%2F%2Ftiman.dk%2Fcs%2Fkontakt%2F|title:Kontakt|&#8220;][vc_btn title=&#8220;N\u00e1hradn\u00ed d\u00edly&#8220; style=&#8220;outline-custom&#8220; outline_custom_color=&#8220;#666666&#8243; outline_custom_hover_background=&#8220;#666666&#8243; outline_custom_hover_text=&#8220;#ffffff&#8220; shape=&#8220;square&#8220; link=&#8220;url:https%3A%2F%2Ftiman.dk%2Fcs%2Fnavody%2F|title:N%C3%A1hradn%C3%AD%20d%C3%ADly|&#8220;][vc_empty_space height=&#8220;30&#8243;][vc_column_text]<\/p>\n<p>+420 778 881 904<\/p>\n<p>[\/vc_column_text][vc_empty_space height=&#8220;60px&#8220;][\/vc_column_inner][\/vc_row_inner]<div class=\"ult-spacer spacer-6a0965ec6c380\" data-id=\"6a0965ec6c380\" data-height=\"120\" data-height-mobile=\"60\" data-height-tab=\"90\" data-height-tab-portrait=\"60\" data-height-mobile-landscape=\"60\" style=\"clear:both;display:block;\"><\/div>[\/vc_column][\/vc_row]<\/p>\n<\/div>","protected":false},"excerpt":{"rendered":"<p>[vc_row full_width=&#8220;stretch_row&#8220;][vc_column][vc_column_text] Hydraulick\u00fd zametac\u00ed stroj Tool-Trac 5740 [\/vc_column_text][vc_empty_space height=&#8220;30px&#8220;][vc_separator color=&#8220;custom&#8220; border_width=&#8220;2&#8243; accent_color=&#8220;#f7f7f7&#8243;][vc_empty_space height=&#8220;30px&#8220;][vc_row_inner][vc_column_inner offset=&#8220;vc_col-lg-8 vc_col-md-8 vc_col-xs-12&#8243;][vc_column_text] V\u00fdkonn\u00fd a efektivn\u00ed zametac\u00ed stroj Pokud pot\u0159ebujete udr\u017eovat chodn\u00edky, chodn\u00ed\u010dky a cesty \u010dist\u00e9 a zbaven\u00e9 sn\u011bhu, je tu pro v\u00e1s v\u00fdkonn\u00fd a efektivn\u00ed zametac\u00ed stroj, kter\u00fd je udr\u017e\u00ed \u010dist\u00e9 po cel\u00fd rok. K dispozici ve 2 r\u016fzn\u00fdch velikostech.[\/vc_column_text][vc_empty_space height=&#8220;30px&#8220;][vc_column_text &#8230; <a title=\"Hydraulick\u00fd zametac\u00ed stroj\" class=\"read-more\" href=\"https:\/\/timan.dk\/cs\/zametaci-stroj\/\" aria-label=\"\u010c\u00edst v\u00edce o Hydraulick\u00fd zametac\u00ed stroj\">Read more<\/a><\/p>\n","protected":false},"author":1,"featured_media":10107,"parent":0,"menu_order":22,"comment_status":"closed","ping_status":"closed","template":"","meta":{"_acf_changed":false,"footnotes":""},"categories":[110,111],"class_list":{"0":"post-10106","1":"page","2":"type-page","3":"status-publish","4":"has-post-thumbnail","6":"category-nastroje-tool-trac","7":"category-zimni-udrzba"},"acf":[],"yoast_head":"<!-- This site is optimized with the Yoast SEO plugin v27.6 - https:\/\/yoast.com\/product\/yoast-seo-wordpress\/ -->\n<title>Hydraulick\u00fd zametac\u00ed stroj Tool-Trac 5740 | V\u00edce informac\u00ed na Timan A\/S<\/title>\n<meta name=\"description\" content=\"S hydraulick\u00fdm zametac\u00edm strojem od spole\u010dnosti Timan m\u016f\u017eete sv\u00e9 venkovn\u00ed plochy efektivn\u011b \u010distit od sn\u011bhu po celou zimu. V\u00edce informac\u00ed najdete zde!\" \/>\n<meta name=\"robots\" content=\"index, follow, max-snippet:-1, max-image-preview:large, max-video-preview:-1\" \/>\n<link rel=\"canonical\" href=\"https:\/\/timan.dk\/redskaber\/redskaber-til-tool-trac\/fejemaskine\/\" \/>\n<meta property=\"og:locale\" content=\"cs_CZ\" \/>\n<meta property=\"og:type\" content=\"article\" \/>\n<meta property=\"og:title\" content=\"Hydraulick\u00fd zametac\u00ed stroj Tool-Trac 5740 | V\u00edce informac\u00ed na Timan A\/S\" \/>\n<meta property=\"og:description\" content=\"S hydraulick\u00fdm zametac\u00edm strojem od spole\u010dnosti Timan m\u016f\u017eete sv\u00e9 venkovn\u00ed plochy efektivn\u011b \u010distit od sn\u011bhu po celou zimu. V\u00edce informac\u00ed najdete zde!\" \/>\n<meta property=\"og:url\" content=\"https:\/\/timan.dk\/redskaber\/redskaber-til-tool-trac\/fejemaskine\/\" \/>\n<meta property=\"og:site_name\" content=\"Timan A\/S\" \/>\n<meta property=\"article:modified_time\" content=\"2025-09-04T17:27:29+00:00\" \/>\n<meta property=\"og:image\" content=\"https:\/\/timan.dk\/wp-content\/uploads\/2023\/08\/img-3955red.jpg\" \/>\n\t<meta property=\"og:image:width\" content=\"1500\" \/>\n\t<meta property=\"og:image:height\" content=\"1125\" \/>\n\t<meta property=\"og:image:type\" content=\"image\/jpeg\" \/>\n<meta name=\"twitter:card\" content=\"summary_large_image\" \/>\n<meta name=\"twitter:label1\" content=\"Odhadovan\u00e1 doba \u010dten\u00ed\" \/>\n\t<meta name=\"twitter:data1\" content=\"7 minut\" \/>\n<script type=\"application\/ld+json\" class=\"yoast-schema-graph\">{\"@context\":\"https:\\\/\\\/schema.org\",\"@graph\":[{\"@type\":\"WebPage\",\"@id\":\"https:\\\/\\\/timan.dk\\\/redskaber\\\/redskaber-til-tool-trac\\\/fejemaskine\\\/\",\"url\":\"https:\\\/\\\/timan.dk\\\/redskaber\\\/redskaber-til-tool-trac\\\/fejemaskine\\\/\",\"name\":\"Hydraulick\u00fd zametac\u00ed stroj Tool-Trac 5740 | V\u00edce informac\u00ed na Timan A\\\/S\",\"isPartOf\":{\"@id\":\"https:\\\/\\\/timan.dk\\\/#website\"},\"primaryImageOfPage\":{\"@id\":\"https:\\\/\\\/timan.dk\\\/redskaber\\\/redskaber-til-tool-trac\\\/fejemaskine\\\/#primaryimage\"},\"image\":{\"@id\":\"https:\\\/\\\/timan.dk\\\/redskaber\\\/redskaber-til-tool-trac\\\/fejemaskine\\\/#primaryimage\"},\"thumbnailUrl\":\"https:\\\/\\\/timan.dk\\\/wp-content\\\/uploads\\\/2023\\\/08\\\/img-3955red.jpg\",\"datePublished\":\"2023-08-03T10:39:07+00:00\",\"dateModified\":\"2025-09-04T17:27:29+00:00\",\"description\":\"S hydraulick\u00fdm zametac\u00edm strojem od spole\u010dnosti Timan m\u016f\u017eete sv\u00e9 venkovn\u00ed plochy efektivn\u011b \u010distit od sn\u011bhu po celou zimu. V\u00edce informac\u00ed najdete zde!\",\"breadcrumb\":{\"@id\":\"https:\\\/\\\/timan.dk\\\/redskaber\\\/redskaber-til-tool-trac\\\/fejemaskine\\\/#breadcrumb\"},\"inLanguage\":\"cs\",\"potentialAction\":[{\"@type\":\"ReadAction\",\"target\":[\"https:\\\/\\\/timan.dk\\\/redskaber\\\/redskaber-til-tool-trac\\\/fejemaskine\\\/\"]}]},{\"@type\":\"ImageObject\",\"inLanguage\":\"cs\",\"@id\":\"https:\\\/\\\/timan.dk\\\/redskaber\\\/redskaber-til-tool-trac\\\/fejemaskine\\\/#primaryimage\",\"url\":\"https:\\\/\\\/timan.dk\\\/wp-content\\\/uploads\\\/2023\\\/08\\\/img-3955red.jpg\",\"contentUrl\":\"https:\\\/\\\/timan.dk\\\/wp-content\\\/uploads\\\/2023\\\/08\\\/img-3955red.jpg\",\"width\":1500,\"height\":1125},{\"@type\":\"BreadcrumbList\",\"@id\":\"https:\\\/\\\/timan.dk\\\/redskaber\\\/redskaber-til-tool-trac\\\/fejemaskine\\\/#breadcrumb\",\"itemListElement\":[{\"@type\":\"ListItem\",\"position\":1,\"name\":\"Hjem\",\"item\":\"https:\\\/\\\/timan.dk\\\/cs\\\/\"},{\"@type\":\"ListItem\",\"position\":2,\"name\":\"Hydraulick\u00fd zametac\u00ed stroj\"}]},{\"@type\":\"WebSite\",\"@id\":\"https:\\\/\\\/timan.dk\\\/#website\",\"url\":\"https:\\\/\\\/timan.dk\\\/\",\"name\":\"Timan A\\\/S\",\"description\":\"Sweepers with collectors, slope mowers, remote-controlled flail mowers in Denmark\",\"publisher\":{\"@id\":\"https:\\\/\\\/timan.dk\\\/#organization\"},\"potentialAction\":[{\"@type\":\"SearchAction\",\"target\":{\"@type\":\"EntryPoint\",\"urlTemplate\":\"https:\\\/\\\/timan.dk\\\/?s={search_term_string}\"},\"query-input\":{\"@type\":\"PropertyValueSpecification\",\"valueRequired\":true,\"valueName\":\"search_term_string\"}}],\"inLanguage\":\"cs\"},{\"@type\":\"Organization\",\"@id\":\"https:\\\/\\\/timan.dk\\\/#organization\",\"name\":\"Timan A\\\/S\",\"url\":\"https:\\\/\\\/timan.dk\\\/\",\"logo\":{\"@type\":\"ImageObject\",\"inLanguage\":\"cs\",\"@id\":\"https:\\\/\\\/timan.dk\\\/#\\\/schema\\\/logo\\\/image\\\/\",\"url\":\"https:\\\/\\\/timan.dk\\\/wp-content\\\/uploads\\\/2023\\\/08\\\/logo-timan-cut.png\",\"contentUrl\":\"https:\\\/\\\/timan.dk\\\/wp-content\\\/uploads\\\/2023\\\/08\\\/logo-timan-cut.png\",\"width\":2048,\"height\":599,\"caption\":\"Timan A\\\/S\"},\"image\":{\"@id\":\"https:\\\/\\\/timan.dk\\\/#\\\/schema\\\/logo\\\/image\\\/\"}}]}<\/script>\n<!-- \/ Yoast SEO plugin. -->","yoast_head_json":{"title":"Hydraulick\u00fd zametac\u00ed stroj Tool-Trac 5740 | V\u00edce informac\u00ed na Timan A\/S","description":"S hydraulick\u00fdm zametac\u00edm strojem od spole\u010dnosti Timan m\u016f\u017eete sv\u00e9 venkovn\u00ed plochy efektivn\u011b \u010distit od sn\u011bhu po celou zimu. V\u00edce informac\u00ed najdete zde!","robots":{"index":"index","follow":"follow","max-snippet":"max-snippet:-1","max-image-preview":"max-image-preview:large","max-video-preview":"max-video-preview:-1"},"canonical":"https:\/\/timan.dk\/redskaber\/redskaber-til-tool-trac\/fejemaskine\/","og_locale":"cs_CZ","og_type":"article","og_title":"Hydraulick\u00fd zametac\u00ed stroj Tool-Trac 5740 | V\u00edce informac\u00ed na Timan A\/S","og_description":"S hydraulick\u00fdm zametac\u00edm strojem od spole\u010dnosti Timan m\u016f\u017eete sv\u00e9 venkovn\u00ed plochy efektivn\u011b \u010distit od sn\u011bhu po celou zimu. V\u00edce informac\u00ed najdete zde!","og_url":"https:\/\/timan.dk\/redskaber\/redskaber-til-tool-trac\/fejemaskine\/","og_site_name":"Timan A\/S","article_modified_time":"2025-09-04T17:27:29+00:00","og_image":[{"width":1500,"height":1125,"url":"https:\/\/timan.dk\/wp-content\/uploads\/2023\/08\/img-3955red.jpg","type":"image\/jpeg"}],"twitter_card":"summary_large_image","twitter_misc":{"Odhadovan\u00e1 doba \u010dten\u00ed":"7 minut"},"schema":{"@context":"https:\/\/schema.org","@graph":[{"@type":"WebPage","@id":"https:\/\/timan.dk\/redskaber\/redskaber-til-tool-trac\/fejemaskine\/","url":"https:\/\/timan.dk\/redskaber\/redskaber-til-tool-trac\/fejemaskine\/","name":"Hydraulick\u00fd zametac\u00ed stroj Tool-Trac 5740 | V\u00edce informac\u00ed na Timan A\/S","isPartOf":{"@id":"https:\/\/timan.dk\/#website"},"primaryImageOfPage":{"@id":"https:\/\/timan.dk\/redskaber\/redskaber-til-tool-trac\/fejemaskine\/#primaryimage"},"image":{"@id":"https:\/\/timan.dk\/redskaber\/redskaber-til-tool-trac\/fejemaskine\/#primaryimage"},"thumbnailUrl":"https:\/\/timan.dk\/wp-content\/uploads\/2023\/08\/img-3955red.jpg","datePublished":"2023-08-03T10:39:07+00:00","dateModified":"2025-09-04T17:27:29+00:00","description":"S hydraulick\u00fdm zametac\u00edm strojem od spole\u010dnosti Timan m\u016f\u017eete sv\u00e9 venkovn\u00ed plochy efektivn\u011b \u010distit od sn\u011bhu po celou zimu. V\u00edce informac\u00ed najdete zde!","breadcrumb":{"@id":"https:\/\/timan.dk\/redskaber\/redskaber-til-tool-trac\/fejemaskine\/#breadcrumb"},"inLanguage":"cs","potentialAction":[{"@type":"ReadAction","target":["https:\/\/timan.dk\/redskaber\/redskaber-til-tool-trac\/fejemaskine\/"]}]},{"@type":"ImageObject","inLanguage":"cs","@id":"https:\/\/timan.dk\/redskaber\/redskaber-til-tool-trac\/fejemaskine\/#primaryimage","url":"https:\/\/timan.dk\/wp-content\/uploads\/2023\/08\/img-3955red.jpg","contentUrl":"https:\/\/timan.dk\/wp-content\/uploads\/2023\/08\/img-3955red.jpg","width":1500,"height":1125},{"@type":"BreadcrumbList","@id":"https:\/\/timan.dk\/redskaber\/redskaber-til-tool-trac\/fejemaskine\/#breadcrumb","itemListElement":[{"@type":"ListItem","position":1,"name":"Hjem","item":"https:\/\/timan.dk\/cs\/"},{"@type":"ListItem","position":2,"name":"Hydraulick\u00fd zametac\u00ed stroj"}]},{"@type":"WebSite","@id":"https:\/\/timan.dk\/#website","url":"https:\/\/timan.dk\/","name":"Timan A\/S","description":"Sweepers with collectors, slope mowers, remote-controlled flail mowers in Denmark","publisher":{"@id":"https:\/\/timan.dk\/#organization"},"potentialAction":[{"@type":"SearchAction","target":{"@type":"EntryPoint","urlTemplate":"https:\/\/timan.dk\/?s={search_term_string}"},"query-input":{"@type":"PropertyValueSpecification","valueRequired":true,"valueName":"search_term_string"}}],"inLanguage":"cs"},{"@type":"Organization","@id":"https:\/\/timan.dk\/#organization","name":"Timan A\/S","url":"https:\/\/timan.dk\/","logo":{"@type":"ImageObject","inLanguage":"cs","@id":"https:\/\/timan.dk\/#\/schema\/logo\/image\/","url":"https:\/\/timan.dk\/wp-content\/uploads\/2023\/08\/logo-timan-cut.png","contentUrl":"https:\/\/timan.dk\/wp-content\/uploads\/2023\/08\/logo-timan-cut.png","width":2048,"height":599,"caption":"Timan A\/S"},"image":{"@id":"https:\/\/timan.dk\/#\/schema\/logo\/image\/"}}]}},"_links":{"self":[{"href":"https:\/\/timan.dk\/cs\/wp-json\/wp\/v2\/pages\/10106","targetHints":{"allow":["GET"]}}],"collection":[{"href":"https:\/\/timan.dk\/cs\/wp-json\/wp\/v2\/pages"}],"about":[{"href":"https:\/\/timan.dk\/cs\/wp-json\/wp\/v2\/types\/page"}],"author":[{"embeddable":true,"href":"https:\/\/timan.dk\/cs\/wp-json\/wp\/v2\/users\/1"}],"replies":[{"embeddable":true,"href":"https:\/\/timan.dk\/cs\/wp-json\/wp\/v2\/comments?post=10106"}],"version-history":[{"count":6,"href":"https:\/\/timan.dk\/cs\/wp-json\/wp\/v2\/pages\/10106\/revisions"}],"predecessor-version":[{"id":14165,"href":"https:\/\/timan.dk\/cs\/wp-json\/wp\/v2\/pages\/10106\/revisions\/14165"}],"wp:featuredmedia":[{"embeddable":true,"href":"https:\/\/timan.dk\/cs\/wp-json\/wp\/v2\/media\/10107"}],"wp:attachment":[{"href":"https:\/\/timan.dk\/cs\/wp-json\/wp\/v2\/media?parent=10106"}],"wp:term":[{"taxonomy":"category","embeddable":true,"href":"https:\/\/timan.dk\/cs\/wp-json\/wp\/v2\/categories?post=10106"}],"curies":[{"name":"wp","href":"https:\/\/api.w.org\/{rel}","templated":true}]}}