{"id":10205,"date":"2023-08-23T12:09:15","date_gmt":"2023-08-23T10:09:15","guid":{"rendered":"https:\/\/timan.dk\/nastroje\/naradi-timan-330\/v-pluh\/"},"modified":"2025-09-04T22:25:25","modified_gmt":"2025-09-04T20:25:25","slug":"v-pluh","status":"publish","type":"page","link":"https:\/\/timan.dk\/cs\/nastroje\/naradi-timan-330\/v-pluh\/","title":{"rendered":"V-pluh"},"content":{"rendered":"<div class=\"wpb-content-wrapper\"><p>[vc_row full_width=&#8220;stretch_row&#8220;][vc_column]<div class=\"ult-spacer spacer-69f40bb8eb1d8\" data-id=\"69f40bb8eb1d8\" data-height=\"90\" data-height-mobile=\"60\" data-height-tab=\"90\" data-height-tab-portrait=\"60\" data-height-mobile-landscape=\"60\" style=\"clear:both;display:block;\"><\/div>[vc_column_text]<\/p>\n<h2>V-pluh pro Timan 3330<\/h2>\n<p>[\/vc_column_text][vc_empty_space height=&#8220;30px&#8220;][vc_separator color=&#8220;custom&#8220; border_width=&#8220;2&#8243; accent_color=&#8220;#f7f7f7&#8243;][vc_empty_space height=&#8220;30px&#8220;][vc_row_inner][vc_column_inner offset=&#8220;vc_col-lg-8 vc_col-md-8 vc_col-xs-12&#8243;][vc_column_text]<\/p>\n<h3>Flexibiln\u00ed a efektivn\u00ed n\u00e1\u0159ad\u00ed<\/h3>\n<p>V-pluh je flexibiln\u00ed a \u00fa\u010dinn\u00fd n\u00e1stroj pro odkl\u00edzen\u00ed velk\u00e9ho mno\u017estv\u00ed sn\u011bhu. Je hydraulicky nastaviteln\u00fd a m\u00e1 t\u0159i mo\u017enosti nastaven\u00ed.<\/p>\n<p>&nbsp;[\/vc_column_text][vc_empty_space height=&#8220;30px&#8220;][vc_column_text css=&#8220;.vc_custom_1692952362532{background-color: #f7f7f7 !important;}&#8220;]<br \/>\n<\/p>\n<blockquote><p>&#8222;Vytvo\u0159en pro dobr\u00e9 v\u00fdsledky. Navr\u017een pro spokojenost s prac\u00ed.&#8220;<\/p><\/blockquote>\n<p>[\/vc_column_text][vc_empty_space height=&#8220;30px&#8220;][vc_single_image image=&#8220;9240&#8243; img_size=&#8220;full&#8220;][vc_empty_space height=&#8220;15px&#8220;][vc_media_grid style=&#8220;pagination&#8220; items_per_page=&#8220;3&#8243; arrows_design=&#8220;vc_arrow-icon-arrow_01_left&#8220; arrows_position=&#8220;outside&#8220; arrows_color=&#8220;black&#8220; paging_design=&#8220;none&#8220; loop=&#8220;yes&#8220; autoplay=&#8220;6&#8243; grid_id=&#8220;vc_gid:1752562464786-36ed79e4-6e82-7&#8243; include=&#8220;5481,10207,10206,5638,10127,5671&#8243;]<div class=\"ult-spacer spacer-69f40bb8eb224\" data-id=\"69f40bb8eb224\" data-height=\"0\" data-height-mobile=\"30\" data-height-tab=\"0\" data-height-tab-portrait=\"30\" data-height-mobile-landscape=\"30\" style=\"clear:both;display:block;\"><\/div>[\/vc_column_inner][vc_column_inner offset=&#8220;vc_col-lg-4 vc_col-md-4 vc_col-xs-12&#8243;][vc_column_text el_class=&#8220;custom-sidebar-boks&#8220;]<\/p>\n<h4>Co z\u00edsk\u00e1te:<\/h4>\n<p><\/p>\n<ul>\n<li>V\u00fdkonn\u00fd stroj s vysokou tlakovou silou<\/li>\n<li>3 mo\u017enosti nastaven\u00ed<\/li>\n<li>Pluh ve tvaru V<\/li>\n<li>Pluh Y<\/li>\n<li>Radlici<\/li>\n<li>Rychl\u00e1 v\u00fdm\u011bna n\u00e1stavc\u016f<\/li>\n<\/ul>\n<p>[\/vc_column_text][vc_empty_space height=&#8220;5px&#8220;][vc_btn title=&#8220;Prohl\u00e9dn\u011bte si technick\u00e9 \u00fadaje&#8220; style=&#8220;custom&#8220; custom_background=&#8220;#fc5623&#8243; custom_text=&#8220;#ffffff&#8220; shape=&#8220;square&#8220; align=&#8220;left&#8220; css=&#8220;&#8220; button_block=&#8220;true&#8220; link=&#8220;url:https%3A%2F%2Ftiman.dk%2Fwp-content%2Fuploads%2F2025%2F02%2Fteknisk-data-v-plov-3330-dk.pdf|title:Prohl%C3%A9dn%C4%9Bte%20si%20technick%C3%A9%20%C3%BAdaje|target:_blank|&#8220; el_class=&#8220;custom-farve-btn&#8220;][vc_empty_space height=&#8220;5px&#8220;][vc_btn title=&#8220;Prohl\u00e9dn\u011bte si n\u00e1\u0159ad\u00ed Timan 3330&#8243; style=&#8220;custom&#8220; custom_background=&#8220;#fc5623&#8243; custom_text=&#8220;#ffffff&#8220; shape=&#8220;square&#8220; align=&#8220;left&#8220; css=&#8220;&#8220; button_block=&#8220;true&#8220; link=&#8220;url:https%3A%2F%2Ftiman.dk%2Fcs%2Fnastroje%2Fnaradi-timan-330%2F|title:N%C3%A1%C5%99ad%C3%AD%20pro%20Timan%203330|&#8220;][vc_empty_space height=&#8220;30px&#8220;][vc_widget_sidebar sidebar_id=&#8220;sidebar-1&#8243; el_class=&#8220;contact-sidebar&#8220;][\/vc_column_inner][\/vc_row_inner]<div class=\"ult-spacer spacer-69f40bb8eb24d\" data-id=\"69f40bb8eb24d\" data-height=\"90\" data-height-mobile=\"60\" data-height-tab=\"90\" data-height-tab-portrait=\"60\" data-height-mobile-landscape=\"60\" style=\"clear:both;display:block;\"><\/div>[\/vc_column][\/vc_row][vc_row full_width=&#8220;stretch_row&#8220; bg_type=&#8220;bg_color&#8220; seperator_enable=&#8220;seperator_enable_value&#8220; seperator_type=&#8220;xlarge_triangle_left_seperator&#8220; seperator_svg_height=&#8220;60&#8243; seperator_shape_background=&#8220;#ffffff&#8220; height=&#8220;90&#8243; height_on_tabs=&#8220;90&#8243; height_on_tabs_portrait=&#8220;60&#8243; height_on_mob_landscape=&#8220;60&#8243; height_on_mob=&#8220;60&#8243; bg_color_value=&#8220;#ece8e1&#8243;][vc_column]<div class=\"ult-spacer spacer-69f40bb8eb26f\" data-id=\"69f40bb8eb26f\" data-height=\"90\" data-height-mobile=\"60\" data-height-tab=\"90\" data-height-tab-portrait=\"60\" data-height-mobile-landscape=\"60\" style=\"clear:both;display:block;\"><\/div>[\/vc_column][\/vc_row][vc_row full_width=&#8220;stretch_row&#8220; bg_type=&#8220;bg_color&#8220; bg_color_value=&#8220;#ece8e1&#8243;][vc_column css_animation=&#8220;fadeInUp&#8220;]<div class=\"ult-spacer spacer-69f40bb8eb28f\" data-id=\"69f40bb8eb28f\" data-height=\"90\" data-height-mobile=\"60\" data-height-tab=\"90\" data-height-tab-portrait=\"60\" data-height-mobile-landscape=\"60\" style=\"clear:both;display:block;\"><\/div>[vc_row_inner][vc_column_inner][vc_video link=&#8220;https:\/\/www.youtube.com\/watch?v=FPCvszlav68&#8243;][\/vc_column_inner][\/vc_row_inner]<div class=\"ult-spacer spacer-69f40bb8eb2af\" data-id=\"69f40bb8eb2af\" data-height=\"90\" data-height-mobile=\"60\" data-height-tab=\"90\" data-height-tab-portrait=\"60\" data-height-mobile-landscape=\"60\" style=\"clear:both;display:block;\"><\/div>[\/vc_column][\/vc_row][vc_row full_width=&#8220;stretch_row&#8220; bg_type=&#8220;bg_color&#8220; seperator_enable=&#8220;seperator_enable_value&#8220; seperator_type=&#8220;xlarge_triangle_right_seperator&#8220; seperator_position=&#8220;bottom_seperator&#8220; seperator_svg_height=&#8220;60&#8243; seperator_shape_background=&#8220;#ffffff&#8220; height=&#8220;90&#8243; height_on_tabs=&#8220;90&#8243; height_on_tabs_portrait=&#8220;60&#8243; height_on_mob_landscape=&#8220;60&#8243; height_on_mob=&#8220;60&#8243; bg_color_value=&#8220;#ece8e1&#8243;][vc_column]<div class=\"ult-spacer spacer-69f40bb8eb2cd\" data-id=\"69f40bb8eb2cd\" data-height=\"90\" data-height-mobile=\"60\" data-height-tab=\"90\" data-height-tab-portrait=\"60\" data-height-mobile-landscape=\"60\" style=\"clear:both;display:block;\"><\/div>[\/vc_column][\/vc_row][vc_row full_width=&#8220;stretch_row&#8220;][vc_column css_animation=&#8220;fadeIn&#8220; css=&#8220;.vc_custom_1691106517578{padding-top: 0px !important;}&#8220;]<div class=\"ult-spacer spacer-69f40bb8eb2eb\" data-id=\"69f40bb8eb2eb\" data-height=\"90\" data-height-mobile=\"60\" data-height-tab=\"90\" data-height-tab-portrait=\"60\" data-height-mobile-landscape=\"60\" style=\"clear:both;display:block;\"><\/div>[vc_row_inner equal_height=&#8220;yes&#8220;][vc_column_inner offset=&#8220;vc_col-lg-6 vc_col-md-6 vc_col-xs-12&#8243;][vc_column_text]<\/p>\n<h3>Sn\u00edh je \u00fa\u010dinn\u011b vytla\u010dov\u00e1n na ob\u011b strany<\/h3>\n<p>[\/vc_column_text][vc_empty_space height=&#8220;30px&#8220;][vc_separator color=&#8220;custom&#8220; border_width=&#8220;2&#8243; accent_color=&#8220;#f7f7f7&#8243;][vc_empty_space height=&#8220;30px&#8220;][vc_column_text]Pluh ve tvaru V m\u00e1 3 hydraulick\u00e1 nastaven\u00ed. Nastaven\u00ed V se pou\u017e\u00edv\u00e1 k pror\u00e1\u017een\u00ed velk\u00e9ho mno\u017estv\u00ed sn\u011bhu \u2013 \u00fa\u010dinn\u011b vytla\u010duje sn\u00edh na ob\u011b strany.<\/p>\n<p>Nastaven\u00ed Y se pou\u017e\u00edv\u00e1 p\u0159i odkl\u00edzen\u00ed sn\u011bhu z chodn\u00edk\u016f, cest a silnic \u2013 umo\u017e\u0148uje shroma\u017e\u010fov\u00e1n\u00ed sn\u011bhu na jednom m\u00edst\u011b. Radlice V m\u00e1 pracovn\u00ed \u0161\u00ed\u0159ku 1 400 mm a je standardn\u011b dod\u00e1v\u00e1na s bezpe\u010dnostn\u00ed radlic\u00ed a nylonem. Mont\u00e1\u017e a demont\u00e1\u017e je rychl\u00e1 a snadn\u00e1 pomoc\u00ed zvedac\u00edch ramen a zaji\u0161\u0165ovac\u00edch p\u00e1k nosi\u010de n\u00e1\u0159ad\u00ed. P\u0159ipoj\u00ed se hydraulick\u00e9 hadice a n\u00e1\u0159ad\u00ed se zvedne nad zem.<\/p>\n<p>Radlici do V lze pou\u017e\u00edt s v\u00e1le\u010dkov\u00fdm nebo odst\u0159ediv\u00fdm rozmetadlem k rozprost\u0159en\u00ed rovnom\u011brn\u00e9 vrstvy soli nebo \u0161t\u011brku na zem po odkl\u00edzen\u00ed sn\u011bhu.<\/p>\n<p>N\u00e1stavec lze pou\u017e\u00edt s v\u00e1le\u010dkov\u00fdm rozmetadlem nebo odst\u0159ediv\u00fdm rozmetadlem k rozprost\u0159en\u00ed rovnom\u011brn\u00e9 vrstvy soli nebo \u0161t\u011brku na zem po odstran\u011bn\u00ed sn\u011bhu.<\/p>\n<p>Snadn\u00e9 ovl\u00e1d\u00e1n\u00ed pomoc\u00ed joysticku v\u00a0kabin\u011b.<\/p>\n<ul>\n<li>V-pluh pro Timan 3330 je ur\u010den k odstra\u0148ov\u00e1n\u00ed velk\u00e9ho mno\u017estv\u00ed sn\u011bhu ze silnic, cest a chodn\u00edk\u016f.<\/li>\n<li>V- pluh Timan 3330 m\u00e1 t\u0159i mo\u017enosti nastaven\u00ed: \u0161pi\u010dat\u00fd pluh, pravolev\u00fd \u0161ikm\u00fd pluh a pluh ve tvaru Y.<\/li>\n<\/ul>\n<p>[\/vc_column_text]<div class=\"ult-spacer spacer-69f40bb8eb307\" data-id=\"69f40bb8eb307\" data-height=\"0\" data-height-mobile=\"30\" data-height-tab=\"0\" data-height-tab-portrait=\"0\" data-height-mobile-landscape=\"30\" style=\"clear:both;display:block;\"><\/div>[\/vc_column_inner][vc_column_inner css=&#8220;.vc_custom_1713953892075{margin-right: 30px !important;margin-left: 30px !important;background-image: url(https:\/\/timan.dk\/wp-content\/uploads\/2024\/04\/16963-064.jpg?id=9243) !important;background-position: center !important;background-repeat: no-repeat !important;background-size: cover !important;}&#8220; offset=&#8220;vc_col-lg-6 vc_col-md-6 vc_col-xs-12&#8243;]<div class=\"ult-spacer spacer-69f40bb8eb324\" data-id=\"69f40bb8eb324\" data-height=\"0\" data-height-mobile=\"300\" data-height-tab=\"0\" data-height-tab-portrait=\"300\" data-height-mobile-landscape=\"300\" style=\"clear:both;display:block;\"><\/div>[\/vc_column_inner][\/vc_row_inner]<div class=\"ult-spacer spacer-69f40bb8eb348\" data-id=\"69f40bb8eb348\" data-height=\"90\" data-height-mobile=\"60\" data-height-tab=\"90\" data-height-tab-portrait=\"60\" data-height-mobile-landscape=\"60\" style=\"clear:both;display:block;\"><\/div>[\/vc_column][\/vc_row][vc_row full_width=&#8220;stretch_row&#8220; bg_type=&#8220;bg_color&#8220; seperator_enable=&#8220;seperator_enable_value&#8220; seperator_type=&#8220;xlarge_triangle_left_seperator&#8220; seperator_svg_height=&#8220;60&#8243; seperator_shape_background=&#8220;#ffffff&#8220; height=&#8220;90&#8243; height_on_tabs=&#8220;90&#8243; height_on_tabs_portrait=&#8220;60&#8243; height_on_mob_landscape=&#8220;60&#8243; height_on_mob=&#8220;60&#8243; bg_color_value=&#8220;#ece8e1&#8243;][vc_column]<div class=\"ult-spacer spacer-69f40bb8eb364\" data-id=\"69f40bb8eb364\" data-height=\"90\" data-height-mobile=\"60\" data-height-tab=\"90\" data-height-tab-portrait=\"60\" data-height-mobile-landscape=\"60\" style=\"clear:both;display:block;\"><\/div>[\/vc_column][\/vc_row]<\/p>\n<p>[vc_row full_width=&#8220;stretch_row&#8220; el_class=&#8220;overlay parallax overflow-row&#8220; css=&#8220;.vc_custom_1691104819308{background-image: url(https:\/\/timan.dk\/wp-content\/uploads\/2023\/08\/16966-116.jpg?id=5540) !important;background-position: center !important;background-repeat: no-repeat !important;background-size: cover !important;}&#8220;][vc_column css_animation=&#8220;fadeIn&#8220;]<div class=\"ult-spacer spacer-69f40bb8eb37f\" data-id=\"69f40bb8eb37f\" data-height=\"120\" data-height-mobile=\"60\" data-height-tab=\"90\" data-height-tab-portrait=\"60\" data-height-mobile-landscape=\"60\" style=\"clear:both;display:block;\"><\/div>[vc_row_inner css=&#8220;.vc_custom_1682518429141{margin-right: 0px !important;margin-left: 0px !important;}&#8220;][vc_column_inner el_class=&#8220;overflow-box-footer&#8220;][vc_empty_space height=&#8220;60px&#8220;][vc_column_text]<\/p>\n<p><b>Kontaktujte Timan A\/S<\/b><br \/>M\u00e1te ot\u00e1zky? Ozv\u011bte se n\u00e1m a r\u00e1di s v\u00e1mi nez\u00e1vazn\u011b promluv\u00edme.<\/p>\n<p>Jsme p\u0159ipraveni odpov\u011bd\u011bt na jak\u00fdkoli dotaz, na kter\u00fd jste na na\u0161em webu nena\u0161li odpov\u011b\u010f. Nev\u00e1hejte n\u00e1m zavolat nebo napsat \u2013 s radost\u00ed si s v\u00e1mi nez\u00e1vazn\u011b popov\u00edd\u00e1me o va\u0161ich pl\u00e1nech.<\/p>\n<p>[\/vc_column_text][vc_empty_space height=&#8220;15px&#8220;][vc_btn title=&#8220;Kontaktujte n\u00e1s zde&#8220; style=&#8220;custom&#8220; custom_background=&#8220;#fc5623&#8243; custom_text=&#8220;#ffffff&#8220; shape=&#8220;square&#8220; link=&#8220;url:https%3A%2F%2Ftiman.dk%2Fcs%2Fkontakt%2F|title:Kontakt|&#8220;][vc_btn title=&#8220;N\u00e1hradn\u00ed d\u00edly&#8220; style=&#8220;outline-custom&#8220; outline_custom_color=&#8220;#666666&#8243; outline_custom_hover_background=&#8220;#666666&#8243; outline_custom_hover_text=&#8220;#ffffff&#8220; shape=&#8220;square&#8220; link=&#8220;url:https%3A%2F%2Ftiman.dk%2Fcs%2Fnavody%2F|title:N%C3%A1hradn%C3%AD%20d%C3%ADly|&#8220;][vc_empty_space height=&#8220;30&#8243;][vc_column_text]<\/p>\n<p>+420 778 881 904<\/p>\n<p>[\/vc_column_text][vc_empty_space height=&#8220;60px&#8220;][\/vc_column_inner][\/vc_row_inner]<div class=\"ult-spacer spacer-69f40bb8eb399\" data-id=\"69f40bb8eb399\" data-height=\"120\" data-height-mobile=\"60\" data-height-tab=\"90\" data-height-tab-portrait=\"60\" data-height-mobile-landscape=\"60\" style=\"clear:both;display:block;\"><\/div>[\/vc_column][\/vc_row]<\/p>\n<\/div>","protected":false},"excerpt":{"rendered":"<p>[vc_row full_width=&#8220;stretch_row&#8220;][vc_column][vc_column_text] V-pluh pro Timan 3330 [\/vc_column_text][vc_empty_space height=&#8220;30px&#8220;][vc_separator color=&#8220;custom&#8220; border_width=&#8220;2&#8243; accent_color=&#8220;#f7f7f7&#8243;][vc_empty_space height=&#8220;30px&#8220;][vc_row_inner][vc_column_inner offset=&#8220;vc_col-lg-8 vc_col-md-8 vc_col-xs-12&#8243;][vc_column_text] Flexibiln\u00ed a efektivn\u00ed n\u00e1\u0159ad\u00ed V-pluh je flexibiln\u00ed a \u00fa\u010dinn\u00fd n\u00e1stroj pro odkl\u00edzen\u00ed velk\u00e9ho mno\u017estv\u00ed sn\u011bhu. Je hydraulicky nastaviteln\u00fd a m\u00e1 t\u0159i mo\u017enosti nastaven\u00ed. &nbsp;[\/vc_column_text][vc_empty_space height=&#8220;30px&#8220;][vc_column_text css=&#8220;.vc_custom_1692952362532{background-color: #f7f7f7 !important;}&#8220;] &#8222;Vytvo\u0159en pro dobr\u00e9 v\u00fdsledky. Navr\u017een pro spokojenost s prac\u00ed.&#8220; [\/vc_column_text][vc_empty_space height=&#8220;30px&#8220;][vc_single_image image=&#8220;9240&#8243; &#8230; <a title=\"V-pluh\" class=\"read-more\" href=\"https:\/\/timan.dk\/cs\/nastroje\/naradi-timan-330\/v-pluh\/\" aria-label=\"\u010c\u00edst v\u00edce o V-pluh\">Read more<\/a><\/p>\n","protected":false},"author":1,"featured_media":10207,"parent":10126,"menu_order":40,"comment_status":"closed","ping_status":"closed","template":"","meta":{"_acf_changed":false,"footnotes":""},"categories":[115,117],"class_list":{"0":"post-10205","1":"page","2":"type-page","3":"status-publish","4":"has-post-thumbnail","6":"category-naradi-timan-3330","7":"category-zimni-udrzba-cs"},"acf":[],"yoast_head":"<!-- This site is optimized with the Yoast SEO plugin v27.5 - https:\/\/yoast.com\/product\/yoast-seo-wordpress\/ -->\n<title>V-pluh | Timan A\/S<\/title>\n<meta name=\"robots\" content=\"index, follow, max-snippet:-1, max-image-preview:large, max-video-preview:-1\" \/>\n<link rel=\"canonical\" href=\"https:\/\/timan.dk\/redskaber\/redskaber-til-timan-3330\/v-plov\/\" \/>\n<meta property=\"og:locale\" content=\"cs_CZ\" \/>\n<meta property=\"og:type\" content=\"article\" \/>\n<meta property=\"og:title\" content=\"V-pluh | Timan A\/S\" \/>\n<meta property=\"og:description\" content=\"[vc_row full_width=&#8220;stretch_row&#8220;][vc_column][vc_column_text] V-pluh pro Timan 3330 [\/vc_column_text][vc_empty_space height=&#8220;30px&#8220;][vc_separator color=&#8220;custom&#8220; border_width=&#8220;2&#8243; accent_color=&#8220;#f7f7f7&#8243;][vc_empty_space height=&#8220;30px&#8220;][vc_row_inner][vc_column_inner offset=&#8220;vc_col-lg-8 vc_col-md-8 vc_col-xs-12&#8243;][vc_column_text] Flexibiln\u00ed a efektivn\u00ed n\u00e1\u0159ad\u00ed V-pluh je flexibiln\u00ed a \u00fa\u010dinn\u00fd n\u00e1stroj pro odkl\u00edzen\u00ed velk\u00e9ho mno\u017estv\u00ed sn\u011bhu. Je hydraulicky nastaviteln\u00fd a m\u00e1 t\u0159i mo\u017enosti nastaven\u00ed. &nbsp;[\/vc_column_text][vc_empty_space height=&#8220;30px&#8220;][vc_column_text css=&#8220;.vc_custom_1692952362532{background-color: #f7f7f7 !important;}&#8220;] &#8222;Vytvo\u0159en pro dobr\u00e9 v\u00fdsledky. Navr\u017een pro spokojenost s prac\u00ed.&#8220; [\/vc_column_text][vc_empty_space height=&#8220;30px&#8220;][vc_single_image image=&#8220;9240&#8243; ... Read more\" \/>\n<meta property=\"og:url\" content=\"https:\/\/timan.dk\/redskaber\/redskaber-til-timan-3330\/v-plov\/\" \/>\n<meta property=\"og:site_name\" content=\"Timan A\/S\" \/>\n<meta property=\"article:modified_time\" content=\"2025-09-04T20:25:25+00:00\" \/>\n<meta property=\"og:image\" content=\"https:\/\/timan.dk\/wp-content\/uploads\/2023\/08\/16963-063.jpg\" \/>\n\t<meta property=\"og:image:width\" content=\"1500\" \/>\n\t<meta property=\"og:image:height\" content=\"1000\" \/>\n\t<meta property=\"og:image:type\" content=\"image\/jpeg\" \/>\n<meta name=\"twitter:card\" content=\"summary_large_image\" \/>\n<meta name=\"twitter:label1\" content=\"Odhadovan\u00e1 doba \u010dten\u00ed\" \/>\n\t<meta name=\"twitter:data1\" content=\"7 minut\" \/>\n<script type=\"application\/ld+json\" class=\"yoast-schema-graph\">{\"@context\":\"https:\\\/\\\/schema.org\",\"@graph\":[{\"@type\":\"WebPage\",\"@id\":\"https:\\\/\\\/timan.dk\\\/redskaber\\\/redskaber-til-timan-3330\\\/v-plov\\\/\",\"url\":\"https:\\\/\\\/timan.dk\\\/redskaber\\\/redskaber-til-timan-3330\\\/v-plov\\\/\",\"name\":\"V-pluh | Timan A\\\/S\",\"isPartOf\":{\"@id\":\"https:\\\/\\\/timan.dk\\\/#website\"},\"primaryImageOfPage\":{\"@id\":\"https:\\\/\\\/timan.dk\\\/redskaber\\\/redskaber-til-timan-3330\\\/v-plov\\\/#primaryimage\"},\"image\":{\"@id\":\"https:\\\/\\\/timan.dk\\\/redskaber\\\/redskaber-til-timan-3330\\\/v-plov\\\/#primaryimage\"},\"thumbnailUrl\":\"https:\\\/\\\/timan.dk\\\/wp-content\\\/uploads\\\/2023\\\/08\\\/16963-063.jpg\",\"datePublished\":\"2023-08-23T10:09:15+00:00\",\"dateModified\":\"2025-09-04T20:25:25+00:00\",\"breadcrumb\":{\"@id\":\"https:\\\/\\\/timan.dk\\\/redskaber\\\/redskaber-til-timan-3330\\\/v-plov\\\/#breadcrumb\"},\"inLanguage\":\"cs\",\"potentialAction\":[{\"@type\":\"ReadAction\",\"target\":[\"https:\\\/\\\/timan.dk\\\/redskaber\\\/redskaber-til-timan-3330\\\/v-plov\\\/\"]}]},{\"@type\":\"ImageObject\",\"inLanguage\":\"cs\",\"@id\":\"https:\\\/\\\/timan.dk\\\/redskaber\\\/redskaber-til-timan-3330\\\/v-plov\\\/#primaryimage\",\"url\":\"https:\\\/\\\/timan.dk\\\/wp-content\\\/uploads\\\/2023\\\/08\\\/16963-063.jpg\",\"contentUrl\":\"https:\\\/\\\/timan.dk\\\/wp-content\\\/uploads\\\/2023\\\/08\\\/16963-063.jpg\",\"width\":1500,\"height\":1000},{\"@type\":\"BreadcrumbList\",\"@id\":\"https:\\\/\\\/timan.dk\\\/redskaber\\\/redskaber-til-timan-3330\\\/v-plov\\\/#breadcrumb\",\"itemListElement\":[{\"@type\":\"ListItem\",\"position\":1,\"name\":\"Hjem\",\"item\":\"https:\\\/\\\/timan.dk\\\/cs\\\/\"},{\"@type\":\"ListItem\",\"position\":2,\"name\":\"N\u00e1stroje\",\"item\":\"https:\\\/\\\/timan.dk\\\/cs\\\/nastroje\\\/\"},{\"@type\":\"ListItem\",\"position\":3,\"name\":\"N\u00e1\u0159ad\u00ed pro Timan 3330\",\"item\":\"https:\\\/\\\/timan.dk\\\/redskaber\\\/redskaber-til-timan-3330\\\/\"},{\"@type\":\"ListItem\",\"position\":4,\"name\":\"V-pluh\"}]},{\"@type\":\"WebSite\",\"@id\":\"https:\\\/\\\/timan.dk\\\/#website\",\"url\":\"https:\\\/\\\/timan.dk\\\/\",\"name\":\"Timan A\\\/S\",\"description\":\"Sweepers with collectors, slope mowers, remote-controlled flail mowers in Denmark\",\"publisher\":{\"@id\":\"https:\\\/\\\/timan.dk\\\/#organization\"},\"potentialAction\":[{\"@type\":\"SearchAction\",\"target\":{\"@type\":\"EntryPoint\",\"urlTemplate\":\"https:\\\/\\\/timan.dk\\\/?s={search_term_string}\"},\"query-input\":{\"@type\":\"PropertyValueSpecification\",\"valueRequired\":true,\"valueName\":\"search_term_string\"}}],\"inLanguage\":\"cs\"},{\"@type\":\"Organization\",\"@id\":\"https:\\\/\\\/timan.dk\\\/#organization\",\"name\":\"Timan A\\\/S\",\"url\":\"https:\\\/\\\/timan.dk\\\/\",\"logo\":{\"@type\":\"ImageObject\",\"inLanguage\":\"cs\",\"@id\":\"https:\\\/\\\/timan.dk\\\/#\\\/schema\\\/logo\\\/image\\\/\",\"url\":\"https:\\\/\\\/timan.dk\\\/wp-content\\\/uploads\\\/2023\\\/08\\\/logo-timan-cut.png\",\"contentUrl\":\"https:\\\/\\\/timan.dk\\\/wp-content\\\/uploads\\\/2023\\\/08\\\/logo-timan-cut.png\",\"width\":2048,\"height\":599,\"caption\":\"Timan A\\\/S\"},\"image\":{\"@id\":\"https:\\\/\\\/timan.dk\\\/#\\\/schema\\\/logo\\\/image\\\/\"}}]}<\/script>\n<!-- \/ Yoast SEO plugin. -->","yoast_head_json":{"title":"V-pluh | Timan A\/S","robots":{"index":"index","follow":"follow","max-snippet":"max-snippet:-1","max-image-preview":"max-image-preview:large","max-video-preview":"max-video-preview:-1"},"canonical":"https:\/\/timan.dk\/redskaber\/redskaber-til-timan-3330\/v-plov\/","og_locale":"cs_CZ","og_type":"article","og_title":"V-pluh | Timan A\/S","og_description":"[vc_row full_width=&#8220;stretch_row&#8220;][vc_column][vc_column_text] V-pluh pro Timan 3330 [\/vc_column_text][vc_empty_space height=&#8220;30px&#8220;][vc_separator color=&#8220;custom&#8220; border_width=&#8220;2&#8243; accent_color=&#8220;#f7f7f7&#8243;][vc_empty_space height=&#8220;30px&#8220;][vc_row_inner][vc_column_inner offset=&#8220;vc_col-lg-8 vc_col-md-8 vc_col-xs-12&#8243;][vc_column_text] Flexibiln\u00ed a efektivn\u00ed n\u00e1\u0159ad\u00ed V-pluh je flexibiln\u00ed a \u00fa\u010dinn\u00fd n\u00e1stroj pro odkl\u00edzen\u00ed velk\u00e9ho mno\u017estv\u00ed sn\u011bhu. Je hydraulicky nastaviteln\u00fd a m\u00e1 t\u0159i mo\u017enosti nastaven\u00ed. &nbsp;[\/vc_column_text][vc_empty_space height=&#8220;30px&#8220;][vc_column_text css=&#8220;.vc_custom_1692952362532{background-color: #f7f7f7 !important;}&#8220;] &#8222;Vytvo\u0159en pro dobr\u00e9 v\u00fdsledky. Navr\u017een pro spokojenost s prac\u00ed.&#8220; [\/vc_column_text][vc_empty_space height=&#8220;30px&#8220;][vc_single_image image=&#8220;9240&#8243; ... Read more","og_url":"https:\/\/timan.dk\/redskaber\/redskaber-til-timan-3330\/v-plov\/","og_site_name":"Timan A\/S","article_modified_time":"2025-09-04T20:25:25+00:00","og_image":[{"width":1500,"height":1000,"url":"https:\/\/timan.dk\/wp-content\/uploads\/2023\/08\/16963-063.jpg","type":"image\/jpeg"}],"twitter_card":"summary_large_image","twitter_misc":{"Odhadovan\u00e1 doba \u010dten\u00ed":"7 minut"},"schema":{"@context":"https:\/\/schema.org","@graph":[{"@type":"WebPage","@id":"https:\/\/timan.dk\/redskaber\/redskaber-til-timan-3330\/v-plov\/","url":"https:\/\/timan.dk\/redskaber\/redskaber-til-timan-3330\/v-plov\/","name":"V-pluh | Timan A\/S","isPartOf":{"@id":"https:\/\/timan.dk\/#website"},"primaryImageOfPage":{"@id":"https:\/\/timan.dk\/redskaber\/redskaber-til-timan-3330\/v-plov\/#primaryimage"},"image":{"@id":"https:\/\/timan.dk\/redskaber\/redskaber-til-timan-3330\/v-plov\/#primaryimage"},"thumbnailUrl":"https:\/\/timan.dk\/wp-content\/uploads\/2023\/08\/16963-063.jpg","datePublished":"2023-08-23T10:09:15+00:00","dateModified":"2025-09-04T20:25:25+00:00","breadcrumb":{"@id":"https:\/\/timan.dk\/redskaber\/redskaber-til-timan-3330\/v-plov\/#breadcrumb"},"inLanguage":"cs","potentialAction":[{"@type":"ReadAction","target":["https:\/\/timan.dk\/redskaber\/redskaber-til-timan-3330\/v-plov\/"]}]},{"@type":"ImageObject","inLanguage":"cs","@id":"https:\/\/timan.dk\/redskaber\/redskaber-til-timan-3330\/v-plov\/#primaryimage","url":"https:\/\/timan.dk\/wp-content\/uploads\/2023\/08\/16963-063.jpg","contentUrl":"https:\/\/timan.dk\/wp-content\/uploads\/2023\/08\/16963-063.jpg","width":1500,"height":1000},{"@type":"BreadcrumbList","@id":"https:\/\/timan.dk\/redskaber\/redskaber-til-timan-3330\/v-plov\/#breadcrumb","itemListElement":[{"@type":"ListItem","position":1,"name":"Hjem","item":"https:\/\/timan.dk\/cs\/"},{"@type":"ListItem","position":2,"name":"N\u00e1stroje","item":"https:\/\/timan.dk\/cs\/nastroje\/"},{"@type":"ListItem","position":3,"name":"N\u00e1\u0159ad\u00ed pro Timan 3330","item":"https:\/\/timan.dk\/redskaber\/redskaber-til-timan-3330\/"},{"@type":"ListItem","position":4,"name":"V-pluh"}]},{"@type":"WebSite","@id":"https:\/\/timan.dk\/#website","url":"https:\/\/timan.dk\/","name":"Timan A\/S","description":"Sweepers with collectors, slope mowers, remote-controlled flail mowers in Denmark","publisher":{"@id":"https:\/\/timan.dk\/#organization"},"potentialAction":[{"@type":"SearchAction","target":{"@type":"EntryPoint","urlTemplate":"https:\/\/timan.dk\/?s={search_term_string}"},"query-input":{"@type":"PropertyValueSpecification","valueRequired":true,"valueName":"search_term_string"}}],"inLanguage":"cs"},{"@type":"Organization","@id":"https:\/\/timan.dk\/#organization","name":"Timan A\/S","url":"https:\/\/timan.dk\/","logo":{"@type":"ImageObject","inLanguage":"cs","@id":"https:\/\/timan.dk\/#\/schema\/logo\/image\/","url":"https:\/\/timan.dk\/wp-content\/uploads\/2023\/08\/logo-timan-cut.png","contentUrl":"https:\/\/timan.dk\/wp-content\/uploads\/2023\/08\/logo-timan-cut.png","width":2048,"height":599,"caption":"Timan A\/S"},"image":{"@id":"https:\/\/timan.dk\/#\/schema\/logo\/image\/"}}]}},"_links":{"self":[{"href":"https:\/\/timan.dk\/cs\/wp-json\/wp\/v2\/pages\/10205","targetHints":{"allow":["GET"]}}],"collection":[{"href":"https:\/\/timan.dk\/cs\/wp-json\/wp\/v2\/pages"}],"about":[{"href":"https:\/\/timan.dk\/cs\/wp-json\/wp\/v2\/types\/page"}],"author":[{"embeddable":true,"href":"https:\/\/timan.dk\/cs\/wp-json\/wp\/v2\/users\/1"}],"replies":[{"embeddable":true,"href":"https:\/\/timan.dk\/cs\/wp-json\/wp\/v2\/comments?post=10205"}],"version-history":[{"count":6,"href":"https:\/\/timan.dk\/cs\/wp-json\/wp\/v2\/pages\/10205\/revisions"}],"predecessor-version":[{"id":14205,"href":"https:\/\/timan.dk\/cs\/wp-json\/wp\/v2\/pages\/10205\/revisions\/14205"}],"up":[{"embeddable":true,"href":"https:\/\/timan.dk\/cs\/wp-json\/wp\/v2\/pages\/10126"}],"wp:featuredmedia":[{"embeddable":true,"href":"https:\/\/timan.dk\/cs\/wp-json\/wp\/v2\/media\/10207"}],"wp:attachment":[{"href":"https:\/\/timan.dk\/cs\/wp-json\/wp\/v2\/media?parent=10205"}],"wp:term":[{"taxonomy":"category","embeddable":true,"href":"https:\/\/timan.dk\/cs\/wp-json\/wp\/v2\/categories?post=10205"}],"curies":[{"name":"wp","href":"https:\/\/api.w.org\/{rel}","templated":true}]}}