{"id":10281,"date":"2020-01-01T09:50:41","date_gmt":"2020-01-01T08:50:41","guid":{"rendered":"https:\/\/timan.dk\/hydraulicky-smetak\/"},"modified":"2025-12-01T12:53:45","modified_gmt":"2025-12-01T11:53:45","slug":"hydraulicky-smetak","status":"publish","type":"page","link":"https:\/\/timan.dk\/cs\/nastroje\/nastroje-pro-rc-1000\/hydraulicky-smetak\/","title":{"rendered":"Hydraulick\u00fd smet\u00e1k"},"content":{"rendered":"<div class=\"wpb-content-wrapper\"><p>[vc_row full_width=&#8220;stretch_row&#8220;][vc_column]<div class=\"ult-spacer spacer-69f31cc1128d7\" data-id=\"69f31cc1128d7\" data-height=\"90\" data-height-mobile=\"60\" data-height-tab=\"90\" data-height-tab-portrait=\"60\" data-height-mobile-landscape=\"60\" style=\"clear:both;display:block;\"><\/div>[vc_column_text]<\/p>\n<h2>RC-1000 med hydraulisk kost<\/h2>\n<p>[\/vc_column_text][vc_empty_space height=&#8220;30px&#8220;][vc_separator color=&#8220;custom&#8220; border_width=&#8220;2&#8243; accent_color=&#8220;#f7f7f7&#8243;][vc_empty_space height=&#8220;30px&#8220;][vc_row_inner][vc_column_inner offset=&#8220;vc_col-lg-8 vc_col-md-8 vc_col-xs-12&#8243;][vc_column_text]<\/p>\n<h3>Bezpe\u010dn\u00e9 zimn\u00ed odkl\u00edzen\u00ed na \u00fazk\u00fdch a strm\u00fdch cest\u00e1ch<\/h3>\n<p>\u00dazk\u00e9 a strm\u00e9 cesty mohou b\u00fdt v zimn\u00edm po\u010das\u00ed nebezpe\u010dn\u00e9. S hydraulick\u00fdm kart\u00e1\u010dem namontovan\u00fdm na RC-1000 lze cesty snadno odkl\u00edzet od sn\u011bhu &#8211; z bezpe\u010dn\u00e9 vzd\u00e1lenosti.[\/vc_column_text][vc_empty_space height=&#8220;30px&#8220;][vc_column_text css=&#8220;.vc_custom_1692882086198{background-color: #f7f7f7 !important;}&#8220;]<\/p>\n<blockquote><p>&#8222;Za\u017eijte naprostou kontrolu v ka\u017ed\u00e9 situaci. Bez ohledu na ro\u010dn\u00ed obdob\u00ed a ter\u00e9n.&#8220;<\/p><\/blockquote>\n<p>[\/vc_column_text][vc_empty_space height=&#8220;30px&#8220;][vc_single_image image=&#8220;14858&#8243; img_size=&#8220;full&#8220; css=&#8220;&#8220;][vc_empty_space height=&#8220;15px&#8220;]<div class=\"ult-spacer spacer-69f31cc112925\" data-id=\"69f31cc112925\" data-height=\"0\" data-height-mobile=\"30\" data-height-tab=\"0\" data-height-tab-portrait=\"30\" data-height-mobile-landscape=\"30\" style=\"clear:both;display:block;\"><\/div>[\/vc_column_inner][vc_column_inner offset=&#8220;vc_col-lg-4 vc_col-md-4 vc_col-xs-12&#8243;][vc_column_text el_class=&#8220;custom-sidebar-boks&#8220;]<\/p>\n<h4>Co z\u00edsk\u00e1te:<\/h4>\n<ul>\n<li>Lze pou\u017e\u00edvat po cel\u00fd rok<\/li>\n<li>Snadn\u00e9 a bezpe\u010dn\u00e9 ovl\u00e1d\u00e1n\u00ed<\/li>\n<li>V\u00fdrazn\u011b lep\u0161\u00ed pracovn\u00ed prost\u0159ed\u00ed<\/li>\n<li>\u00daspora \u010dasu a p\u0159epravy dal\u0161\u00edch stroj\u016f<\/li>\n<li>Rychl\u00e1 v\u00fdm\u011bna p\u0159\u00eddavn\u00fdch za\u0159\u00edzen\u00ed<\/li>\n<\/ul>\n<p>[\/vc_column_text][vc_empty_space height=&#8220;30px&#8220;][vc_btn title=&#8220;St\u00e1hnout katalog&#8220; style=&#8220;custom&#8220; custom_background=&#8220;#fc5623&#8243; custom_text=&#8220;#ffffff&#8220; shape=&#8220;square&#8220; align=&#8220;left&#8220; i_align=&#8220;right&#8220; i_icon_fontawesome=&#8220;fas fa-download&#8220; button_block=&#8220;true&#8220; add_icon=&#8220;true&#8220; link=&#8220;url:%2Fwp-content%2Fuploads%2F2023%2F08%2F2102-888-web-timan-rc1000-opslag.pdf|title:St%C3%A1hnout%20katalog|target:_blank|&#8220; el_class=&#8220;custom-farve-btn&#8220;][vc_empty_space height=&#8220;5px&#8220;][vc_btn title=&#8220;Prohl\u00e9dn\u011bte si technick\u00e9 \u00fadaje&#8220; style=&#8220;custom&#8220; custom_background=&#8220;#fc5623&#8243; custom_text=&#8220;#ffffff&#8220; shape=&#8220;square&#8220; align=&#8220;left&#8220; i_align=&#8220;right&#8220; i_icon_fontawesome=&#8220;fas fa-wrench&#8220; button_block=&#8220;true&#8220; add_icon=&#8220;true&#8220; link=&#8220;url:%2Fwp-content%2Fuploads%2F2023%2F08%2F2739-data-rc-1000-hydraulisk-kost-dk.pdf|title:Prohl%C3%A9dn%C4%9Bte%20si%20technick%C3%A9%20%C3%BAdaje|target:_blank|&#8220; el_class=&#8220;custom-farve-btn&#8220;][vc_empty_space height=&#8220;5px&#8220;][vc_btn title=&#8220;RC-1000 videon\u00e1vod&#8220; style=&#8220;custom&#8220; custom_background=&#8220;#fc5623&#8243; custom_text=&#8220;#ffffff&#8220; shape=&#8220;square&#8220; align=&#8220;left&#8220; i_align=&#8220;right&#8220; i_icon_fontawesome=&#8220;fab fa-youtube&#8220; button_block=&#8220;true&#8220; add_icon=&#8220;true&#8220; link=&#8220;url:https%3A%2F%2Fwww.youtube.com%2Fplaylist%3Flist%3DPLfztJcPAXnTBAj5AGxnGoWL3ATejO3C3b|title:Videon%C3%A1vod|target:_blank|&#8220;][vc_empty_space height=&#8220;5px&#8220;][vc_btn title=&#8220;Prohl\u00e9dn\u011bte si RC-1000 n\u00e1\u0159ad\u00ed&#8220; style=&#8220;custom&#8220; custom_background=&#8220;#fc5623&#8243; custom_text=&#8220;#ffffff&#8220; shape=&#8220;square&#8220; align=&#8220;left&#8220; i_align=&#8220;right&#8220; i_icon_fontawesome=&#8220;fas fa-cogs&#8220; button_block=&#8220;true&#8220; add_icon=&#8220;true&#8220; link=&#8220;url:https%3A%2F%2Ftiman.dk%2Fcs%2Fnastroje%2Fnastroje-pro-rc-1000%2F|title:N%C3%A1%C5%99ad%C3%AD%20pro%20RC-1000|&#8220;][vc_empty_space height=&#8220;30px&#8220;][\/vc_column_inner][\/vc_row_inner]<div class=\"ult-spacer spacer-69f31cc11294d\" data-id=\"69f31cc11294d\" data-height=\"90\" data-height-mobile=\"60\" data-height-tab=\"90\" data-height-tab-portrait=\"60\" data-height-mobile-landscape=\"60\" style=\"clear:both;display:block;\"><\/div>[\/vc_column][\/vc_row][vc_row full_width=&#8220;stretch_row&#8220; bg_type=&#8220;bg_color&#8220; seperator_enable=&#8220;seperator_enable_value&#8220; seperator_type=&#8220;xlarge_triangle_left_seperator&#8220; seperator_svg_height=&#8220;60&#8243; seperator_shape_background=&#8220;#ffffff&#8220; height=&#8220;90&#8243; height_on_tabs=&#8220;90&#8243; height_on_tabs_portrait=&#8220;60&#8243; height_on_mob_landscape=&#8220;60&#8243; height_on_mob=&#8220;60&#8243; bg_color_value=&#8220;#ece8e1&#8243;][vc_column]<div class=\"ult-spacer spacer-69f31cc112970\" data-id=\"69f31cc112970\" data-height=\"90\" data-height-mobile=\"60\" data-height-tab=\"90\" data-height-tab-portrait=\"60\" data-height-mobile-landscape=\"60\" style=\"clear:both;display:block;\"><\/div>[\/vc_column][\/vc_row][vc_row full_width=&#8220;stretch_row&#8220; bg_type=&#8220;bg_color&#8220; bg_color_value=&#8220;#ece8e1&#8243;][vc_column css_animation=&#8220;fadeInUp&#8220;]<div class=\"ult-spacer spacer-69f31cc112990\" data-id=\"69f31cc112990\" data-height=\"90\" data-height-mobile=\"60\" data-height-tab=\"90\" data-height-tab-portrait=\"60\" data-height-mobile-landscape=\"60\" style=\"clear:both;display:block;\"><\/div>[vc_row_inner][vc_column_inner][vc_video link=&#8220;https:\/\/youtu.be\/rN_O5KID-BQ&#8220;][\/vc_column_inner][\/vc_row_inner]<div class=\"ult-spacer spacer-69f31cc1129af\" data-id=\"69f31cc1129af\" data-height=\"90\" data-height-mobile=\"60\" data-height-tab=\"90\" data-height-tab-portrait=\"60\" data-height-mobile-landscape=\"60\" style=\"clear:both;display:block;\"><\/div>[\/vc_column][\/vc_row][vc_row full_width=&#8220;stretch_row&#8220; bg_type=&#8220;bg_color&#8220; seperator_enable=&#8220;seperator_enable_value&#8220; seperator_type=&#8220;xlarge_triangle_right_seperator&#8220; seperator_position=&#8220;bottom_seperator&#8220; seperator_svg_height=&#8220;60&#8243; seperator_shape_background=&#8220;#ffffff&#8220; height=&#8220;90&#8243; height_on_tabs=&#8220;90&#8243; height_on_tabs_portrait=&#8220;60&#8243; height_on_mob_landscape=&#8220;60&#8243; height_on_mob=&#8220;60&#8243; bg_color_value=&#8220;#ece8e1&#8243;][vc_column]<div class=\"ult-spacer spacer-69f31cc1129cc\" data-id=\"69f31cc1129cc\" data-height=\"90\" data-height-mobile=\"60\" data-height-tab=\"90\" data-height-tab-portrait=\"60\" data-height-mobile-landscape=\"60\" style=\"clear:both;display:block;\"><\/div>[\/vc_column][\/vc_row][vc_row full_width=&#8220;stretch_row&#8220;][vc_column css_animation=&#8220;fadeIn&#8220; css=&#8220;.vc_custom_1691106517578{padding-top: 0px !important;}&#8220;]<div class=\"ult-spacer spacer-69f31cc1129e8\" data-id=\"69f31cc1129e8\" data-height=\"90\" data-height-mobile=\"60\" data-height-tab=\"90\" data-height-tab-portrait=\"60\" data-height-mobile-landscape=\"60\" style=\"clear:both;display:block;\"><\/div>[vc_row_inner equal_height=&#8220;yes&#8220;][vc_column_inner offset=&#8220;vc_col-lg-6 vc_col-md-6 vc_col-xs-12&#8243;][vc_column_text]<\/p>\n<h3>Efektivn\u00ed \u00faklid a v\u00fdm\u011bna n\u00e1\u0159ad\u00ed<\/h3>\n<p>[\/vc_column_text][vc_empty_space height=&#8220;30px&#8220;][vc_separator color=&#8220;custom&#8220; border_width=&#8220;2&#8243; accent_color=&#8220;#f7f7f7&#8243;][vc_empty_space height=&#8220;30px&#8220;][vc_column_text]Pokud jste pracovali na sek\u00e1n\u00ed ko\u0159en\u016f nebo tr\u00e1vy v bl\u00edzkosti zpevn\u011bn\u00fdch ploch, ko\u0161t\u011b rychle a snadno vy\u010dist\u00ed plochu od tr\u00e1vy nebo \u0161t\u011bpky a zanech\u00e1 pracovn\u00ed plochu \u010distou a uklizenou s perfektn\u00edm v\u00fdsledkem.<\/p>\n<p>U\u0161et\u0159\u00edte si p\u0159epravu dal\u0161\u00edho stroje, proto\u017ee m\u016f\u017eete rychle p\u0159epnout ze seka\u010dky na tr\u00e1vu nebo z pa\u0159ezov\u00e9 fr\u00e9zy na hydraulick\u00fd kart\u00e1\u010d..<\/p>\n<p>&nbsp;<\/p>\n<p><strong>\u00daspora \u010dasu a p\u0159epravy dal\u0161\u00edho stroje<\/strong><\/p>\n<ul>\n<li>Zanech\u00e1v\u00e1 plochu v uklizen\u00e9m stavu<\/li>\n<li>Snadn\u00e1 v\u00fdm\u011bna p\u0159\u00eddavn\u00e9ho za\u0159\u00edzen\u00ed<\/li>\n<\/ul>\n<p>[\/vc_column_text]<div class=\"ult-spacer spacer-69f31cc112a05\" data-id=\"69f31cc112a05\" data-height=\"0\" data-height-mobile=\"30\" data-height-tab=\"0\" data-height-tab-portrait=\"0\" data-height-mobile-landscape=\"30\" style=\"clear:both;display:block;\"><\/div>[\/vc_column_inner][vc_column_inner css=&#8220;.vc_custom_1692882053561{margin-right: 30px !important;margin-left: 30px !important;background-image: url(https:\/\/timan.dk\/wp-content\/uploads\/2023\/08\/kost-hydraulisk-feje-sne-fjernstyret-rc-1000-16616.jpg?id=6966) !important;background-position: center !important;background-repeat: no-repeat !important;background-size: cover !important;}&#8220; offset=&#8220;vc_col-lg-6 vc_col-md-6 vc_col-xs-12&#8243;]<div class=\"ult-spacer spacer-69f31cc112a2a\" data-id=\"69f31cc112a2a\" data-height=\"0\" data-height-mobile=\"300\" data-height-tab=\"0\" data-height-tab-portrait=\"300\" data-height-mobile-landscape=\"300\" style=\"clear:both;display:block;\"><\/div>[\/vc_column_inner][\/vc_row_inner]<div class=\"ult-spacer spacer-69f31cc112a47\" data-id=\"69f31cc112a47\" data-height=\"90\" data-height-mobile=\"60\" data-height-tab=\"90\" data-height-tab-portrait=\"60\" data-height-mobile-landscape=\"60\" style=\"clear:both;display:block;\"><\/div>[\/vc_column][\/vc_row][vc_row full_width=&#8220;stretch_row&#8220; bg_type=&#8220;bg_color&#8220; seperator_enable=&#8220;seperator_enable_value&#8220; seperator_type=&#8220;xlarge_triangle_left_seperator&#8220; seperator_svg_height=&#8220;60&#8243; seperator_shape_background=&#8220;#ffffff&#8220; height=&#8220;90&#8243; height_on_tabs=&#8220;90&#8243; height_on_tabs_portrait=&#8220;60&#8243; height_on_mob_landscape=&#8220;60&#8243; height_on_mob=&#8220;60&#8243; bg_color_value=&#8220;#ece8e1&#8243;][vc_column]<div class=\"ult-spacer spacer-69f31cc112a61\" data-id=\"69f31cc112a61\" data-height=\"90\" data-height-mobile=\"60\" data-height-tab=\"90\" data-height-tab-portrait=\"60\" data-height-mobile-landscape=\"60\" style=\"clear:both;display:block;\"><\/div>[\/vc_column][\/vc_row][vc_row full_width=&#8220;stretch_row&#8220; el_class=&#8220;overlay white cta parallax&#8220; css=&#8220;.vc_custom_1691133202809{background-image: url(https:\/\/timan.dk\/wp-content\/uploads\/2023\/08\/16966-116.jpg?id=5540) !important;background-position: center !important;background-repeat: no-repeat !important;background-size: cover !important;}&#8220;][vc_column]<div class=\"ult-spacer spacer-69f31cc112a7b\" data-id=\"69f31cc112a7b\" data-height=\"90\" data-height-mobile=\"60\" data-height-tab=\"90\" data-height-tab-portrait=\"60\" data-height-mobile-landscape=\"60\" style=\"clear:both;display:block;\"><\/div>[vc_row_inner][vc_column_inner width=&#8220;1\/4&#8243;][\/vc_column_inner][vc_column_inner width=&#8220;1\/2&#8243;][vc_column_text]<\/p>\n<h6 style=\"text-align: center;\">Nena\u0161li jste, co pot\u0159ebujete?<\/h6>\n<h3 style=\"text-align: center;\">Kontaktujte n\u00e1s je\u0161t\u011b dnes<\/h3>\n<p style=\"text-align: center;\">Pokud jste nena\u0161li \u0159e\u0161en\u00ed, kter\u00e9 pot\u0159ebujete, kontaktujte n\u00e1s na telefonn\u00edm \u010d\u00edsle <a href=\"tel:+420 777 468 938\">+420 777 468 938<\/a> nebo n\u00e1m napi\u0161te e-mail na adresu <a href=\"mailto:info@avistech.cz\">info@avistech.cz<\/a>, kde jsme p\u0159ipraveni v\u00e1m pomoci.<\/p>\n<p style=\"text-align: center;\">T\u011b\u0161\u00edme se na va\u0161e dotazy.<\/p>\n<p>[\/vc_column_text][vc_empty_space height=&#8220;30px&#8220;][vc_btn title=&#8220;Kontaktujte n\u00e1s&#8220; style=&#8220;custom&#8220; custom_background=&#8220;#fc5623&#8243; custom_text=&#8220;#ffffff&#8220; shape=&#8220;square&#8220; align=&#8220;center&#8220; link=&#8220;url:https%3A%2F%2Ftiman.dk%2Fcs%2Fkontakt%2F|title:Kontakt|&#8220;][\/vc_column_inner][vc_column_inner width=&#8220;1\/4&#8243;][\/vc_column_inner][\/vc_row_inner]<div class=\"ult-spacer spacer-69f31cc112a95\" data-id=\"69f31cc112a95\" data-height=\"90\" data-height-mobile=\"60\" data-height-tab=\"90\" data-height-tab-portrait=\"60\" data-height-mobile-landscape=\"60\" style=\"clear:both;display:block;\"><\/div>[\/vc_column][\/vc_row]<\/p>\n<\/div>","protected":false},"excerpt":{"rendered":"<p>[vc_row full_width=&#8220;stretch_row&#8220;][vc_column][vc_column_text] RC-1000 med hydraulisk kost [\/vc_column_text][vc_empty_space height=&#8220;30px&#8220;][vc_separator color=&#8220;custom&#8220; border_width=&#8220;2&#8243; accent_color=&#8220;#f7f7f7&#8243;][vc_empty_space height=&#8220;30px&#8220;][vc_row_inner][vc_column_inner offset=&#8220;vc_col-lg-8 vc_col-md-8 vc_col-xs-12&#8243;][vc_column_text] Bezpe\u010dn\u00e9 zimn\u00ed odkl\u00edzen\u00ed na \u00fazk\u00fdch a strm\u00fdch cest\u00e1ch \u00dazk\u00e9 a strm\u00e9 cesty mohou b\u00fdt v zimn\u00edm po\u010das\u00ed nebezpe\u010dn\u00e9. S hydraulick\u00fdm kart\u00e1\u010dem namontovan\u00fdm na RC-1000 lze cesty snadno odkl\u00edzet od sn\u011bhu &#8211; z bezpe\u010dn\u00e9 vzd\u00e1lenosti.[\/vc_column_text][vc_empty_space height=&#8220;30px&#8220;][vc_column_text css=&#8220;.vc_custom_1692882086198{background-color: #f7f7f7 !important;}&#8220;] &#8222;Za\u017eijte naprostou &#8230; <a title=\"Hydraulick\u00fd smet\u00e1k\" class=\"read-more\" href=\"https:\/\/timan.dk\/cs\/nastroje\/nastroje-pro-rc-1000\/hydraulicky-smetak\/\" aria-label=\"\u010c\u00edst v\u00edce o Hydraulick\u00fd smet\u00e1k\">Read more<\/a><\/p>\n","protected":false},"author":1,"featured_media":14858,"parent":10435,"menu_order":35,"comment_status":"closed","ping_status":"closed","template":"","meta":{"_acf_changed":false,"footnotes":""},"categories":[119,121],"class_list":{"0":"post-10281","1":"page","2":"type-page","3":"status-publish","4":"has-post-thumbnail","6":"category-nastroje-rc-1000","7":"category-zimni-udrzba-cs-2"},"acf":[],"yoast_head":"<!-- This site is optimized with the Yoast SEO plugin v27.5 - https:\/\/yoast.com\/product\/yoast-seo-wordpress\/ -->\n<title>Hydraulick\u00fd smet\u00e1k | Timan A\/S<\/title>\n<meta name=\"robots\" content=\"index, follow, max-snippet:-1, max-image-preview:large, max-video-preview:-1\" \/>\n<link rel=\"canonical\" href=\"https:\/\/timan.dk\/cs\/nastroje\/nastroje-pro-rc-1000\/hydraulicky-smetak\/\" \/>\n<meta property=\"og:locale\" content=\"cs_CZ\" \/>\n<meta property=\"og:type\" content=\"article\" \/>\n<meta property=\"og:title\" content=\"Hydraulick\u00fd smet\u00e1k | Timan A\/S\" \/>\n<meta property=\"og:description\" content=\"[vc_row full_width=&#8220;stretch_row&#8220;][vc_column][vc_column_text] RC-1000 med hydraulisk kost [\/vc_column_text][vc_empty_space height=&#8220;30px&#8220;][vc_separator color=&#8220;custom&#8220; border_width=&#8220;2&#8243; accent_color=&#8220;#f7f7f7&#8243;][vc_empty_space height=&#8220;30px&#8220;][vc_row_inner][vc_column_inner offset=&#8220;vc_col-lg-8 vc_col-md-8 vc_col-xs-12&#8243;][vc_column_text] Bezpe\u010dn\u00e9 zimn\u00ed odkl\u00edzen\u00ed na \u00fazk\u00fdch a strm\u00fdch cest\u00e1ch \u00dazk\u00e9 a strm\u00e9 cesty mohou b\u00fdt v zimn\u00edm po\u010das\u00ed nebezpe\u010dn\u00e9. S hydraulick\u00fdm kart\u00e1\u010dem namontovan\u00fdm na RC-1000 lze cesty snadno odkl\u00edzet od sn\u011bhu &#8211; z bezpe\u010dn\u00e9 vzd\u00e1lenosti.[\/vc_column_text][vc_empty_space height=&#8220;30px&#8220;][vc_column_text css=&#8220;.vc_custom_1692882086198{background-color: #f7f7f7 !important;}&#8220;] &#8222;Za\u017eijte naprostou ... Read more\" \/>\n<meta property=\"og:url\" content=\"https:\/\/timan.dk\/cs\/nastroje\/nastroje-pro-rc-1000\/hydraulicky-smetak\/\" \/>\n<meta property=\"og:site_name\" content=\"Timan A\/S\" \/>\n<meta property=\"article:modified_time\" content=\"2025-12-01T11:53:45+00:00\" \/>\n<meta property=\"og:image\" content=\"https:\/\/timan.dk\/wp-content\/uploads\/2025\/12\/1g7a7795-scaled.jpg\" \/>\n\t<meta property=\"og:image:width\" content=\"2048\" \/>\n\t<meta property=\"og:image:height\" content=\"1365\" \/>\n\t<meta property=\"og:image:type\" content=\"image\/jpeg\" \/>\n<meta name=\"twitter:card\" content=\"summary_large_image\" \/>\n<meta name=\"twitter:label1\" content=\"Odhadovan\u00e1 doba \u010dten\u00ed\" \/>\n\t<meta name=\"twitter:data1\" content=\"7 minut\" \/>\n<script type=\"application\/ld+json\" class=\"yoast-schema-graph\">{\"@context\":\"https:\\\/\\\/schema.org\",\"@graph\":[{\"@type\":\"WebPage\",\"@id\":\"https:\\\/\\\/timan.dk\\\/cs\\\/nastroje\\\/nastroje-pro-rc-1000\\\/hydraulicky-smetak\\\/\",\"url\":\"https:\\\/\\\/timan.dk\\\/cs\\\/nastroje\\\/nastroje-pro-rc-1000\\\/hydraulicky-smetak\\\/\",\"name\":\"Hydraulick\u00fd smet\u00e1k | Timan A\\\/S\",\"isPartOf\":{\"@id\":\"https:\\\/\\\/timan.dk\\\/#website\"},\"primaryImageOfPage\":{\"@id\":\"https:\\\/\\\/timan.dk\\\/cs\\\/nastroje\\\/nastroje-pro-rc-1000\\\/hydraulicky-smetak\\\/#primaryimage\"},\"image\":{\"@id\":\"https:\\\/\\\/timan.dk\\\/cs\\\/nastroje\\\/nastroje-pro-rc-1000\\\/hydraulicky-smetak\\\/#primaryimage\"},\"thumbnailUrl\":\"https:\\\/\\\/timan.dk\\\/wp-content\\\/uploads\\\/2025\\\/12\\\/1g7a7795-scaled.jpg\",\"datePublished\":\"2020-01-01T08:50:41+00:00\",\"dateModified\":\"2025-12-01T11:53:45+00:00\",\"breadcrumb\":{\"@id\":\"https:\\\/\\\/timan.dk\\\/cs\\\/nastroje\\\/nastroje-pro-rc-1000\\\/hydraulicky-smetak\\\/#breadcrumb\"},\"inLanguage\":\"cs\",\"potentialAction\":[{\"@type\":\"ReadAction\",\"target\":[\"https:\\\/\\\/timan.dk\\\/cs\\\/nastroje\\\/nastroje-pro-rc-1000\\\/hydraulicky-smetak\\\/\"]}]},{\"@type\":\"ImageObject\",\"inLanguage\":\"cs\",\"@id\":\"https:\\\/\\\/timan.dk\\\/cs\\\/nastroje\\\/nastroje-pro-rc-1000\\\/hydraulicky-smetak\\\/#primaryimage\",\"url\":\"https:\\\/\\\/timan.dk\\\/wp-content\\\/uploads\\\/2025\\\/12\\\/1g7a7795-scaled.jpg\",\"contentUrl\":\"https:\\\/\\\/timan.dk\\\/wp-content\\\/uploads\\\/2025\\\/12\\\/1g7a7795-scaled.jpg\",\"width\":2048,\"height\":1365,\"caption\":\"Timan Snow brush\"},{\"@type\":\"BreadcrumbList\",\"@id\":\"https:\\\/\\\/timan.dk\\\/cs\\\/nastroje\\\/nastroje-pro-rc-1000\\\/hydraulicky-smetak\\\/#breadcrumb\",\"itemListElement\":[{\"@type\":\"ListItem\",\"position\":1,\"name\":\"Hjem\",\"item\":\"https:\\\/\\\/timan.dk\\\/cs\\\/\"},{\"@type\":\"ListItem\",\"position\":2,\"name\":\"N\u00e1stroje\",\"item\":\"https:\\\/\\\/timan.dk\\\/cs\\\/nastroje\\\/\"},{\"@type\":\"ListItem\",\"position\":3,\"name\":\"N\u00e1stroje pro RC-1000s\",\"item\":\"https:\\\/\\\/timan.dk\\\/cs\\\/nastroje\\\/nastroje-pro-rc-1000\\\/\"},{\"@type\":\"ListItem\",\"position\":4,\"name\":\"Hydraulick\u00fd smet\u00e1k\"}]},{\"@type\":\"WebSite\",\"@id\":\"https:\\\/\\\/timan.dk\\\/#website\",\"url\":\"https:\\\/\\\/timan.dk\\\/\",\"name\":\"Timan A\\\/S\",\"description\":\"Sweepers with collectors, slope mowers, remote-controlled flail mowers in Denmark\",\"publisher\":{\"@id\":\"https:\\\/\\\/timan.dk\\\/#organization\"},\"potentialAction\":[{\"@type\":\"SearchAction\",\"target\":{\"@type\":\"EntryPoint\",\"urlTemplate\":\"https:\\\/\\\/timan.dk\\\/?s={search_term_string}\"},\"query-input\":{\"@type\":\"PropertyValueSpecification\",\"valueRequired\":true,\"valueName\":\"search_term_string\"}}],\"inLanguage\":\"cs\"},{\"@type\":\"Organization\",\"@id\":\"https:\\\/\\\/timan.dk\\\/#organization\",\"name\":\"Timan A\\\/S\",\"url\":\"https:\\\/\\\/timan.dk\\\/\",\"logo\":{\"@type\":\"ImageObject\",\"inLanguage\":\"cs\",\"@id\":\"https:\\\/\\\/timan.dk\\\/#\\\/schema\\\/logo\\\/image\\\/\",\"url\":\"https:\\\/\\\/timan.dk\\\/wp-content\\\/uploads\\\/2023\\\/08\\\/logo-timan-cut.png\",\"contentUrl\":\"https:\\\/\\\/timan.dk\\\/wp-content\\\/uploads\\\/2023\\\/08\\\/logo-timan-cut.png\",\"width\":2048,\"height\":599,\"caption\":\"Timan A\\\/S\"},\"image\":{\"@id\":\"https:\\\/\\\/timan.dk\\\/#\\\/schema\\\/logo\\\/image\\\/\"}}]}<\/script>\n<!-- \/ Yoast SEO plugin. -->","yoast_head_json":{"title":"Hydraulick\u00fd smet\u00e1k | Timan A\/S","robots":{"index":"index","follow":"follow","max-snippet":"max-snippet:-1","max-image-preview":"max-image-preview:large","max-video-preview":"max-video-preview:-1"},"canonical":"https:\/\/timan.dk\/cs\/nastroje\/nastroje-pro-rc-1000\/hydraulicky-smetak\/","og_locale":"cs_CZ","og_type":"article","og_title":"Hydraulick\u00fd smet\u00e1k | Timan A\/S","og_description":"[vc_row full_width=&#8220;stretch_row&#8220;][vc_column][vc_column_text] RC-1000 med hydraulisk kost [\/vc_column_text][vc_empty_space height=&#8220;30px&#8220;][vc_separator color=&#8220;custom&#8220; border_width=&#8220;2&#8243; accent_color=&#8220;#f7f7f7&#8243;][vc_empty_space height=&#8220;30px&#8220;][vc_row_inner][vc_column_inner offset=&#8220;vc_col-lg-8 vc_col-md-8 vc_col-xs-12&#8243;][vc_column_text] Bezpe\u010dn\u00e9 zimn\u00ed odkl\u00edzen\u00ed na \u00fazk\u00fdch a strm\u00fdch cest\u00e1ch \u00dazk\u00e9 a strm\u00e9 cesty mohou b\u00fdt v zimn\u00edm po\u010das\u00ed nebezpe\u010dn\u00e9. S hydraulick\u00fdm kart\u00e1\u010dem namontovan\u00fdm na RC-1000 lze cesty snadno odkl\u00edzet od sn\u011bhu &#8211; z bezpe\u010dn\u00e9 vzd\u00e1lenosti.[\/vc_column_text][vc_empty_space height=&#8220;30px&#8220;][vc_column_text css=&#8220;.vc_custom_1692882086198{background-color: #f7f7f7 !important;}&#8220;] &#8222;Za\u017eijte naprostou ... Read more","og_url":"https:\/\/timan.dk\/cs\/nastroje\/nastroje-pro-rc-1000\/hydraulicky-smetak\/","og_site_name":"Timan A\/S","article_modified_time":"2025-12-01T11:53:45+00:00","og_image":[{"width":2048,"height":1365,"url":"https:\/\/timan.dk\/wp-content\/uploads\/2025\/12\/1g7a7795-scaled.jpg","type":"image\/jpeg"}],"twitter_card":"summary_large_image","twitter_misc":{"Odhadovan\u00e1 doba \u010dten\u00ed":"7 minut"},"schema":{"@context":"https:\/\/schema.org","@graph":[{"@type":"WebPage","@id":"https:\/\/timan.dk\/cs\/nastroje\/nastroje-pro-rc-1000\/hydraulicky-smetak\/","url":"https:\/\/timan.dk\/cs\/nastroje\/nastroje-pro-rc-1000\/hydraulicky-smetak\/","name":"Hydraulick\u00fd smet\u00e1k | Timan A\/S","isPartOf":{"@id":"https:\/\/timan.dk\/#website"},"primaryImageOfPage":{"@id":"https:\/\/timan.dk\/cs\/nastroje\/nastroje-pro-rc-1000\/hydraulicky-smetak\/#primaryimage"},"image":{"@id":"https:\/\/timan.dk\/cs\/nastroje\/nastroje-pro-rc-1000\/hydraulicky-smetak\/#primaryimage"},"thumbnailUrl":"https:\/\/timan.dk\/wp-content\/uploads\/2025\/12\/1g7a7795-scaled.jpg","datePublished":"2020-01-01T08:50:41+00:00","dateModified":"2025-12-01T11:53:45+00:00","breadcrumb":{"@id":"https:\/\/timan.dk\/cs\/nastroje\/nastroje-pro-rc-1000\/hydraulicky-smetak\/#breadcrumb"},"inLanguage":"cs","potentialAction":[{"@type":"ReadAction","target":["https:\/\/timan.dk\/cs\/nastroje\/nastroje-pro-rc-1000\/hydraulicky-smetak\/"]}]},{"@type":"ImageObject","inLanguage":"cs","@id":"https:\/\/timan.dk\/cs\/nastroje\/nastroje-pro-rc-1000\/hydraulicky-smetak\/#primaryimage","url":"https:\/\/timan.dk\/wp-content\/uploads\/2025\/12\/1g7a7795-scaled.jpg","contentUrl":"https:\/\/timan.dk\/wp-content\/uploads\/2025\/12\/1g7a7795-scaled.jpg","width":2048,"height":1365,"caption":"Timan Snow brush"},{"@type":"BreadcrumbList","@id":"https:\/\/timan.dk\/cs\/nastroje\/nastroje-pro-rc-1000\/hydraulicky-smetak\/#breadcrumb","itemListElement":[{"@type":"ListItem","position":1,"name":"Hjem","item":"https:\/\/timan.dk\/cs\/"},{"@type":"ListItem","position":2,"name":"N\u00e1stroje","item":"https:\/\/timan.dk\/cs\/nastroje\/"},{"@type":"ListItem","position":3,"name":"N\u00e1stroje pro RC-1000s","item":"https:\/\/timan.dk\/cs\/nastroje\/nastroje-pro-rc-1000\/"},{"@type":"ListItem","position":4,"name":"Hydraulick\u00fd smet\u00e1k"}]},{"@type":"WebSite","@id":"https:\/\/timan.dk\/#website","url":"https:\/\/timan.dk\/","name":"Timan A\/S","description":"Sweepers with collectors, slope mowers, remote-controlled flail mowers in Denmark","publisher":{"@id":"https:\/\/timan.dk\/#organization"},"potentialAction":[{"@type":"SearchAction","target":{"@type":"EntryPoint","urlTemplate":"https:\/\/timan.dk\/?s={search_term_string}"},"query-input":{"@type":"PropertyValueSpecification","valueRequired":true,"valueName":"search_term_string"}}],"inLanguage":"cs"},{"@type":"Organization","@id":"https:\/\/timan.dk\/#organization","name":"Timan A\/S","url":"https:\/\/timan.dk\/","logo":{"@type":"ImageObject","inLanguage":"cs","@id":"https:\/\/timan.dk\/#\/schema\/logo\/image\/","url":"https:\/\/timan.dk\/wp-content\/uploads\/2023\/08\/logo-timan-cut.png","contentUrl":"https:\/\/timan.dk\/wp-content\/uploads\/2023\/08\/logo-timan-cut.png","width":2048,"height":599,"caption":"Timan A\/S"},"image":{"@id":"https:\/\/timan.dk\/#\/schema\/logo\/image\/"}}]}},"_links":{"self":[{"href":"https:\/\/timan.dk\/cs\/wp-json\/wp\/v2\/pages\/10281","targetHints":{"allow":["GET"]}}],"collection":[{"href":"https:\/\/timan.dk\/cs\/wp-json\/wp\/v2\/pages"}],"about":[{"href":"https:\/\/timan.dk\/cs\/wp-json\/wp\/v2\/types\/page"}],"author":[{"embeddable":true,"href":"https:\/\/timan.dk\/cs\/wp-json\/wp\/v2\/users\/1"}],"replies":[{"embeddable":true,"href":"https:\/\/timan.dk\/cs\/wp-json\/wp\/v2\/comments?post=10281"}],"version-history":[{"count":8,"href":"https:\/\/timan.dk\/cs\/wp-json\/wp\/v2\/pages\/10281\/revisions"}],"predecessor-version":[{"id":14864,"href":"https:\/\/timan.dk\/cs\/wp-json\/wp\/v2\/pages\/10281\/revisions\/14864"}],"up":[{"embeddable":true,"href":"https:\/\/timan.dk\/cs\/wp-json\/wp\/v2\/pages\/10435"}],"wp:featuredmedia":[{"embeddable":true,"href":"https:\/\/timan.dk\/cs\/wp-json\/wp\/v2\/media\/14858"}],"wp:attachment":[{"href":"https:\/\/timan.dk\/cs\/wp-json\/wp\/v2\/media?parent=10281"}],"wp:term":[{"taxonomy":"category","embeddable":true,"href":"https:\/\/timan.dk\/cs\/wp-json\/wp\/v2\/categories?post=10281"}],"curies":[{"name":"wp","href":"https:\/\/api.w.org\/{rel}","templated":true}]}}