{"id":10435,"date":"2023-08-03T12:39:03","date_gmt":"2023-08-03T10:39:03","guid":{"rendered":"https:\/\/timan.dk\/?page_id=10435"},"modified":"2025-05-14T14:53:35","modified_gmt":"2025-05-14T12:53:35","slug":"nastroje-pro-rc-1000","status":"publish","type":"page","link":"https:\/\/timan.dk\/cs\/nastroje\/nastroje-pro-rc-1000\/","title":{"rendered":"N\u00e1stroje pro RC-1000s"},"content":{"rendered":"<div class=\"wpb-content-wrapper\"><p>[vc_row full_width=&#8220;stretch_row&#8220;][vc_column]<div class=\"ult-spacer spacer-69f3b5e5c920d\" data-id=\"69f3b5e5c920d\" data-height=\"90\" data-height-mobile=\"60\" data-height-tab=\"90\" data-height-tab-portrait=\"60\" data-height-mobile-landscape=\"60\" style=\"clear:both;display:block;\"><\/div>[vc_column_text css=&#8220;&#8220;]<\/p>\n<h2>N\u00e1\u0161 kompletn\u00ed seznam n\u00e1stroj\u016f RC-1000s<\/h2>\n<p>[\/vc_column_text][vc_empty_space height=&#8220;30px&#8220;][vc_separator color=&#8220;custom&#8220; border_width=&#8220;2&#8243; accent_color=&#8220;#f7f7f7&#8243;][vc_empty_space height=&#8220;30px&#8220;][vc_row_inner][vc_column_inner offset=&#8220;vc_col-lg-8 vc_col-md-8 vc_col-xs-12&#8243;][vc_column_text css=&#8220;&#8220;]<\/p>\n<h3>Zde si m\u016f\u017eete prohl\u00e9dnout seznam na\u0161eho n\u00e1\u0159ad\u00ed<\/h3>\n<p>Zde najdete p\u0159ehled na\u0161eho n\u00e1\u0159ad\u00ed pro RC-1000s. N\u00e1\u0159ad\u00ed je rozd\u011bleno do kategori\u00ed tak, abyste sn\u00e1ze na\u0161li p\u0159esn\u011b to, kter\u00e9 pot\u0159ebujete.[\/vc_column_text][vc_empty_space height=&#8220;30px&#8220;][vc_column_text css=&#8220;.vc_custom_1691141148535{background-color: #f7f7f7 !important;}&#8220;]<\/p>\n<blockquote><p>Za ka\u017ed\u00fdm strojem Timan stoj\u00ed d\u00e1nsk\u00e1 kvalita a \u0159emesln\u00e1 zru\u010dnost<\/p><\/blockquote>\n<p>[\/vc_column_text]<div class=\"ult-spacer spacer-69f3b5e5c9255\" data-id=\"69f3b5e5c9255\" data-height=\"0\" data-height-mobile=\"30\" data-height-tab=\"0\" data-height-tab-portrait=\"30\" data-height-mobile-landscape=\"30\" style=\"clear:both;display:block;\"><\/div>[\/vc_column_inner][vc_column_inner offset=&#8220;vc_col-lg-4 vc_col-md-4 vc_col-xs-12&#8243;][vc_btn title=&#8220;Zobrazit prodejce&#8220; style=&#8220;custom&#8220; custom_background=&#8220;#fc5623&#8243; custom_text=&#8220;#ffffff&#8220; shape=&#8220;square&#8220; align=&#8220;left&#8220; button_block=&#8220;true&#8220; link=&#8220;url:https%3A%2F%2Ftiman.dk%2Fforhandlere%2F|title:Prodejci|&#8220;][vc_empty_space height=&#8220;5px&#8220;][vc_btn title=&#8220;Objedn\u00e1vka n\u00e1hradn\u00edch d\u00edl\u016f&#8220; style=&#8220;custom&#8220; custom_background=&#8220;#fc5623&#8243; custom_text=&#8220;#ffffff&#8220; shape=&#8220;square&#8220; align=&#8220;left&#8220; button_block=&#8220;true&#8220; link=&#8220;url:https%3A%2F%2Fcloud.interactivespares.com%2Ftiman%2Fcategorie%2F1000%2B-%2BTool-Trac|title:N%C3%A1hradn%C3%AD%20d%C3%ADly|target:_blank|&#8220;][\/vc_column_inner][\/vc_row_inner][\/vc_column][\/vc_row][vc_row full_width=&#8220;stretch_row&#8220;][vc_column]<div class=\"ult-spacer spacer-69f3b5e5c927b\" data-id=\"69f3b5e5c927b\" data-height=\"90\" data-height-mobile=\"60\" data-height-tab=\"90\" data-height-tab-portrait=\"60\" data-height-mobile-landscape=\"60\" style=\"clear:both;display:block;\"><\/div>[vc_basic_grid post_type=&#8220;page&#8220; max_items=&#8220;-1&#8243; show_filter=&#8220;yes&#8220; gap=&#8220;15&#8243; order=&#8220;ASC&#8220; filter_style=&#8220;bordered&#8220; filter_default_title=&#8220;Alle&#8220; filter_align=&#8220;left&#8220; item=&#8220;487&#8243; grid_id=&#8220;vc_gid:1747227185884-065f8ae6-84d9-1&#8243; taxonomies=&#8220;39&#8243; filter_source=&#8220;category&#8220; exclude_filter=&#8220;39&#8243;]<div class=\"ult-spacer spacer-69f3b5e5c929b\" data-id=\"69f3b5e5c929b\" data-height=\"90\" data-height-mobile=\"60\" data-height-tab=\"90\" data-height-tab-portrait=\"60\" data-height-mobile-landscape=\"60\" style=\"clear:both;display:block;\"><\/div>[\/vc_column][\/vc_row][vc_row full_width=&#8220;stretch_row&#8220; bg_type=&#8220;bg_color&#8220; seperator_enable=&#8220;seperator_enable_value&#8220; seperator_type=&#8220;xlarge_triangle_left_seperator&#8220; seperator_svg_height=&#8220;60&#8243; seperator_shape_background=&#8220;#ffffff&#8220; height=&#8220;90&#8243; height_on_tabs=&#8220;90&#8243; height_on_tabs_portrait=&#8220;60&#8243; height_on_mob_landscape=&#8220;60&#8243; height_on_mob=&#8220;60&#8243; bg_color_value=&#8220;#ece8e1&#8243;][vc_column]<div class=\"ult-spacer spacer-69f3b5e5c92bd\" data-id=\"69f3b5e5c92bd\" data-height=\"90\" data-height-mobile=\"60\" data-height-tab=\"90\" data-height-tab-portrait=\"60\" data-height-mobile-landscape=\"60\" style=\"clear:both;display:block;\"><\/div>[\/vc_column][\/vc_row][vc_row full_width=&#8220;stretch_row&#8220; el_class=&#8220;overlay white cta parallax&#8220; css=&#8220;.vc_custom_1691133202809{background-image: url(https:\/\/timan.dk\/wp-content\/uploads\/2023\/08\/16966-116.jpg?id=5540) !important;background-position: center !important;background-repeat: no-repeat !important;background-size: cover !important;}&#8220;][vc_column]<div class=\"ult-spacer spacer-69f3b5e5c92d9\" data-id=\"69f3b5e5c92d9\" data-height=\"90\" data-height-mobile=\"60\" data-height-tab=\"90\" data-height-tab-portrait=\"60\" data-height-mobile-landscape=\"60\" style=\"clear:both;display:block;\"><\/div>[vc_row_inner][vc_column_inner width=&#8220;1\/4&#8243;][\/vc_column_inner][vc_column_inner width=&#8220;1\/2&#8243;][vc_column_text]<\/p>\n<h6 style=\"text-align: center;\">Nena\u0161li jste, co pot\u0159ebujete?<\/h6>\n<h3 style=\"text-align: center;\">Kontaktujte n\u00e1s je\u0161t\u011b dnes<\/h3>\n<p style=\"text-align: center;\">Pokud jste nena\u0161li \u0159e\u0161en\u00ed, kter\u00e9 pot\u0159ebujete, kontaktujte n\u00e1s na telefonn\u00edm \u010d\u00edsle <a href=\"tel:+420 777 468 938\">+420 777 468 938<\/a> nebo n\u00e1m napi\u0161te e-mail na adresu <a href=\"mailto:info@avistech.cz\">info@avistech.cz<\/a>, kde jsme p\u0159ipraveni v\u00e1m pomoci.<\/p>\n<p style=\"text-align: center;\">T\u011b\u0161\u00edme se na va\u0161e dotazy.<\/p>\n<p>[\/vc_column_text][vc_empty_space height=&#8220;30px&#8220;][vc_btn title=&#8220;Kontaktujte n\u00e1s&#8220; style=&#8220;custom&#8220; custom_background=&#8220;#fc5623&#8243; custom_text=&#8220;#ffffff&#8220; shape=&#8220;square&#8220; align=&#8220;center&#8220; link=&#8220;url:https%3A%2F%2Ftiman.dk%2Fcs%2Fkontakt%2F|title:Kontakt|&#8220;][\/vc_column_inner][vc_column_inner width=&#8220;1\/4&#8243;][\/vc_column_inner][\/vc_row_inner]<div class=\"ult-spacer spacer-69f3b5e5c92f4\" data-id=\"69f3b5e5c92f4\" data-height=\"90\" data-height-mobile=\"60\" data-height-tab=\"90\" data-height-tab-portrait=\"60\" data-height-mobile-landscape=\"60\" style=\"clear:both;display:block;\"><\/div>[\/vc_column][\/vc_row]<\/p>\n<\/div>","protected":false},"excerpt":{"rendered":"<p>[vc_row full_width=&#8220;stretch_row&#8220;][vc_column][vc_column_text css=&#8220;&#8220;] N\u00e1\u0161 kompletn\u00ed seznam n\u00e1stroj\u016f RC-1000s [\/vc_column_text][vc_empty_space height=&#8220;30px&#8220;][vc_separator color=&#8220;custom&#8220; border_width=&#8220;2&#8243; accent_color=&#8220;#f7f7f7&#8243;][vc_empty_space height=&#8220;30px&#8220;][vc_row_inner][vc_column_inner offset=&#8220;vc_col-lg-8 vc_col-md-8 vc_col-xs-12&#8243;][vc_column_text css=&#8220;&#8220;] Zde si m\u016f\u017eete prohl\u00e9dnout seznam na\u0161eho n\u00e1\u0159ad\u00ed Zde najdete p\u0159ehled na\u0161eho n\u00e1\u0159ad\u00ed pro RC-1000s. N\u00e1\u0159ad\u00ed je rozd\u011bleno do kategori\u00ed tak, abyste sn\u00e1ze na\u0161li p\u0159esn\u011b to, kter\u00e9 pot\u0159ebujete.[\/vc_column_text][vc_empty_space height=&#8220;30px&#8220;][vc_column_text css=&#8220;.vc_custom_1691141148535{background-color: #f7f7f7 !important;}&#8220;] Za ka\u017ed\u00fdm strojem Timan stoj\u00ed d\u00e1nsk\u00e1 &#8230; <a title=\"N\u00e1stroje pro RC-1000s\" class=\"read-more\" href=\"https:\/\/timan.dk\/cs\/nastroje\/nastroje-pro-rc-1000\/\" aria-label=\"\u010c\u00edst v\u00edce o N\u00e1stroje pro RC-1000s\">Read more<\/a><\/p>\n","protected":false},"author":1,"featured_media":12313,"parent":10056,"menu_order":13,"comment_status":"closed","ping_status":"closed","template":"","meta":{"_acf_changed":false,"footnotes":""},"categories":[100],"class_list":{"0":"post-10435","1":"page","2":"type-page","3":"status-publish","4":"has-post-thumbnail","6":"category-uncategorized-cs"},"acf":[],"yoast_head":"<!-- This site is optimized with the Yoast SEO plugin v27.5 - https:\/\/yoast.com\/product\/yoast-seo-wordpress\/ -->\n<title>N\u00e1stroje pro RC-1000s | Timan A\/S<\/title>\n<meta name=\"robots\" content=\"index, follow, max-snippet:-1, max-image-preview:large, max-video-preview:-1\" \/>\n<link rel=\"canonical\" href=\"https:\/\/timan.dk\/cs\/nastroje\/nastroje-pro-rc-1000\/\" \/>\n<meta property=\"og:locale\" content=\"cs_CZ\" \/>\n<meta property=\"og:type\" content=\"article\" \/>\n<meta property=\"og:title\" content=\"N\u00e1stroje pro RC-1000s | Timan A\/S\" \/>\n<meta property=\"og:description\" content=\"[vc_row full_width=&#8220;stretch_row&#8220;][vc_column][vc_column_text css=&#8220;&#8220;] N\u00e1\u0161 kompletn\u00ed seznam n\u00e1stroj\u016f RC-1000s [\/vc_column_text][vc_empty_space height=&#8220;30px&#8220;][vc_separator color=&#8220;custom&#8220; border_width=&#8220;2&#8243; accent_color=&#8220;#f7f7f7&#8243;][vc_empty_space height=&#8220;30px&#8220;][vc_row_inner][vc_column_inner offset=&#8220;vc_col-lg-8 vc_col-md-8 vc_col-xs-12&#8243;][vc_column_text css=&#8220;&#8220;] Zde si m\u016f\u017eete prohl\u00e9dnout seznam na\u0161eho n\u00e1\u0159ad\u00ed Zde najdete p\u0159ehled na\u0161eho n\u00e1\u0159ad\u00ed pro RC-1000s. N\u00e1\u0159ad\u00ed je rozd\u011bleno do kategori\u00ed tak, abyste sn\u00e1ze na\u0161li p\u0159esn\u011b to, kter\u00e9 pot\u0159ebujete.[\/vc_column_text][vc_empty_space height=&#8220;30px&#8220;][vc_column_text css=&#8220;.vc_custom_1691141148535{background-color: #f7f7f7 !important;}&#8220;] Za ka\u017ed\u00fdm strojem Timan stoj\u00ed d\u00e1nsk\u00e1 ... Read more\" \/>\n<meta property=\"og:url\" content=\"https:\/\/timan.dk\/cs\/nastroje\/nastroje-pro-rc-1000\/\" \/>\n<meta property=\"og:site_name\" content=\"Timan A\/S\" \/>\n<meta property=\"article:modified_time\" content=\"2025-05-14T12:53:35+00:00\" \/>\n<meta property=\"og:image\" content=\"https:\/\/timan.dk\/wp-content\/uploads\/2023\/08\/16966-077.jpg\" \/>\n\t<meta property=\"og:image:width\" content=\"1500\" \/>\n\t<meta property=\"og:image:height\" content=\"1000\" \/>\n\t<meta property=\"og:image:type\" content=\"image\/jpeg\" \/>\n<meta name=\"twitter:card\" content=\"summary_large_image\" \/>\n<meta name=\"twitter:label1\" content=\"Odhadovan\u00e1 doba \u010dten\u00ed\" \/>\n\t<meta name=\"twitter:data1\" content=\"3 minuty\" \/>\n<script type=\"application\/ld+json\" class=\"yoast-schema-graph\">{\"@context\":\"https:\\\/\\\/schema.org\",\"@graph\":[{\"@type\":\"WebPage\",\"@id\":\"https:\\\/\\\/timan.dk\\\/cs\\\/nastroje\\\/nastroje-pro-rc-1000\\\/\",\"url\":\"https:\\\/\\\/timan.dk\\\/cs\\\/nastroje\\\/nastroje-pro-rc-1000\\\/\",\"name\":\"N\u00e1stroje pro RC-1000s | Timan A\\\/S\",\"isPartOf\":{\"@id\":\"https:\\\/\\\/timan.dk\\\/#website\"},\"primaryImageOfPage\":{\"@id\":\"https:\\\/\\\/timan.dk\\\/cs\\\/nastroje\\\/nastroje-pro-rc-1000\\\/#primaryimage\"},\"image\":{\"@id\":\"https:\\\/\\\/timan.dk\\\/cs\\\/nastroje\\\/nastroje-pro-rc-1000\\\/#primaryimage\"},\"thumbnailUrl\":\"https:\\\/\\\/timan.dk\\\/wp-content\\\/uploads\\\/2025\\\/05\\\/freecompress-timan-tjorring-hi-res-new-6768-1.jpg\",\"datePublished\":\"2023-08-03T10:39:03+00:00\",\"dateModified\":\"2025-05-14T12:53:35+00:00\",\"breadcrumb\":{\"@id\":\"https:\\\/\\\/timan.dk\\\/cs\\\/nastroje\\\/nastroje-pro-rc-1000\\\/#breadcrumb\"},\"inLanguage\":\"cs\",\"potentialAction\":[{\"@type\":\"ReadAction\",\"target\":[\"https:\\\/\\\/timan.dk\\\/cs\\\/nastroje\\\/nastroje-pro-rc-1000\\\/\"]}]},{\"@type\":\"ImageObject\",\"inLanguage\":\"cs\",\"@id\":\"https:\\\/\\\/timan.dk\\\/cs\\\/nastroje\\\/nastroje-pro-rc-1000\\\/#primaryimage\",\"url\":\"https:\\\/\\\/timan.dk\\\/wp-content\\\/uploads\\\/2025\\\/05\\\/freecompress-timan-tjorring-hi-res-new-6768-1.jpg\",\"contentUrl\":\"https:\\\/\\\/timan.dk\\\/wp-content\\\/uploads\\\/2025\\\/05\\\/freecompress-timan-tjorring-hi-res-new-6768-1.jpg\",\"width\":1500,\"height\":1000},{\"@type\":\"BreadcrumbList\",\"@id\":\"https:\\\/\\\/timan.dk\\\/cs\\\/nastroje\\\/nastroje-pro-rc-1000\\\/#breadcrumb\",\"itemListElement\":[{\"@type\":\"ListItem\",\"position\":1,\"name\":\"Hjem\",\"item\":\"https:\\\/\\\/timan.dk\\\/cs\\\/\"},{\"@type\":\"ListItem\",\"position\":2,\"name\":\"N\u00e1stroje\",\"item\":\"https:\\\/\\\/timan.dk\\\/cs\\\/nastroje\\\/\"},{\"@type\":\"ListItem\",\"position\":3,\"name\":\"N\u00e1stroje pro RC-1000s\"}]},{\"@type\":\"WebSite\",\"@id\":\"https:\\\/\\\/timan.dk\\\/#website\",\"url\":\"https:\\\/\\\/timan.dk\\\/\",\"name\":\"Timan A\\\/S\",\"description\":\"Sweepers with collectors, slope mowers, remote-controlled flail mowers in Denmark\",\"publisher\":{\"@id\":\"https:\\\/\\\/timan.dk\\\/#organization\"},\"potentialAction\":[{\"@type\":\"SearchAction\",\"target\":{\"@type\":\"EntryPoint\",\"urlTemplate\":\"https:\\\/\\\/timan.dk\\\/?s={search_term_string}\"},\"query-input\":{\"@type\":\"PropertyValueSpecification\",\"valueRequired\":true,\"valueName\":\"search_term_string\"}}],\"inLanguage\":\"cs\"},{\"@type\":\"Organization\",\"@id\":\"https:\\\/\\\/timan.dk\\\/#organization\",\"name\":\"Timan A\\\/S\",\"url\":\"https:\\\/\\\/timan.dk\\\/\",\"logo\":{\"@type\":\"ImageObject\",\"inLanguage\":\"cs\",\"@id\":\"https:\\\/\\\/timan.dk\\\/#\\\/schema\\\/logo\\\/image\\\/\",\"url\":\"https:\\\/\\\/timan.dk\\\/wp-content\\\/uploads\\\/2023\\\/08\\\/logo-timan-cut.png\",\"contentUrl\":\"https:\\\/\\\/timan.dk\\\/wp-content\\\/uploads\\\/2023\\\/08\\\/logo-timan-cut.png\",\"width\":2048,\"height\":599,\"caption\":\"Timan A\\\/S\"},\"image\":{\"@id\":\"https:\\\/\\\/timan.dk\\\/#\\\/schema\\\/logo\\\/image\\\/\"}}]}<\/script>\n<!-- \/ Yoast SEO plugin. -->","yoast_head_json":{"title":"N\u00e1stroje pro RC-1000s | Timan A\/S","robots":{"index":"index","follow":"follow","max-snippet":"max-snippet:-1","max-image-preview":"max-image-preview:large","max-video-preview":"max-video-preview:-1"},"canonical":"https:\/\/timan.dk\/cs\/nastroje\/nastroje-pro-rc-1000\/","og_locale":"cs_CZ","og_type":"article","og_title":"N\u00e1stroje pro RC-1000s | Timan A\/S","og_description":"[vc_row full_width=&#8220;stretch_row&#8220;][vc_column][vc_column_text css=&#8220;&#8220;] N\u00e1\u0161 kompletn\u00ed seznam n\u00e1stroj\u016f RC-1000s [\/vc_column_text][vc_empty_space height=&#8220;30px&#8220;][vc_separator color=&#8220;custom&#8220; border_width=&#8220;2&#8243; accent_color=&#8220;#f7f7f7&#8243;][vc_empty_space height=&#8220;30px&#8220;][vc_row_inner][vc_column_inner offset=&#8220;vc_col-lg-8 vc_col-md-8 vc_col-xs-12&#8243;][vc_column_text css=&#8220;&#8220;] Zde si m\u016f\u017eete prohl\u00e9dnout seznam na\u0161eho n\u00e1\u0159ad\u00ed Zde najdete p\u0159ehled na\u0161eho n\u00e1\u0159ad\u00ed pro RC-1000s. N\u00e1\u0159ad\u00ed je rozd\u011bleno do kategori\u00ed tak, abyste sn\u00e1ze na\u0161li p\u0159esn\u011b to, kter\u00e9 pot\u0159ebujete.[\/vc_column_text][vc_empty_space height=&#8220;30px&#8220;][vc_column_text css=&#8220;.vc_custom_1691141148535{background-color: #f7f7f7 !important;}&#8220;] Za ka\u017ed\u00fdm strojem Timan stoj\u00ed d\u00e1nsk\u00e1 ... Read more","og_url":"https:\/\/timan.dk\/cs\/nastroje\/nastroje-pro-rc-1000\/","og_site_name":"Timan A\/S","article_modified_time":"2025-05-14T12:53:35+00:00","og_image":[{"width":1500,"height":1000,"url":"https:\/\/timan.dk\/wp-content\/uploads\/2023\/08\/16966-077.jpg","type":"image\/jpeg"}],"twitter_card":"summary_large_image","twitter_misc":{"Odhadovan\u00e1 doba \u010dten\u00ed":"3 minuty"},"schema":{"@context":"https:\/\/schema.org","@graph":[{"@type":"WebPage","@id":"https:\/\/timan.dk\/cs\/nastroje\/nastroje-pro-rc-1000\/","url":"https:\/\/timan.dk\/cs\/nastroje\/nastroje-pro-rc-1000\/","name":"N\u00e1stroje pro RC-1000s | Timan A\/S","isPartOf":{"@id":"https:\/\/timan.dk\/#website"},"primaryImageOfPage":{"@id":"https:\/\/timan.dk\/cs\/nastroje\/nastroje-pro-rc-1000\/#primaryimage"},"image":{"@id":"https:\/\/timan.dk\/cs\/nastroje\/nastroje-pro-rc-1000\/#primaryimage"},"thumbnailUrl":"https:\/\/timan.dk\/wp-content\/uploads\/2025\/05\/freecompress-timan-tjorring-hi-res-new-6768-1.jpg","datePublished":"2023-08-03T10:39:03+00:00","dateModified":"2025-05-14T12:53:35+00:00","breadcrumb":{"@id":"https:\/\/timan.dk\/cs\/nastroje\/nastroje-pro-rc-1000\/#breadcrumb"},"inLanguage":"cs","potentialAction":[{"@type":"ReadAction","target":["https:\/\/timan.dk\/cs\/nastroje\/nastroje-pro-rc-1000\/"]}]},{"@type":"ImageObject","inLanguage":"cs","@id":"https:\/\/timan.dk\/cs\/nastroje\/nastroje-pro-rc-1000\/#primaryimage","url":"https:\/\/timan.dk\/wp-content\/uploads\/2025\/05\/freecompress-timan-tjorring-hi-res-new-6768-1.jpg","contentUrl":"https:\/\/timan.dk\/wp-content\/uploads\/2025\/05\/freecompress-timan-tjorring-hi-res-new-6768-1.jpg","width":1500,"height":1000},{"@type":"BreadcrumbList","@id":"https:\/\/timan.dk\/cs\/nastroje\/nastroje-pro-rc-1000\/#breadcrumb","itemListElement":[{"@type":"ListItem","position":1,"name":"Hjem","item":"https:\/\/timan.dk\/cs\/"},{"@type":"ListItem","position":2,"name":"N\u00e1stroje","item":"https:\/\/timan.dk\/cs\/nastroje\/"},{"@type":"ListItem","position":3,"name":"N\u00e1stroje pro RC-1000s"}]},{"@type":"WebSite","@id":"https:\/\/timan.dk\/#website","url":"https:\/\/timan.dk\/","name":"Timan A\/S","description":"Sweepers with collectors, slope mowers, remote-controlled flail mowers in Denmark","publisher":{"@id":"https:\/\/timan.dk\/#organization"},"potentialAction":[{"@type":"SearchAction","target":{"@type":"EntryPoint","urlTemplate":"https:\/\/timan.dk\/?s={search_term_string}"},"query-input":{"@type":"PropertyValueSpecification","valueRequired":true,"valueName":"search_term_string"}}],"inLanguage":"cs"},{"@type":"Organization","@id":"https:\/\/timan.dk\/#organization","name":"Timan A\/S","url":"https:\/\/timan.dk\/","logo":{"@type":"ImageObject","inLanguage":"cs","@id":"https:\/\/timan.dk\/#\/schema\/logo\/image\/","url":"https:\/\/timan.dk\/wp-content\/uploads\/2023\/08\/logo-timan-cut.png","contentUrl":"https:\/\/timan.dk\/wp-content\/uploads\/2023\/08\/logo-timan-cut.png","width":2048,"height":599,"caption":"Timan A\/S"},"image":{"@id":"https:\/\/timan.dk\/#\/schema\/logo\/image\/"}}]}},"_links":{"self":[{"href":"https:\/\/timan.dk\/cs\/wp-json\/wp\/v2\/pages\/10435","targetHints":{"allow":["GET"]}}],"collection":[{"href":"https:\/\/timan.dk\/cs\/wp-json\/wp\/v2\/pages"}],"about":[{"href":"https:\/\/timan.dk\/cs\/wp-json\/wp\/v2\/types\/page"}],"author":[{"embeddable":true,"href":"https:\/\/timan.dk\/cs\/wp-json\/wp\/v2\/users\/1"}],"replies":[{"embeddable":true,"href":"https:\/\/timan.dk\/cs\/wp-json\/wp\/v2\/comments?post=10435"}],"version-history":[{"count":9,"href":"https:\/\/timan.dk\/cs\/wp-json\/wp\/v2\/pages\/10435\/revisions"}],"predecessor-version":[{"id":12098,"href":"https:\/\/timan.dk\/cs\/wp-json\/wp\/v2\/pages\/10435\/revisions\/12098"}],"up":[{"embeddable":true,"href":"https:\/\/timan.dk\/cs\/wp-json\/wp\/v2\/pages\/10056"}],"wp:featuredmedia":[{"embeddable":true,"href":"https:\/\/timan.dk\/cs\/wp-json\/wp\/v2\/media\/12313"}],"wp:attachment":[{"href":"https:\/\/timan.dk\/cs\/wp-json\/wp\/v2\/media?parent=10435"}],"wp:term":[{"taxonomy":"category","embeddable":true,"href":"https:\/\/timan.dk\/cs\/wp-json\/wp\/v2\/categories?post=10435"}],"curies":[{"name":"wp","href":"https:\/\/api.w.org\/{rel}","templated":true}]}}