{"id":14293,"date":"2025-09-17T09:58:12","date_gmt":"2025-09-17T07:58:12","guid":{"rendered":"https:\/\/timan.dk\/om-timan\/"},"modified":"2025-09-17T10:08:16","modified_gmt":"2025-09-17T08:08:16","slug":"om-timan","status":"publish","type":"page","link":"https:\/\/timan.dk\/cs\/om-timan\/","title":{"rendered":"O Timan"},"content":{"rendered":"<div class=\"wpb-content-wrapper\"><p>[vc_row equal_height=&#8220;yes&#8220;][vc_column]<div class=\"ult-spacer spacer-6a099226180cd\" data-id=\"6a099226180cd\" data-height=\"60\" data-height-mobile=\"60\" data-height-tab=\"60\" data-height-tab-portrait=\"60\" data-height-mobile-landscape=\"60\" style=\"clear:both;display:block;\"><\/div>[vc_row_inner css=&#8220;.vc_custom_1754466488574{margin-right: -50px !important;}&#8220;][vc_column_inner width=&#8220;1\/2&#8243;][vc_column_text css=&#8220;.vc_custom_1757938893811{padding-top: 10px !important;}&#8220;]<\/p>\n<h2 data-start=\"303\" data-end=\"354\"><strong data-start=\"303\" data-end=\"354\">Od n\u00e1padu z gar\u00e1\u017ee k mezin\u00e1rodn\u00edmu v\u00fdrobci stroj\u016f<\/strong><\/h2>\n<p data-start=\"148\" data-end=\"275\">Timan vyv\u00edj\u00ed stroje pro ty, kte\u0159\u00ed se staraj\u00ed o na\u0161e spole\u010dn\u00e9 venkovn\u00ed prostory &#8211; v\u017edy s d\u016frazem na kvalitu, pohodl\u00ed a snadn\u00e9 pou\u017e\u00edv\u00e1n\u00ed.<\/p>\n<p data-start=\"277\" data-end=\"533\">Spole\u010dnost zalo\u017eili v roce 2004 brat\u0159i Henning a Birger Pedersenovi, kte\u0159\u00ed v mal\u00e9 gar\u00e1\u017ei v z\u00e1padn\u00edm Jutsku sestrojili prototyp <strong data-start=\"407\" data-end=\"420\">Tool-Trac<\/strong> &#8211; kombinaci nosi\u010de n\u00e1\u0159ad\u00ed a mininaklada\u010de, kter\u00e1 m\u00e1 profesion\u00e1l\u016fm usnadnit ka\u017edodenn\u00ed \u017eivot.<\/p>\n<p data-start=\"535\" data-end=\"701\">Popt\u00e1vka rychle rostla a Timan se p\u0159est\u011bhoval do vesnice Tim, kde byly vyvinuty dal\u0161\u00ed stroje a n\u00e1stroje se stejnou filozofi\u00ed: u\u017eivatel je st\u0159edem pozornosti.<\/p>\n<p data-start=\"703\" data-end=\"886\"><strong>Glob\u00e1ln\u00ed hr\u00e1\u010d dnes<\/strong><\/p>\n<p data-start=\"703\" data-end=\"886\">Dnes m\u00e1 Timan v\u00edce ne\u017e 30 zam\u011bstnanc\u016f a t\u00e9m\u011b\u0159 100 prodejc\u016f v 21 zem\u00edch. Sortiment zahrnuje cel\u00fd rok &#8211; od p\u00e9\u010de o zele\u0148 a opadu list\u00ed a\u017e po zimn\u00ed \u00fadr\u017ebu a \u010di\u0161t\u011bn\u00ed m\u011bst. <\/p>\n<p>[\/vc_column_text][vc_empty_space height=&#8220;15px&#8220;][\/vc_column_inner][vc_column_inner width=&#8220;1\/2&#8243;]<div id=\"ultimate-video-54006a09922618162\" class=\"ult-video  ult-adjust-bottom-margin ultimate-video-54006a09922618162 ultv-2365 \"><div class=\"ultv-video ultv-aspect-ratio-16_9 ultv-subscribe-responsive-none\" data-videotype=\"uv_iframe\">\n\t\t\t\t\t\t<div class=\"ultv-video__outer-wrap\" data-autoplay=\"0\" data-device=\"false\"  data-iconbg=\"#3A3A3A\" data-overcolor=\"\" data-defaultbg=\"#1f1f1e\" data-defaultplay=\"image\"><div class=\"ultv-video__play\" data-src=\"https:\/\/www.youtube.com\/embed\/2TLzw7W7hXo?rel=0&#038;start&#038;end&#038;controls=1&#038;mute=0&#038;modestbranding=0&#038;autoplay=1\">\n\t\t\t\t\t\t\t\t<img decoding=\"async\" class=\"ultv-video__thumb\" src=\"https:\/\/timan.dk\/wp-content\/uploads\/2025\/09\/blue-gradient-travel-presentation-169.jpg\"\/>\n\t\t\t\t\t\t\t\t<div class=\"ultv-video__play-icon  ultv-animation-none\" style=\"width:75px\"><img decoding=\"async\" src=\"\"\/><\/div> <\/div> <\/div><\/div><\/div>[vc_column_text css=&#8220;&#8220;]Dnes se spole\u010dnost rozrostla v mezin\u00e1rodn\u00edho hr\u00e1\u010de s v\u00edce ne\u017e 30 zam\u011bstnanci a s\u00edt\u00ed t\u00e9m\u011b\u0159 100 partner\u016f v 21 zem\u00edch na t\u0159ech kontinentech.<\/p>\n<p>Program v\u00fdrobk\u016f pokr\u00fdv\u00e1 cel\u00fd rok &#8211; od p\u00e9\u010de o zele\u0148 a opadu list\u00ed a\u017e po zimn\u00ed \u00fadr\u017ebu a \u010di\u0161t\u011bn\u00ed m\u011bst.[\/vc_column_text][\/vc_column_inner][\/vc_row_inner]<div class=\"ult-spacer spacer-6a099226184ca\" data-id=\"6a099226184ca\" data-height=\"60\" data-height-mobile=\"60\" data-height-tab=\"60\" data-height-tab-portrait=\"60\" data-height-mobile-landscape=\"60\" style=\"clear:both;display:block;\"><\/div>[\/vc_column][\/vc_row][vc_row equal_height=&#8220;yes&#8220;][vc_column][vc_row_inner equal_height=&#8220;yes&#8220;][vc_column_inner width=&#8220;1\/2&#8243;][vc_column_text css=&#8220;.vc_custom_1754465869016{margin-bottom: 35px !important;}&#8220;]<\/p>\n<h2 data-start=\"144\" data-end=\"502\">O spole\u010dnosti Timan<\/h2>\n<p data-start=\"144\" data-end=\"502\">Spole\u010dnost Timan vyv\u00edj\u00ed stroje pro lidi, kte\u0159\u00ed se staraj\u00ed o na\u0161e spole\u010dn\u00e9 venkovn\u00ed prostory &#8211; s ohledem na kvalitu, pohodl\u00ed a snadn\u00e9 pou\u017e\u00edv\u00e1n\u00ed.<\/p>\n<p data-start=\"504\" data-end=\"705\">Timan je rodinn\u00e1 spole\u010dnost zalo\u017een\u00e1 bratry Henningem a Birgerem Pedersenov\u00fdmi, kter\u00e1 je od sv\u00e9ho zalo\u017een\u00ed v roce 2004 vedena \u00fazkou vazbou na u\u017eivatele a silnou v\u00e1\u0161n\u00ed pro \u0159emesln\u00e9 zpracov\u00e1n\u00ed.<\/p>\n<p data-start=\"707\" data-end=\"910\">Stroje Timan jsou ur\u010deny pro profesion\u00e1ly, kte\u0159\u00ed kladou vysok\u00e9 n\u00e1roky na pracovn\u00ed prost\u0159ed\u00ed i spolehlivost. Za jednoduch\u00fdm zevn\u011bj\u0161kem se skr\u00fdvaj\u00ed promy\u0161len\u00e1 \u0159e\u0161en\u00ed, kde pohodl\u00ed, efektivita a flexibilita jdou ruku v ruce. Jak \u0159\u00edk\u00e1 vedouc\u00ed prodeje Birger Pedersen:  <\/p>\n<p data-start=\"707\" data-end=\"910\"><br data-start=\"1643\" data-end=\"1646\"><strong data-start=\"1646\" data-end=\"1817\">&#8222;V\u017edy vyv\u00edj\u00edme s ohledem na u\u017eivatele. Pracovn\u00ed prost\u0159ed\u00ed, flexibilita a n\u00edzk\u00e9 provozn\u00ed n\u00e1klady pro n\u00e1s nejsou jen fr\u00e1ze &#8211; jsou z\u00e1kladem v\u0161eho, co d\u011bl\u00e1me.&#8220;<\/strong><\/p>\n<p>[\/vc_column_text][\/vc_column_inner][vc_column_inner width=&#8220;1\/2&#8243; css=&#8220;.vc_custom_1754467143585{margin-right: 30px !important;margin-left: 30px !important;padding-right: 30px !important;padding-left: 30px !important;background-image: url(https:\/\/timan.dk\/wp-content\/uploads\/2025\/08\/untitled-design-67.png?id=13919) !important;background-position: center !important;background-repeat: no-repeat !important;background-size: cover !important;}&#8220;]<div class=\"ult-spacer spacer-6a099226184f4\" data-id=\"6a099226184f4\" data-height=\"60\" data-height-mobile=\"60\" data-height-tab=\"60\" data-height-tab-portrait=\"60\" data-height-mobile-landscape=\"60\" style=\"clear:both;display:block;\"><\/div>[vc_custom_heading text=&#8220;Na\u0161e hodnoty&#8220; font_container=&#8220;tag:h2|text_align:center&#8220; use_theme_fonts=&#8220;yes&#8220; css=&#8220;&#8220; el_class=&#8220;white&#8220;][vc_separator color=&#8220;white&#8220; border_width=&#8220;3&#8243; el_width=&#8220;40&#8243; css=&#8220;&#8220;][vc_empty_space height=&#8220;12px&#8220;][vc_column_text css=&#8220;&#8220; el_class=&#8220;white&#8220;]<\/p>\n<p style=\"text-align: center;\">Ve spole\u010dnosti Timan ud\u00e1v\u00e1 sm\u011br profesionalita, u\u017eivatel a<br \/>\nka\u017edodenn\u00ed \u017eivot. Spole\u010dnost<br \/>\nvyv\u00edj\u00ed stroje s d\u016frazem na pracovn\u00ed prost\u0159ed\u00ed,<br \/>\nspolehlivost a u\u017eivatelskou p\u0159\u00edv\u011btivost &#8211; ne jako<br \/>\nslogany, ale jako skute\u010dnou praxi ve v\u0161em od n\u00e1padu a\u017e po<br \/>\nhotov\u00fd v\u00fdrobek. <\/p>\n<p style=\"text-align: center;\">D\u00edky \u00fazk\u00e9mu dialogu s profesion\u00e1ln\u00edmi u\u017eivateli vytv\u00e1\u0159\u00ed<br \/>\nTiman \u0159e\u0161en\u00ed, kter\u00e1 kombinuj\u00ed funk\u010dnost, pohodl\u00ed<br \/>\na trvanlivost &#8211; s ohledem na pr\u00e1ci i lidi, kte\u0159\u00ed ji<br \/>\nvykon\u00e1vaj\u00ed.<\/p>\n<p>[\/vc_column_text]<div class=\"ult-spacer spacer-6a0992261851b\" data-id=\"6a0992261851b\" data-height=\"60\" data-height-mobile=\"60\" data-height-tab=\"60\" data-height-tab-portrait=\"60\" data-height-mobile-landscape=\"60\" style=\"clear:both;display:block;\"><\/div>[\/vc_column_inner][\/vc_row_inner][\/vc_column][\/vc_row][vc_row full_width=&#8220;stretch_row&#8220; content_placement=&#8220;middle&#8220;][vc_column][vc_separator css=&#8220;&#8220;][\/vc_column][\/vc_row][vc_row full_width=&#8220;stretch_row&#8220; bg_type=&#8220;bg_color&#8220; seperator_enable=&#8220;seperator_enable_value&#8220; seperator_type=&#8220;xlarge_triangle_left_seperator&#8220; seperator_svg_height=&#8220;60&#8243; seperator_shape_background=&#8220;#ffffff&#8220; height=&#8220;90&#8243; height_on_tabs=&#8220;90&#8243; height_on_tabs_portrait=&#8220;60&#8243; height_on_mob_landscape=&#8220;60&#8243; height_on_mob=&#8220;60&#8243; bg_color_value=&#8220;#ece8e1&#8243;][vc_column]<div class=\"ult-spacer spacer-6a0992261853a\" data-id=\"6a0992261853a\" data-height=\"60\" data-height-mobile=\"60\" data-height-tab=\"60\" data-height-tab-portrait=\"60\" data-height-mobile-landscape=\"60\" style=\"clear:both;display:block;\"><\/div><div class=\"ult-spacer spacer-6a09922618558\" data-id=\"6a09922618558\" data-height=\"90\" data-height-mobile=\"60\" data-height-tab=\"90\" data-height-tab-portrait=\"60\" data-height-mobile-landscape=\"60\" style=\"clear:both;display:block;\"><\/div>[\/vc_column][\/vc_row][vc_row full_width=&#8220;stretch_row&#8220; bg_type=&#8220;bg_color&#8220; seperator_enable=&#8220;seperator_enable_value&#8220; seperator_type=&#8220;xlarge_triangle_left_seperator&#8220; seperator_svg_height=&#8220;60&#8243; seperator_shape_background=&#8220;#ffffff&#8220; height=&#8220;90&#8243; height_on_tabs=&#8220;90&#8243; height_on_tabs_portrait=&#8220;60&#8243; height_on_mob_landscape=&#8220;60&#8243; height_on_mob=&#8220;60&#8243; bg_color_value=&#8220;#ece8e1&#8243;][vc_column]<div class=\"ult-spacer spacer-6a09922618573\" data-id=\"6a09922618573\" data-height=\"90\" data-height-mobile=\"60\" data-height-tab=\"90\" data-height-tab-portrait=\"60\" data-height-mobile-landscape=\"60\" style=\"clear:both;display:block;\"><\/div>[\/vc_column][\/vc_row][vc_row full_width=&#8220;stretch_row&#8220; el_class=&#8220;overlay parallax overflow-row&#8220; css=&#8220;.vc_custom_1691104819308{background-image: url(https:\/\/timan.dk\/wp-content\/uploads\/2023\/08\/16966-116.jpg?id=5540) !important;background-position: center !important;background-repeat: no-repeat !important;background-size: cover !important;}&#8220;][vc_column css_animation=&#8220;fadeIn&#8220;]<div class=\"ult-spacer spacer-6a09922618593\" data-id=\"6a09922618593\" data-height=\"120\" data-height-mobile=\"60\" data-height-tab=\"90\" data-height-tab-portrait=\"60\" data-height-mobile-landscape=\"60\" style=\"clear:both;display:block;\"><\/div>[vc_row_inner css=&#8220;.vc_custom_1682518429141{margin-right: 0px !important;margin-left: 0px !important;}&#8220;][vc_column_inner el_class=&#8220;overflow-box-footer&#8220;][vc_empty_space height=&#8220;60px&#8220;][vc_column_text]<\/p>\n<p>Kontakt Timan A\/S<br \/>\nM\u00e1te n\u011bjak\u00e9 dotazy? Kontaktujte n\u00e1s a nez\u00e1vazn\u011b si popov\u00edd\u00e1me <\/p>\n<p>Jsme tu pro v\u00e1s, abychom v\u00e1m zodpov\u011bd\u011bli v\u0161echny ot\u00e1zky, kter\u00e9 nejsou zodpov\u011bzeny na t\u011bchto webov\u00fdch str\u00e1nk\u00e1ch. Proto n\u00e1m nev\u00e1hejte zavolat nebo napsat. R\u00e1di s v\u00e1mi nez\u00e1vazn\u011b probereme va\u0161e pl\u00e1ny.<\/p>\n<p>[\/vc_column_text][vc_empty_space height=&#8220;15px&#8220;][vc_btn title=&#8220;Kontaktujte n\u00e1s zde&#8220; style=&#8220;custom&#8220; custom_background=&#8220;#fc5623&#8243; custom_text=&#8220;#ffffff&#8220; shape=&#8220;square&#8220; link=&#8220;url:https%3A%2F%2Ftiman.dk%2Fcs%2Fkontakt%2F|title:Kontaktujte%20n%C3%A1s|&#8220;][vc_btn title=&#8220;N\u00e1hradn\u00ed d\u00edly&#8220; style=&#8220;outline-custom&#8220; outline_custom_color=&#8220;#666666&#8243; outline_custom_hover_background=&#8220;#666666&#8243; outline_custom_hover_text=&#8220;#ffffff&#8220; shape=&#8220;square&#8220; link=&#8220;url:https%3A%2F%2Ftiman.dk%2Fcs%2Fnavody%2F|title:N%C3%A1hradn%C3%AD%20d%C3%ADly|&#8220;][vc_empty_space height=&#8220;30&#8243;][vc_column_text]<\/p>\n<p>(+45) 97 33 03 60<\/p>\n<p>[\/vc_column_text][vc_empty_space height=&#8220;60px&#8220;][\/vc_column_inner][\/vc_row_inner]<div class=\"ult-spacer spacer-6a099226185b1\" data-id=\"6a099226185b1\" data-height=\"120\" data-height-mobile=\"60\" data-height-tab=\"90\" data-height-tab-portrait=\"60\" data-height-mobile-landscape=\"60\" style=\"clear:both;display:block;\"><\/div>[\/vc_column][\/vc_row]<\/p>\n<\/div>","protected":false},"excerpt":{"rendered":"<p>[vc_row equal_height=&#8220;yes&#8220;][vc_column][vc_row_inner css=&#8220;.vc_custom_1754466488574{margin-right: -50px !important;}&#8220;][vc_column_inner width=&#8220;1\/2&#8243;][vc_column_text css=&#8220;.vc_custom_1757938893811{padding-top: 10px !important;}&#8220;] Od n\u00e1padu z gar\u00e1\u017ee k mezin\u00e1rodn\u00edmu v\u00fdrobci stroj\u016f Timan vyv\u00edj\u00ed stroje pro ty, kte\u0159\u00ed se staraj\u00ed o na\u0161e spole\u010dn\u00e9 venkovn\u00ed prostory &#8211; v\u017edy s d\u016frazem na kvalitu, pohodl\u00ed a snadn\u00e9 pou\u017e\u00edv\u00e1n\u00ed. Spole\u010dnost zalo\u017eili v roce 2004 brat\u0159i Henning a Birger Pedersenovi, kte\u0159\u00ed v mal\u00e9 gar\u00e1\u017ei v &#8230; <a title=\"O Timan\" class=\"read-more\" href=\"https:\/\/timan.dk\/cs\/om-timan\/\" aria-label=\"\u010c\u00edst v\u00edce o O Timan\">Read more<\/a><\/p>\n","protected":false},"author":10,"featured_media":0,"parent":0,"menu_order":0,"comment_status":"closed","ping_status":"closed","template":"","meta":{"_acf_changed":false,"footnotes":""},"categories":[],"class_list":["post-14293","page","type-page","status-publish"],"acf":[],"yoast_head":"<!-- This site is optimized with the Yoast SEO plugin v27.6 - https:\/\/yoast.com\/product\/yoast-seo-wordpress\/ -->\n<title>O Timan | Timan A\/S<\/title>\n<meta name=\"robots\" content=\"index, follow, max-snippet:-1, max-image-preview:large, max-video-preview:-1\" \/>\n<link rel=\"canonical\" href=\"https:\/\/timan.dk\/cs\/om-timan\/\" \/>\n<meta property=\"og:locale\" content=\"cs_CZ\" \/>\n<meta property=\"og:type\" content=\"article\" \/>\n<meta property=\"og:title\" content=\"O Timan | Timan A\/S\" \/>\n<meta property=\"og:description\" content=\"[vc_row equal_height=&#8220;yes&#8220;][vc_column][vc_row_inner css=&#8220;.vc_custom_1754466488574{margin-right: -50px !important;}&#8220;][vc_column_inner width=&#8220;1\/2&#8243;][vc_column_text css=&#8220;.vc_custom_1757938893811{padding-top: 10px !important;}&#8220;] Od n\u00e1padu z gar\u00e1\u017ee k mezin\u00e1rodn\u00edmu v\u00fdrobci stroj\u016f Timan vyv\u00edj\u00ed stroje pro ty, kte\u0159\u00ed se staraj\u00ed o na\u0161e spole\u010dn\u00e9 venkovn\u00ed prostory &#8211; v\u017edy s d\u016frazem na kvalitu, pohodl\u00ed a snadn\u00e9 pou\u017e\u00edv\u00e1n\u00ed. Spole\u010dnost zalo\u017eili v roce 2004 brat\u0159i Henning a Birger Pedersenovi, kte\u0159\u00ed v mal\u00e9 gar\u00e1\u017ei v ... Read more\" \/>\n<meta property=\"og:url\" content=\"https:\/\/timan.dk\/cs\/om-timan\/\" \/>\n<meta property=\"og:site_name\" content=\"Timan A\/S\" \/>\n<meta property=\"article:modified_time\" content=\"2025-09-17T08:08:16+00:00\" \/>\n<meta property=\"og:image\" content=\"https:\/\/timan.dk\/wp-content\/uploads\/2025\/09\/nyhed-14.png\" \/>\n\t<meta property=\"og:image:width\" content=\"469\" \/>\n\t<meta property=\"og:image:height\" content=\"312\" \/>\n\t<meta property=\"og:image:type\" content=\"image\/png\" \/>\n<meta name=\"twitter:card\" content=\"summary_large_image\" \/>\n<meta name=\"twitter:label1\" content=\"Odhadovan\u00e1 doba \u010dten\u00ed\" \/>\n\t<meta name=\"twitter:data1\" content=\"6 minut\" \/>\n<script type=\"application\/ld+json\" class=\"yoast-schema-graph\">{\"@context\":\"https:\\\/\\\/schema.org\",\"@graph\":[{\"@type\":\"WebPage\",\"@id\":\"https:\\\/\\\/timan.dk\\\/cs\\\/om-timan\\\/\",\"url\":\"https:\\\/\\\/timan.dk\\\/cs\\\/om-timan\\\/\",\"name\":\"O Timan | Timan A\\\/S\",\"isPartOf\":{\"@id\":\"https:\\\/\\\/timan.dk\\\/#website\"},\"datePublished\":\"2025-09-17T07:58:12+00:00\",\"dateModified\":\"2025-09-17T08:08:16+00:00\",\"breadcrumb\":{\"@id\":\"https:\\\/\\\/timan.dk\\\/cs\\\/om-timan\\\/#breadcrumb\"},\"inLanguage\":\"cs\",\"potentialAction\":[{\"@type\":\"ReadAction\",\"target\":[\"https:\\\/\\\/timan.dk\\\/cs\\\/om-timan\\\/\"]}]},{\"@type\":\"BreadcrumbList\",\"@id\":\"https:\\\/\\\/timan.dk\\\/cs\\\/om-timan\\\/#breadcrumb\",\"itemListElement\":[{\"@type\":\"ListItem\",\"position\":1,\"name\":\"Hjem\",\"item\":\"https:\\\/\\\/timan.dk\\\/cs\\\/\"},{\"@type\":\"ListItem\",\"position\":2,\"name\":\"O Timan\"}]},{\"@type\":\"WebSite\",\"@id\":\"https:\\\/\\\/timan.dk\\\/#website\",\"url\":\"https:\\\/\\\/timan.dk\\\/\",\"name\":\"Timan A\\\/S\",\"description\":\"Sweepers with collectors, slope mowers, remote-controlled flail mowers in Denmark\",\"publisher\":{\"@id\":\"https:\\\/\\\/timan.dk\\\/#organization\"},\"potentialAction\":[{\"@type\":\"SearchAction\",\"target\":{\"@type\":\"EntryPoint\",\"urlTemplate\":\"https:\\\/\\\/timan.dk\\\/?s={search_term_string}\"},\"query-input\":{\"@type\":\"PropertyValueSpecification\",\"valueRequired\":true,\"valueName\":\"search_term_string\"}}],\"inLanguage\":\"cs\"},{\"@type\":\"Organization\",\"@id\":\"https:\\\/\\\/timan.dk\\\/#organization\",\"name\":\"Timan A\\\/S\",\"url\":\"https:\\\/\\\/timan.dk\\\/\",\"logo\":{\"@type\":\"ImageObject\",\"inLanguage\":\"cs\",\"@id\":\"https:\\\/\\\/timan.dk\\\/#\\\/schema\\\/logo\\\/image\\\/\",\"url\":\"https:\\\/\\\/timan.dk\\\/wp-content\\\/uploads\\\/2023\\\/08\\\/logo-timan-cut.png\",\"contentUrl\":\"https:\\\/\\\/timan.dk\\\/wp-content\\\/uploads\\\/2023\\\/08\\\/logo-timan-cut.png\",\"width\":2048,\"height\":599,\"caption\":\"Timan A\\\/S\"},\"image\":{\"@id\":\"https:\\\/\\\/timan.dk\\\/#\\\/schema\\\/logo\\\/image\\\/\"}}]}<\/script>\n<!-- \/ Yoast SEO plugin. -->","yoast_head_json":{"title":"O Timan | Timan A\/S","robots":{"index":"index","follow":"follow","max-snippet":"max-snippet:-1","max-image-preview":"max-image-preview:large","max-video-preview":"max-video-preview:-1"},"canonical":"https:\/\/timan.dk\/cs\/om-timan\/","og_locale":"cs_CZ","og_type":"article","og_title":"O Timan | Timan A\/S","og_description":"[vc_row equal_height=&#8220;yes&#8220;][vc_column][vc_row_inner css=&#8220;.vc_custom_1754466488574{margin-right: -50px !important;}&#8220;][vc_column_inner width=&#8220;1\/2&#8243;][vc_column_text css=&#8220;.vc_custom_1757938893811{padding-top: 10px !important;}&#8220;] Od n\u00e1padu z gar\u00e1\u017ee k mezin\u00e1rodn\u00edmu v\u00fdrobci stroj\u016f Timan vyv\u00edj\u00ed stroje pro ty, kte\u0159\u00ed se staraj\u00ed o na\u0161e spole\u010dn\u00e9 venkovn\u00ed prostory &#8211; v\u017edy s d\u016frazem na kvalitu, pohodl\u00ed a snadn\u00e9 pou\u017e\u00edv\u00e1n\u00ed. Spole\u010dnost zalo\u017eili v roce 2004 brat\u0159i Henning a Birger Pedersenovi, kte\u0159\u00ed v mal\u00e9 gar\u00e1\u017ei v ... Read more","og_url":"https:\/\/timan.dk\/cs\/om-timan\/","og_site_name":"Timan A\/S","article_modified_time":"2025-09-17T08:08:16+00:00","og_image":[{"width":469,"height":312,"url":"https:\/\/timan.dk\/wp-content\/uploads\/2025\/09\/nyhed-14.png","type":"image\/png"}],"twitter_card":"summary_large_image","twitter_misc":{"Odhadovan\u00e1 doba \u010dten\u00ed":"6 minut"},"schema":{"@context":"https:\/\/schema.org","@graph":[{"@type":"WebPage","@id":"https:\/\/timan.dk\/cs\/om-timan\/","url":"https:\/\/timan.dk\/cs\/om-timan\/","name":"O Timan | Timan A\/S","isPartOf":{"@id":"https:\/\/timan.dk\/#website"},"datePublished":"2025-09-17T07:58:12+00:00","dateModified":"2025-09-17T08:08:16+00:00","breadcrumb":{"@id":"https:\/\/timan.dk\/cs\/om-timan\/#breadcrumb"},"inLanguage":"cs","potentialAction":[{"@type":"ReadAction","target":["https:\/\/timan.dk\/cs\/om-timan\/"]}]},{"@type":"BreadcrumbList","@id":"https:\/\/timan.dk\/cs\/om-timan\/#breadcrumb","itemListElement":[{"@type":"ListItem","position":1,"name":"Hjem","item":"https:\/\/timan.dk\/cs\/"},{"@type":"ListItem","position":2,"name":"O Timan"}]},{"@type":"WebSite","@id":"https:\/\/timan.dk\/#website","url":"https:\/\/timan.dk\/","name":"Timan A\/S","description":"Sweepers with collectors, slope mowers, remote-controlled flail mowers in Denmark","publisher":{"@id":"https:\/\/timan.dk\/#organization"},"potentialAction":[{"@type":"SearchAction","target":{"@type":"EntryPoint","urlTemplate":"https:\/\/timan.dk\/?s={search_term_string}"},"query-input":{"@type":"PropertyValueSpecification","valueRequired":true,"valueName":"search_term_string"}}],"inLanguage":"cs"},{"@type":"Organization","@id":"https:\/\/timan.dk\/#organization","name":"Timan A\/S","url":"https:\/\/timan.dk\/","logo":{"@type":"ImageObject","inLanguage":"cs","@id":"https:\/\/timan.dk\/#\/schema\/logo\/image\/","url":"https:\/\/timan.dk\/wp-content\/uploads\/2023\/08\/logo-timan-cut.png","contentUrl":"https:\/\/timan.dk\/wp-content\/uploads\/2023\/08\/logo-timan-cut.png","width":2048,"height":599,"caption":"Timan A\/S"},"image":{"@id":"https:\/\/timan.dk\/#\/schema\/logo\/image\/"}}]}},"_links":{"self":[{"href":"https:\/\/timan.dk\/cs\/wp-json\/wp\/v2\/pages\/14293","targetHints":{"allow":["GET"]}}],"collection":[{"href":"https:\/\/timan.dk\/cs\/wp-json\/wp\/v2\/pages"}],"about":[{"href":"https:\/\/timan.dk\/cs\/wp-json\/wp\/v2\/types\/page"}],"author":[{"embeddable":true,"href":"https:\/\/timan.dk\/cs\/wp-json\/wp\/v2\/users\/10"}],"replies":[{"embeddable":true,"href":"https:\/\/timan.dk\/cs\/wp-json\/wp\/v2\/comments?post=14293"}],"version-history":[{"count":8,"href":"https:\/\/timan.dk\/cs\/wp-json\/wp\/v2\/pages\/14293\/revisions"}],"predecessor-version":[{"id":14311,"href":"https:\/\/timan.dk\/cs\/wp-json\/wp\/v2\/pages\/14293\/revisions\/14311"}],"wp:attachment":[{"href":"https:\/\/timan.dk\/cs\/wp-json\/wp\/v2\/media?parent=14293"}],"wp:term":[{"taxonomy":"category","embeddable":true,"href":"https:\/\/timan.dk\/cs\/wp-json\/wp\/v2\/categories?post=14293"}],"curies":[{"name":"wp","href":"https:\/\/api.w.org\/{rel}","templated":true}]}}