{"id":8942,"date":"2020-02-12T13:11:38","date_gmt":"2020-02-12T12:11:38","guid":{"rendered":"https:\/\/timan.dk\/kontakt\/"},"modified":"2024-12-03T15:32:25","modified_gmt":"2024-12-03T14:32:25","slug":"kontakt","status":"publish","type":"page","link":"https:\/\/timan.dk\/cs\/kontakt\/","title":{"rendered":"Kontakt"},"content":{"rendered":"<div class=\"wpb-content-wrapper\"><p>[vc_row full_width=&#8220;stretch_row&#8220;][vc_column]<div class=\"ult-spacer spacer-69f2d56ec9450\" data-id=\"69f2d56ec9450\" data-height=\"90\" data-height-mobile=\"60\" data-height-tab=\"90\" data-height-tab-portrait=\"60\" data-height-mobile-landscape=\"60\" style=\"clear:both;display:block;\"><\/div>[vc_row_inner][vc_column_inner offset=&#8220;vc_col-lg-6 vc_col-md-6 vc_col-xs-12&#8243;][vc_column_text css=&#8220;.vc_custom_1733236280889{padding-top: 30px !important;padding-right: 30px !important;padding-bottom: 30px !important;padding-left: 30px !important;background-color: #f7f7f7 !important;}&#8220;]<\/p>\n<h2>Kontaktujte n\u00e1s je\u0161t\u011b dnes<\/h2>\n<h2>Zde najdete Timanovy kontaktn\u00ed \u00fadaje.<\/h2>\n<p><strong>Timan A\/S<\/strong><br \/>\nOsvald Pedersens Vej 2A-D, 6980 Tim &#8211; D\u00e1nsko<br \/>\nCVR \u010d.: 27609627<\/p>\n<p><strong>Hlavn\u00ed \u010d\u00edslo:<\/strong><br \/>\nRudolfovsk\u00e1 200\/90, 370 01 \u010cesk\u00e9 Bud\u011bjovice<br \/>\n<a href=\"tel:+420 777 468 938\">+420 777 468 938<\/a><br \/>\n<a href=\"mailto:info@avistech.cz\">info@avistech.cz<\/a><\/p>\n<p>Objedn\u00e1vka n\u00e1hradn\u00edch d\u00edl\u016f:<br \/>\nPro prodejce: Zde se p\u0159ihlaste na str\u00e1nku n\u00e1hradn\u00edch d\u00edl\u016f.<\/p>\n<p>Pro ostatn\u00ed: Zde kontaktujte sv\u00e9ho nejbli\u017e\u0161\u00edho prodejce.<\/p>\n<p>M\u00e1te dotazy ohledn\u011b prob\u00edhaj\u00edc\u00ed objedn\u00e1vky n\u00e1hradn\u00edch d\u00edl\u016f? Nev\u00e1hejte n\u00e1s kontaktovat na <a href=\"mailto:info@avistech.cz\">info@avistech.cz<\/a>[\/vc_column_text]<div class=\"ult-spacer spacer-69f2d56ec9498\" data-id=\"69f2d56ec9498\" data-height=\"0\" data-height-mobile=\"30\" data-height-tab=\"0\" data-height-tab-portrait=\"30\" data-height-mobile-landscape=\"30\" style=\"clear:both;display:block;\"><\/div>[\/vc_column_inner][vc_column_inner offset=&#8220;vc_col-lg-6 vc_col-md-6 vc_col-xs-12&#8243;][vc_column_text]<\/p>\n<h3>Napi\u0161te n\u00e1m<\/h3>\n<p>[\/vc_column_text][vc_empty_space height=&#8220;15px&#8220;][vc_raw_html]W2Zvcm1pbmF0b3JfZm9ybSBpZD0iMTA0NjgiXQ==[\/vc_raw_html][\/vc_column_inner][\/vc_row_inner]<div class=\"ult-spacer spacer-69f2d56ec94c0\" data-id=\"69f2d56ec94c0\" data-height=\"90\" data-height-mobile=\"60\" data-height-tab=\"90\" data-height-tab-portrait=\"60\" data-height-mobile-landscape=\"60\" style=\"clear:both;display:block;\"><\/div>[\/vc_column][\/vc_row][vc_row full_width=&#8220;stretch_row_content_no_spaces&#8220;][vc_column][vc_gmaps link=&#8220;#E-8_JTNDaWZyYW1lJTIwc3JjJTNEJTIyaHR0cHMlM0ElMkYlMkZ3d3cuZ29vZ2xlLmNvbSUyRm1hcHMlMkZlbWJlZCUzRnBiJTNEJTIxMW0xOCUyMTFtMTIlMjExbTMlMjExZDI2MTguNjY4MjgyODc1MzQ2NCUyMTJkMTQuNDkzNTYyMzc3NDY0MjA2JTIxM2Q0OC45Nzg4Mzg1OTIyMjEzODYlMjEybTMlMjExZjAlMjEyZjAlMjEzZjAlMjEzbTIlMjExaTEwMjQlMjEyaTc2OCUyMTRmMTMuMSUyMTNtMyUyMTFtMiUyMTFzMHg0NzczNGZiMzQwN2VkMjhmJTI1M0EweDU0MGY4MGM5NTMyNmVlNmYlMjEyelVuVmtiMnhtYjNaemE4T2hJSFRGbVM0Z01qQXdMemt3TENBek56QWdNREVneEl4bGMydkRxU0JDZFdURW0ycHZkbWxqWlNBMExDQlVhbVZyYTJsbGRBJTIxNWUwJTIxM20yJTIxMXNkYSUyMTJzZGslMjE0djE3MzMyMzYzMjkzODglMjE1bTIlMjExc2RhJTIxMnNkayUyMiUyMHdpZHRoJTNEJTIyNjAwJTIyJTIwaGVpZ2h0JTNEJTIyNDUwJTIyJTIwc3R5bGUlM0QlMjJib3JkZXIlM0EwJTNCJTIyJTIwYWxsb3dmdWxsc2NyZWVuJTNEJTIyJTIyJTIwbG9hZGluZyUzRCUyMmxhenklMjIlMjByZWZlcnJlcnBvbGljeSUzRCUyMm5vLXJlZmVycmVyLXdoZW4tZG93bmdyYWRlJTIyJTNFJTNDJTJGaWZyYW1lJTNF&#8220; size=&#8220;400px&#8220; el_class=&#8220;grayscale&#8220;][\/vc_column][\/vc_row]<\/p>\n<\/div>","protected":false},"excerpt":{"rendered":"<p>M\u00e1te dotazy nebo p\u0159ipom\u00ednky?<\/p>\n","protected":false},"author":1,"featured_media":10525,"parent":0,"menu_order":0,"comment_status":"closed","ping_status":"closed","template":"","meta":{"_acf_changed":false,"footnotes":""},"categories":[],"class_list":["post-8942","page","type-page","status-publish","has-post-thumbnail"],"acf":[],"yoast_head":"<!-- This site is optimized with the Yoast SEO plugin v27.4 - https:\/\/yoast.com\/product\/yoast-seo-wordpress\/ -->\n<title>Kontaktujte n\u00e1s je\u0161t\u011b dnes | Timan A\/S<\/title>\n<meta name=\"description\" content=\"Kontakt os i dag, for at f\u00e5 r\u00e5dgivning og svar p\u00e5 dine sp\u00f8rgsm\u00e5l. Vi er klar til at hj\u00e6lpe dig p\u00e5 vej til en bedre arbejdsoplevelse.\" \/>\n<meta name=\"robots\" content=\"index, follow, max-snippet:-1, max-image-preview:large, max-video-preview:-1\" \/>\n<link rel=\"canonical\" href=\"https:\/\/timan.dk\/cs\/kontakt\/\" \/>\n<meta property=\"og:locale\" content=\"cs_CZ\" \/>\n<meta property=\"og:type\" content=\"article\" \/>\n<meta property=\"og:title\" content=\"Kontaktujte n\u00e1s je\u0161t\u011b dnes | Timan A\/S\" \/>\n<meta property=\"og:description\" content=\"Kontakt os i dag, for at f\u00e5 r\u00e5dgivning og svar p\u00e5 dine sp\u00f8rgsm\u00e5l. Vi er klar til at hj\u00e6lpe dig p\u00e5 vej til en bedre arbejdsoplevelse.\" \/>\n<meta property=\"og:url\" content=\"https:\/\/timan.dk\/cs\/kontakt\/\" \/>\n<meta property=\"og:site_name\" content=\"Timan A\/S\" \/>\n<meta property=\"article:modified_time\" content=\"2024-12-03T14:32:25+00:00\" \/>\n<meta property=\"og:image\" content=\"https:\/\/timan.dk\/wp-content\/uploads\/2024\/11\/web-rs1000s-2024-tjorring-skole-6732.jpg\" \/>\n\t<meta property=\"og:image:width\" content=\"1600\" \/>\n\t<meta property=\"og:image:height\" content=\"1067\" \/>\n\t<meta property=\"og:image:type\" content=\"image\/jpeg\" \/>\n<meta name=\"twitter:card\" content=\"summary_large_image\" \/>\n<meta name=\"twitter:label1\" content=\"Odhadovan\u00e1 doba \u010dten\u00ed\" \/>\n\t<meta name=\"twitter:data1\" content=\"1 minuta\" \/>\n<script type=\"application\/ld+json\" class=\"yoast-schema-graph\">{\"@context\":\"https:\\\/\\\/schema.org\",\"@graph\":[{\"@type\":\"WebPage\",\"@id\":\"https:\\\/\\\/timan.dk\\\/cs\\\/kontakt\\\/\",\"url\":\"https:\\\/\\\/timan.dk\\\/cs\\\/kontakt\\\/\",\"name\":\"Kontaktujte n\u00e1s je\u0161t\u011b dnes | Timan A\\\/S\",\"isPartOf\":{\"@id\":\"https:\\\/\\\/timan.dk\\\/#website\"},\"primaryImageOfPage\":{\"@id\":\"https:\\\/\\\/timan.dk\\\/cs\\\/kontakt\\\/#primaryimage\"},\"image\":{\"@id\":\"https:\\\/\\\/timan.dk\\\/cs\\\/kontakt\\\/#primaryimage\"},\"thumbnailUrl\":\"https:\\\/\\\/timan.dk\\\/wp-content\\\/uploads\\\/2024\\\/11\\\/web-rs1000s-2024-tjorring-skole-6732.jpg\",\"datePublished\":\"2020-02-12T12:11:38+00:00\",\"dateModified\":\"2024-12-03T14:32:25+00:00\",\"description\":\"Kontakt os i dag, for at f\u00e5 r\u00e5dgivning og svar p\u00e5 dine sp\u00f8rgsm\u00e5l. Vi er klar til at hj\u00e6lpe dig p\u00e5 vej til en bedre arbejdsoplevelse.\",\"breadcrumb\":{\"@id\":\"https:\\\/\\\/timan.dk\\\/cs\\\/kontakt\\\/#breadcrumb\"},\"inLanguage\":\"cs\",\"potentialAction\":[{\"@type\":\"ReadAction\",\"target\":[\"https:\\\/\\\/timan.dk\\\/cs\\\/kontakt\\\/\"]}]},{\"@type\":\"ImageObject\",\"inLanguage\":\"cs\",\"@id\":\"https:\\\/\\\/timan.dk\\\/cs\\\/kontakt\\\/#primaryimage\",\"url\":\"https:\\\/\\\/timan.dk\\\/wp-content\\\/uploads\\\/2024\\\/11\\\/web-rs1000s-2024-tjorring-skole-6732.jpg\",\"contentUrl\":\"https:\\\/\\\/timan.dk\\\/wp-content\\\/uploads\\\/2024\\\/11\\\/web-rs1000s-2024-tjorring-skole-6732.jpg\",\"width\":1600,\"height\":1067,\"caption\":\"RC1000s Tool carrier\"},{\"@type\":\"BreadcrumbList\",\"@id\":\"https:\\\/\\\/timan.dk\\\/cs\\\/kontakt\\\/#breadcrumb\",\"itemListElement\":[{\"@type\":\"ListItem\",\"position\":1,\"name\":\"Hjem\",\"item\":\"https:\\\/\\\/timan.dk\\\/cs\\\/\"},{\"@type\":\"ListItem\",\"position\":2,\"name\":\"Kontakt\"}]},{\"@type\":\"WebSite\",\"@id\":\"https:\\\/\\\/timan.dk\\\/#website\",\"url\":\"https:\\\/\\\/timan.dk\\\/\",\"name\":\"Timan A\\\/S\",\"description\":\"Sweepers with collectors, slope mowers, remote-controlled flail mowers in Denmark\",\"publisher\":{\"@id\":\"https:\\\/\\\/timan.dk\\\/#organization\"},\"potentialAction\":[{\"@type\":\"SearchAction\",\"target\":{\"@type\":\"EntryPoint\",\"urlTemplate\":\"https:\\\/\\\/timan.dk\\\/?s={search_term_string}\"},\"query-input\":{\"@type\":\"PropertyValueSpecification\",\"valueRequired\":true,\"valueName\":\"search_term_string\"}}],\"inLanguage\":\"cs\"},{\"@type\":\"Organization\",\"@id\":\"https:\\\/\\\/timan.dk\\\/#organization\",\"name\":\"Timan A\\\/S\",\"url\":\"https:\\\/\\\/timan.dk\\\/\",\"logo\":{\"@type\":\"ImageObject\",\"inLanguage\":\"cs\",\"@id\":\"https:\\\/\\\/timan.dk\\\/#\\\/schema\\\/logo\\\/image\\\/\",\"url\":\"https:\\\/\\\/timan.dk\\\/wp-content\\\/uploads\\\/2023\\\/08\\\/logo-timan-cut.png\",\"contentUrl\":\"https:\\\/\\\/timan.dk\\\/wp-content\\\/uploads\\\/2023\\\/08\\\/logo-timan-cut.png\",\"width\":2048,\"height\":599,\"caption\":\"Timan A\\\/S\"},\"image\":{\"@id\":\"https:\\\/\\\/timan.dk\\\/#\\\/schema\\\/logo\\\/image\\\/\"}}]}<\/script>\n<!-- \/ Yoast SEO plugin. -->","yoast_head_json":{"title":"Kontaktujte n\u00e1s je\u0161t\u011b dnes | Timan A\/S","description":"Kontakt os i dag, for at f\u00e5 r\u00e5dgivning og svar p\u00e5 dine sp\u00f8rgsm\u00e5l. Vi er klar til at hj\u00e6lpe dig p\u00e5 vej til en bedre arbejdsoplevelse.","robots":{"index":"index","follow":"follow","max-snippet":"max-snippet:-1","max-image-preview":"max-image-preview:large","max-video-preview":"max-video-preview:-1"},"canonical":"https:\/\/timan.dk\/cs\/kontakt\/","og_locale":"cs_CZ","og_type":"article","og_title":"Kontaktujte n\u00e1s je\u0161t\u011b dnes | Timan A\/S","og_description":"Kontakt os i dag, for at f\u00e5 r\u00e5dgivning og svar p\u00e5 dine sp\u00f8rgsm\u00e5l. Vi er klar til at hj\u00e6lpe dig p\u00e5 vej til en bedre arbejdsoplevelse.","og_url":"https:\/\/timan.dk\/cs\/kontakt\/","og_site_name":"Timan A\/S","article_modified_time":"2024-12-03T14:32:25+00:00","og_image":[{"width":1600,"height":1067,"url":"https:\/\/timan.dk\/wp-content\/uploads\/2024\/11\/web-rs1000s-2024-tjorring-skole-6732.jpg","type":"image\/jpeg"}],"twitter_card":"summary_large_image","twitter_misc":{"Odhadovan\u00e1 doba \u010dten\u00ed":"1 minuta"},"schema":{"@context":"https:\/\/schema.org","@graph":[{"@type":"WebPage","@id":"https:\/\/timan.dk\/cs\/kontakt\/","url":"https:\/\/timan.dk\/cs\/kontakt\/","name":"Kontaktujte n\u00e1s je\u0161t\u011b dnes | Timan A\/S","isPartOf":{"@id":"https:\/\/timan.dk\/#website"},"primaryImageOfPage":{"@id":"https:\/\/timan.dk\/cs\/kontakt\/#primaryimage"},"image":{"@id":"https:\/\/timan.dk\/cs\/kontakt\/#primaryimage"},"thumbnailUrl":"https:\/\/timan.dk\/wp-content\/uploads\/2024\/11\/web-rs1000s-2024-tjorring-skole-6732.jpg","datePublished":"2020-02-12T12:11:38+00:00","dateModified":"2024-12-03T14:32:25+00:00","description":"Kontakt os i dag, for at f\u00e5 r\u00e5dgivning og svar p\u00e5 dine sp\u00f8rgsm\u00e5l. Vi er klar til at hj\u00e6lpe dig p\u00e5 vej til en bedre arbejdsoplevelse.","breadcrumb":{"@id":"https:\/\/timan.dk\/cs\/kontakt\/#breadcrumb"},"inLanguage":"cs","potentialAction":[{"@type":"ReadAction","target":["https:\/\/timan.dk\/cs\/kontakt\/"]}]},{"@type":"ImageObject","inLanguage":"cs","@id":"https:\/\/timan.dk\/cs\/kontakt\/#primaryimage","url":"https:\/\/timan.dk\/wp-content\/uploads\/2024\/11\/web-rs1000s-2024-tjorring-skole-6732.jpg","contentUrl":"https:\/\/timan.dk\/wp-content\/uploads\/2024\/11\/web-rs1000s-2024-tjorring-skole-6732.jpg","width":1600,"height":1067,"caption":"RC1000s Tool carrier"},{"@type":"BreadcrumbList","@id":"https:\/\/timan.dk\/cs\/kontakt\/#breadcrumb","itemListElement":[{"@type":"ListItem","position":1,"name":"Hjem","item":"https:\/\/timan.dk\/cs\/"},{"@type":"ListItem","position":2,"name":"Kontakt"}]},{"@type":"WebSite","@id":"https:\/\/timan.dk\/#website","url":"https:\/\/timan.dk\/","name":"Timan A\/S","description":"Sweepers with collectors, slope mowers, remote-controlled flail mowers in Denmark","publisher":{"@id":"https:\/\/timan.dk\/#organization"},"potentialAction":[{"@type":"SearchAction","target":{"@type":"EntryPoint","urlTemplate":"https:\/\/timan.dk\/?s={search_term_string}"},"query-input":{"@type":"PropertyValueSpecification","valueRequired":true,"valueName":"search_term_string"}}],"inLanguage":"cs"},{"@type":"Organization","@id":"https:\/\/timan.dk\/#organization","name":"Timan A\/S","url":"https:\/\/timan.dk\/","logo":{"@type":"ImageObject","inLanguage":"cs","@id":"https:\/\/timan.dk\/#\/schema\/logo\/image\/","url":"https:\/\/timan.dk\/wp-content\/uploads\/2023\/08\/logo-timan-cut.png","contentUrl":"https:\/\/timan.dk\/wp-content\/uploads\/2023\/08\/logo-timan-cut.png","width":2048,"height":599,"caption":"Timan A\/S"},"image":{"@id":"https:\/\/timan.dk\/#\/schema\/logo\/image\/"}}]}},"_links":{"self":[{"href":"https:\/\/timan.dk\/cs\/wp-json\/wp\/v2\/pages\/8942","targetHints":{"allow":["GET"]}}],"collection":[{"href":"https:\/\/timan.dk\/cs\/wp-json\/wp\/v2\/pages"}],"about":[{"href":"https:\/\/timan.dk\/cs\/wp-json\/wp\/v2\/types\/page"}],"author":[{"embeddable":true,"href":"https:\/\/timan.dk\/cs\/wp-json\/wp\/v2\/users\/1"}],"replies":[{"embeddable":true,"href":"https:\/\/timan.dk\/cs\/wp-json\/wp\/v2\/comments?post=8942"}],"version-history":[{"count":9,"href":"https:\/\/timan.dk\/cs\/wp-json\/wp\/v2\/pages\/8942\/revisions"}],"predecessor-version":[{"id":10777,"href":"https:\/\/timan.dk\/cs\/wp-json\/wp\/v2\/pages\/8942\/revisions\/10777"}],"wp:featuredmedia":[{"embeddable":true,"href":"https:\/\/timan.dk\/cs\/wp-json\/wp\/v2\/media\/10525"}],"wp:attachment":[{"href":"https:\/\/timan.dk\/cs\/wp-json\/wp\/v2\/media?parent=8942"}],"wp:term":[{"taxonomy":"category","embeddable":true,"href":"https:\/\/timan.dk\/cs\/wp-json\/wp\/v2\/categories?post=8942"}],"curies":[{"name":"wp","href":"https:\/\/api.w.org\/{rel}","templated":true}]}}