{"id":9963,"date":"2023-08-03T12:39:01","date_gmt":"2023-08-03T10:39:01","guid":{"rendered":"https:\/\/timan.dk\/navody\/"},"modified":"2025-07-07T14:09:07","modified_gmt":"2025-07-07T12:09:07","slug":"navody","status":"publish","type":"page","link":"https:\/\/timan.dk\/cs\/navody\/","title":{"rendered":"N\u00e1vody"},"content":{"rendered":"<div class=\"wpb-content-wrapper\"><p>[vc_row full_width=&#8220;stretch_row&#8220;][vc_column]<div class=\"ult-spacer spacer-69f33627046db\" data-id=\"69f33627046db\" data-height=\"90\" data-height-mobile=\"60\" data-height-tab=\"90\" data-height-tab-portrait=\"60\" data-height-mobile-landscape=\"60\" style=\"clear:both;display:block;\"><\/div>[vc_column_text]<\/p>\n<h2>Objedn\u00e1vka n\u00e1hradn\u00edch d\u00edl\u016f a n\u00e1vod<\/h2>\n<p>[\/vc_column_text][vc_empty_space height=&#8220;30px&#8220;][vc_separator color=&#8220;custom&#8220; border_width=&#8220;2&#8243; accent_color=&#8220;#f7f7f7&#8243;][vc_empty_space height=&#8220;30px&#8220;][vc_row_inner][vc_column_inner offset=&#8220;vc_col-lg-8 vc_col-md-8 vc_col-xs-12&#8243;][vc_column_text]<\/p>\n<h3>Objedn\u00e1vka n\u00e1hradn\u00edch d\u00edl\u016f &#8211; n\u00e1vody<\/h3>\n<p>Nejste si jisti, jak vytvo\u0159it profil v na\u0161em online syst\u00e9mu n\u00e1hradn\u00edch d\u00edl\u016f? Nebo pot\u0159ebujete v\u011bd\u011bt, jak objednat n\u00e1hradn\u00ed d\u00edly online? Zde jsou<br \/>\nodpov\u011bdi.[\/vc_column_text][vc_empty_space height=&#8220;30px&#8220;][vc_column_text css=&#8220;.vc_custom_1691140470959{background-color: #f7f7f7 !important;}&#8220;]<br \/>\nKa\u017ed\u00fd stroj Timan se vyzna\u010duje d\u00e1nskou kvalitou a<br \/>\n\u0159emesln\u00fdm zpracov\u00e1n\u00edm<br \/>\n[\/vc_column_text][vc_empty_space height=&#8220;30px&#8220;][vc_column_text]<\/p>\n<h3>Vytvo\u0159en\u00ed \u00fa\u010dtu<\/h3>\n<p>Jak vytvo\u0159it profil prodejce v na\u0161em online syst\u00e9mu<br \/>\nn\u00e1hradn\u00edch d\u00edl\u016f.[\/vc_column_text][vc_empty_space height=&#8220;5px&#8220;][vc_video link=&#8220;https:\/\/www.youtube.com\/watch?v=QRr4ES8AzLY&#8220;][vc_empty_space height=&#8220;30px&#8220;][vc_column_text]<\/p>\n<h3>Objedn\u00e1vka n\u00e1hradn\u00edch d\u00edl\u016f<\/h3>\n<p>Jak si objednat profil prodejce v na\u0161em online<br \/>\nsyst\u00e9mu n\u00e1hradn\u00edch d\u00edl\u016f.[\/vc_column_text][vc_empty_space height=&#8220;5px&#8220;][vc_video link=&#8220;https:\/\/www.youtube.com\/watch?v=NSFglFlB2Dw&#8220;]<div class=\"ult-spacer spacer-69f3362704725\" data-id=\"69f3362704725\" data-height=\"0\" data-height-mobile=\"30\" data-height-tab=\"0\" data-height-tab-portrait=\"30\" data-height-mobile-landscape=\"30\" style=\"clear:both;display:block;\"><\/div>[vc_empty_space height=&#8220;30px&#8220;][vc_column_text css=&#8220;&#8220;]<\/p>\n<h4>Tisk seznamu n\u00e1hradn\u00edch d\u00edl\u016f<\/h4>\n<p>Zde se dozv\u00edte, jak v 5 jednoduch\u00fdch kroc\u00edch vytvo\u0159it seznam n\u00e1hradn\u00edch d\u00edl\u016f, kter\u00fd m\u016f\u017eete ulo\u017eit nebo vytisknout.<\/p>\n<p><a href=\"https:\/\/timan.dk\/wp-content\/uploads\/2025\/07\/print-spare-part-list-ersatzteilliste-drucken.pdf\" target=\"_blank\" rel=\"noopener\"><em>St\u00e1hn\u011bte si n\u00e1vod ve form\u00e1tu PDF<\/em><\/a>[\/vc_column_text][\/vc_column_inner][vc_column_inner offset=&#8220;vc_col-lg-4 vc_col-md-4 vc_col-xs-12&#8243;][vc_btn title=&#8220;Objedn\u00e1vka n\u00e1hradn\u00edch d\u00edl\u016f&#8220; style=&#8220;custom&#8220; custom_background=&#8220;#fc5623&#8243; custom_text=&#8220;#ffffff&#8220; shape=&#8220;square&#8220; size=&#8220;lg&#8220; align=&#8220;left&#8220; button_block=&#8220;true&#8220; link=&#8220;url:https%3A%2F%2Fcloud.interactivespares.com%2Ftiman%2Fcategorie%2F1000%2B-%2BTool-Trac|title:Objedn%C3%A1vka%20n%C3%A1hradn%C3%ADch%20d%C3%ADl%C5%AF|target:_blank|&#8220;][vc_empty_space height=&#8220;30px&#8220;][vc_widget_sidebar sidebar_id=&#8220;sidebar-1&#8243; el_class=&#8220;contact-sidebar&#8220;][\/vc_column_inner][\/vc_row_inner]<div class=\"ult-spacer spacer-69f336270474a\" data-id=\"69f336270474a\" data-height=\"90\" data-height-mobile=\"60\" data-height-tab=\"90\" data-height-tab-portrait=\"60\" data-height-mobile-landscape=\"60\" style=\"clear:both;display:block;\"><\/div>[\/vc_column][\/vc_row][vc_row full_width=&#8220;stretch_row&#8220; bg_type=&#8220;bg_color&#8220; seperator_enable=&#8220;seperator_enable_value&#8220; seperator_type=&#8220;xlarge_triangle_left_seperator&#8220; seperator_svg_height=&#8220;60&#8243; seperator_shape_background=&#8220;#ffffff&#8220; height=&#8220;90&#8243; height_on_tabs=&#8220;90&#8243; height_on_tabs_portrait=&#8220;60&#8243; height_on_mob_landscape=&#8220;60&#8243; height_on_mob=&#8220;60&#8243; bg_color_value=&#8220;#ece8e1&#8243;][vc_column]<div class=\"ult-spacer spacer-69f3362704775\" data-id=\"69f3362704775\" data-height=\"90\" data-height-mobile=\"60\" data-height-tab=\"90\" data-height-tab-portrait=\"60\" data-height-mobile-landscape=\"60\" style=\"clear:both;display:block;\"><\/div>[\/vc_column][\/vc_row][vc_row full_width=&#8220;stretch_row&#8220; el_class=&#8220;overlay white cta parallax&#8220; css=&#8220;.vc_custom_1691133202809{background-image: url(https:\/\/timan.dk\/wp-content\/uploads\/2023\/08\/16966-116.jpg?id=5540) !important;background-position: center !important;background-repeat: no-repeat !important;background-size: cover !important;}&#8220;][vc_column]<div class=\"ult-spacer spacer-69f33627047a5\" data-id=\"69f33627047a5\" data-height=\"90\" data-height-mobile=\"60\" data-height-tab=\"90\" data-height-tab-portrait=\"60\" data-height-mobile-landscape=\"60\" style=\"clear:both;display:block;\"><\/div>[vc_row_inner][vc_column_inner width=&#8220;1\/4&#8243;][\/vc_column_inner][vc_column_inner width=&#8220;1\/2&#8243;][vc_column_text]<\/p>\n<h6 style=\"text-align: center;\">Nena\u0161li jste, co pot\u0159ebujete?<\/h6>\n<h3 style=\"text-align: center;\">Kontaktujte n\u00e1s je\u0161t\u011b dnes<\/h3>\n<p style=\"text-align: center;\">Pokud jste nena\u0161li \u0159e\u0161en\u00ed, kter\u00e9 pot\u0159ebujete, kontaktujte n\u00e1s na telefonn\u00edm \u010d\u00edsle <a href=\"tel:+420 777 468 938\">+420 777 468 938<\/a> nebo n\u00e1m napi\u0161te e-mail na adresu <a href=\"mailto:info@avistech.cz\">info@avistech.cz<\/a>,\u00a0kde jsme p\u0159ipraveni v\u00e1m pomoci.<\/p>\n<p style=\"text-align: center;\">T\u011b\u0161\u00edme se na va\u0161e dotazy.<\/p>\n<p>[\/vc_column_text][vc_empty_space height=&#8220;30px&#8220;][vc_btn title=&#8220;Kontaktujte n\u00e1s&#8220; style=&#8220;custom&#8220; custom_background=&#8220;#fc5623&#8243; custom_text=&#8220;#ffffff&#8220; shape=&#8220;square&#8220; align=&#8220;center&#8220; link=&#8220;url:https%3A%2F%2Ftiman.dk%2Fcs%2Fkontakt%2F|title:Kontakt|&#8220;][\/vc_column_inner][vc_column_inner width=&#8220;1\/4&#8243;][\/vc_column_inner][\/vc_row_inner]<div class=\"ult-spacer spacer-69f33627047c6\" data-id=\"69f33627047c6\" data-height=\"90\" data-height-mobile=\"60\" data-height-tab=\"90\" data-height-tab-portrait=\"60\" data-height-mobile-landscape=\"60\" style=\"clear:both;display:block;\"><\/div>[\/vc_column][\/vc_row]<\/p>\n<\/div>","protected":false},"excerpt":{"rendered":"<p>[vc_row full_width=&#8220;stretch_row&#8220;][vc_column][vc_column_text] Objedn\u00e1vka n\u00e1hradn\u00edch d\u00edl\u016f a n\u00e1vod [\/vc_column_text][vc_empty_space height=&#8220;30px&#8220;][vc_separator color=&#8220;custom&#8220; border_width=&#8220;2&#8243; accent_color=&#8220;#f7f7f7&#8243;][vc_empty_space height=&#8220;30px&#8220;][vc_row_inner][vc_column_inner offset=&#8220;vc_col-lg-8 vc_col-md-8 vc_col-xs-12&#8243;][vc_column_text] Objedn\u00e1vka n\u00e1hradn\u00edch d\u00edl\u016f &#8211; n\u00e1vody Nejste si jisti, jak vytvo\u0159it profil v na\u0161em online syst\u00e9mu n\u00e1hradn\u00edch d\u00edl\u016f? Nebo pot\u0159ebujete v\u011bd\u011bt, jak objednat n\u00e1hradn\u00ed d\u00edly online? Zde jsou odpov\u011bdi.[\/vc_column_text][vc_empty_space height=&#8220;30px&#8220;][vc_column_text css=&#8220;.vc_custom_1691140470959{background-color: #f7f7f7 !important;}&#8220;] Ka\u017ed\u00fd stroj Timan se vyzna\u010duje d\u00e1nskou kvalitou &#8230; <a title=\"N\u00e1vody\" class=\"read-more\" href=\"https:\/\/timan.dk\/cs\/navody\/\" aria-label=\"\u010c\u00edst v\u00edce o N\u00e1vody\">Read more<\/a><\/p>\n","protected":false},"author":1,"featured_media":0,"parent":0,"menu_order":7,"comment_status":"closed","ping_status":"closed","template":"","meta":{"_acf_changed":false,"footnotes":""},"categories":[],"class_list":["post-9963","page","type-page","status-publish"],"acf":[],"yoast_head":"<!-- This site is optimized with the Yoast SEO plugin v27.5 - https:\/\/yoast.com\/product\/yoast-seo-wordpress\/ -->\n<title>N\u00e1vody | Timan A\/S<\/title>\n<meta name=\"robots\" content=\"index, follow, max-snippet:-1, max-image-preview:large, max-video-preview:-1\" \/>\n<link rel=\"canonical\" href=\"https:\/\/timan.dk\/cs\/navody\/\" \/>\n<meta property=\"og:locale\" content=\"cs_CZ\" \/>\n<meta property=\"og:type\" content=\"article\" \/>\n<meta property=\"og:title\" content=\"N\u00e1vody | Timan A\/S\" \/>\n<meta property=\"og:description\" content=\"[vc_row full_width=&#8220;stretch_row&#8220;][vc_column][vc_column_text] Objedn\u00e1vka n\u00e1hradn\u00edch d\u00edl\u016f a n\u00e1vod [\/vc_column_text][vc_empty_space height=&#8220;30px&#8220;][vc_separator color=&#8220;custom&#8220; border_width=&#8220;2&#8243; accent_color=&#8220;#f7f7f7&#8243;][vc_empty_space height=&#8220;30px&#8220;][vc_row_inner][vc_column_inner offset=&#8220;vc_col-lg-8 vc_col-md-8 vc_col-xs-12&#8243;][vc_column_text] Objedn\u00e1vka n\u00e1hradn\u00edch d\u00edl\u016f &#8211; n\u00e1vody Nejste si jisti, jak vytvo\u0159it profil v na\u0161em online syst\u00e9mu n\u00e1hradn\u00edch d\u00edl\u016f? Nebo pot\u0159ebujete v\u011bd\u011bt, jak objednat n\u00e1hradn\u00ed d\u00edly online? Zde jsou odpov\u011bdi.[\/vc_column_text][vc_empty_space height=&#8220;30px&#8220;][vc_column_text css=&#8220;.vc_custom_1691140470959{background-color: #f7f7f7 !important;}&#8220;] Ka\u017ed\u00fd stroj Timan se vyzna\u010duje d\u00e1nskou kvalitou ... Read more\" \/>\n<meta property=\"og:url\" content=\"https:\/\/timan.dk\/cs\/navody\/\" \/>\n<meta property=\"og:site_name\" content=\"Timan A\/S\" \/>\n<meta property=\"article:modified_time\" content=\"2025-07-07T12:09:07+00:00\" \/>\n<meta name=\"twitter:card\" content=\"summary_large_image\" \/>\n<meta name=\"twitter:label1\" content=\"Odhadovan\u00e1 doba \u010dten\u00ed\" \/>\n\t<meta name=\"twitter:data1\" content=\"4 minuty\" \/>\n<script type=\"application\/ld+json\" class=\"yoast-schema-graph\">{\"@context\":\"https:\\\/\\\/schema.org\",\"@graph\":[{\"@type\":\"WebPage\",\"@id\":\"https:\\\/\\\/timan.dk\\\/cs\\\/navody\\\/\",\"url\":\"https:\\\/\\\/timan.dk\\\/cs\\\/navody\\\/\",\"name\":\"N\u00e1vody | Timan A\\\/S\",\"isPartOf\":{\"@id\":\"https:\\\/\\\/timan.dk\\\/#website\"},\"datePublished\":\"2023-08-03T10:39:01+00:00\",\"dateModified\":\"2025-07-07T12:09:07+00:00\",\"breadcrumb\":{\"@id\":\"https:\\\/\\\/timan.dk\\\/cs\\\/navody\\\/#breadcrumb\"},\"inLanguage\":\"cs\",\"potentialAction\":[{\"@type\":\"ReadAction\",\"target\":[\"https:\\\/\\\/timan.dk\\\/cs\\\/navody\\\/\"]}]},{\"@type\":\"BreadcrumbList\",\"@id\":\"https:\\\/\\\/timan.dk\\\/cs\\\/navody\\\/#breadcrumb\",\"itemListElement\":[{\"@type\":\"ListItem\",\"position\":1,\"name\":\"Hjem\",\"item\":\"https:\\\/\\\/timan.dk\\\/cs\\\/\"},{\"@type\":\"ListItem\",\"position\":2,\"name\":\"N\u00e1vody\"}]},{\"@type\":\"WebSite\",\"@id\":\"https:\\\/\\\/timan.dk\\\/#website\",\"url\":\"https:\\\/\\\/timan.dk\\\/\",\"name\":\"Timan A\\\/S\",\"description\":\"Sweepers with collectors, slope mowers, remote-controlled flail mowers in Denmark\",\"publisher\":{\"@id\":\"https:\\\/\\\/timan.dk\\\/#organization\"},\"potentialAction\":[{\"@type\":\"SearchAction\",\"target\":{\"@type\":\"EntryPoint\",\"urlTemplate\":\"https:\\\/\\\/timan.dk\\\/?s={search_term_string}\"},\"query-input\":{\"@type\":\"PropertyValueSpecification\",\"valueRequired\":true,\"valueName\":\"search_term_string\"}}],\"inLanguage\":\"cs\"},{\"@type\":\"Organization\",\"@id\":\"https:\\\/\\\/timan.dk\\\/#organization\",\"name\":\"Timan A\\\/S\",\"url\":\"https:\\\/\\\/timan.dk\\\/\",\"logo\":{\"@type\":\"ImageObject\",\"inLanguage\":\"cs\",\"@id\":\"https:\\\/\\\/timan.dk\\\/#\\\/schema\\\/logo\\\/image\\\/\",\"url\":\"https:\\\/\\\/timan.dk\\\/wp-content\\\/uploads\\\/2023\\\/08\\\/logo-timan-cut.png\",\"contentUrl\":\"https:\\\/\\\/timan.dk\\\/wp-content\\\/uploads\\\/2023\\\/08\\\/logo-timan-cut.png\",\"width\":2048,\"height\":599,\"caption\":\"Timan A\\\/S\"},\"image\":{\"@id\":\"https:\\\/\\\/timan.dk\\\/#\\\/schema\\\/logo\\\/image\\\/\"}}]}<\/script>\n<!-- \/ Yoast SEO plugin. -->","yoast_head_json":{"title":"N\u00e1vody | Timan A\/S","robots":{"index":"index","follow":"follow","max-snippet":"max-snippet:-1","max-image-preview":"max-image-preview:large","max-video-preview":"max-video-preview:-1"},"canonical":"https:\/\/timan.dk\/cs\/navody\/","og_locale":"cs_CZ","og_type":"article","og_title":"N\u00e1vody | Timan A\/S","og_description":"[vc_row full_width=&#8220;stretch_row&#8220;][vc_column][vc_column_text] Objedn\u00e1vka n\u00e1hradn\u00edch d\u00edl\u016f a n\u00e1vod [\/vc_column_text][vc_empty_space height=&#8220;30px&#8220;][vc_separator color=&#8220;custom&#8220; border_width=&#8220;2&#8243; accent_color=&#8220;#f7f7f7&#8243;][vc_empty_space height=&#8220;30px&#8220;][vc_row_inner][vc_column_inner offset=&#8220;vc_col-lg-8 vc_col-md-8 vc_col-xs-12&#8243;][vc_column_text] Objedn\u00e1vka n\u00e1hradn\u00edch d\u00edl\u016f &#8211; n\u00e1vody Nejste si jisti, jak vytvo\u0159it profil v na\u0161em online syst\u00e9mu n\u00e1hradn\u00edch d\u00edl\u016f? Nebo pot\u0159ebujete v\u011bd\u011bt, jak objednat n\u00e1hradn\u00ed d\u00edly online? Zde jsou odpov\u011bdi.[\/vc_column_text][vc_empty_space height=&#8220;30px&#8220;][vc_column_text css=&#8220;.vc_custom_1691140470959{background-color: #f7f7f7 !important;}&#8220;] Ka\u017ed\u00fd stroj Timan se vyzna\u010duje d\u00e1nskou kvalitou ... Read more","og_url":"https:\/\/timan.dk\/cs\/navody\/","og_site_name":"Timan A\/S","article_modified_time":"2025-07-07T12:09:07+00:00","twitter_card":"summary_large_image","twitter_misc":{"Odhadovan\u00e1 doba \u010dten\u00ed":"4 minuty"},"schema":{"@context":"https:\/\/schema.org","@graph":[{"@type":"WebPage","@id":"https:\/\/timan.dk\/cs\/navody\/","url":"https:\/\/timan.dk\/cs\/navody\/","name":"N\u00e1vody | Timan A\/S","isPartOf":{"@id":"https:\/\/timan.dk\/#website"},"datePublished":"2023-08-03T10:39:01+00:00","dateModified":"2025-07-07T12:09:07+00:00","breadcrumb":{"@id":"https:\/\/timan.dk\/cs\/navody\/#breadcrumb"},"inLanguage":"cs","potentialAction":[{"@type":"ReadAction","target":["https:\/\/timan.dk\/cs\/navody\/"]}]},{"@type":"BreadcrumbList","@id":"https:\/\/timan.dk\/cs\/navody\/#breadcrumb","itemListElement":[{"@type":"ListItem","position":1,"name":"Hjem","item":"https:\/\/timan.dk\/cs\/"},{"@type":"ListItem","position":2,"name":"N\u00e1vody"}]},{"@type":"WebSite","@id":"https:\/\/timan.dk\/#website","url":"https:\/\/timan.dk\/","name":"Timan A\/S","description":"Sweepers with collectors, slope mowers, remote-controlled flail mowers in Denmark","publisher":{"@id":"https:\/\/timan.dk\/#organization"},"potentialAction":[{"@type":"SearchAction","target":{"@type":"EntryPoint","urlTemplate":"https:\/\/timan.dk\/?s={search_term_string}"},"query-input":{"@type":"PropertyValueSpecification","valueRequired":true,"valueName":"search_term_string"}}],"inLanguage":"cs"},{"@type":"Organization","@id":"https:\/\/timan.dk\/#organization","name":"Timan A\/S","url":"https:\/\/timan.dk\/","logo":{"@type":"ImageObject","inLanguage":"cs","@id":"https:\/\/timan.dk\/#\/schema\/logo\/image\/","url":"https:\/\/timan.dk\/wp-content\/uploads\/2023\/08\/logo-timan-cut.png","contentUrl":"https:\/\/timan.dk\/wp-content\/uploads\/2023\/08\/logo-timan-cut.png","width":2048,"height":599,"caption":"Timan A\/S"},"image":{"@id":"https:\/\/timan.dk\/#\/schema\/logo\/image\/"}}]}},"_links":{"self":[{"href":"https:\/\/timan.dk\/cs\/wp-json\/wp\/v2\/pages\/9963","targetHints":{"allow":["GET"]}}],"collection":[{"href":"https:\/\/timan.dk\/cs\/wp-json\/wp\/v2\/pages"}],"about":[{"href":"https:\/\/timan.dk\/cs\/wp-json\/wp\/v2\/types\/page"}],"author":[{"embeddable":true,"href":"https:\/\/timan.dk\/cs\/wp-json\/wp\/v2\/users\/1"}],"replies":[{"embeddable":true,"href":"https:\/\/timan.dk\/cs\/wp-json\/wp\/v2\/comments?post=9963"}],"version-history":[{"count":11,"href":"https:\/\/timan.dk\/cs\/wp-json\/wp\/v2\/pages\/9963\/revisions"}],"predecessor-version":[{"id":13468,"href":"https:\/\/timan.dk\/cs\/wp-json\/wp\/v2\/pages\/9963\/revisions\/13468"}],"wp:attachment":[{"href":"https:\/\/timan.dk\/cs\/wp-json\/wp\/v2\/media?parent=9963"}],"wp:term":[{"taxonomy":"category","embeddable":true,"href":"https:\/\/timan.dk\/cs\/wp-json\/wp\/v2\/categories?post=9963"}],"curies":[{"name":"wp","href":"https:\/\/api.w.org\/{rel}","templated":true}]}}