{"id":9978,"date":"2023-09-14T07:32:16","date_gmt":"2023-09-14T05:32:16","guid":{"rendered":"https:\/\/timan.dk\/redskabsbaerer\/"},"modified":"2025-09-04T18:41:15","modified_gmt":"2025-09-04T16:41:15","slug":"nosice-naradi","status":"publish","type":"page","link":"https:\/\/timan.dk\/cs\/stroje\/nosice-naradi\/","title":{"rendered":"Nosi\u010de n\u00e1\u0159ad\u00ed"},"content":{"rendered":"<div class=\"wpb-content-wrapper\"><p>[vc_row full_width=&#8220;stretch_row&#8220;][vc_column]<div class=\"ult-spacer spacer-6a039d772da2c\" data-id=\"6a039d772da2c\" data-height=\"90\" data-height-mobile=\"60\" data-height-tab=\"90\" data-height-tab-portrait=\"60\" data-height-mobile-landscape=\"60\" style=\"clear:both;display:block;\"><\/div>[vc_column_text]<\/p>\n<h2>Nosi\u010de n\u00e1\u0159ad\u00ed v d\u00e1nsk\u00e9 kvalit\u011b a \u0159emesln\u00e9m zpracov\u00e1n\u00ed<\/h2>\n<p>[\/vc_column_text][vc_empty_space height=&#8220;30px&#8220;][vc_separator color=&#8220;custom&#8220; border_width=&#8220;2&#8243; accent_color=&#8220;#f7f7f7&#8243;][vc_empty_space height=&#8220;30px&#8220;][vc_row_inner][vc_column_inner offset=&#8220;vc_col-lg-8 vc_col-md-8 vc_col-xs-12&#8243;][vc_column_text]Od roku 2004 se spole\u010dnost Timan specializuje na v\u00fdrobu nosi\u010d\u016f n\u00e1\u0159ad\u00ed, kter\u00e9 podporuj\u00ed spokojenost s prac\u00ed i efektivitu. Za ka\u017ed\u00fdm nosi\u010dem n\u00e1\u0159ad\u00ed Timan stoj\u00ed hlubok\u00e9 porozum\u011bn\u00ed va\u0161im pracovn\u00edm podm\u00ednk\u00e1m a pot\u0159eb\u00e1m v kombinaci s d\u00e1nskou kvalitou a \u0159emesln\u00fdm zpracov\u00e1n\u00edm v\u0161eho od designu a\u017e po v\u00fdrobu a servis.<\/p>\n<p>A\u0165 u\u017e se jedn\u00e1 o jak\u00fdkoli \u00fakol \u2013 od sek\u00e1n\u00ed tr\u00e1vy a odkl\u00edzen\u00ed sn\u011bhu a\u017e po likvidaci plevele a \u010di\u0161t\u011bn\u00ed ulic &#8211; m\u00e1me pro v\u00e1s nosi\u010d n\u00e1\u0159ad\u00ed, kter\u00fd odpov\u00edd\u00e1 va\u0161im pot\u0159eb\u00e1m. [\/vc_column_text][vc_empty_space height=&#8220;30px&#8220;][vc_column_text]<\/p>\n<h3>Nosi\u010de n\u00e1\u0159ad\u00ed pro v\u0161echny \u00fakoly<\/h3>\n<p>Koncepce nosi\u010d\u016f n\u00e1\u0159ad\u00ed Timan je jednoduch\u00e1: M\u00e1te z\u00e1kladn\u00ed stroj \/ nosi\u010d n\u00e1\u0159ad\u00ed, kter\u00fd lze p\u0159izp\u016fsobit r\u016fzn\u00fdm \u00fakol\u016fm v\u00fdm\u011bnou n\u00e1stavc\u016f. Stejn\u00fd nosi\u010d n\u00e1\u0159ad\u00ed tak m\u016f\u017eete pou\u017e\u00edt k odkl\u00edzen\u00ed sn\u011bhu, sek\u00e1n\u00ed tr\u00e1vy a mnoha dal\u0161\u00edm \u00fakol\u016fm \u00fadr\u017eby. Jednodu\u0161e p\u0159ipoj\u00edte n\u00e1stavec, kter\u00fd pot\u0159ebujete.<\/p>\n<h3>Nosi\u010de n\u00e1\u0159ad\u00ed Timan \u2013 d\u00e1nsk\u00e1 kvalita<\/h3>\n<p>Ve spole\u010dnosti Timan se specializujeme na v\u00fdvoj \u0159ady r\u016fzn\u00fdch nosi\u010d\u016f n\u00e1\u0159ad\u00ed, kter\u00e9 spl\u0148uj\u00ed r\u016fznorod\u00e9 a komplexn\u00ed pot\u0159eby pr\u016fmyslu. V na\u0161\u00ed nab\u00eddce najdete celkem t\u0159i nosi\u010de n\u00e1\u0159ad\u00ed.<\/p>\n<p>&nbsp;<\/p>\n<p>&nbsp;<\/p>\n<p>Nab\u00edz\u00edme dva kloubov\u00e9 stroje, kter\u00e9 jsou ide\u00e1ln\u00ed pro ty, kdo cht\u011bj\u00ed m\u00edt p\u0159\u00edmou kontrolu a pohodl\u00ed, kter\u00e9 obn\u00e1\u0161\u00ed sed\u011bt za volantem stroje, jako je tomu u men\u0161\u00edch kompaktn\u00edch traktor\u016f.<\/p>\n<p>Krom\u011b toho nab\u00edz\u00edme tak\u00e9 d\u00e1lkov\u011b ovl\u00e1dan\u00fd nosi\u010d n\u00e1\u0159ad\u00ed, kter\u00fd je speci\u00e1ln\u011b navr\u017een pro pohyb na svaz\u00edch a v jin\u00e9m n\u00e1ro\u010dn\u00e9m ter\u00e9nu, kde se tradi\u010dn\u00ed stroje obt\u00ed\u017en\u011b pohybuj\u00ed.[\/vc_column_text]<div class=\"ult-spacer spacer-6a039d772da77\" data-id=\"6a039d772da77\" data-height=\"0\" data-height-mobile=\"30\" data-height-tab=\"0\" data-height-tab-portrait=\"30\" data-height-mobile-landscape=\"30\" style=\"clear:both;display:block;\"><\/div>[\/vc_column_inner][vc_column_inner offset=&#8220;vc_col-lg-4 vc_col-md-4 vc_col-xs-12&#8243;][vc_btn title=&#8220;Zobrazit prodejce&#8220; style=&#8220;custom&#8220; custom_background=&#8220;#fc5623&#8243; custom_text=&#8220;#ffffff&#8220; shape=&#8220;square&#8220; align=&#8220;left&#8220; button_block=&#8220;true&#8220; link=&#8220;url:https%3A%2F%2Ftiman.dk%2Fforhandlere%2F|title:Prodejci|&#8220;][vc_empty_space height=&#8220;5px&#8220;][vc_btn title=&#8220;Objednejte si n\u00e1hradn\u00ed d\u00edly&#8220; style=&#8220;custom&#8220; custom_background=&#8220;#fc5623&#8243; custom_text=&#8220;#ffffff&#8220; shape=&#8220;square&#8220; align=&#8220;left&#8220; button_block=&#8220;true&#8220; link=&#8220;url:https%3A%2F%2Fcloud.interactivespares.com%2Ftiman%2Fcategorie%2F1000%2B-%2BTool-Trac|title:N%C3%A1hradn%C3%AD%20d%C3%ADly|target:_blank|&#8220;][vc_empty_space height=&#8220;30px&#8220;][vc_column_text css=&#8220;.vc_custom_1696573192307{padding: 30px !important;background-color: #f7f7f7 !important;}&#8220;]<\/p>\n<h4>Servis v\u0161ech nosi\u010d\u016f n\u00e1\u0159ad\u00ed<\/h4>\n<p>Ve spole\u010dnosti Timan zaji\u0161\u0165ujeme tak\u00e9 servis na\u0161ich stroj\u016f prost\u0159ednictv\u00edm \u0161irok\u00e9 s\u00edt\u011b kompetentn\u00edch prodejc\u016f a servisn\u00edch technik\u016f. Tito partne\u0159i jsou vy\u0161koleni tak, aby zajistili konzistentn\u00ed a vysoce kvalitn\u00ed servis bez ohledu na to, kde v Evrop\u011b nebo Asii se pr\u00e1v\u011b nach\u00e1z\u00edte. D\u00edky m\u00edstn\u00edm prodejc\u016fm v n\u011bkolika zem\u00edch m\u016f\u017eete snadno naj\u00edt nejbli\u017e\u0161\u00edho servisn\u00edho partnera. Servis a prodejce <a href=\"https:\/\/www.avistech.cz\/\">naleznete zde<\/a>.[\/vc_column_text][\/vc_column_inner][\/vc_row_inner][\/vc_column][\/vc_row][vc_row full_width=&#8220;stretch_row&#8220;][vc_column]<div class=\"ult-spacer spacer-6a039d772da9f\" data-id=\"6a039d772da9f\" data-height=\"90\" data-height-mobile=\"60\" data-height-tab=\"90\" data-height-tab-portrait=\"60\" data-height-mobile-landscape=\"60\" style=\"clear:both;display:block;\"><\/div>[vc_basic_grid post_type=&#8220;page&#8220; max_items=&#8220;-1&#8243; gap=&#8220;15&#8243; orderby=&#8220;title&#8220; item=&#8220;487&#8243; grid_id=&#8220;vc_gid:1750943528787-7755f29a-9ad9-3&#8243; taxonomies=&#8220;67&#8243;]<div class=\"ult-spacer spacer-6a039d772dac1\" data-id=\"6a039d772dac1\" data-height=\"90\" data-height-mobile=\"60\" data-height-tab=\"90\" data-height-tab-portrait=\"60\" data-height-mobile-landscape=\"60\" style=\"clear:both;display:block;\"><\/div>[vc_row_inner][vc_column_inner width=&#8220;1\/3&#8243;][vc_column_text]<\/p>\n<h4>Kloubov\u00fd nosi\u010d n\u00e1\u0159ad\u00ed se zvedac\u00edm ramenem \u2013 Tool-Trac 5740<\/h4>\n<p>Objevte Tool-Trac 5740, n\u00e1\u0161 kloubov\u00fd nosi\u010d n\u00e1\u0159ad\u00ed se zvedac\u00edm ramenem, dokonal\u00e9 multifunk\u010dn\u00ed n\u00e1\u0159ad\u00ed pro profesion\u00e1ly v oblasti venkovn\u00ed \u00fadr\u017eby. Tento kloubov\u00fd nosi\u010d n\u00e1\u0159ad\u00ed je ide\u00e1ln\u00ed pro \u0161irokou \u0161k\u00e1lu \u00fakol\u016f. Je vybaven\u00fd vestav\u011bn\u00fdm zvedac\u00edm ramenem, zvl\u00e1dne efektivn\u011b v\u0161e od zved\u00e1n\u00ed a kop\u00e1n\u00ed a\u017e po zimn\u00ed slu\u017eby a \u00fadr\u017ebu zelen\u011b. Zam\u011b\u0159uje se tak\u00e9 na efektivitu i \u0161etrnost k \u017eivotn\u00edmu prost\u0159ed\u00ed, je ide\u00e1ln\u00ed pro bytov\u00e1 dru\u017estva a podniky s r\u016fzn\u00fdmi \u00fakoly venkovn\u00ed \u00fadr\u017eby.[\/vc_column_text]<div class=\"ult-spacer spacer-6a039d772dae1\" data-id=\"6a039d772dae1\" data-height=\"0\" data-height-mobile=\"30\" data-height-tab=\"0\" data-height-tab-portrait=\"0\" data-height-mobile-landscape=\"30\" style=\"clear:both;display:block;\"><\/div>[\/vc_column_inner][vc_column_inner width=&#8220;1\/3&#8243;][vc_column_text]<\/p>\n<h4>Nosi\u010d n\u00e1\u0159ad\u00ed pro 4 ro\u010dn\u00ed obdob\u00ed &#8211; Timan 3330<\/h4>\n<p>Timan 3330 je na\u0161\u00ed variantou stroje pro v\u0161echna ro\u010dn\u00ed obdob\u00ed. S\u00a0t\u00edmto nosi\u010dem n\u00e1\u0159ad\u00ed z\u00edsk\u00e1te spolehliv\u00fd stroj, kter\u00fd kombinuje komfort obsluhy s d\u00e1nsk\u00fdm designem a kvalitou. Lze vybavit r\u016fzn\u00fdmi p\u0159\u00eddavn\u00fdmi za\u0159\u00edzen\u00edmi, jako je V-radlice, rozmetadlo soli nebo kart\u00e1\u010d na plevel, tak\u017ee je ide\u00e1ln\u00ed pro v\u0161echna \u010dty\u0159i ro\u010dn\u00ed obdob\u00ed. Timan 3330 je tak\u00e9 ekologick\u00fd nosi\u010d n\u00e1\u0159ad\u00ed, kter\u00fd spl\u0148uje emisn\u00ed normy EU Stage V.[\/vc_column_text]<div class=\"ult-spacer spacer-6a039d772db09\" data-id=\"6a039d772db09\" data-height=\"0\" data-height-mobile=\"30\" data-height-tab=\"0\" data-height-tab-portrait=\"0\" data-height-mobile-landscape=\"30\" style=\"clear:both;display:block;\"><\/div>[\/vc_column_inner][vc_column_inner width=&#8220;1\/3&#8243;][vc_column_text css=&#8220;&#8220;]<\/p>\n<p data-start=\"103\" data-end=\"173\"><strong data-start=\"103\" data-end=\"171\">D\u00e1lkov\u011b ovl\u00e1dan\u00fd nosi\u010d n\u00e1\u0159ad\u00ed \u2013 RC-1000s: Mistr pr\u00e1ce ve svaz\u00edch<\/strong><\/p>\n<p><\/p>\n<p data-start=\"175\" data-end=\"496\">RC-1000s od Timan nen\u00ed jen skute\u010dn\u00fdm mistrem p\u0159i pr\u00e1ci na svaz\u00edch, ale tak\u00e9 mimo\u0159\u00e1dn\u011b v\u0161estrann\u00fdm strojem, pokud jde o v\u00fdb\u011br n\u00e1\u0159ad\u00ed. Lze k n\u011bmu p\u0159ipojit r\u016fzn\u00e1 \u010deln\u00ed za\u0159\u00edzen\u00ed, nap\u0159\u00edklad V-pluh, mul\u010dova\u010d, fr\u00e9zu na pa\u0159ezy a mnoho dal\u0161\u00edch \u2013 v\u0161echna jsou navr\u017eena tak, aby bezchybn\u011b fungovala i na svaz\u00edch se sklonem a\u017e 50\u00b0.<\/p>\n<p>[\/vc_column_text][\/vc_column_inner][\/vc_row_inner]<div class=\"ult-spacer spacer-6a039d772db27\" data-id=\"6a039d772db27\" data-height=\"90\" data-height-mobile=\"60\" data-height-tab=\"90\" data-height-tab-portrait=\"60\" data-height-mobile-landscape=\"60\" style=\"clear:both;display:block;\"><\/div>[\/vc_column][\/vc_row][vc_row full_width=&#8220;stretch_row&#8220; bg_type=&#8220;bg_color&#8220; seperator_enable=&#8220;seperator_enable_value&#8220; seperator_type=&#8220;xlarge_triangle_left_seperator&#8220; seperator_svg_height=&#8220;60&#8243; seperator_shape_background=&#8220;#ffffff&#8220; height=&#8220;90&#8243; height_on_tabs=&#8220;90&#8243; height_on_tabs_portrait=&#8220;60&#8243; height_on_mob_landscape=&#8220;60&#8243; height_on_mob=&#8220;60&#8243; bg_color_value=&#8220;#ece8e1&#8243;][vc_column]<div class=\"ult-spacer spacer-6a039d772db43\" data-id=\"6a039d772db43\" data-height=\"90\" data-height-mobile=\"60\" data-height-tab=\"90\" data-height-tab-portrait=\"60\" data-height-mobile-landscape=\"60\" style=\"clear:both;display:block;\"><\/div>[\/vc_column][\/vc_row]<\/p>\n<p>[vc_row full_width=&#8220;stretch_row&#8220; el_class=&#8220;overlay parallax overflow-row&#8220; css=&#8220;.vc_custom_1691104819308{background-image: url(https:\/\/timan.dk\/wp-content\/uploads\/2023\/08\/16966-116.jpg?id=5540) !important;background-position: center !important;background-repeat: no-repeat !important;background-size: cover !important;}&#8220;][vc_column css_animation=&#8220;fadeIn&#8220;]<div class=\"ult-spacer spacer-6a039d772db60\" data-id=\"6a039d772db60\" data-height=\"120\" data-height-mobile=\"60\" data-height-tab=\"90\" data-height-tab-portrait=\"60\" data-height-mobile-landscape=\"60\" style=\"clear:both;display:block;\"><\/div>[vc_row_inner css=&#8220;.vc_custom_1682518429141{margin-right: 0px !important;margin-left: 0px !important;}&#8220;][vc_column_inner el_class=&#8220;overflow-box-footer&#8220;][vc_empty_space height=&#8220;60px&#8220;][vc_column_text]<\/p>\n<p data-start=\"78\" data-end=\"167\"><strong data-start=\"78\" data-end=\"103\">Kontaktujte Timan A\/S<\/strong><br data-start=\"103\" data-end=\"106\" \/>M\u00e1te ot\u00e1zky? Ozv\u011bte se n\u00e1m a poj\u010fme si nez\u00e1vazn\u011b popov\u00eddat.<\/p>\n<p><\/p>\n<p data-start=\"169\" data-end=\"349\">Jsme p\u0159ipraveni odpov\u011bd\u011bt na v\u0161echny va\u0161e dotazy, na kter\u00e9 jste na webu nena\u0161li odpov\u011b\u010f. Nev\u00e1hejte n\u00e1m zavolat nebo napsat \u2013 r\u00e1di si s v\u00e1mi nez\u00e1vazn\u011b promluv\u00edme o va\u0161ich pl\u00e1nech.<\/p>\n<p>[\/vc_column_text][vc_empty_space height=&#8220;15px&#8220;][vc_btn title=&#8220;Kontaktujte n\u00e1s zde&#8220; style=&#8220;custom&#8220; custom_background=&#8220;#fc5623&#8243; custom_text=&#8220;#ffffff&#8220; shape=&#8220;square&#8220; link=&#8220;url:https%3A%2F%2Ftiman.dk%2Fcs%2Fkontakt%2F|title:Kontakt|&#8220;][vc_btn title=&#8220;N\u00e1hradn\u00ed d\u00edly&#8220; style=&#8220;outline-custom&#8220; outline_custom_color=&#8220;#666666&#8243; outline_custom_hover_background=&#8220;#666666&#8243; outline_custom_hover_text=&#8220;#ffffff&#8220; shape=&#8220;square&#8220; link=&#8220;url:https%3A%2F%2Ftiman.dk%2Fcs%2Fnavody%2F|title:N%C3%A1hradn%C3%AD%20d%C3%ADly|&#8220;][vc_empty_space height=&#8220;30&#8243;][vc_column_text]<\/p>\n<p class=\"elementor-heading-title elementor-size-default\">+420 778 881 904<\/p>\n<p>[\/vc_column_text][vc_empty_space height=&#8220;60px&#8220;][\/vc_column_inner][\/vc_row_inner]<div class=\"ult-spacer spacer-6a039d772db7b\" data-id=\"6a039d772db7b\" data-height=\"120\" data-height-mobile=\"60\" data-height-tab=\"90\" data-height-tab-portrait=\"60\" data-height-mobile-landscape=\"60\" style=\"clear:both;display:block;\"><\/div>[\/vc_column][\/vc_row]<\/p>\n<\/div>","protected":false},"excerpt":{"rendered":"<p>[vc_row full_width=&#8220;stretch_row&#8220;][vc_column][vc_column_text] Nosi\u010de n\u00e1\u0159ad\u00ed v d\u00e1nsk\u00e9 kvalit\u011b a \u0159emesln\u00e9m zpracov\u00e1n\u00ed [\/vc_column_text][vc_empty_space height=&#8220;30px&#8220;][vc_separator color=&#8220;custom&#8220; border_width=&#8220;2&#8243; accent_color=&#8220;#f7f7f7&#8243;][vc_empty_space height=&#8220;30px&#8220;][vc_row_inner][vc_column_inner offset=&#8220;vc_col-lg-8 vc_col-md-8 vc_col-xs-12&#8243;][vc_column_text]Od roku 2004 se spole\u010dnost Timan specializuje na v\u00fdrobu nosi\u010d\u016f n\u00e1\u0159ad\u00ed, kter\u00e9 podporuj\u00ed spokojenost s prac\u00ed i efektivitu. Za ka\u017ed\u00fdm nosi\u010dem n\u00e1\u0159ad\u00ed Timan stoj\u00ed hlubok\u00e9 porozum\u011bn\u00ed va\u0161im pracovn\u00edm podm\u00ednk\u00e1m a pot\u0159eb\u00e1m v kombinaci s d\u00e1nskou kvalitou a &#8230; <a title=\"Nosi\u010de n\u00e1\u0159ad\u00ed\" class=\"read-more\" href=\"https:\/\/timan.dk\/cs\/stroje\/nosice-naradi\/\" aria-label=\"\u010c\u00edst v\u00edce o Nosi\u010de n\u00e1\u0159ad\u00ed\">Read more<\/a><\/p>\n","protected":false},"author":1,"featured_media":9979,"parent":10024,"menu_order":11,"comment_status":"closed","ping_status":"closed","template":"","meta":{"_acf_changed":false,"footnotes":""},"categories":[107],"class_list":{"0":"post-9978","1":"page","2":"type-page","3":"status-publish","4":"has-post-thumbnail","6":"category-stroje-a-nastroje"},"acf":[],"yoast_head":"<!-- This site is optimized with the Yoast SEO plugin v27.5 - https:\/\/yoast.com\/product\/yoast-seo-wordpress\/ -->\n<title>Efektivn\u00ed nosi\u010de n\u00e1stroj\u016f | D\u00e1nsk\u00e1 kvalita a \u0159emesln\u00e9 zpracov\u00e1n\u00ed | Timan A\/S<\/title>\n<meta name=\"description\" content=\"Spole\u010dnost Timan se specializuje na vytv\u00e1\u0159en\u00ed nosi\u010d\u016f n\u00e1stroj\u016f, kter\u00e9 podporuj\u00ed spokojenost s prac\u00ed i efektivitu. Hluboce rozum\u00edme va\u0161im pracovn\u00edm podm\u00ednk\u00e1m a pot\u0159eb\u00e1m.\" \/>\n<meta name=\"robots\" content=\"index, follow, max-snippet:-1, max-image-preview:large, max-video-preview:-1\" \/>\n<link rel=\"canonical\" href=\"https:\/\/timan.dk\/maskiner\/redskabsbaerer\/\" \/>\n<meta property=\"og:locale\" content=\"cs_CZ\" \/>\n<meta property=\"og:type\" content=\"article\" \/>\n<meta property=\"og:title\" content=\"Efektivn\u00ed nosi\u010de n\u00e1stroj\u016f | D\u00e1nsk\u00e1 kvalita a \u0159emesln\u00e9 zpracov\u00e1n\u00ed | Timan A\/S\" \/>\n<meta property=\"og:description\" content=\"Spole\u010dnost Timan se specializuje na vytv\u00e1\u0159en\u00ed nosi\u010d\u016f n\u00e1stroj\u016f, kter\u00e9 podporuj\u00ed spokojenost s prac\u00ed i efektivitu. Hluboce rozum\u00edme va\u0161im pracovn\u00edm podm\u00ednk\u00e1m a pot\u0159eb\u00e1m.\" \/>\n<meta property=\"og:url\" content=\"https:\/\/timan.dk\/maskiner\/redskabsbaerer\/\" \/>\n<meta property=\"og:site_name\" content=\"Timan A\/S\" \/>\n<meta property=\"article:modified_time\" content=\"2025-09-04T16:41:15+00:00\" \/>\n<meta property=\"og:image\" content=\"https:\/\/timan.dk\/wp-content\/uploads\/2023\/08\/dji-20200424-08294900-00-15-15still002.jpg\" \/>\n\t<meta property=\"og:image:width\" content=\"1500\" \/>\n\t<meta property=\"og:image:height\" content=\"844\" \/>\n\t<meta property=\"og:image:type\" content=\"image\/jpeg\" \/>\n<meta name=\"twitter:card\" content=\"summary_large_image\" \/>\n<meta name=\"twitter:label1\" content=\"Odhadovan\u00e1 doba \u010dten\u00ed\" \/>\n\t<meta name=\"twitter:data1\" content=\"7 minut\" \/>\n<script type=\"application\/ld+json\" class=\"yoast-schema-graph\">{\"@context\":\"https:\\\/\\\/schema.org\",\"@graph\":[{\"@type\":\"WebPage\",\"@id\":\"https:\\\/\\\/timan.dk\\\/maskiner\\\/redskabsbaerer\\\/\",\"url\":\"https:\\\/\\\/timan.dk\\\/maskiner\\\/redskabsbaerer\\\/\",\"name\":\"Efektivn\u00ed nosi\u010de n\u00e1stroj\u016f | D\u00e1nsk\u00e1 kvalita a \u0159emesln\u00e9 zpracov\u00e1n\u00ed | Timan A\\\/S\",\"isPartOf\":{\"@id\":\"https:\\\/\\\/timan.dk\\\/#website\"},\"primaryImageOfPage\":{\"@id\":\"https:\\\/\\\/timan.dk\\\/maskiner\\\/redskabsbaerer\\\/#primaryimage\"},\"image\":{\"@id\":\"https:\\\/\\\/timan.dk\\\/maskiner\\\/redskabsbaerer\\\/#primaryimage\"},\"thumbnailUrl\":\"https:\\\/\\\/timan.dk\\\/wp-content\\\/uploads\\\/2023\\\/08\\\/dji-20200424-08294900-00-15-15still002.jpg\",\"datePublished\":\"2023-09-14T05:32:16+00:00\",\"dateModified\":\"2025-09-04T16:41:15+00:00\",\"description\":\"Spole\u010dnost Timan se specializuje na vytv\u00e1\u0159en\u00ed nosi\u010d\u016f n\u00e1stroj\u016f, kter\u00e9 podporuj\u00ed spokojenost s prac\u00ed i efektivitu. Hluboce rozum\u00edme va\u0161im pracovn\u00edm podm\u00ednk\u00e1m a pot\u0159eb\u00e1m.\",\"breadcrumb\":{\"@id\":\"https:\\\/\\\/timan.dk\\\/maskiner\\\/redskabsbaerer\\\/#breadcrumb\"},\"inLanguage\":\"cs\",\"potentialAction\":[{\"@type\":\"ReadAction\",\"target\":[\"https:\\\/\\\/timan.dk\\\/maskiner\\\/redskabsbaerer\\\/\"]}]},{\"@type\":\"ImageObject\",\"inLanguage\":\"cs\",\"@id\":\"https:\\\/\\\/timan.dk\\\/maskiner\\\/redskabsbaerer\\\/#primaryimage\",\"url\":\"https:\\\/\\\/timan.dk\\\/wp-content\\\/uploads\\\/2023\\\/08\\\/dji-20200424-08294900-00-15-15still002.jpg\",\"contentUrl\":\"https:\\\/\\\/timan.dk\\\/wp-content\\\/uploads\\\/2023\\\/08\\\/dji-20200424-08294900-00-15-15still002.jpg\",\"width\":1500,\"height\":844},{\"@type\":\"BreadcrumbList\",\"@id\":\"https:\\\/\\\/timan.dk\\\/maskiner\\\/redskabsbaerer\\\/#breadcrumb\",\"itemListElement\":[{\"@type\":\"ListItem\",\"position\":1,\"name\":\"Hjem\",\"item\":\"https:\\\/\\\/timan.dk\\\/cs\\\/\"},{\"@type\":\"ListItem\",\"position\":2,\"name\":\"Stroje a n\u00e1stroje\",\"item\":\"https:\\\/\\\/timan.dk\\\/cs\\\/stroje\\\/\"},{\"@type\":\"ListItem\",\"position\":3,\"name\":\"Nosi\u010de n\u00e1\u0159ad\u00ed\"}]},{\"@type\":\"WebSite\",\"@id\":\"https:\\\/\\\/timan.dk\\\/#website\",\"url\":\"https:\\\/\\\/timan.dk\\\/\",\"name\":\"Timan A\\\/S\",\"description\":\"Sweepers with collectors, slope mowers, remote-controlled flail mowers in Denmark\",\"publisher\":{\"@id\":\"https:\\\/\\\/timan.dk\\\/#organization\"},\"potentialAction\":[{\"@type\":\"SearchAction\",\"target\":{\"@type\":\"EntryPoint\",\"urlTemplate\":\"https:\\\/\\\/timan.dk\\\/?s={search_term_string}\"},\"query-input\":{\"@type\":\"PropertyValueSpecification\",\"valueRequired\":true,\"valueName\":\"search_term_string\"}}],\"inLanguage\":\"cs\"},{\"@type\":\"Organization\",\"@id\":\"https:\\\/\\\/timan.dk\\\/#organization\",\"name\":\"Timan A\\\/S\",\"url\":\"https:\\\/\\\/timan.dk\\\/\",\"logo\":{\"@type\":\"ImageObject\",\"inLanguage\":\"cs\",\"@id\":\"https:\\\/\\\/timan.dk\\\/#\\\/schema\\\/logo\\\/image\\\/\",\"url\":\"https:\\\/\\\/timan.dk\\\/wp-content\\\/uploads\\\/2023\\\/08\\\/logo-timan-cut.png\",\"contentUrl\":\"https:\\\/\\\/timan.dk\\\/wp-content\\\/uploads\\\/2023\\\/08\\\/logo-timan-cut.png\",\"width\":2048,\"height\":599,\"caption\":\"Timan A\\\/S\"},\"image\":{\"@id\":\"https:\\\/\\\/timan.dk\\\/#\\\/schema\\\/logo\\\/image\\\/\"}}]}<\/script>\n<!-- \/ Yoast SEO plugin. -->","yoast_head_json":{"title":"Efektivn\u00ed nosi\u010de n\u00e1stroj\u016f | D\u00e1nsk\u00e1 kvalita a \u0159emesln\u00e9 zpracov\u00e1n\u00ed | Timan A\/S","description":"Spole\u010dnost Timan se specializuje na vytv\u00e1\u0159en\u00ed nosi\u010d\u016f n\u00e1stroj\u016f, kter\u00e9 podporuj\u00ed spokojenost s prac\u00ed i efektivitu. Hluboce rozum\u00edme va\u0161im pracovn\u00edm podm\u00ednk\u00e1m a pot\u0159eb\u00e1m.","robots":{"index":"index","follow":"follow","max-snippet":"max-snippet:-1","max-image-preview":"max-image-preview:large","max-video-preview":"max-video-preview:-1"},"canonical":"https:\/\/timan.dk\/maskiner\/redskabsbaerer\/","og_locale":"cs_CZ","og_type":"article","og_title":"Efektivn\u00ed nosi\u010de n\u00e1stroj\u016f | D\u00e1nsk\u00e1 kvalita a \u0159emesln\u00e9 zpracov\u00e1n\u00ed | Timan A\/S","og_description":"Spole\u010dnost Timan se specializuje na vytv\u00e1\u0159en\u00ed nosi\u010d\u016f n\u00e1stroj\u016f, kter\u00e9 podporuj\u00ed spokojenost s prac\u00ed i efektivitu. Hluboce rozum\u00edme va\u0161im pracovn\u00edm podm\u00ednk\u00e1m a pot\u0159eb\u00e1m.","og_url":"https:\/\/timan.dk\/maskiner\/redskabsbaerer\/","og_site_name":"Timan A\/S","article_modified_time":"2025-09-04T16:41:15+00:00","og_image":[{"width":1500,"height":844,"url":"https:\/\/timan.dk\/wp-content\/uploads\/2023\/08\/dji-20200424-08294900-00-15-15still002.jpg","type":"image\/jpeg"}],"twitter_card":"summary_large_image","twitter_misc":{"Odhadovan\u00e1 doba \u010dten\u00ed":"7 minut"},"schema":{"@context":"https:\/\/schema.org","@graph":[{"@type":"WebPage","@id":"https:\/\/timan.dk\/maskiner\/redskabsbaerer\/","url":"https:\/\/timan.dk\/maskiner\/redskabsbaerer\/","name":"Efektivn\u00ed nosi\u010de n\u00e1stroj\u016f | D\u00e1nsk\u00e1 kvalita a \u0159emesln\u00e9 zpracov\u00e1n\u00ed | Timan A\/S","isPartOf":{"@id":"https:\/\/timan.dk\/#website"},"primaryImageOfPage":{"@id":"https:\/\/timan.dk\/maskiner\/redskabsbaerer\/#primaryimage"},"image":{"@id":"https:\/\/timan.dk\/maskiner\/redskabsbaerer\/#primaryimage"},"thumbnailUrl":"https:\/\/timan.dk\/wp-content\/uploads\/2023\/08\/dji-20200424-08294900-00-15-15still002.jpg","datePublished":"2023-09-14T05:32:16+00:00","dateModified":"2025-09-04T16:41:15+00:00","description":"Spole\u010dnost Timan se specializuje na vytv\u00e1\u0159en\u00ed nosi\u010d\u016f n\u00e1stroj\u016f, kter\u00e9 podporuj\u00ed spokojenost s prac\u00ed i efektivitu. Hluboce rozum\u00edme va\u0161im pracovn\u00edm podm\u00ednk\u00e1m a pot\u0159eb\u00e1m.","breadcrumb":{"@id":"https:\/\/timan.dk\/maskiner\/redskabsbaerer\/#breadcrumb"},"inLanguage":"cs","potentialAction":[{"@type":"ReadAction","target":["https:\/\/timan.dk\/maskiner\/redskabsbaerer\/"]}]},{"@type":"ImageObject","inLanguage":"cs","@id":"https:\/\/timan.dk\/maskiner\/redskabsbaerer\/#primaryimage","url":"https:\/\/timan.dk\/wp-content\/uploads\/2023\/08\/dji-20200424-08294900-00-15-15still002.jpg","contentUrl":"https:\/\/timan.dk\/wp-content\/uploads\/2023\/08\/dji-20200424-08294900-00-15-15still002.jpg","width":1500,"height":844},{"@type":"BreadcrumbList","@id":"https:\/\/timan.dk\/maskiner\/redskabsbaerer\/#breadcrumb","itemListElement":[{"@type":"ListItem","position":1,"name":"Hjem","item":"https:\/\/timan.dk\/cs\/"},{"@type":"ListItem","position":2,"name":"Stroje a n\u00e1stroje","item":"https:\/\/timan.dk\/cs\/stroje\/"},{"@type":"ListItem","position":3,"name":"Nosi\u010de n\u00e1\u0159ad\u00ed"}]},{"@type":"WebSite","@id":"https:\/\/timan.dk\/#website","url":"https:\/\/timan.dk\/","name":"Timan A\/S","description":"Sweepers with collectors, slope mowers, remote-controlled flail mowers in Denmark","publisher":{"@id":"https:\/\/timan.dk\/#organization"},"potentialAction":[{"@type":"SearchAction","target":{"@type":"EntryPoint","urlTemplate":"https:\/\/timan.dk\/?s={search_term_string}"},"query-input":{"@type":"PropertyValueSpecification","valueRequired":true,"valueName":"search_term_string"}}],"inLanguage":"cs"},{"@type":"Organization","@id":"https:\/\/timan.dk\/#organization","name":"Timan A\/S","url":"https:\/\/timan.dk\/","logo":{"@type":"ImageObject","inLanguage":"cs","@id":"https:\/\/timan.dk\/#\/schema\/logo\/image\/","url":"https:\/\/timan.dk\/wp-content\/uploads\/2023\/08\/logo-timan-cut.png","contentUrl":"https:\/\/timan.dk\/wp-content\/uploads\/2023\/08\/logo-timan-cut.png","width":2048,"height":599,"caption":"Timan A\/S"},"image":{"@id":"https:\/\/timan.dk\/#\/schema\/logo\/image\/"}}]}},"_links":{"self":[{"href":"https:\/\/timan.dk\/cs\/wp-json\/wp\/v2\/pages\/9978","targetHints":{"allow":["GET"]}}],"collection":[{"href":"https:\/\/timan.dk\/cs\/wp-json\/wp\/v2\/pages"}],"about":[{"href":"https:\/\/timan.dk\/cs\/wp-json\/wp\/v2\/types\/page"}],"author":[{"embeddable":true,"href":"https:\/\/timan.dk\/cs\/wp-json\/wp\/v2\/users\/1"}],"replies":[{"embeddable":true,"href":"https:\/\/timan.dk\/cs\/wp-json\/wp\/v2\/comments?post=9978"}],"version-history":[{"count":22,"href":"https:\/\/timan.dk\/cs\/wp-json\/wp\/v2\/pages\/9978\/revisions"}],"predecessor-version":[{"id":14130,"href":"https:\/\/timan.dk\/cs\/wp-json\/wp\/v2\/pages\/9978\/revisions\/14130"}],"up":[{"embeddable":true,"href":"https:\/\/timan.dk\/cs\/wp-json\/wp\/v2\/pages\/10024"}],"wp:featuredmedia":[{"embeddable":true,"href":"https:\/\/timan.dk\/cs\/wp-json\/wp\/v2\/media\/9979"}],"wp:attachment":[{"href":"https:\/\/timan.dk\/cs\/wp-json\/wp\/v2\/media?parent=9978"}],"wp:term":[{"taxonomy":"category","embeddable":true,"href":"https:\/\/timan.dk\/cs\/wp-json\/wp\/v2\/categories?post=9978"}],"curies":[{"name":"wp","href":"https:\/\/api.w.org\/{rel}","templated":true}]}}