{"id":12856,"date":"2025-06-26T08:29:35","date_gmt":"2025-06-26T06:29:35","guid":{"rendered":"https:\/\/timan.dk\/?page_id=12856"},"modified":"2025-08-20T08:14:53","modified_gmt":"2025-08-20T06:14:53","slug":"tornado-t3","status":"publish","type":"page","link":"https:\/\/timan.dk\/de\/geraete\/geraete-fuer-timan-3330\/tornado-t3\/","title":{"rendered":"Tornado T3"},"content":{"rendered":"<div class=\"wpb-content-wrapper\"><p>[vc_row full_width=&#8220;stretch_row&#8220;][vc_column]<div class=\"ult-spacer spacer-6a03ae7d31b81\" data-id=\"6a03ae7d31b81\" data-height=\"90\" data-height-mobile=\"60\" data-height-tab=\"90\" data-height-tab-portrait=\"60\" data-height-mobile-landscape=\"60\" style=\"clear:both;display:block;\"><\/div>[vc_column_text css=&#8220;&#8220;]<\/p>\n<h2>Kehr-Saug-Maschine, T3 &#8211; Timan 3330<\/h2>\n<p>[\/vc_column_text][vc_empty_space height=&#8220;30px&#8220;][vc_separator color=&#8220;custom&#8220; border_width=&#8220;2&#8243; accent_color=&#8220;#f7f7f7&#8243;][vc_empty_space height=&#8220;30px&#8220;][vc_row_inner][vc_column_inner offset=&#8220;vc_col-lg-8 vc_col-md-8 vc_col-xs-12&#8243;][vc_column_text css=&#8220;&#8220;]<\/p>\n<h3>Tornado T3 &#8211; Effiziente und wirtschaftliche Kehrmaschine mit leistungsstarker Trockenabsaugung<\/h3>\n<p>Der Tornado T3 ist f\u00fcr maximale Leistung bei minimalen Betriebskosten ausgelegt. Sie ist ideal f\u00fcr den professionellen Einsatz in der Au\u00dfenpflege und in st\u00e4dtischen Umgebungen, wo hohe Effizienz und Zuverl\u00e4ssigkeit unerl\u00e4sslich sind.[\/vc_column_text][vc_empty_space height=&#8220;30px&#8220;][vc_column_text css=&#8220;.vc_custom_1692952362532{background-color: #f7f7f7 !important;}&#8220;]<\/p>\n<blockquote><p>&#8222;\u200bMachen Sie sich bereit f\u00fcr eine bessere Arbeitserfahrung.&#8220;<\/p><\/blockquote>\n<p>[\/vc_column_text][vc_empty_space height=&#8220;30px&#8220;][vc_single_image image=&#8220;12846&#8243; img_size=&#8220;full&#8220; css=&#8220;&#8220;][vc_empty_space height=&#8220;15px&#8220;][vc_media_grid style=&#8220;pagination&#8220; items_per_page=&#8220;3&#8243; arrows_design=&#8220;vc_arrow-icon-arrow_01_left&#8220; arrows_position=&#8220;outside&#8220; arrows_color=&#8220;black&#8220; paging_design=&#8220;none&#8220; loop=&#8220;yes&#8220; autoplay=&#8220;6&#8243; css=&#8220;&#8220; grid_id=&#8220;vc_gid:1755670458312-bd91132a-a4d3-2&#8243; include=&#8220;6371,7147,12690,12686,12666,12678,12682,12674,12642&#8243;]<div class=\"ult-spacer spacer-6a03ae7d31bcc\" data-id=\"6a03ae7d31bcc\" data-height=\"0\" data-height-mobile=\"30\" data-height-tab=\"0\" data-height-tab-portrait=\"30\" data-height-mobile-landscape=\"30\" style=\"clear:both;display:block;\"><\/div>[\/vc_column_inner][vc_column_inner offset=&#8220;vc_col-lg-4 vc_col-md-4 vc_col-xs-12&#8243;][vc_column_text css=&#8220;&#8220; el_class=&#8220;custom-sidebar-boks&#8220;]<\/p>\n<h4>Was Sie erhalten:\u200b<\/h4>\n<ul>\n<li>Au\u00dfergew\u00f6hnlich hohe Saugleistung<\/li>\n<li>Niedriger Benzinverbrauch<\/li>\n<li>Niedrige Betriebskosten<\/li>\n<li>Niedriger Ger\u00e4uschpegel auf dem Markt<\/li>\n<li>4 Sterne im PM 10\/2,5 Test<\/li>\n<li>7 m lange Handsaugung<\/li>\n<li>Hochdruckreiniger 10m Schlauch<\/li>\n<li>Hochdruckreiniger 140 bar 7L\/min Wasser<\/li>\n<li>D\u00e4nisches Design und Qualit\u00e4t<\/li>\n<li>Sicher und benutzerfreundlich<\/li>\n<li>Einfacher Werkzeugwechsel<\/li>\n<\/ul>\n<p>[\/vc_column_text][vc_empty_space height=&#8220;50px&#8220;][vc_btn title=&#8220;H\u00e4ndlersuche&#8220; style=&#8220;custom&#8220; custom_background=&#8220;#fc5623&#8243; custom_text=&#8220;#ffffff&#8220; shape=&#8220;square&#8220; align=&#8220;left&#8220; i_align=&#8220;right&#8220; i_icon_fontawesome=&#8220;&#8220; css=&#8220;&#8220; button_block=&#8220;true&#8220; add_icon=&#8220;true&#8220; link=&#8220;url:https%3A%2F%2Ftiman.dk%2Fde%2Fhaendler%2F|title:H%C3%A4ndlersuche|target:_blank&#8220; el_class=&#8220;custom-farve-btn&#8220;][vc_empty_space height=&#8220;5px&#8220;][vc_btn title=&#8220;Technische Daten&#8220; style=&#8220;custom&#8220; custom_background=&#8220;#fc5623&#8243; custom_text=&#8220;#ffffff&#8220; shape=&#8220;square&#8220; align=&#8220;left&#8220; i_align=&#8220;right&#8220; i_icon_fontawesome=&#8220;&#8220; css=&#8220;&#8220; button_block=&#8220;true&#8220; add_icon=&#8220;true&#8220; link=&#8220;url:https%3A%2F%2Ftiman.dk%2Fwp-content%2Fuploads%2F2025%2F08%2Fdata-timan-3330-t3-fejesug-de.pdf|title:Technische%20Daten|target:_blank&#8220; el_class=&#8220;custom-farve-btn&#8220;][vc_empty_space height=&#8220;5px&#8220;][vc_btn title=&#8220;Ger\u00e4te Timan 3330&#8243; style=&#8220;custom&#8220; custom_background=&#8220;#fc5623&#8243; custom_text=&#8220;#ffffff&#8220; shape=&#8220;square&#8220; align=&#8220;left&#8220; i_align=&#8220;right&#8220; i_icon_fontawesome=&#8220;fas fa-cogs&#8220; button_block=&#8220;true&#8220; add_icon=&#8220;true&#8220; link=&#8220;url:%2Fde%2Fgeraete%2Fgeraete-fuer-timan-3330%2F|title:Ger%C3%A4te%20f%C3%BCr%20Timan%203330&#8243;][vc_empty_space height=&#8220;30px&#8220;][\/vc_column_inner][\/vc_row_inner]<div class=\"ult-spacer spacer-6a03ae7d31c02\" data-id=\"6a03ae7d31c02\" data-height=\"90\" data-height-mobile=\"60\" data-height-tab=\"90\" data-height-tab-portrait=\"60\" data-height-mobile-landscape=\"60\" style=\"clear:both;display:block;\"><\/div>[\/vc_column][\/vc_row][vc_row full_width=&#8220;stretch_row&#8220; bg_type=&#8220;bg_color&#8220; seperator_enable=&#8220;seperator_enable_value&#8220; seperator_type=&#8220;xlarge_triangle_left_seperator&#8220; seperator_svg_height=&#8220;60&#8243; seperator_shape_background=&#8220;#ffffff&#8220; height=&#8220;90&#8243; height_on_tabs=&#8220;90&#8243; height_on_tabs_portrait=&#8220;60&#8243; height_on_mob_landscape=&#8220;60&#8243; height_on_mob=&#8220;60&#8243; bg_color_value=&#8220;#ece8e1&#8243;][vc_column]<div class=\"ult-spacer spacer-6a03ae7d31c31\" data-id=\"6a03ae7d31c31\" data-height=\"90\" data-height-mobile=\"60\" data-height-tab=\"90\" data-height-tab-portrait=\"60\" data-height-mobile-landscape=\"60\" style=\"clear:both;display:block;\"><\/div>[\/vc_column][\/vc_row][vc_row full_width=&#8220;stretch_row&#8220; bg_type=&#8220;bg_color&#8220; bg_color_value=&#8220;#ece8e1&#8243;][vc_column css_animation=&#8220;fadeInUp&#8220;]<div class=\"ult-spacer spacer-6a03ae7d31c57\" data-id=\"6a03ae7d31c57\" data-height=\"90\" data-height-mobile=\"60\" data-height-tab=\"90\" data-height-tab-portrait=\"60\" data-height-mobile-landscape=\"60\" style=\"clear:both;display:block;\"><\/div><div class=\"ult-spacer spacer-6a03ae7d31c7a\" data-id=\"6a03ae7d31c7a\" data-height=\"90\" data-height-mobile=\"60\" data-height-tab=\"90\" data-height-tab-portrait=\"60\" data-height-mobile-landscape=\"60\" style=\"clear:both;display:block;\"><\/div>[\/vc_column][\/vc_row][vc_row full_width=&#8220;stretch_row&#8220;][vc_column css_animation=&#8220;fadeIn&#8220; css=&#8220;.vc_custom_1691106517578{padding-top: 0px !important;}&#8220;]<div class=\"ult-spacer spacer-6a03ae7d31c9d\" data-id=\"6a03ae7d31c9d\" data-height=\"90\" data-height-mobile=\"60\" data-height-tab=\"90\" data-height-tab-portrait=\"60\" data-height-mobile-landscape=\"60\" style=\"clear:both;display:block;\"><\/div>[vc_empty_space height=&#8220;30px&#8220;][vc_row_inner][vc_column_inner width=&#8220;1\/2&#8243;][vc_column_text css=&#8220;&#8220;]<\/p>\n<h3>F\u00fcr wen ist der Tornado T3 geeignet?<\/h3>\n<p>Der Tornado T3 ist die ideale Wahl f\u00fcr Profis, die in der Au\u00dfenreinigung und -pflege t\u00e4tig sind. Die Maschine wurde f\u00fcr Kommunen, Bauunternehmen, Wohnungsbaugesellschaften, Grundst\u00fcckspflegeunternehmen und andere Betreiber im Gr\u00fcnfl\u00e4chenbereich entwickelt, die eine zuverl\u00e4ssige und effiziente L\u00f6sung f\u00fcr Kehrarbeiten, Grasaufnahme und Hochdruckreinigung ben\u00f6tigen.<\/p>\n<p>Dank ihrer kompakten Gr\u00f6\u00dfe, ihrer gro\u00dfen Kapazit\u00e4t und ihrer flexiblen Einsatzm\u00f6glichkeiten eignet sich der T3 f\u00fcr alle Bereiche. Von Radwegen, Parkpl\u00e4tzen und Fu\u00dfg\u00e4ngerzonen bis hin zu Gr\u00fcnanlagen und Hafengebieten &#8211; das ganze Jahr \u00fcber.<\/p>\n<h3>Hohe Kapazit\u00e4t und weniger Stopps<\/h3>\n<p>Mit einem Tankvolumen von 600 Litern brutto (572 Liter netto) k\u00f6nnen Sie l\u00e4nger ohne Unterbrechung arbeiten. Das bedeutet, dass Sie gr\u00f6\u00dfere Fl\u00e4chen schneller und effizienter abdecken k\u00f6nnen, ohne wiederholt zum Entleeren anhalten zu m\u00fcssen.<\/p>\n<h3>Trockensauger mit hoher Saugleistung und niedrigem Kraftstoffverbrauch<\/h3>\n<p>Der Tornado T3 ist mit einem leistungsstarken Trockensauger mit hoher Saugleistung ausgestattet, so dass Sie mit hoher Geschwindigkeit arbeiten k\u00f6nnen, ohne Kompromisse bei der Reinigungsqualit\u00e4t einzugehen. Der niedrige Kraftstoffverbrauch senkt Ihre Betriebskosten bei jedem Start.[\/vc_column_text]<div class=\"ult-spacer spacer-6a03ae7d31cbf\" data-id=\"6a03ae7d31cbf\" data-height=\"0\" data-height-mobile=\"15\" data-height-tab=\"0\" data-height-tab-portrait=\"0\" data-height-mobile-landscape=\"15\" style=\"clear:both;display:block;\"><\/div>[\/vc_column_inner][vc_column_inner width=&#8220;1\/2&#8243;][vc_column_text css=&#8220;&#8220;]<\/p>\n<h3>Eingebauter Hochdruckreiniger f\u00fcr effiziente Reinigung<\/h3>\n<p>Der Tornado T3 ist mit einem 10-Meter-Schlauch an einer automatischen Schlauchtrommel ausgestattet, mit dem Sie schnell und einfach gezielte Reinigungen von Au\u00dfenbereichen wie M\u00fclleimern, B\u00e4nken, Treppen oder Bereichen mit tiefsitzendem Schmutz durchf\u00fchren k\u00f6nnen. Das gibt Ihnen mehr Flexibilit\u00e4t im t\u00e4glichen Einsatz und sorgt daf\u00fcr, dass Sie auch dort, wo das Kehrsystem nicht hinkommt, saubere Fl\u00e4chen hinterlassen. Der lange Schlauch bietet zudem eine gro\u00dfe Reichweite und erleichtert die individuelle Reinigung vor Ort &#8211; ohne zus\u00e4tzliche Ger\u00e4te.<\/p>\n<h3>Bereit f\u00fcr die Gras- und Laubsammlung<\/h3>\n<p>Der Tornado T3 kann auch mit M\u00e4hger\u00e4ten kombiniert werden, um Gras und Laub effizient aufzusammeln. Das macht ihn ideal f\u00fcr die Gr\u00fcnpflege, wo Sie mit derselben Maschine in einem Arbeitsgang m\u00e4hen und sammeln k\u00f6nnen &#8211; schnell, sauber und professionell.<\/p>\n<h3>Umweltfreundliche L\u00f6sung &#8211; erf\u00fcllt EU Stufe V<\/h3>\n<p>Der Timan 3330 mit dem Tornado T3 erf\u00fcllt alle geltenden Emissionsanforderungen der EU Stufe V und ist damit eine umweltfreundliche Wahl f\u00fcr moderne Reinigungsanwendungen. Mit reduzierten NOx-Emissionen und effektiver Staubkontrolle erhalten Sie eine nachhaltige und schonende L\u00f6sung f\u00fcr Betreiber und Umwelt.[\/vc_column_text][\/vc_column_inner][\/vc_row_inner]<div class=\"ult-spacer spacer-6a03ae7d31ce3\" data-id=\"6a03ae7d31ce3\" data-height=\"90\" data-height-mobile=\"60\" data-height-tab=\"90\" data-height-tab-portrait=\"60\" data-height-mobile-landscape=\"60\" style=\"clear:both;display:block;\"><\/div>[\/vc_column][\/vc_row][vc_row full_width=&#8220;stretch_row&#8220; bg_type=&#8220;bg_color&#8220; seperator_enable=&#8220;seperator_enable_value&#8220; seperator_type=&#8220;xlarge_triangle_left_seperator&#8220; seperator_svg_height=&#8220;60&#8243; seperator_shape_background=&#8220;#ffffff&#8220; height=&#8220;90&#8243; height_on_tabs=&#8220;90&#8243; height_on_tabs_portrait=&#8220;60&#8243; height_on_mob_landscape=&#8220;60&#8243; height_on_mob=&#8220;60&#8243; bg_color_value=&#8220;#ece8e1&#8243;][vc_column]<div class=\"ult-spacer spacer-6a03ae7d31d05\" data-id=\"6a03ae7d31d05\" data-height=\"90\" data-height-mobile=\"60\" data-height-tab=\"90\" data-height-tab-portrait=\"60\" data-height-mobile-landscape=\"60\" style=\"clear:both;display:block;\"><\/div>[\/vc_column][\/vc_row][vc_row full_width=&#8220;stretch_row&#8220; el_class=&#8220;overlay white cta parallax&#8220; css=&#8220;.vc_custom_1691133202809{background-image: url(https:\/\/timan.dk\/wp-content\/uploads\/2023\/08\/16966-116.jpg?id=5540) !important;background-position: center !important;background-repeat: no-repeat !important;background-size: cover !important;}&#8220;][vc_column]<div class=\"ult-spacer spacer-6a03ae7d31d25\" data-id=\"6a03ae7d31d25\" data-height=\"90\" data-height-mobile=\"60\" data-height-tab=\"90\" data-height-tab-portrait=\"60\" data-height-mobile-landscape=\"60\" style=\"clear:both;display:block;\"><\/div>[vc_row_inner][vc_column_inner width=&#8220;1\/4&#8243;][\/vc_column_inner][vc_column_inner width=&#8220;1\/2&#8243;][vc_column_text]<\/p>\n<h6 style=\"text-align: center;\">Haben Sie nicht gefunden, was Sie brauchten?<\/h6>\n<h3 style=\"text-align: center;\">Kontaktieren Sie uns noch heute<\/h3>\n<p style=\"text-align: center;\">Wenn Sie die von Ihnen ben\u00f6tigte L\u00f6sung nicht gefunden haben, kontaktieren Sie uns bitte unter <a href=\"tel:004597330360\">(+45) 97 33 03 60<\/a> oder Senden Sie eine E-Mail an <a href=\"mailto:info@timan.dk\">info@timan.dk<\/a>, wo wir Ihnen gerne weiterhelfen.<\/p>\n<p style=\"text-align: center;\">Wir freuen uns auf Ihre Kontaktaufnahme.<\/p>\n<p>[\/vc_column_text][vc_empty_space height=&#8220;30px&#8220;][vc_btn title=&#8220;Kontaktieren Sie uns&#8220; style=&#8220;custom&#8220; custom_background=&#8220;#fc5623&#8243; custom_text=&#8220;#ffffff&#8220; shape=&#8220;square&#8220; align=&#8220;center&#8220; link=&#8220;url:https%3A%2F%2Ftiman.dk%2Fde%2Fkontakt%2F|title:Kontakt|&#8220;][\/vc_column_inner][vc_column_inner width=&#8220;1\/4&#8243;][\/vc_column_inner][\/vc_row_inner]<div class=\"ult-spacer spacer-6a03ae7d31d4d\" data-id=\"6a03ae7d31d4d\" data-height=\"90\" data-height-mobile=\"60\" data-height-tab=\"90\" data-height-tab-portrait=\"60\" data-height-mobile-landscape=\"60\" style=\"clear:both;display:block;\"><\/div>[\/vc_column][\/vc_row]<\/p>\n<\/div>","protected":false},"excerpt":{"rendered":"<p>[vc_row full_width=&#8220;stretch_row&#8220;][vc_column][vc_column_text css=&#8220;&#8220;] Kehr-Saug-Maschine, T3 &#8211; Timan 3330 [\/vc_column_text][vc_empty_space height=&#8220;30px&#8220;][vc_separator color=&#8220;custom&#8220; border_width=&#8220;2&#8243; accent_color=&#8220;#f7f7f7&#8243;][vc_empty_space height=&#8220;30px&#8220;][vc_row_inner][vc_column_inner offset=&#8220;vc_col-lg-8 vc_col-md-8 vc_col-xs-12&#8243;][vc_column_text css=&#8220;&#8220;] Tornado T3 &#8211; Effiziente und wirtschaftliche Kehrmaschine mit leistungsstarker Trockenabsaugung Der Tornado T3 ist f\u00fcr maximale Leistung bei minimalen Betriebskosten ausgelegt. Sie ist ideal f\u00fcr den professionellen Einsatz in der Au\u00dfenpflege und in st\u00e4dtischen Umgebungen, wo hohe &#8230; <a title=\"Tornado T3\" class=\"read-more\" href=\"https:\/\/timan.dk\/de\/geraete\/geraete-fuer-timan-3330\/tornado-t3\/\" aria-label=\"Mehr Informationen \u00fcber Tornado T3\">Weiterlesen &#8230;<\/a><\/p>\n","protected":false},"author":2,"featured_media":6381,"parent":7847,"menu_order":27,"comment_status":"closed","ping_status":"closed","template":"","meta":{"_acf_changed":false,"footnotes":""},"categories":[130,92],"class_list":{"0":"post-12856","1":"page","2":"type-page","3":"status-publish","4":"has-post-thumbnail","6":"category-geraete-timan-3330","7":"category-kehr-saug"},"acf":[],"yoast_head":"<!-- This site is optimized with the Yoast SEO plugin v27.5 - https:\/\/yoast.com\/product\/yoast-seo-wordpress\/ -->\n<title>Tornado T2 | Kehr- und Saugmaschine von Timan 3330 | Timan<\/title>\n<meta name=\"robots\" content=\"index, follow, max-snippet:-1, max-image-preview:large, max-video-preview:-1\" \/>\n<link rel=\"canonical\" href=\"https:\/\/timan.dk\/de\/geraete\/geraete-fuer-timan-3330\/tornado-t3\/\" \/>\n<meta property=\"og:locale\" content=\"de_DE\" \/>\n<meta property=\"og:type\" content=\"article\" \/>\n<meta property=\"og:title\" content=\"Tornado T2 | Kehr- und Saugmaschine von Timan 3330 | Timan\" \/>\n<meta property=\"og:description\" content=\"[vc_row full_width=&#8220;stretch_row&#8220;][vc_column][vc_column_text css=&#8220;&#8220;] Kehr-Saug-Maschine, T3 &#8211; Timan 3330 [\/vc_column_text][vc_empty_space height=&#8220;30px&#8220;][vc_separator color=&#8220;custom&#8220; border_width=&#8220;2&#8243; accent_color=&#8220;#f7f7f7&#8243;][vc_empty_space height=&#8220;30px&#8220;][vc_row_inner][vc_column_inner offset=&#8220;vc_col-lg-8 vc_col-md-8 vc_col-xs-12&#8243;][vc_column_text css=&#8220;&#8220;] Tornado T3 &#8211; Effiziente und wirtschaftliche Kehrmaschine mit leistungsstarker Trockenabsaugung Der Tornado T3 ist f\u00fcr maximale Leistung bei minimalen Betriebskosten ausgelegt. Sie ist ideal f\u00fcr den professionellen Einsatz in der Au\u00dfenpflege und in st\u00e4dtischen Umgebungen, wo hohe ... Weiterlesen ...\" \/>\n<meta property=\"og:url\" content=\"https:\/\/timan.dk\/de\/geraete\/geraete-fuer-timan-3330\/tornado-t3\/\" \/>\n<meta property=\"og:site_name\" content=\"Timan A\/S\" \/>\n<meta property=\"article:modified_time\" content=\"2025-08-20T06:14:53+00:00\" \/>\n<meta property=\"og:image\" content=\"https:\/\/timan.dk\/wp-content\/uploads\/2023\/08\/img-20220307-123058red.jpg\" \/>\n\t<meta property=\"og:image:width\" content=\"1500\" \/>\n\t<meta property=\"og:image:height\" content=\"683\" \/>\n\t<meta property=\"og:image:type\" content=\"image\/jpeg\" \/>\n<meta name=\"twitter:card\" content=\"summary_large_image\" \/>\n<meta name=\"twitter:label1\" content=\"Gesch\u00e4tzte Lesezeit\" \/>\n\t<meta name=\"twitter:data1\" content=\"7\u00a0Minuten\" \/>\n<script type=\"application\/ld+json\" class=\"yoast-schema-graph\">{\"@context\":\"https:\\\/\\\/schema.org\",\"@graph\":[{\"@type\":\"WebPage\",\"@id\":\"https:\\\/\\\/timan.dk\\\/de\\\/geraete\\\/geraete-fuer-timan-3330\\\/tornado-t3\\\/\",\"url\":\"https:\\\/\\\/timan.dk\\\/de\\\/geraete\\\/geraete-fuer-timan-3330\\\/tornado-t3\\\/\",\"name\":\"Tornado T2 | Kehr- und Saugmaschine von Timan 3330 | Timan\",\"isPartOf\":{\"@id\":\"https:\\\/\\\/timan.dk\\\/#website\"},\"primaryImageOfPage\":{\"@id\":\"https:\\\/\\\/timan.dk\\\/de\\\/geraete\\\/geraete-fuer-timan-3330\\\/tornado-t3\\\/#primaryimage\"},\"image\":{\"@id\":\"https:\\\/\\\/timan.dk\\\/de\\\/geraete\\\/geraete-fuer-timan-3330\\\/tornado-t3\\\/#primaryimage\"},\"thumbnailUrl\":\"https:\\\/\\\/timan.dk\\\/wp-content\\\/uploads\\\/2023\\\/08\\\/img-20220307-123058red.jpg\",\"datePublished\":\"2025-06-26T06:29:35+00:00\",\"dateModified\":\"2025-08-20T06:14:53+00:00\",\"breadcrumb\":{\"@id\":\"https:\\\/\\\/timan.dk\\\/de\\\/geraete\\\/geraete-fuer-timan-3330\\\/tornado-t3\\\/#breadcrumb\"},\"inLanguage\":\"de\",\"potentialAction\":[{\"@type\":\"ReadAction\",\"target\":[\"https:\\\/\\\/timan.dk\\\/de\\\/geraete\\\/geraete-fuer-timan-3330\\\/tornado-t3\\\/\"]}]},{\"@type\":\"ImageObject\",\"inLanguage\":\"de\",\"@id\":\"https:\\\/\\\/timan.dk\\\/de\\\/geraete\\\/geraete-fuer-timan-3330\\\/tornado-t3\\\/#primaryimage\",\"url\":\"https:\\\/\\\/timan.dk\\\/wp-content\\\/uploads\\\/2023\\\/08\\\/img-20220307-123058red.jpg\",\"contentUrl\":\"https:\\\/\\\/timan.dk\\\/wp-content\\\/uploads\\\/2023\\\/08\\\/img-20220307-123058red.jpg\",\"width\":1500,\"height\":683},{\"@type\":\"BreadcrumbList\",\"@id\":\"https:\\\/\\\/timan.dk\\\/de\\\/geraete\\\/geraete-fuer-timan-3330\\\/tornado-t3\\\/#breadcrumb\",\"itemListElement\":[{\"@type\":\"ListItem\",\"position\":1,\"name\":\"Hjem\",\"item\":\"https:\\\/\\\/timan.dk\\\/de\\\/\"},{\"@type\":\"ListItem\",\"position\":2,\"name\":\"Ger\u00e4te\",\"item\":\"https:\\\/\\\/timan.dk\\\/de\\\/geraete\\\/\"},{\"@type\":\"ListItem\",\"position\":3,\"name\":\"Ger\u00e4te f\u00fcr Timan 3330\",\"item\":\"https:\\\/\\\/timan.dk\\\/de\\\/geraete\\\/geraete-fuer-timan-3330\\\/\"},{\"@type\":\"ListItem\",\"position\":4,\"name\":\"Tornado T3\"}]},{\"@type\":\"WebSite\",\"@id\":\"https:\\\/\\\/timan.dk\\\/#website\",\"url\":\"https:\\\/\\\/timan.dk\\\/\",\"name\":\"Timan A\\\/S\",\"description\":\"Kehrmaschinen mit Auffangbeh\u00e4lter, B\u00f6schungsm\u00e4her, ferngesteuerte Schlegelm\u00e4her in D\u00e4nemark\",\"publisher\":{\"@id\":\"https:\\\/\\\/timan.dk\\\/#organization\"},\"potentialAction\":[{\"@type\":\"SearchAction\",\"target\":{\"@type\":\"EntryPoint\",\"urlTemplate\":\"https:\\\/\\\/timan.dk\\\/?s={search_term_string}\"},\"query-input\":{\"@type\":\"PropertyValueSpecification\",\"valueRequired\":true,\"valueName\":\"search_term_string\"}}],\"inLanguage\":\"de\"},{\"@type\":\"Organization\",\"@id\":\"https:\\\/\\\/timan.dk\\\/#organization\",\"name\":\"Timan A\\\/S\",\"url\":\"https:\\\/\\\/timan.dk\\\/\",\"logo\":{\"@type\":\"ImageObject\",\"inLanguage\":\"de\",\"@id\":\"https:\\\/\\\/timan.dk\\\/#\\\/schema\\\/logo\\\/image\\\/\",\"url\":\"https:\\\/\\\/timan.dk\\\/wp-content\\\/uploads\\\/2023\\\/08\\\/logo-timan-cut.png\",\"contentUrl\":\"https:\\\/\\\/timan.dk\\\/wp-content\\\/uploads\\\/2023\\\/08\\\/logo-timan-cut.png\",\"width\":2048,\"height\":599,\"caption\":\"Timan A\\\/S\"},\"image\":{\"@id\":\"https:\\\/\\\/timan.dk\\\/#\\\/schema\\\/logo\\\/image\\\/\"}}]}<\/script>\n<!-- \/ Yoast SEO plugin. -->","yoast_head_json":{"title":"Tornado T2 | Kehr- und Saugmaschine von Timan 3330 | Timan","robots":{"index":"index","follow":"follow","max-snippet":"max-snippet:-1","max-image-preview":"max-image-preview:large","max-video-preview":"max-video-preview:-1"},"canonical":"https:\/\/timan.dk\/de\/geraete\/geraete-fuer-timan-3330\/tornado-t3\/","og_locale":"de_DE","og_type":"article","og_title":"Tornado T2 | Kehr- und Saugmaschine von Timan 3330 | Timan","og_description":"[vc_row full_width=&#8220;stretch_row&#8220;][vc_column][vc_column_text css=&#8220;&#8220;] Kehr-Saug-Maschine, T3 &#8211; Timan 3330 [\/vc_column_text][vc_empty_space height=&#8220;30px&#8220;][vc_separator color=&#8220;custom&#8220; border_width=&#8220;2&#8243; accent_color=&#8220;#f7f7f7&#8243;][vc_empty_space height=&#8220;30px&#8220;][vc_row_inner][vc_column_inner offset=&#8220;vc_col-lg-8 vc_col-md-8 vc_col-xs-12&#8243;][vc_column_text css=&#8220;&#8220;] Tornado T3 &#8211; Effiziente und wirtschaftliche Kehrmaschine mit leistungsstarker Trockenabsaugung Der Tornado T3 ist f\u00fcr maximale Leistung bei minimalen Betriebskosten ausgelegt. Sie ist ideal f\u00fcr den professionellen Einsatz in der Au\u00dfenpflege und in st\u00e4dtischen Umgebungen, wo hohe ... Weiterlesen ...","og_url":"https:\/\/timan.dk\/de\/geraete\/geraete-fuer-timan-3330\/tornado-t3\/","og_site_name":"Timan A\/S","article_modified_time":"2025-08-20T06:14:53+00:00","og_image":[{"width":1500,"height":683,"url":"https:\/\/timan.dk\/wp-content\/uploads\/2023\/08\/img-20220307-123058red.jpg","type":"image\/jpeg"}],"twitter_card":"summary_large_image","twitter_misc":{"Gesch\u00e4tzte Lesezeit":"7\u00a0Minuten"},"schema":{"@context":"https:\/\/schema.org","@graph":[{"@type":"WebPage","@id":"https:\/\/timan.dk\/de\/geraete\/geraete-fuer-timan-3330\/tornado-t3\/","url":"https:\/\/timan.dk\/de\/geraete\/geraete-fuer-timan-3330\/tornado-t3\/","name":"Tornado T2 | Kehr- und Saugmaschine von Timan 3330 | Timan","isPartOf":{"@id":"https:\/\/timan.dk\/#website"},"primaryImageOfPage":{"@id":"https:\/\/timan.dk\/de\/geraete\/geraete-fuer-timan-3330\/tornado-t3\/#primaryimage"},"image":{"@id":"https:\/\/timan.dk\/de\/geraete\/geraete-fuer-timan-3330\/tornado-t3\/#primaryimage"},"thumbnailUrl":"https:\/\/timan.dk\/wp-content\/uploads\/2023\/08\/img-20220307-123058red.jpg","datePublished":"2025-06-26T06:29:35+00:00","dateModified":"2025-08-20T06:14:53+00:00","breadcrumb":{"@id":"https:\/\/timan.dk\/de\/geraete\/geraete-fuer-timan-3330\/tornado-t3\/#breadcrumb"},"inLanguage":"de","potentialAction":[{"@type":"ReadAction","target":["https:\/\/timan.dk\/de\/geraete\/geraete-fuer-timan-3330\/tornado-t3\/"]}]},{"@type":"ImageObject","inLanguage":"de","@id":"https:\/\/timan.dk\/de\/geraete\/geraete-fuer-timan-3330\/tornado-t3\/#primaryimage","url":"https:\/\/timan.dk\/wp-content\/uploads\/2023\/08\/img-20220307-123058red.jpg","contentUrl":"https:\/\/timan.dk\/wp-content\/uploads\/2023\/08\/img-20220307-123058red.jpg","width":1500,"height":683},{"@type":"BreadcrumbList","@id":"https:\/\/timan.dk\/de\/geraete\/geraete-fuer-timan-3330\/tornado-t3\/#breadcrumb","itemListElement":[{"@type":"ListItem","position":1,"name":"Hjem","item":"https:\/\/timan.dk\/de\/"},{"@type":"ListItem","position":2,"name":"Ger\u00e4te","item":"https:\/\/timan.dk\/de\/geraete\/"},{"@type":"ListItem","position":3,"name":"Ger\u00e4te f\u00fcr Timan 3330","item":"https:\/\/timan.dk\/de\/geraete\/geraete-fuer-timan-3330\/"},{"@type":"ListItem","position":4,"name":"Tornado T3"}]},{"@type":"WebSite","@id":"https:\/\/timan.dk\/#website","url":"https:\/\/timan.dk\/","name":"Timan A\/S","description":"Kehrmaschinen mit Auffangbeh\u00e4lter, B\u00f6schungsm\u00e4her, ferngesteuerte Schlegelm\u00e4her in D\u00e4nemark","publisher":{"@id":"https:\/\/timan.dk\/#organization"},"potentialAction":[{"@type":"SearchAction","target":{"@type":"EntryPoint","urlTemplate":"https:\/\/timan.dk\/?s={search_term_string}"},"query-input":{"@type":"PropertyValueSpecification","valueRequired":true,"valueName":"search_term_string"}}],"inLanguage":"de"},{"@type":"Organization","@id":"https:\/\/timan.dk\/#organization","name":"Timan A\/S","url":"https:\/\/timan.dk\/","logo":{"@type":"ImageObject","inLanguage":"de","@id":"https:\/\/timan.dk\/#\/schema\/logo\/image\/","url":"https:\/\/timan.dk\/wp-content\/uploads\/2023\/08\/logo-timan-cut.png","contentUrl":"https:\/\/timan.dk\/wp-content\/uploads\/2023\/08\/logo-timan-cut.png","width":2048,"height":599,"caption":"Timan A\/S"},"image":{"@id":"https:\/\/timan.dk\/#\/schema\/logo\/image\/"}}]}},"_links":{"self":[{"href":"https:\/\/timan.dk\/de\/wp-json\/wp\/v2\/pages\/12856","targetHints":{"allow":["GET"]}}],"collection":[{"href":"https:\/\/timan.dk\/de\/wp-json\/wp\/v2\/pages"}],"about":[{"href":"https:\/\/timan.dk\/de\/wp-json\/wp\/v2\/types\/page"}],"author":[{"embeddable":true,"href":"https:\/\/timan.dk\/de\/wp-json\/wp\/v2\/users\/2"}],"replies":[{"embeddable":true,"href":"https:\/\/timan.dk\/de\/wp-json\/wp\/v2\/comments?post=12856"}],"version-history":[{"count":10,"href":"https:\/\/timan.dk\/de\/wp-json\/wp\/v2\/pages\/12856\/revisions"}],"predecessor-version":[{"id":14017,"href":"https:\/\/timan.dk\/de\/wp-json\/wp\/v2\/pages\/12856\/revisions\/14017"}],"up":[{"embeddable":true,"href":"https:\/\/timan.dk\/de\/wp-json\/wp\/v2\/pages\/7847"}],"wp:featuredmedia":[{"embeddable":true,"href":"https:\/\/timan.dk\/de\/wp-json\/wp\/v2\/media\/6381"}],"wp:attachment":[{"href":"https:\/\/timan.dk\/de\/wp-json\/wp\/v2\/media?parent=12856"}],"wp:term":[{"taxonomy":"category","embeddable":true,"href":"https:\/\/timan.dk\/de\/wp-json\/wp\/v2\/categories?post=12856"}],"curies":[{"name":"wp","href":"https:\/\/api.w.org\/{rel}","templated":true}]}}