{"id":15229,"date":"2026-02-26T09:23:53","date_gmt":"2026-02-26T08:23:53","guid":{"rendered":"https:\/\/timan.dk\/sneslynge-redskab-til-timan-3330\/"},"modified":"2026-02-27T09:27:42","modified_gmt":"2026-02-27T08:27:42","slug":"sneslynge-redskab-til-timan-3330","status":"publish","type":"page","link":"https:\/\/timan.dk\/de\/sneslynge-redskab-til-timan-3330\/","title":{"rendered":"Schneefr\u00e4se"},"content":{"rendered":"<div class=\"wpb-content-wrapper\"><p>[vc_row full_width=&#8220;stretch_row&#8220;][vc_column]<div class=\"ult-spacer spacer-69f261ee951c1\" data-id=\"69f261ee951c1\" data-height=\"90\" data-height-mobile=\"60\" data-height-tab=\"90\" data-height-tab-portrait=\"60\" data-height-mobile-landscape=\"60\" style=\"clear:both;display:block;\"><\/div>[vc_column_text css=&#8220;&#8220;]<\/p>\n<h2>Schneefr\u00e4senaufsatz f\u00fcr Timan 3330<\/h2>\n<h2>Leistungsstarke Schneefr\u00e4se mit voller Kontrolle<\/h2>\n<p>[\/vc_column_text][vc_empty_space height=&#8220;30px&#8220;][vc_separator color=&#8220;custom&#8220; border_width=&#8220;2&#8243; accent_color=&#8220;#f7f7f7&#8243;][vc_empty_space height=&#8220;30px&#8220;][vc_row_inner][vc_column_inner offset=&#8220;vc_col-lg-8 vc_col-md-8 vc_col-xs-12&#8243;][vc_column_text css=&#8220;&#8220;]Die Timan RC-1000s mit Schneefr\u00e4se ist f\u00fcr professionelle Anwender konzipiert, die eine <strong>schnelle, effiziente und pr\u00e4zise Schneer\u00e4umung<\/strong> ben\u00f6tigen. Die Schneefr\u00e4se wirft den Schnee bis zu 20 Meter weit und gibt Ihnen volle Flexibilit\u00e4t bei der R\u00e4umung von schmalen Wegen, festen Oberfl\u00e4chen und schwer zug\u00e4nglichen Stellen. <\/p>\n<p>Der<strong> verstellbare Auslauf und die Wurfweite<\/strong> lassen sich leicht einstellen, so dass Sie immer den \u00dcberblick behalten und sich wohlf\u00fchlen &#8211; unabh\u00e4ngig von den Schneeverh\u00e4ltnissen.[\/vc_column_text][vc_empty_space height=&#8220;30px&#8220;][vc_column_text css=&#8220;.vc_custom_1772094011816{background-color: #f7f7f7 !important;}&#8220;]<\/p>\n<h3>Leistungsstarke 2-stufige Schneefr\u00e4se f\u00fcr gro\u00dfe Schneemengen<\/h3>\n<p>Diese 2-stufige Schneefr\u00e4se gibt Ihnen zus\u00e4tzliche Kraft f\u00fcr die Schneer\u00e4umung, wenn Sie gro\u00dfe Schneemengen r\u00e4umen m\u00fcssen.<\/p>\n<p>Da er den Schnee bis zu 20 Meter weit wirft, ist er ideal f\u00fcr Orte, an denen kein Platz ist, um den Schnee zur Seite zu schieben.<\/p>\n<p>Auf schmalen Gehwegen kann der Schnee \u00fcber Hecken und Z\u00e4une geworfen werden, so dass die Fl\u00e4chen frei und sicher begehbar bleiben.<\/p>\n<p>Die Schneefr\u00e4se verf\u00fcgt \u00fcber eine hydraulische 180-Grad-Verstellung des Auswurfrohrs.<\/p>\n<h3>Effizienz in zwei Schritten<\/h3>\n<p>Die Schneefr\u00e4se arbeitet in zwei Schritten. Zuerst gr\u00e4bt sie sich mit dem Schneckenbohrer durch den Schnee, dann wirft sie den Schnee mit der Turbine aus dem Auswurfrohr und bis zu 20 Meter weit, je nach Einstellung. Die Einstellung (Wurfrichtung und -h\u00f6he) wird \u00fcber die Fernbedienung gesteuert.  <\/p>\n<ul>\n<li>Die Schneefr\u00e4se ist mit zwei verstellbaren Gleitschuhen ausgestattet<\/li>\n<li>Ideal f\u00fcr die Schneer\u00e4umung auf festen Oberfl\u00e4chen<\/li>\n<\/ul>\n<p>[\/vc_column_text][vc_empty_space height=&#8220;30px&#8220;][vc_single_image image=&#8220;15228&#8243; img_size=&#8220;full&#8220; css=&#8220;&#8220;]<div class=\"ult-spacer spacer-69f261ee9520e\" data-id=\"69f261ee9520e\" data-height=\"0\" data-height-mobile=\"30\" data-height-tab=\"0\" data-height-tab-portrait=\"30\" data-height-mobile-landscape=\"30\" style=\"clear:both;display:block;\"><\/div>[\/vc_column_inner][vc_column_inner offset=&#8220;vc_col-lg-4 vc_col-md-4 vc_col-xs-12&#8243;][vc_column_text css=&#8220;&#8220; el_class=&#8220;custom-sidebar-boks&#8220;]<\/p>\n<h4>Sie werden es bekommen.<\/h4>\n<ul>\n<li>Ferngesteuerte Schneer\u00e4umung<\/li>\n<li>Geeignet f\u00fcr hohen Schnee<\/li>\n<li>Wirft Schnee bis zu 20 Meter weit<\/li>\n<li>Ideal f\u00fcr feste Oberfl\u00e4chen und schwer zug\u00e4ngliche Stellen<\/li>\n<li>Wurfrichtung und -h\u00f6he \u00fcber die Fernbedienung einstellen<\/li>\n<\/ul>\n<p>[\/vc_column_text][vc_empty_space height=&#8220;30px&#8220;][vc_widget_sidebar sidebar_id=&#8220;sidebar-1&#8243; el_class=&#8220;contact-sidebar&#8220;][\/vc_column_inner][\/vc_row_inner]<div class=\"ult-spacer spacer-69f261ee95236\" data-id=\"69f261ee95236\" data-height=\"90\" data-height-mobile=\"60\" data-height-tab=\"90\" data-height-tab-portrait=\"60\" data-height-mobile-landscape=\"60\" style=\"clear:both;display:block;\"><\/div>[\/vc_column][\/vc_row][vc_row full_width=&#8220;stretch_row&#8220; el_class=&#8220;overlay white cta parallax&#8220; css=&#8220;.vc_custom_1691133202809{background-image: url(https:\/\/timan.dk\/wp-content\/uploads\/2023\/08\/16966-116.jpg?id=5540) !important;background-position: center !important;background-repeat: no-repeat !important;background-size: cover !important;}&#8220;][vc_column]<div class=\"ult-spacer spacer-69f261ee95256\" data-id=\"69f261ee95256\" data-height=\"90\" data-height-mobile=\"60\" data-height-tab=\"90\" data-height-tab-portrait=\"60\" data-height-mobile-landscape=\"60\" style=\"clear:both;display:block;\"><\/div>[vc_row_inner][vc_column_inner width=&#8220;1\/4&#8243;][\/vc_column_inner][vc_column_inner width=&#8220;1\/2&#8243;][vc_column_text]<\/p>\n<h6 style=\"text-align: center;\">Haben Sie nicht gefunden, was Sie brauchen?<\/h6>\n<h3 style=\"text-align: center;\">Kontaktieren Sie uns heute<\/h3>\n<p style=\"text-align: center;\">Wenn Sie die von Ihnen ben\u00f6tigte L\u00f6sung nicht gefunden haben, kontaktieren Sie uns bitte unter <a href=\"tel:97330360\">(+45) 97 33 03 60<\/a> oder senden Sie eine E-Mail an <a href=\"mailto:info@timan.dk\">info@timan.dk,<\/a> wo wir Ihnen gerne weiterhelfen.<\/p>\n<p style=\"text-align: center;\">Wir freuen uns darauf, von Ihnen zu h\u00f6ren.<\/p>\n<p>[\/vc_column_text][vc_empty_space height=&#8220;30px&#8220;][vc_btn title=&#8220;Kontaktieren Sie uns&#8220; style=&#8220;custom&#8220; custom_background=&#8220;#fc5623&#8243; custom_text=&#8220;#ffffff&#8220; shape=&#8220;square&#8220; align=&#8220;center&#8220; link=&#8220;url:https%3A%2F%2Ftiman.dk%2Fde%2Fkontakt%2F|title:Kontaktieren%20Sie%20uns|&#8220;][\/vc_column_inner][vc_column_inner width=&#8220;1\/4&#8243;][\/vc_column_inner][\/vc_row_inner]<div class=\"ult-spacer spacer-69f261ee95274\" data-id=\"69f261ee95274\" data-height=\"90\" data-height-mobile=\"60\" data-height-tab=\"90\" data-height-tab-portrait=\"60\" data-height-mobile-landscape=\"60\" style=\"clear:both;display:block;\"><\/div>[\/vc_column][\/vc_row]<\/p>\n<\/div>","protected":false},"excerpt":{"rendered":"<p>[vc_row full_width=&#8220;stretch_row&#8220;][vc_column][vc_column_text css=&#8220;&#8220;] Schneefr\u00e4senaufsatz f\u00fcr Timan 3330 Leistungsstarke Schneefr\u00e4se mit voller Kontrolle [\/vc_column_text][vc_empty_space height=&#8220;30px&#8220;][vc_separator color=&#8220;custom&#8220; border_width=&#8220;2&#8243; accent_color=&#8220;#f7f7f7&#8243;][vc_empty_space height=&#8220;30px&#8220;][vc_row_inner][vc_column_inner offset=&#8220;vc_col-lg-8 vc_col-md-8 vc_col-xs-12&#8243;][vc_column_text css=&#8220;&#8220;]Die Timan RC-1000s mit Schneefr\u00e4se ist f\u00fcr professionelle Anwender konzipiert, die eine schnelle, effiziente und pr\u00e4zise Schneer\u00e4umung ben\u00f6tigen. Die Schneefr\u00e4se wirft den Schnee bis zu 20 Meter weit und gibt Ihnen volle Flexibilit\u00e4t bei &#8230; <a title=\"Schneefr\u00e4se\" class=\"read-more\" href=\"https:\/\/timan.dk\/de\/sneslynge-redskab-til-timan-3330\/\" aria-label=\"Mehr Informationen \u00fcber Schneefr\u00e4se\">Weiterlesen &#8230;<\/a><\/p>\n","protected":false},"author":10,"featured_media":15228,"parent":0,"menu_order":0,"comment_status":"closed","ping_status":"closed","template":"","meta":{"_acf_changed":false,"footnotes":""},"categories":[91,93],"class_list":{"0":"post-15229","1":"page","2":"type-page","3":"status-publish","4":"has-post-thumbnail","6":"category-Gerte-timan-3330","7":"category-winterdienst"},"acf":[],"yoast_head":"<!-- This site is optimized with the Yoast SEO plugin v27.4 - https:\/\/yoast.com\/product\/yoast-seo-wordpress\/ -->\n<title>Schneefr\u00e4se | Timan A\/S<\/title>\n<meta name=\"robots\" content=\"index, follow, max-snippet:-1, max-image-preview:large, max-video-preview:-1\" \/>\n<link rel=\"canonical\" href=\"https:\/\/timan.dk\/de\/sneslynge-redskab-til-timan-3330\/\" \/>\n<meta property=\"og:locale\" content=\"de_DE\" \/>\n<meta property=\"og:type\" content=\"article\" \/>\n<meta property=\"og:title\" content=\"Schneefr\u00e4se | Timan A\/S\" \/>\n<meta property=\"og:description\" content=\"[vc_row full_width=&#8220;stretch_row&#8220;][vc_column][vc_column_text css=&#8220;&#8220;] Schneefr\u00e4senaufsatz f\u00fcr Timan 3330 Leistungsstarke Schneefr\u00e4se mit voller Kontrolle [\/vc_column_text][vc_empty_space height=&#8220;30px&#8220;][vc_separator color=&#8220;custom&#8220; border_width=&#8220;2&#8243; accent_color=&#8220;#f7f7f7&#8243;][vc_empty_space height=&#8220;30px&#8220;][vc_row_inner][vc_column_inner offset=&#8220;vc_col-lg-8 vc_col-md-8 vc_col-xs-12&#8243;][vc_column_text css=&#8220;&#8220;]Die Timan RC-1000s mit Schneefr\u00e4se ist f\u00fcr professionelle Anwender konzipiert, die eine schnelle, effiziente und pr\u00e4zise Schneer\u00e4umung ben\u00f6tigen. Die Schneefr\u00e4se wirft den Schnee bis zu 20 Meter weit und gibt Ihnen volle Flexibilit\u00e4t bei ... Weiterlesen ...\" \/>\n<meta property=\"og:url\" content=\"https:\/\/timan.dk\/de\/sneslynge-redskab-til-timan-3330\/\" \/>\n<meta property=\"og:site_name\" content=\"Timan A\/S\" \/>\n<meta property=\"article:modified_time\" content=\"2026-02-27T08:27:42+00:00\" \/>\n<meta property=\"og:image\" content=\"https:\/\/timan.dk\/wp-content\/uploads\/2026\/02\/33330-sneslynge.jpg\" \/>\n\t<meta property=\"og:image:width\" content=\"2048\" \/>\n\t<meta property=\"og:image:height\" content=\"1536\" \/>\n\t<meta property=\"og:image:type\" content=\"image\/jpeg\" \/>\n<meta name=\"twitter:card\" content=\"summary_large_image\" \/>\n<meta name=\"twitter:label1\" content=\"Gesch\u00e4tzte Lesezeit\" \/>\n\t<meta name=\"twitter:data1\" content=\"3\u00a0Minuten\" \/>\n<script type=\"application\/ld+json\" class=\"yoast-schema-graph\">{\"@context\":\"https:\\\/\\\/schema.org\",\"@graph\":[{\"@type\":\"WebPage\",\"@id\":\"https:\\\/\\\/timan.dk\\\/de\\\/sneslynge-redskab-til-timan-3330\\\/\",\"url\":\"https:\\\/\\\/timan.dk\\\/de\\\/sneslynge-redskab-til-timan-3330\\\/\",\"name\":\"Schneefr\u00e4se | Timan A\\\/S\",\"isPartOf\":{\"@id\":\"https:\\\/\\\/timan.dk\\\/#website\"},\"primaryImageOfPage\":{\"@id\":\"https:\\\/\\\/timan.dk\\\/de\\\/sneslynge-redskab-til-timan-3330\\\/#primaryimage\"},\"image\":{\"@id\":\"https:\\\/\\\/timan.dk\\\/de\\\/sneslynge-redskab-til-timan-3330\\\/#primaryimage\"},\"thumbnailUrl\":\"https:\\\/\\\/timan.dk\\\/wp-content\\\/uploads\\\/2026\\\/02\\\/33330-sneslynge.jpg\",\"datePublished\":\"2026-02-26T08:23:53+00:00\",\"dateModified\":\"2026-02-27T08:27:42+00:00\",\"breadcrumb\":{\"@id\":\"https:\\\/\\\/timan.dk\\\/de\\\/sneslynge-redskab-til-timan-3330\\\/#breadcrumb\"},\"inLanguage\":\"de\",\"potentialAction\":[{\"@type\":\"ReadAction\",\"target\":[\"https:\\\/\\\/timan.dk\\\/de\\\/sneslynge-redskab-til-timan-3330\\\/\"]}]},{\"@type\":\"ImageObject\",\"inLanguage\":\"de\",\"@id\":\"https:\\\/\\\/timan.dk\\\/de\\\/sneslynge-redskab-til-timan-3330\\\/#primaryimage\",\"url\":\"https:\\\/\\\/timan.dk\\\/wp-content\\\/uploads\\\/2026\\\/02\\\/33330-sneslynge.jpg\",\"contentUrl\":\"https:\\\/\\\/timan.dk\\\/wp-content\\\/uploads\\\/2026\\\/02\\\/33330-sneslynge.jpg\",\"width\":2048,\"height\":1536},{\"@type\":\"BreadcrumbList\",\"@id\":\"https:\\\/\\\/timan.dk\\\/de\\\/sneslynge-redskab-til-timan-3330\\\/#breadcrumb\",\"itemListElement\":[{\"@type\":\"ListItem\",\"position\":1,\"name\":\"Hjem\",\"item\":\"https:\\\/\\\/timan.dk\\\/de\\\/\"},{\"@type\":\"ListItem\",\"position\":2,\"name\":\"Schneefr\u00e4se\"}]},{\"@type\":\"WebSite\",\"@id\":\"https:\\\/\\\/timan.dk\\\/#website\",\"url\":\"https:\\\/\\\/timan.dk\\\/\",\"name\":\"Timan A\\\/S\",\"description\":\"Kehrmaschinen mit Auffangbeh\u00e4lter, B\u00f6schungsm\u00e4her, ferngesteuerte Schlegelm\u00e4her in D\u00e4nemark\",\"publisher\":{\"@id\":\"https:\\\/\\\/timan.dk\\\/#organization\"},\"potentialAction\":[{\"@type\":\"SearchAction\",\"target\":{\"@type\":\"EntryPoint\",\"urlTemplate\":\"https:\\\/\\\/timan.dk\\\/?s={search_term_string}\"},\"query-input\":{\"@type\":\"PropertyValueSpecification\",\"valueRequired\":true,\"valueName\":\"search_term_string\"}}],\"inLanguage\":\"de\"},{\"@type\":\"Organization\",\"@id\":\"https:\\\/\\\/timan.dk\\\/#organization\",\"name\":\"Timan A\\\/S\",\"url\":\"https:\\\/\\\/timan.dk\\\/\",\"logo\":{\"@type\":\"ImageObject\",\"inLanguage\":\"de\",\"@id\":\"https:\\\/\\\/timan.dk\\\/#\\\/schema\\\/logo\\\/image\\\/\",\"url\":\"https:\\\/\\\/timan.dk\\\/wp-content\\\/uploads\\\/2023\\\/08\\\/logo-timan-cut.png\",\"contentUrl\":\"https:\\\/\\\/timan.dk\\\/wp-content\\\/uploads\\\/2023\\\/08\\\/logo-timan-cut.png\",\"width\":2048,\"height\":599,\"caption\":\"Timan A\\\/S\"},\"image\":{\"@id\":\"https:\\\/\\\/timan.dk\\\/#\\\/schema\\\/logo\\\/image\\\/\"}}]}<\/script>\n<!-- \/ Yoast SEO plugin. -->","yoast_head_json":{"title":"Schneefr\u00e4se | Timan A\/S","robots":{"index":"index","follow":"follow","max-snippet":"max-snippet:-1","max-image-preview":"max-image-preview:large","max-video-preview":"max-video-preview:-1"},"canonical":"https:\/\/timan.dk\/de\/sneslynge-redskab-til-timan-3330\/","og_locale":"de_DE","og_type":"article","og_title":"Schneefr\u00e4se | Timan A\/S","og_description":"[vc_row full_width=&#8220;stretch_row&#8220;][vc_column][vc_column_text css=&#8220;&#8220;] Schneefr\u00e4senaufsatz f\u00fcr Timan 3330 Leistungsstarke Schneefr\u00e4se mit voller Kontrolle [\/vc_column_text][vc_empty_space height=&#8220;30px&#8220;][vc_separator color=&#8220;custom&#8220; border_width=&#8220;2&#8243; accent_color=&#8220;#f7f7f7&#8243;][vc_empty_space height=&#8220;30px&#8220;][vc_row_inner][vc_column_inner offset=&#8220;vc_col-lg-8 vc_col-md-8 vc_col-xs-12&#8243;][vc_column_text css=&#8220;&#8220;]Die Timan RC-1000s mit Schneefr\u00e4se ist f\u00fcr professionelle Anwender konzipiert, die eine schnelle, effiziente und pr\u00e4zise Schneer\u00e4umung ben\u00f6tigen. Die Schneefr\u00e4se wirft den Schnee bis zu 20 Meter weit und gibt Ihnen volle Flexibilit\u00e4t bei ... Weiterlesen ...","og_url":"https:\/\/timan.dk\/de\/sneslynge-redskab-til-timan-3330\/","og_site_name":"Timan A\/S","article_modified_time":"2026-02-27T08:27:42+00:00","og_image":[{"width":2048,"height":1536,"url":"https:\/\/timan.dk\/wp-content\/uploads\/2026\/02\/33330-sneslynge.jpg","type":"image\/jpeg"}],"twitter_card":"summary_large_image","twitter_misc":{"Gesch\u00e4tzte Lesezeit":"3\u00a0Minuten"},"schema":{"@context":"https:\/\/schema.org","@graph":[{"@type":"WebPage","@id":"https:\/\/timan.dk\/de\/sneslynge-redskab-til-timan-3330\/","url":"https:\/\/timan.dk\/de\/sneslynge-redskab-til-timan-3330\/","name":"Schneefr\u00e4se | Timan A\/S","isPartOf":{"@id":"https:\/\/timan.dk\/#website"},"primaryImageOfPage":{"@id":"https:\/\/timan.dk\/de\/sneslynge-redskab-til-timan-3330\/#primaryimage"},"image":{"@id":"https:\/\/timan.dk\/de\/sneslynge-redskab-til-timan-3330\/#primaryimage"},"thumbnailUrl":"https:\/\/timan.dk\/wp-content\/uploads\/2026\/02\/33330-sneslynge.jpg","datePublished":"2026-02-26T08:23:53+00:00","dateModified":"2026-02-27T08:27:42+00:00","breadcrumb":{"@id":"https:\/\/timan.dk\/de\/sneslynge-redskab-til-timan-3330\/#breadcrumb"},"inLanguage":"de","potentialAction":[{"@type":"ReadAction","target":["https:\/\/timan.dk\/de\/sneslynge-redskab-til-timan-3330\/"]}]},{"@type":"ImageObject","inLanguage":"de","@id":"https:\/\/timan.dk\/de\/sneslynge-redskab-til-timan-3330\/#primaryimage","url":"https:\/\/timan.dk\/wp-content\/uploads\/2026\/02\/33330-sneslynge.jpg","contentUrl":"https:\/\/timan.dk\/wp-content\/uploads\/2026\/02\/33330-sneslynge.jpg","width":2048,"height":1536},{"@type":"BreadcrumbList","@id":"https:\/\/timan.dk\/de\/sneslynge-redskab-til-timan-3330\/#breadcrumb","itemListElement":[{"@type":"ListItem","position":1,"name":"Hjem","item":"https:\/\/timan.dk\/de\/"},{"@type":"ListItem","position":2,"name":"Schneefr\u00e4se"}]},{"@type":"WebSite","@id":"https:\/\/timan.dk\/#website","url":"https:\/\/timan.dk\/","name":"Timan A\/S","description":"Kehrmaschinen mit Auffangbeh\u00e4lter, B\u00f6schungsm\u00e4her, ferngesteuerte Schlegelm\u00e4her in D\u00e4nemark","publisher":{"@id":"https:\/\/timan.dk\/#organization"},"potentialAction":[{"@type":"SearchAction","target":{"@type":"EntryPoint","urlTemplate":"https:\/\/timan.dk\/?s={search_term_string}"},"query-input":{"@type":"PropertyValueSpecification","valueRequired":true,"valueName":"search_term_string"}}],"inLanguage":"de"},{"@type":"Organization","@id":"https:\/\/timan.dk\/#organization","name":"Timan A\/S","url":"https:\/\/timan.dk\/","logo":{"@type":"ImageObject","inLanguage":"de","@id":"https:\/\/timan.dk\/#\/schema\/logo\/image\/","url":"https:\/\/timan.dk\/wp-content\/uploads\/2023\/08\/logo-timan-cut.png","contentUrl":"https:\/\/timan.dk\/wp-content\/uploads\/2023\/08\/logo-timan-cut.png","width":2048,"height":599,"caption":"Timan A\/S"},"image":{"@id":"https:\/\/timan.dk\/#\/schema\/logo\/image\/"}}]}},"_links":{"self":[{"href":"https:\/\/timan.dk\/de\/wp-json\/wp\/v2\/pages\/15229","targetHints":{"allow":["GET"]}}],"collection":[{"href":"https:\/\/timan.dk\/de\/wp-json\/wp\/v2\/pages"}],"about":[{"href":"https:\/\/timan.dk\/de\/wp-json\/wp\/v2\/types\/page"}],"author":[{"embeddable":true,"href":"https:\/\/timan.dk\/de\/wp-json\/wp\/v2\/users\/10"}],"replies":[{"embeddable":true,"href":"https:\/\/timan.dk\/de\/wp-json\/wp\/v2\/comments?post=15229"}],"version-history":[{"count":7,"href":"https:\/\/timan.dk\/de\/wp-json\/wp\/v2\/pages\/15229\/revisions"}],"predecessor-version":[{"id":15257,"href":"https:\/\/timan.dk\/de\/wp-json\/wp\/v2\/pages\/15229\/revisions\/15257"}],"wp:featuredmedia":[{"embeddable":true,"href":"https:\/\/timan.dk\/de\/wp-json\/wp\/v2\/media\/15228"}],"wp:attachment":[{"href":"https:\/\/timan.dk\/de\/wp-json\/wp\/v2\/media?parent=15229"}],"wp:term":[{"taxonomy":"category","embeddable":true,"href":"https:\/\/timan.dk\/de\/wp-json\/wp\/v2\/categories?post=15229"}],"curies":[{"name":"wp","href":"https:\/\/api.w.org\/{rel}","templated":true}]}}