{"id":7806,"date":"2020-02-12T13:11:38","date_gmt":"2020-02-12T12:11:38","guid":{"rendered":"https:\/\/timan.dk\/kontakt\/"},"modified":"2025-06-24T13:22:10","modified_gmt":"2025-06-24T11:22:10","slug":"kontakt","status":"publish","type":"page","link":"https:\/\/timan.dk\/de\/kontakt\/","title":{"rendered":"Kontakt"},"content":{"rendered":"<div class=\"wpb-content-wrapper\"><p>[vc_row full_width=&#8220;stretch_row&#8220;][vc_column]<div class=\"ult-spacer spacer-6a039bdf2bcda\" data-id=\"6a039bdf2bcda\" data-height=\"90\" data-height-mobile=\"60\" data-height-tab=\"90\" data-height-tab-portrait=\"60\" data-height-mobile-landscape=\"60\" style=\"clear:both;display:block;\"><\/div>[vc_row_inner][vc_column_inner offset=&#8220;vc_col-lg-6 vc_col-md-6 vc_col-xs-12&#8243;][vc_column_text css=&#8220;.vc_custom_1750764122778{padding-top: 30px !important;padding-right: 30px !important;padding-bottom: 30px !important;padding-left: 30px !important;background-color: #f7f7f7 !important;}&#8220;]<\/p>\n<h2>Kontaktieren Sie uns noch heute<\/h2>\n<p>Hier finden Sie Timans Kontaktinformationen.<\/p>\n<p><strong>Timan A\/S<\/strong><br \/>\nOsvald Pedersens Vej 2A-D, 6980 Tim<br \/>\nCVR-Nr.: 27609627<\/p>\n<p><strong>Hauptnummer:<\/strong><br \/>\n<a href=\"tel:004597330360\">(+45) 97 33 03 60<\/a><br \/>\n<a href=\"mailto:info@timan.dk\">info@timan.dk<\/a><\/p>\n<p><strong>Verk\u00e4uf:<\/strong><br \/>\n<a href=\"tel:004593636862\">(+45) 93 63 68 62<\/a><br \/>\n<a href=\"mailto:jtn@timan.dk\">jtn@timan.dk<\/a><\/p>\n<p><strong>Technischer Support:<\/strong><br \/>\n<a href=\"tel:004596744466\">(+45) 96 74 44 66<\/a><br \/>\n<a href=\"mailto:service@timan.dk\">service@timan.dk<\/a><\/p>\n<p><strong>Bestellung von Ersatzteilen:<\/strong><\/p>\n<p>F\u00fcr H\u00e4ndler: Melden Sie sich <a href=\"https:\/\/cloud.interactivespares.com\/timan\/categorie\/1000+-+Tool-Trac\" target=\"_blank\" rel=\"noopener\">hier<\/a> auf der Ersatzteilseite an.<\/p>\n<p>F\u00fcr andere: Kontaktieren Sie Ihren n\u00e4chstgelegenen H\u00e4ndler <a href=\"https:\/\/timan.dk\/de\/haendler\/\" target=\"_new\" rel=\"noreferrer noopener\">hier<\/a>.<\/p>\n<p>Haben Sie Fragen zu einer laufenden Ersatzteilbestellung? Kontaktieren Sie uns unter <a href=\"mailto:order@timan.dk\" rel=\"noreferrer\">order@timan.dk<\/a>.[\/vc_column_text]<div class=\"ult-spacer spacer-6a039bdf2bd2e\" data-id=\"6a039bdf2bd2e\" data-height=\"0\" data-height-mobile=\"30\" data-height-tab=\"0\" data-height-tab-portrait=\"30\" data-height-mobile-landscape=\"30\" style=\"clear:both;display:block;\"><\/div>[\/vc_column_inner][vc_column_inner offset=&#8220;vc_col-lg-6 vc_col-md-6 vc_col-xs-12&#8243;][vc_column_text]<\/p>\n<h3>Schreiben Sie uns<\/h3>\n<p>[\/vc_column_text][vc_empty_space height=&#8220;15px&#8220;][vc_raw_html]JTVCZm9ybWluYXRvcl9mb3JtJTIwaWQlM0QlMjI4NDgyJTIyJTVE[\/vc_raw_html][\/vc_column_inner][\/vc_row_inner]<div class=\"ult-spacer spacer-6a039bdf2bd57\" data-id=\"6a039bdf2bd57\" data-height=\"90\" data-height-mobile=\"60\" data-height-tab=\"90\" data-height-tab-portrait=\"60\" data-height-mobile-landscape=\"60\" style=\"clear:both;display:block;\"><\/div>[\/vc_column][\/vc_row][vc_row full_width=&#8220;stretch_row_content_no_spaces&#8220;][vc_column][vc_gmaps link=&#8220;#E-8_JTNDaWZyYW1lJTIwc3JjJTNEJTIyaHR0cHMlM0ElMkYlMkZ3d3cuZ29vZ2xlLmNvbSUyRm1hcHMlMkZlbWJlZCUzRnBiJTNEJTIxMW0xNiUyMTFtMTIlMjExbTMlMjExZDIyMTkuODY0MjQxNTU5MzY5NSUyMTJkOC4zMDU5NjIyNzc3MDUwNzQlMjEzZDU2LjE5NDAyMzg1NzkxOTg2JTIxMm0zJTIxMWYwJTIxMmYwJTIxM2YwJTIxM20yJTIxMWkxMDI0JTIxMmk3NjglMjE0ZjEzLjElMjEybTElMjExc09zdmFsZCUyNTIwUGVkZXJzZW5zJTI1MjBWZWolMjUyMDJBLUQlMjUyMCUyNTIwNjk4MCUyNTIwVGltJTIxNWUwJTIxM20yJTIxMXNkYSUyMTJzZGslMjE0djE3MjQyMjY5MjczNDElMjE1bTIlMjExc2RhJTIxMnNkayUyMiUyMHdpZHRoJTNEJTIyNjAwJTIyJTIwaGVpZ2h0JTNEJTIyNDUwJTIyJTIwc3R5bGUlM0QlMjJib3JkZXIlM0EwJTNCJTIyJTIwYWxsb3dmdWxsc2NyZWVuJTNEJTIyJTIyJTIwbG9hZGluZyUzRCUyMmxhenklMjIlMjByZWZlcnJlcnBvbGljeSUzRCUyMm5vLXJlZmVycmVyLXdoZW4tZG93bmdyYWRlJTIyJTNFJTNDJTJGaWZyYW1lJTNF&#8220; size=&#8220;400px&#8220; el_class=&#8220;grayscale&#8220;][\/vc_column][\/vc_row]<\/p>\n<\/div>","protected":false},"excerpt":{"rendered":"<p>Haben Sie Fragen oder Anmerkungen?<\/p>\n","protected":false},"author":1,"featured_media":10527,"parent":0,"menu_order":0,"comment_status":"closed","ping_status":"closed","template":"","meta":{"_acf_changed":false,"footnotes":""},"categories":[],"class_list":["post-7806","page","type-page","status-publish","has-post-thumbnail"],"acf":[],"yoast_head":"<!-- This site is optimized with the Yoast SEO plugin v27.5 - https:\/\/yoast.com\/product\/yoast-seo-wordpress\/ -->\n<title>Kontakt | Rufen oder Schreiben Sie uns an | Timan A\/S<\/title>\n<meta name=\"robots\" content=\"index, follow, max-snippet:-1, max-image-preview:large, max-video-preview:-1\" \/>\n<link rel=\"canonical\" href=\"https:\/\/timan.dk\/de\/kontakt\/\" \/>\n<meta property=\"og:locale\" content=\"de_DE\" \/>\n<meta property=\"og:type\" content=\"article\" \/>\n<meta property=\"og:title\" content=\"Kontakt | Rufen oder Schreiben Sie uns an | Timan A\/S\" \/>\n<meta property=\"og:description\" content=\"Haben Sie Fragen oder Anmerkungen?\" \/>\n<meta property=\"og:url\" content=\"https:\/\/timan.dk\/de\/kontakt\/\" \/>\n<meta property=\"og:site_name\" content=\"Timan A\/S\" \/>\n<meta property=\"article:modified_time\" content=\"2025-06-24T11:22:10+00:00\" \/>\n<meta property=\"og:image\" content=\"https:\/\/timan.dk\/wp-content\/uploads\/2024\/11\/web-rs1000s-2024-tjorring-skole-6732.jpg\" \/>\n\t<meta property=\"og:image:width\" content=\"1600\" \/>\n\t<meta property=\"og:image:height\" content=\"1067\" \/>\n\t<meta property=\"og:image:type\" content=\"image\/jpeg\" \/>\n<meta name=\"twitter:card\" content=\"summary_large_image\" \/>\n<meta name=\"twitter:label1\" content=\"Gesch\u00e4tzte Lesezeit\" \/>\n\t<meta name=\"twitter:data1\" content=\"1\u00a0Minute\" \/>\n<script type=\"application\/ld+json\" class=\"yoast-schema-graph\">{\"@context\":\"https:\\\/\\\/schema.org\",\"@graph\":[{\"@type\":\"WebPage\",\"@id\":\"https:\\\/\\\/timan.dk\\\/de\\\/kontakt\\\/\",\"url\":\"https:\\\/\\\/timan.dk\\\/de\\\/kontakt\\\/\",\"name\":\"Kontakt | Rufen oder Schreiben Sie uns an | Timan A\\\/S\",\"isPartOf\":{\"@id\":\"https:\\\/\\\/timan.dk\\\/#website\"},\"primaryImageOfPage\":{\"@id\":\"https:\\\/\\\/timan.dk\\\/de\\\/kontakt\\\/#primaryimage\"},\"image\":{\"@id\":\"https:\\\/\\\/timan.dk\\\/de\\\/kontakt\\\/#primaryimage\"},\"thumbnailUrl\":\"https:\\\/\\\/timan.dk\\\/wp-content\\\/uploads\\\/2024\\\/11\\\/web-rs1000s-2024-tjorring-skole-6732.jpg\",\"datePublished\":\"2020-02-12T12:11:38+00:00\",\"dateModified\":\"2025-06-24T11:22:10+00:00\",\"breadcrumb\":{\"@id\":\"https:\\\/\\\/timan.dk\\\/de\\\/kontakt\\\/#breadcrumb\"},\"inLanguage\":\"de\",\"potentialAction\":[{\"@type\":\"ReadAction\",\"target\":[\"https:\\\/\\\/timan.dk\\\/de\\\/kontakt\\\/\"]}]},{\"@type\":\"ImageObject\",\"inLanguage\":\"de\",\"@id\":\"https:\\\/\\\/timan.dk\\\/de\\\/kontakt\\\/#primaryimage\",\"url\":\"https:\\\/\\\/timan.dk\\\/wp-content\\\/uploads\\\/2024\\\/11\\\/web-rs1000s-2024-tjorring-skole-6732.jpg\",\"contentUrl\":\"https:\\\/\\\/timan.dk\\\/wp-content\\\/uploads\\\/2024\\\/11\\\/web-rs1000s-2024-tjorring-skole-6732.jpg\",\"width\":1600,\"height\":1067,\"caption\":\"RC1000s Tool carrier\"},{\"@type\":\"BreadcrumbList\",\"@id\":\"https:\\\/\\\/timan.dk\\\/de\\\/kontakt\\\/#breadcrumb\",\"itemListElement\":[{\"@type\":\"ListItem\",\"position\":1,\"name\":\"Hjem\",\"item\":\"https:\\\/\\\/timan.dk\\\/de\\\/\"},{\"@type\":\"ListItem\",\"position\":2,\"name\":\"Kontakt\"}]},{\"@type\":\"WebSite\",\"@id\":\"https:\\\/\\\/timan.dk\\\/#website\",\"url\":\"https:\\\/\\\/timan.dk\\\/\",\"name\":\"Timan A\\\/S\",\"description\":\"Kehrmaschinen mit Auffangbeh\u00e4lter, B\u00f6schungsm\u00e4her, ferngesteuerte Schlegelm\u00e4her in D\u00e4nemark\",\"publisher\":{\"@id\":\"https:\\\/\\\/timan.dk\\\/#organization\"},\"potentialAction\":[{\"@type\":\"SearchAction\",\"target\":{\"@type\":\"EntryPoint\",\"urlTemplate\":\"https:\\\/\\\/timan.dk\\\/?s={search_term_string}\"},\"query-input\":{\"@type\":\"PropertyValueSpecification\",\"valueRequired\":true,\"valueName\":\"search_term_string\"}}],\"inLanguage\":\"de\"},{\"@type\":\"Organization\",\"@id\":\"https:\\\/\\\/timan.dk\\\/#organization\",\"name\":\"Timan A\\\/S\",\"url\":\"https:\\\/\\\/timan.dk\\\/\",\"logo\":{\"@type\":\"ImageObject\",\"inLanguage\":\"de\",\"@id\":\"https:\\\/\\\/timan.dk\\\/#\\\/schema\\\/logo\\\/image\\\/\",\"url\":\"https:\\\/\\\/timan.dk\\\/wp-content\\\/uploads\\\/2023\\\/08\\\/logo-timan-cut.png\",\"contentUrl\":\"https:\\\/\\\/timan.dk\\\/wp-content\\\/uploads\\\/2023\\\/08\\\/logo-timan-cut.png\",\"width\":2048,\"height\":599,\"caption\":\"Timan A\\\/S\"},\"image\":{\"@id\":\"https:\\\/\\\/timan.dk\\\/#\\\/schema\\\/logo\\\/image\\\/\"}}]}<\/script>\n<!-- \/ Yoast SEO plugin. -->","yoast_head_json":{"title":"Kontakt | Rufen oder Schreiben Sie uns an | Timan A\/S","robots":{"index":"index","follow":"follow","max-snippet":"max-snippet:-1","max-image-preview":"max-image-preview:large","max-video-preview":"max-video-preview:-1"},"canonical":"https:\/\/timan.dk\/de\/kontakt\/","og_locale":"de_DE","og_type":"article","og_title":"Kontakt | Rufen oder Schreiben Sie uns an | Timan A\/S","og_description":"Haben Sie Fragen oder Anmerkungen?","og_url":"https:\/\/timan.dk\/de\/kontakt\/","og_site_name":"Timan A\/S","article_modified_time":"2025-06-24T11:22:10+00:00","og_image":[{"width":1600,"height":1067,"url":"https:\/\/timan.dk\/wp-content\/uploads\/2024\/11\/web-rs1000s-2024-tjorring-skole-6732.jpg","type":"image\/jpeg"}],"twitter_card":"summary_large_image","twitter_misc":{"Gesch\u00e4tzte Lesezeit":"1\u00a0Minute"},"schema":{"@context":"https:\/\/schema.org","@graph":[{"@type":"WebPage","@id":"https:\/\/timan.dk\/de\/kontakt\/","url":"https:\/\/timan.dk\/de\/kontakt\/","name":"Kontakt | Rufen oder Schreiben Sie uns an | Timan A\/S","isPartOf":{"@id":"https:\/\/timan.dk\/#website"},"primaryImageOfPage":{"@id":"https:\/\/timan.dk\/de\/kontakt\/#primaryimage"},"image":{"@id":"https:\/\/timan.dk\/de\/kontakt\/#primaryimage"},"thumbnailUrl":"https:\/\/timan.dk\/wp-content\/uploads\/2024\/11\/web-rs1000s-2024-tjorring-skole-6732.jpg","datePublished":"2020-02-12T12:11:38+00:00","dateModified":"2025-06-24T11:22:10+00:00","breadcrumb":{"@id":"https:\/\/timan.dk\/de\/kontakt\/#breadcrumb"},"inLanguage":"de","potentialAction":[{"@type":"ReadAction","target":["https:\/\/timan.dk\/de\/kontakt\/"]}]},{"@type":"ImageObject","inLanguage":"de","@id":"https:\/\/timan.dk\/de\/kontakt\/#primaryimage","url":"https:\/\/timan.dk\/wp-content\/uploads\/2024\/11\/web-rs1000s-2024-tjorring-skole-6732.jpg","contentUrl":"https:\/\/timan.dk\/wp-content\/uploads\/2024\/11\/web-rs1000s-2024-tjorring-skole-6732.jpg","width":1600,"height":1067,"caption":"RC1000s Tool carrier"},{"@type":"BreadcrumbList","@id":"https:\/\/timan.dk\/de\/kontakt\/#breadcrumb","itemListElement":[{"@type":"ListItem","position":1,"name":"Hjem","item":"https:\/\/timan.dk\/de\/"},{"@type":"ListItem","position":2,"name":"Kontakt"}]},{"@type":"WebSite","@id":"https:\/\/timan.dk\/#website","url":"https:\/\/timan.dk\/","name":"Timan A\/S","description":"Kehrmaschinen mit Auffangbeh\u00e4lter, B\u00f6schungsm\u00e4her, ferngesteuerte Schlegelm\u00e4her in D\u00e4nemark","publisher":{"@id":"https:\/\/timan.dk\/#organization"},"potentialAction":[{"@type":"SearchAction","target":{"@type":"EntryPoint","urlTemplate":"https:\/\/timan.dk\/?s={search_term_string}"},"query-input":{"@type":"PropertyValueSpecification","valueRequired":true,"valueName":"search_term_string"}}],"inLanguage":"de"},{"@type":"Organization","@id":"https:\/\/timan.dk\/#organization","name":"Timan A\/S","url":"https:\/\/timan.dk\/","logo":{"@type":"ImageObject","inLanguage":"de","@id":"https:\/\/timan.dk\/#\/schema\/logo\/image\/","url":"https:\/\/timan.dk\/wp-content\/uploads\/2023\/08\/logo-timan-cut.png","contentUrl":"https:\/\/timan.dk\/wp-content\/uploads\/2023\/08\/logo-timan-cut.png","width":2048,"height":599,"caption":"Timan A\/S"},"image":{"@id":"https:\/\/timan.dk\/#\/schema\/logo\/image\/"}}]}},"_links":{"self":[{"href":"https:\/\/timan.dk\/de\/wp-json\/wp\/v2\/pages\/7806","targetHints":{"allow":["GET"]}}],"collection":[{"href":"https:\/\/timan.dk\/de\/wp-json\/wp\/v2\/pages"}],"about":[{"href":"https:\/\/timan.dk\/de\/wp-json\/wp\/v2\/types\/page"}],"author":[{"embeddable":true,"href":"https:\/\/timan.dk\/de\/wp-json\/wp\/v2\/users\/1"}],"replies":[{"embeddable":true,"href":"https:\/\/timan.dk\/de\/wp-json\/wp\/v2\/comments?post=7806"}],"version-history":[{"count":9,"href":"https:\/\/timan.dk\/de\/wp-json\/wp\/v2\/pages\/7806\/revisions"}],"predecessor-version":[{"id":12726,"href":"https:\/\/timan.dk\/de\/wp-json\/wp\/v2\/pages\/7806\/revisions\/12726"}],"wp:featuredmedia":[{"embeddable":true,"href":"https:\/\/timan.dk\/de\/wp-json\/wp\/v2\/media\/10527"}],"wp:attachment":[{"href":"https:\/\/timan.dk\/de\/wp-json\/wp\/v2\/media?parent=7806"}],"wp:term":[{"taxonomy":"category","embeddable":true,"href":"https:\/\/timan.dk\/de\/wp-json\/wp\/v2\/categories?post=7806"}],"curies":[{"name":"wp","href":"https:\/\/api.w.org\/{rel}","templated":true}]}}