{"id":7826,"date":"2023-08-03T12:39:01","date_gmt":"2023-08-03T10:39:01","guid":{"rendered":"https:\/\/timan.dk\/geschichte\/"},"modified":"2025-08-06T11:05:13","modified_gmt":"2025-08-06T09:05:13","slug":"ueber-timan","status":"publish","type":"page","link":"https:\/\/timan.dk\/de\/ueber-timan\/","title":{"rendered":"\u00dcber Timan"},"content":{"rendered":"<div class=\"wpb-content-wrapper\"><p>[vc_row full_width=&#8220;stretch_row&#8220;][vc_column]<div class=\"ult-spacer spacer-69f5d40bb1cc3\" data-id=\"69f5d40bb1cc3\" data-height=\"90\" data-height-mobile=\"60\" data-height-tab=\"90\" data-height-tab-portrait=\"60\" data-height-mobile-landscape=\"60\" style=\"clear:both;display:block;\"><\/div>[vc_column_text]<\/p>\n<h2>Von der Garage zum internationalen Gesch\u00e4ft\u200b<\/h2>\n<p>[\/vc_column_text][vc_empty_space height=&#8220;30px&#8220;][vc_separator color=&#8220;custom&#8220; border_width=&#8220;2&#8243; accent_color=&#8220;#f7f7f7&#8243;][vc_empty_space height=&#8220;30px&#8220;][vc_row_inner][vc_column_inner offset=&#8220;vc_col-lg-8 vc_col-md-8 vc_col-xs-12&#8243;][vc_column_text]<\/p>\n<h3>Sehen Sie sich die faszinierende Geschichte von Timan in diesem eindrucksvollen Video an<\/h3>\n<p>Alte und neue Bilder verbinden die Geschichte von Timan und geben einen guten Einblick in das Unternehmen: Woher kommt Timan und was sind die Visionen von Timan?[\/vc_column_text][vc_empty_space height=&#8220;30px&#8220;][vc_video link=&#8220;https:\/\/www.youtube.com\/watch?v=b9jSBLaCdAQ&#8220;]<div class=\"ult-spacer spacer-69f5d40bb1d23\" data-id=\"69f5d40bb1d23\" data-height=\"0\" data-height-mobile=\"30\" data-height-tab=\"0\" data-height-tab-portrait=\"30\" data-height-mobile-landscape=\"30\" style=\"clear:both;display:block;\"><\/div>[\/vc_column_inner][vc_column_inner offset=&#8220;vc_col-lg-4 vc_col-md-4 vc_col-xs-12&#8243;][vc_btn title=&#8220;Siehe H\u00e4ndler&#8220; style=&#8220;custom&#8220; custom_background=&#8220;#fc5623&#8243; custom_text=&#8220;#ffffff&#8220; shape=&#8220;square&#8220; align=&#8220;left&#8220; button_block=&#8220;true&#8220; link=&#8220;url:https%3A%2F%2Ftiman.dk%2Fforhandlere%2F|title:H%C3%A4ndler|&#8220;][vc_empty_space height=&#8220;5px&#8220;][vc_btn title=&#8220;Ersatzteile bestellen&#8220; style=&#8220;custom&#8220; custom_background=&#8220;#fc5623&#8243; custom_text=&#8220;#ffffff&#8220; shape=&#8220;square&#8220; align=&#8220;left&#8220; button_block=&#8220;true&#8220; link=&#8220;url:https%3A%2F%2Fcloud.interactivespares.com%2Ftiman%2Fcategorie%2F1000%2B-%2BTool-Trac|title:Anleitungen|target:_blank&#8220;][vc_empty_space height=&#8220;30px&#8220;][vc_widget_sidebar sidebar_id=&#8220;sidebar-1&#8243; el_class=&#8220;contact-sidebar&#8220;][\/vc_column_inner][\/vc_row_inner]<div class=\"ult-spacer spacer-69f5d40bb1d57\" data-id=\"69f5d40bb1d57\" data-height=\"90\" data-height-mobile=\"60\" data-height-tab=\"90\" data-height-tab-portrait=\"60\" data-height-mobile-landscape=\"60\" style=\"clear:both;display:block;\"><\/div>[\/vc_column][\/vc_row][vc_row full_width=&#8220;stretch_row&#8220; bg_type=&#8220;bg_color&#8220; seperator_enable=&#8220;seperator_enable_value&#8220; seperator_type=&#8220;xlarge_triangle_left_seperator&#8220; seperator_svg_height=&#8220;60&#8243; seperator_shape_background=&#8220;#ffffff&#8220; height=&#8220;90&#8243; height_on_tabs=&#8220;90&#8243; height_on_tabs_portrait=&#8220;60&#8243; height_on_mob_landscape=&#8220;60&#8243; height_on_mob=&#8220;60&#8243; bg_color_value=&#8220;#ece8e1&#8243;][vc_column]<div class=\"ult-spacer spacer-69f5d40bb1d79\" data-id=\"69f5d40bb1d79\" data-height=\"90\" data-height-mobile=\"60\" data-height-tab=\"90\" data-height-tab-portrait=\"60\" data-height-mobile-landscape=\"60\" style=\"clear:both;display:block;\"><\/div>[\/vc_column][\/vc_row][vc_row full_width=&#8220;stretch_row&#8220; el_class=&#8220;overlay white cta parallax&#8220; css=&#8220;.vc_custom_1691133202809{background-image: url(https:\/\/timan.dk\/wp-content\/uploads\/2023\/08\/16966-116.jpg?id=5540) !important;background-position: center !important;background-repeat: no-repeat !important;background-size: cover !important;}&#8220;][vc_column]<div class=\"ult-spacer spacer-69f5d40bb1da4\" data-id=\"69f5d40bb1da4\" data-height=\"90\" data-height-mobile=\"60\" data-height-tab=\"90\" data-height-tab-portrait=\"60\" data-height-mobile-landscape=\"60\" style=\"clear:both;display:block;\"><\/div>[vc_row_inner][vc_column_inner width=&#8220;1\/4&#8243;][\/vc_column_inner][vc_column_inner width=&#8220;1\/2&#8243;][vc_column_text]<\/p>\n<h6 style=\"text-align: center;\">Haben Sie nicht gefunden, was Sie brauchten?<\/h6>\n<h3 style=\"text-align: center;\">Kontaktieren Sie uns noch heute<\/h3>\n<p style=\"text-align: center;\">Wenn Sie die von Ihnen ben\u00f6tigte L\u00f6sung nicht gefunden haben, kontaktieren Sie uns bitte unter <a href=\"tel:004597330360\">(+45) 97 33 03 60<\/a> oder Senden Sie eine E-Mail an <a href=\"mailto:info@timan.dk\">info@timan.dk<\/a>, wo wir Ihnen gerne weiterhelfen.<\/p>\n<p style=\"text-align: center;\">Wir freuen uns auf Ihre Kontaktaufnahme.<\/p>\n<p>[\/vc_column_text][vc_empty_space height=&#8220;30px&#8220;][vc_btn title=&#8220;Kontaktieren Sie uns&#8220; style=&#8220;custom&#8220; custom_background=&#8220;#fc5623&#8243; custom_text=&#8220;#ffffff&#8220; shape=&#8220;square&#8220; align=&#8220;center&#8220; link=&#8220;url:https%3A%2F%2Ftiman.dk%2Fde%2Fkontakt%2F|title:Kontakt|&#8220;][\/vc_column_inner][vc_column_inner width=&#8220;1\/4&#8243;][\/vc_column_inner][\/vc_row_inner]<div class=\"ult-spacer spacer-69f5d40bb1dc1\" data-id=\"69f5d40bb1dc1\" data-height=\"90\" data-height-mobile=\"60\" data-height-tab=\"90\" data-height-tab-portrait=\"60\" data-height-mobile-landscape=\"60\" style=\"clear:both;display:block;\"><\/div>[\/vc_column][\/vc_row]<\/p>\n<\/div>","protected":false},"excerpt":{"rendered":"<p>[vc_row full_width=&#8220;stretch_row&#8220;][vc_column][vc_column_text] Von der Garage zum internationalen Gesch\u00e4ft\u200b [\/vc_column_text][vc_empty_space height=&#8220;30px&#8220;][vc_separator color=&#8220;custom&#8220; border_width=&#8220;2&#8243; accent_color=&#8220;#f7f7f7&#8243;][vc_empty_space height=&#8220;30px&#8220;][vc_row_inner][vc_column_inner offset=&#8220;vc_col-lg-8 vc_col-md-8 vc_col-xs-12&#8243;][vc_column_text] Sehen Sie sich die faszinierende Geschichte von Timan in diesem eindrucksvollen Video an Alte und neue Bilder verbinden die Geschichte von Timan und geben einen guten Einblick in das Unternehmen: Woher kommt Timan und was sind die Visionen &#8230; <a title=\"\u00dcber Timan\" class=\"read-more\" href=\"https:\/\/timan.dk\/de\/ueber-timan\/\" aria-label=\"Mehr Informationen \u00fcber \u00dcber Timan\">Weiterlesen &#8230;<\/a><\/p>\n","protected":false},"author":1,"featured_media":0,"parent":0,"menu_order":8,"comment_status":"closed","ping_status":"closed","template":"","meta":{"_acf_changed":false,"footnotes":""},"categories":[],"class_list":["post-7826","page","type-page","status-publish"],"acf":[],"yoast_head":"<!-- This site is optimized with the Yoast SEO plugin v27.5 - https:\/\/yoast.com\/product\/yoast-seo-wordpress\/ -->\n<title>Geschichte | Hier mehr \u00fcber Timan A\/S lesen<\/title>\n<meta name=\"robots\" content=\"index, follow, max-snippet:-1, max-image-preview:large, max-video-preview:-1\" \/>\n<link rel=\"canonical\" href=\"https:\/\/timan.dk\/de\/ueber-timan\/\" \/>\n<meta property=\"og:locale\" content=\"de_DE\" \/>\n<meta property=\"og:type\" content=\"article\" \/>\n<meta property=\"og:title\" content=\"Geschichte | Hier mehr \u00fcber Timan A\/S lesen\" \/>\n<meta property=\"og:description\" content=\"[vc_row full_width=&#8220;stretch_row&#8220;][vc_column][vc_column_text] Von der Garage zum internationalen Gesch\u00e4ft\u200b [\/vc_column_text][vc_empty_space height=&#8220;30px&#8220;][vc_separator color=&#8220;custom&#8220; border_width=&#8220;2&#8243; accent_color=&#8220;#f7f7f7&#8243;][vc_empty_space height=&#8220;30px&#8220;][vc_row_inner][vc_column_inner offset=&#8220;vc_col-lg-8 vc_col-md-8 vc_col-xs-12&#8243;][vc_column_text] Sehen Sie sich die faszinierende Geschichte von Timan in diesem eindrucksvollen Video an Alte und neue Bilder verbinden die Geschichte von Timan und geben einen guten Einblick in das Unternehmen: Woher kommt Timan und was sind die Visionen ... Weiterlesen ...\" \/>\n<meta property=\"og:url\" content=\"https:\/\/timan.dk\/de\/ueber-timan\/\" \/>\n<meta property=\"og:site_name\" content=\"Timan A\/S\" \/>\n<meta property=\"article:modified_time\" content=\"2025-08-06T09:05:13+00:00\" \/>\n<meta name=\"twitter:card\" content=\"summary_large_image\" \/>\n<meta name=\"twitter:label1\" content=\"Gesch\u00e4tzte Lesezeit\" \/>\n\t<meta name=\"twitter:data1\" content=\"3\u00a0Minuten\" \/>\n<script type=\"application\/ld+json\" class=\"yoast-schema-graph\">{\"@context\":\"https:\\\/\\\/schema.org\",\"@graph\":[{\"@type\":\"WebPage\",\"@id\":\"https:\\\/\\\/timan.dk\\\/de\\\/ueber-timan\\\/\",\"url\":\"https:\\\/\\\/timan.dk\\\/de\\\/ueber-timan\\\/\",\"name\":\"Geschichte | Hier mehr \u00fcber Timan A\\\/S lesen\",\"isPartOf\":{\"@id\":\"https:\\\/\\\/timan.dk\\\/#website\"},\"datePublished\":\"2023-08-03T10:39:01+00:00\",\"dateModified\":\"2025-08-06T09:05:13+00:00\",\"breadcrumb\":{\"@id\":\"https:\\\/\\\/timan.dk\\\/de\\\/ueber-timan\\\/#breadcrumb\"},\"inLanguage\":\"de\",\"potentialAction\":[{\"@type\":\"ReadAction\",\"target\":[\"https:\\\/\\\/timan.dk\\\/de\\\/ueber-timan\\\/\"]}]},{\"@type\":\"BreadcrumbList\",\"@id\":\"https:\\\/\\\/timan.dk\\\/de\\\/ueber-timan\\\/#breadcrumb\",\"itemListElement\":[{\"@type\":\"ListItem\",\"position\":1,\"name\":\"Hjem\",\"item\":\"https:\\\/\\\/timan.dk\\\/de\\\/\"},{\"@type\":\"ListItem\",\"position\":2,\"name\":\"\u00dcber Timan\"}]},{\"@type\":\"WebSite\",\"@id\":\"https:\\\/\\\/timan.dk\\\/#website\",\"url\":\"https:\\\/\\\/timan.dk\\\/\",\"name\":\"Timan A\\\/S\",\"description\":\"Kehrmaschinen mit Auffangbeh\u00e4lter, B\u00f6schungsm\u00e4her, ferngesteuerte Schlegelm\u00e4her in D\u00e4nemark\",\"publisher\":{\"@id\":\"https:\\\/\\\/timan.dk\\\/#organization\"},\"potentialAction\":[{\"@type\":\"SearchAction\",\"target\":{\"@type\":\"EntryPoint\",\"urlTemplate\":\"https:\\\/\\\/timan.dk\\\/?s={search_term_string}\"},\"query-input\":{\"@type\":\"PropertyValueSpecification\",\"valueRequired\":true,\"valueName\":\"search_term_string\"}}],\"inLanguage\":\"de\"},{\"@type\":\"Organization\",\"@id\":\"https:\\\/\\\/timan.dk\\\/#organization\",\"name\":\"Timan A\\\/S\",\"url\":\"https:\\\/\\\/timan.dk\\\/\",\"logo\":{\"@type\":\"ImageObject\",\"inLanguage\":\"de\",\"@id\":\"https:\\\/\\\/timan.dk\\\/#\\\/schema\\\/logo\\\/image\\\/\",\"url\":\"https:\\\/\\\/timan.dk\\\/wp-content\\\/uploads\\\/2023\\\/08\\\/logo-timan-cut.png\",\"contentUrl\":\"https:\\\/\\\/timan.dk\\\/wp-content\\\/uploads\\\/2023\\\/08\\\/logo-timan-cut.png\",\"width\":2048,\"height\":599,\"caption\":\"Timan A\\\/S\"},\"image\":{\"@id\":\"https:\\\/\\\/timan.dk\\\/#\\\/schema\\\/logo\\\/image\\\/\"}}]}<\/script>\n<!-- \/ Yoast SEO plugin. -->","yoast_head_json":{"title":"Geschichte | Hier mehr \u00fcber Timan A\/S lesen","robots":{"index":"index","follow":"follow","max-snippet":"max-snippet:-1","max-image-preview":"max-image-preview:large","max-video-preview":"max-video-preview:-1"},"canonical":"https:\/\/timan.dk\/de\/ueber-timan\/","og_locale":"de_DE","og_type":"article","og_title":"Geschichte | Hier mehr \u00fcber Timan A\/S lesen","og_description":"[vc_row full_width=&#8220;stretch_row&#8220;][vc_column][vc_column_text] Von der Garage zum internationalen Gesch\u00e4ft\u200b [\/vc_column_text][vc_empty_space height=&#8220;30px&#8220;][vc_separator color=&#8220;custom&#8220; border_width=&#8220;2&#8243; accent_color=&#8220;#f7f7f7&#8243;][vc_empty_space height=&#8220;30px&#8220;][vc_row_inner][vc_column_inner offset=&#8220;vc_col-lg-8 vc_col-md-8 vc_col-xs-12&#8243;][vc_column_text] Sehen Sie sich die faszinierende Geschichte von Timan in diesem eindrucksvollen Video an Alte und neue Bilder verbinden die Geschichte von Timan und geben einen guten Einblick in das Unternehmen: Woher kommt Timan und was sind die Visionen ... Weiterlesen ...","og_url":"https:\/\/timan.dk\/de\/ueber-timan\/","og_site_name":"Timan A\/S","article_modified_time":"2025-08-06T09:05:13+00:00","twitter_card":"summary_large_image","twitter_misc":{"Gesch\u00e4tzte Lesezeit":"3\u00a0Minuten"},"schema":{"@context":"https:\/\/schema.org","@graph":[{"@type":"WebPage","@id":"https:\/\/timan.dk\/de\/ueber-timan\/","url":"https:\/\/timan.dk\/de\/ueber-timan\/","name":"Geschichte | Hier mehr \u00fcber Timan A\/S lesen","isPartOf":{"@id":"https:\/\/timan.dk\/#website"},"datePublished":"2023-08-03T10:39:01+00:00","dateModified":"2025-08-06T09:05:13+00:00","breadcrumb":{"@id":"https:\/\/timan.dk\/de\/ueber-timan\/#breadcrumb"},"inLanguage":"de","potentialAction":[{"@type":"ReadAction","target":["https:\/\/timan.dk\/de\/ueber-timan\/"]}]},{"@type":"BreadcrumbList","@id":"https:\/\/timan.dk\/de\/ueber-timan\/#breadcrumb","itemListElement":[{"@type":"ListItem","position":1,"name":"Hjem","item":"https:\/\/timan.dk\/de\/"},{"@type":"ListItem","position":2,"name":"\u00dcber Timan"}]},{"@type":"WebSite","@id":"https:\/\/timan.dk\/#website","url":"https:\/\/timan.dk\/","name":"Timan A\/S","description":"Kehrmaschinen mit Auffangbeh\u00e4lter, B\u00f6schungsm\u00e4her, ferngesteuerte Schlegelm\u00e4her in D\u00e4nemark","publisher":{"@id":"https:\/\/timan.dk\/#organization"},"potentialAction":[{"@type":"SearchAction","target":{"@type":"EntryPoint","urlTemplate":"https:\/\/timan.dk\/?s={search_term_string}"},"query-input":{"@type":"PropertyValueSpecification","valueRequired":true,"valueName":"search_term_string"}}],"inLanguage":"de"},{"@type":"Organization","@id":"https:\/\/timan.dk\/#organization","name":"Timan A\/S","url":"https:\/\/timan.dk\/","logo":{"@type":"ImageObject","inLanguage":"de","@id":"https:\/\/timan.dk\/#\/schema\/logo\/image\/","url":"https:\/\/timan.dk\/wp-content\/uploads\/2023\/08\/logo-timan-cut.png","contentUrl":"https:\/\/timan.dk\/wp-content\/uploads\/2023\/08\/logo-timan-cut.png","width":2048,"height":599,"caption":"Timan A\/S"},"image":{"@id":"https:\/\/timan.dk\/#\/schema\/logo\/image\/"}}]}},"_links":{"self":[{"href":"https:\/\/timan.dk\/de\/wp-json\/wp\/v2\/pages\/7826","targetHints":{"allow":["GET"]}}],"collection":[{"href":"https:\/\/timan.dk\/de\/wp-json\/wp\/v2\/pages"}],"about":[{"href":"https:\/\/timan.dk\/de\/wp-json\/wp\/v2\/types\/page"}],"author":[{"embeddable":true,"href":"https:\/\/timan.dk\/de\/wp-json\/wp\/v2\/users\/1"}],"replies":[{"embeddable":true,"href":"https:\/\/timan.dk\/de\/wp-json\/wp\/v2\/comments?post=7826"}],"version-history":[{"count":10,"href":"https:\/\/timan.dk\/de\/wp-json\/wp\/v2\/pages\/7826\/revisions"}],"predecessor-version":[{"id":13938,"href":"https:\/\/timan.dk\/de\/wp-json\/wp\/v2\/pages\/7826\/revisions\/13938"}],"wp:attachment":[{"href":"https:\/\/timan.dk\/de\/wp-json\/wp\/v2\/media?parent=7826"}],"wp:term":[{"taxonomy":"category","embeddable":true,"href":"https:\/\/timan.dk\/de\/wp-json\/wp\/v2\/categories?post=7826"}],"curies":[{"name":"wp","href":"https:\/\/api.w.org\/{rel}","templated":true}]}}