{"id":7831,"date":"2023-08-03T12:39:02","date_gmt":"2023-08-03T10:39:02","guid":{"rendered":"https:\/\/timan.dk\/nachrichten\/"},"modified":"2025-08-20T11:30:27","modified_gmt":"2025-08-20T09:30:27","slug":"nachrichten","status":"publish","type":"page","link":"https:\/\/timan.dk\/de\/nachrichten\/","title":{"rendered":"Nachrichten"},"content":{"rendered":"<div class=\"wpb-content-wrapper\"><p>[vc_row full_width=&#8220;stretch_row&#8220;][vc_column]<div class=\"ult-spacer spacer-6a03c21a6aa09\" data-id=\"6a03c21a6aa09\" data-height=\"60\" data-height-mobile=\"60\" data-height-tab=\"90\" data-height-tab-portrait=\"60\" data-height-mobile-landscape=\"60\" style=\"clear:both;display:block;\"><\/div>[vc_column_text css=&#8220;&#8220;]<\/p>\n<h1>Aktuelle Neuigkeiten von Timan: Produkteinf\u00fchrungen, Unternehmensnachrichten und mehr.<\/h1>\n<p>Sind Sie Timan-H\u00e4ndler? Erhalten Sie ma\u00dfgeschneiderte Neuigkeiten direkt f\u00fcr sich \u2013 melden Sie sich noch heute im H\u00e4ndlerportal an und abonnieren Sie den H\u00e4ndler-Newsletter![\/vc_column_text][vc_separator color=&#8220;custom&#8220; border_width=&#8220;2&#8243; accent_color=&#8220;#f7f7f7&#8243;]<div class=\"ult-spacer spacer-6a03c21a6aa4e\" data-id=\"6a03c21a6aa4e\" data-height=\"90\" data-height-mobile=\"60\" data-height-tab=\"90\" data-height-tab-portrait=\"60\" data-height-mobile-landscape=\"60\" style=\"clear:both;display:block;\"><\/div>[\/vc_column][\/vc_row][vc_row][vc_column][vc_basic_grid post_type=&#8220;post&#8220; max_items=&#8220;100&#8243; element_width=&#8220;3&#8243; item=&#8220;11805&#8243; css=&#8220;&#8220; grid_id=&#8220;vc_gid:1755682125133-36f88c8e-d14a-3&#8243; taxonomies=&#8220;127&#8243; el_class=&#8220;fire-rows&#8220;]<div class=\"ult-spacer spacer-6a03c21a6aa81\" data-id=\"6a03c21a6aa81\" data-height=\"90\" data-height-mobile=\"60\" data-height-tab=\"90\" data-height-tab-portrait=\"60\" data-height-mobile-landscape=\"60\" style=\"clear:both;display:block;\"><\/div>[\/vc_column][\/vc_row]<\/p>\n<\/div>","protected":false},"excerpt":{"rendered":"<p>[vc_row full_width=&#8220;stretch_row&#8220;][vc_column][vc_column_text css=&#8220;&#8220;] Aktuelle Neuigkeiten von Timan: Produkteinf\u00fchrungen, Unternehmensnachrichten und mehr. Sind Sie Timan-H\u00e4ndler? Erhalten Sie ma\u00dfgeschneiderte Neuigkeiten direkt f\u00fcr sich \u2013 melden Sie sich noch heute im H\u00e4ndlerportal an und abonnieren Sie den H\u00e4ndler-Newsletter![\/vc_column_text][vc_separator color=&#8220;custom&#8220; border_width=&#8220;2&#8243; accent_color=&#8220;#f7f7f7&#8243;][\/vc_column][\/vc_row][vc_row][vc_column][vc_basic_grid post_type=&#8220;post&#8220; max_items=&#8220;100&#8243; element_width=&#8220;3&#8243; item=&#8220;11805&#8243; css=&#8220;&#8220; grid_id=&#8220;vc_gid:1755682125133-36f88c8e-d14a-3&#8243; taxonomies=&#8220;127&#8243; el_class=&#8220;fire-rows&#8220;][\/vc_column][\/vc_row]<\/p>\n","protected":false},"author":1,"featured_media":0,"parent":0,"menu_order":9,"comment_status":"closed","ping_status":"closed","template":"","meta":{"_acf_changed":false,"footnotes":""},"categories":[],"class_list":["post-7831","page","type-page","status-publish"],"acf":[],"yoast_head":"<!-- This site is optimized with the Yoast SEO plugin v27.5 - https:\/\/yoast.com\/product\/yoast-seo-wordpress\/ -->\n<title>Nachrichten | Neuigkeiten von Timan A\/S<\/title>\n<meta name=\"robots\" content=\"index, follow, max-snippet:-1, max-image-preview:large, max-video-preview:-1\" \/>\n<link rel=\"canonical\" href=\"https:\/\/timan.dk\/de\/nachrichten\/\" \/>\n<meta property=\"og:locale\" content=\"de_DE\" \/>\n<meta property=\"og:type\" content=\"article\" \/>\n<meta property=\"og:title\" content=\"Nachrichten | Neuigkeiten von Timan A\/S\" \/>\n<meta property=\"og:description\" content=\"[vc_row full_width=&#8220;stretch_row&#8220;][vc_column][vc_column_text css=&#8220;&#8220;] Aktuelle Neuigkeiten von Timan: Produkteinf\u00fchrungen, Unternehmensnachrichten und mehr. Sind Sie Timan-H\u00e4ndler? Erhalten Sie ma\u00dfgeschneiderte Neuigkeiten direkt f\u00fcr sich \u2013 melden Sie sich noch heute im H\u00e4ndlerportal an und abonnieren Sie den H\u00e4ndler-Newsletter![\/vc_column_text][vc_separator color=&#8220;custom&#8220; border_width=&#8220;2&#8243; accent_color=&#8220;#f7f7f7&#8243;][\/vc_column][\/vc_row][vc_row][vc_column][vc_basic_grid post_type=&#8220;post&#8220; max_items=&#8220;100&#8243; element_width=&#8220;3&#8243; item=&#8220;11805&#8243; css=&#8220;&#8220; grid_id=&#8220;vc_gid:1755682125133-36f88c8e-d14a-3&#8243; taxonomies=&#8220;127&#8243; el_class=&#8220;fire-rows&#8220;][\/vc_column][\/vc_row]\" \/>\n<meta property=\"og:url\" content=\"https:\/\/timan.dk\/de\/nachrichten\/\" \/>\n<meta property=\"og:site_name\" content=\"Timan A\/S\" \/>\n<meta property=\"article:modified_time\" content=\"2025-08-20T09:30:27+00:00\" \/>\n<meta name=\"twitter:card\" content=\"summary_large_image\" \/>\n<meta name=\"twitter:label1\" content=\"Gesch\u00e4tzte Lesezeit\" \/>\n\t<meta name=\"twitter:data1\" content=\"1\u00a0Minute\" \/>\n<script type=\"application\/ld+json\" class=\"yoast-schema-graph\">{\"@context\":\"https:\\\/\\\/schema.org\",\"@graph\":[{\"@type\":\"WebPage\",\"@id\":\"https:\\\/\\\/timan.dk\\\/de\\\/nachrichten\\\/\",\"url\":\"https:\\\/\\\/timan.dk\\\/de\\\/nachrichten\\\/\",\"name\":\"Nachrichten | Neuigkeiten von Timan A\\\/S\",\"isPartOf\":{\"@id\":\"https:\\\/\\\/timan.dk\\\/#website\"},\"datePublished\":\"2023-08-03T10:39:02+00:00\",\"dateModified\":\"2025-08-20T09:30:27+00:00\",\"breadcrumb\":{\"@id\":\"https:\\\/\\\/timan.dk\\\/de\\\/nachrichten\\\/#breadcrumb\"},\"inLanguage\":\"de\",\"potentialAction\":[{\"@type\":\"ReadAction\",\"target\":[\"https:\\\/\\\/timan.dk\\\/de\\\/nachrichten\\\/\"]}]},{\"@type\":\"BreadcrumbList\",\"@id\":\"https:\\\/\\\/timan.dk\\\/de\\\/nachrichten\\\/#breadcrumb\",\"itemListElement\":[{\"@type\":\"ListItem\",\"position\":1,\"name\":\"Hjem\",\"item\":\"https:\\\/\\\/timan.dk\\\/de\\\/\"},{\"@type\":\"ListItem\",\"position\":2,\"name\":\"Nachrichten\"}]},{\"@type\":\"WebSite\",\"@id\":\"https:\\\/\\\/timan.dk\\\/#website\",\"url\":\"https:\\\/\\\/timan.dk\\\/\",\"name\":\"Timan A\\\/S\",\"description\":\"Kehrmaschinen mit Auffangbeh\u00e4lter, B\u00f6schungsm\u00e4her, ferngesteuerte Schlegelm\u00e4her in D\u00e4nemark\",\"publisher\":{\"@id\":\"https:\\\/\\\/timan.dk\\\/#organization\"},\"potentialAction\":[{\"@type\":\"SearchAction\",\"target\":{\"@type\":\"EntryPoint\",\"urlTemplate\":\"https:\\\/\\\/timan.dk\\\/?s={search_term_string}\"},\"query-input\":{\"@type\":\"PropertyValueSpecification\",\"valueRequired\":true,\"valueName\":\"search_term_string\"}}],\"inLanguage\":\"de\"},{\"@type\":\"Organization\",\"@id\":\"https:\\\/\\\/timan.dk\\\/#organization\",\"name\":\"Timan A\\\/S\",\"url\":\"https:\\\/\\\/timan.dk\\\/\",\"logo\":{\"@type\":\"ImageObject\",\"inLanguage\":\"de\",\"@id\":\"https:\\\/\\\/timan.dk\\\/#\\\/schema\\\/logo\\\/image\\\/\",\"url\":\"https:\\\/\\\/timan.dk\\\/wp-content\\\/uploads\\\/2023\\\/08\\\/logo-timan-cut.png\",\"contentUrl\":\"https:\\\/\\\/timan.dk\\\/wp-content\\\/uploads\\\/2023\\\/08\\\/logo-timan-cut.png\",\"width\":2048,\"height\":599,\"caption\":\"Timan A\\\/S\"},\"image\":{\"@id\":\"https:\\\/\\\/timan.dk\\\/#\\\/schema\\\/logo\\\/image\\\/\"}}]}<\/script>\n<!-- \/ Yoast SEO plugin. -->","yoast_head_json":{"title":"Nachrichten | Neuigkeiten von Timan A\/S","robots":{"index":"index","follow":"follow","max-snippet":"max-snippet:-1","max-image-preview":"max-image-preview:large","max-video-preview":"max-video-preview:-1"},"canonical":"https:\/\/timan.dk\/de\/nachrichten\/","og_locale":"de_DE","og_type":"article","og_title":"Nachrichten | Neuigkeiten von Timan A\/S","og_description":"[vc_row full_width=&#8220;stretch_row&#8220;][vc_column][vc_column_text css=&#8220;&#8220;] Aktuelle Neuigkeiten von Timan: Produkteinf\u00fchrungen, Unternehmensnachrichten und mehr. Sind Sie Timan-H\u00e4ndler? Erhalten Sie ma\u00dfgeschneiderte Neuigkeiten direkt f\u00fcr sich \u2013 melden Sie sich noch heute im H\u00e4ndlerportal an und abonnieren Sie den H\u00e4ndler-Newsletter![\/vc_column_text][vc_separator color=&#8220;custom&#8220; border_width=&#8220;2&#8243; accent_color=&#8220;#f7f7f7&#8243;][\/vc_column][\/vc_row][vc_row][vc_column][vc_basic_grid post_type=&#8220;post&#8220; max_items=&#8220;100&#8243; element_width=&#8220;3&#8243; item=&#8220;11805&#8243; css=&#8220;&#8220; grid_id=&#8220;vc_gid:1755682125133-36f88c8e-d14a-3&#8243; taxonomies=&#8220;127&#8243; el_class=&#8220;fire-rows&#8220;][\/vc_column][\/vc_row]","og_url":"https:\/\/timan.dk\/de\/nachrichten\/","og_site_name":"Timan A\/S","article_modified_time":"2025-08-20T09:30:27+00:00","twitter_card":"summary_large_image","twitter_misc":{"Gesch\u00e4tzte Lesezeit":"1\u00a0Minute"},"schema":{"@context":"https:\/\/schema.org","@graph":[{"@type":"WebPage","@id":"https:\/\/timan.dk\/de\/nachrichten\/","url":"https:\/\/timan.dk\/de\/nachrichten\/","name":"Nachrichten | Neuigkeiten von Timan A\/S","isPartOf":{"@id":"https:\/\/timan.dk\/#website"},"datePublished":"2023-08-03T10:39:02+00:00","dateModified":"2025-08-20T09:30:27+00:00","breadcrumb":{"@id":"https:\/\/timan.dk\/de\/nachrichten\/#breadcrumb"},"inLanguage":"de","potentialAction":[{"@type":"ReadAction","target":["https:\/\/timan.dk\/de\/nachrichten\/"]}]},{"@type":"BreadcrumbList","@id":"https:\/\/timan.dk\/de\/nachrichten\/#breadcrumb","itemListElement":[{"@type":"ListItem","position":1,"name":"Hjem","item":"https:\/\/timan.dk\/de\/"},{"@type":"ListItem","position":2,"name":"Nachrichten"}]},{"@type":"WebSite","@id":"https:\/\/timan.dk\/#website","url":"https:\/\/timan.dk\/","name":"Timan A\/S","description":"Kehrmaschinen mit Auffangbeh\u00e4lter, B\u00f6schungsm\u00e4her, ferngesteuerte Schlegelm\u00e4her in D\u00e4nemark","publisher":{"@id":"https:\/\/timan.dk\/#organization"},"potentialAction":[{"@type":"SearchAction","target":{"@type":"EntryPoint","urlTemplate":"https:\/\/timan.dk\/?s={search_term_string}"},"query-input":{"@type":"PropertyValueSpecification","valueRequired":true,"valueName":"search_term_string"}}],"inLanguage":"de"},{"@type":"Organization","@id":"https:\/\/timan.dk\/#organization","name":"Timan A\/S","url":"https:\/\/timan.dk\/","logo":{"@type":"ImageObject","inLanguage":"de","@id":"https:\/\/timan.dk\/#\/schema\/logo\/image\/","url":"https:\/\/timan.dk\/wp-content\/uploads\/2023\/08\/logo-timan-cut.png","contentUrl":"https:\/\/timan.dk\/wp-content\/uploads\/2023\/08\/logo-timan-cut.png","width":2048,"height":599,"caption":"Timan A\/S"},"image":{"@id":"https:\/\/timan.dk\/#\/schema\/logo\/image\/"}}]}},"_links":{"self":[{"href":"https:\/\/timan.dk\/de\/wp-json\/wp\/v2\/pages\/7831","targetHints":{"allow":["GET"]}}],"collection":[{"href":"https:\/\/timan.dk\/de\/wp-json\/wp\/v2\/pages"}],"about":[{"href":"https:\/\/timan.dk\/de\/wp-json\/wp\/v2\/types\/page"}],"author":[{"embeddable":true,"href":"https:\/\/timan.dk\/de\/wp-json\/wp\/v2\/users\/1"}],"replies":[{"embeddable":true,"href":"https:\/\/timan.dk\/de\/wp-json\/wp\/v2\/comments?post=7831"}],"version-history":[{"count":32,"href":"https:\/\/timan.dk\/de\/wp-json\/wp\/v2\/pages\/7831\/revisions"}],"predecessor-version":[{"id":14040,"href":"https:\/\/timan.dk\/de\/wp-json\/wp\/v2\/pages\/7831\/revisions\/14040"}],"wp:attachment":[{"href":"https:\/\/timan.dk\/de\/wp-json\/wp\/v2\/media?parent=7831"}],"wp:term":[{"taxonomy":"category","embeddable":true,"href":"https:\/\/timan.dk\/de\/wp-json\/wp\/v2\/categories?post=7831"}],"curies":[{"name":"wp","href":"https:\/\/api.w.org\/{rel}","templated":true}]}}