{"id":7834,"date":"2023-08-03T12:39:02","date_gmt":"2023-08-03T10:39:02","guid":{"rendered":"https:\/\/timan.dk\/events\/"},"modified":"2026-03-02T09:13:37","modified_gmt":"2026-03-02T08:13:37","slug":"events-2","status":"publish","type":"page","link":"https:\/\/timan.dk\/de\/events-2\/","title":{"rendered":"Events"},"content":{"rendered":"<div class=\"wpb-content-wrapper\"><p>[vc_row full_width=&#8220;stretch_row&#8220;][vc_column]<div class=\"ult-spacer spacer-6a03b68c1d6bf\" data-id=\"6a03b68c1d6bf\" data-height=\"90\" data-height-mobile=\"60\" data-height-tab=\"90\" data-height-tab-portrait=\"60\" data-height-mobile-landscape=\"60\" style=\"clear:both;display:block;\"><\/div>[vc_column_text]<\/p>\n<h2>Veranstaltungskalender<\/h2>\n<p>[\/vc_column_text][vc_empty_space height=&#8220;30px&#8220;][vc_separator color=&#8220;custom&#8220; border_width=&#8220;2&#8243; accent_color=&#8220;#f7f7f7&#8243;][vc_empty_space height=&#8220;30px&#8220;][vc_row_inner][vc_column_inner offset=&#8220;vc_col-lg-8 vc_col-md-8 vc_col-xs-12&#8243;][vc_column_text]<\/p>\n<h3>\u200bTreffen Sie Timan auf Ausstellungen und Veranstaltungen<\/h3>\n<p>Timan nimmt das ganze Jahr \u00fcber an einer Reihe von Messen und Ausstellungen teil, auf denen Sie die M\u00f6glichkeit haben, unsere Maschinen aus n\u00e4chster N\u00e4he zu erleben und einen professionellen Dialog mit unseren Spezialisten zu f\u00fchren. Wenn Sie keine Messe in Ihrer N\u00e4he finden, wenden Sie sich an den n\u00e4chstgelegenen H\u00e4ndler.<\/p>\n<p>Hier k\u00f6nnen Sie sehen, wo Sie uns das n\u00e4chste Mal finden k\u00f6nnen.<\/p>\n<p>F\u00fcr regelm\u00e4\u00dfige Updates von unseren Messen und Ausstellungen, k\u00f6nnen Sie uns auch auf <a href=\"https:\/\/www.facebook.com\/ToolTrac?fref=ts\" target=\"_blank\" rel=\"noopener\">Facebook<\/a>\u00a0 folgen.<\/p>\n<p>Wir freuen uns darauf, Sie begr\u00fc\u00dfen zu d\u00fcrfen!<\/p>\n<p>Um eine Vorf\u00fchrung einer Timan-Maschine zu buchen, wenden Sie sich bitte hier an den n\u00e4chstgelegenen <a href=\"https:\/\/timan.dk\/de\/haendler\/\">H\u00e4ndler<\/a>.<\/p>\n<p>[\/vc_column_text][vc_empty_space height=&#8220;30px&#8220;][vc_column_text css=&#8220;.vc_custom_1691141148535{background-color: #f7f7f7 !important;}&#8220;]<\/p>\n<blockquote><p>F\u00fcr jede Maschine der Marke Timan sind d\u00e4nische Qualit\u00e4t und handwerkliche Ausf\u00fchrung typisch.<\/p><\/blockquote>\n<p>[\/vc_column_text]<div class=\"ult-spacer spacer-6a03b68c1d704\" data-id=\"6a03b68c1d704\" data-height=\"0\" data-height-mobile=\"30\" data-height-tab=\"0\" data-height-tab-portrait=\"30\" data-height-mobile-landscape=\"30\" style=\"clear:both;display:block;\"><\/div>[\/vc_column_inner][vc_column_inner offset=&#8220;vc_col-lg-4 vc_col-md-4 vc_col-xs-12&#8243;][vc_btn title=&#8220;Siehe H\u00e4ndler&#8220; style=&#8220;custom&#8220; custom_background=&#8220;#fc5623&#8243; custom_text=&#8220;#ffffff&#8220; shape=&#8220;square&#8220; align=&#8220;left&#8220; button_block=&#8220;true&#8220; link=&#8220;url:https%3A%2F%2Ftiman.dk%2Fforhandlere%2F|title:H%C3%A4ndler|&#8220;][vc_empty_space height=&#8220;5px&#8220;][vc_btn title=&#8220;Ersatzteile bestellen&#8220; style=&#8220;custom&#8220; custom_background=&#8220;#fc5623&#8243; custom_text=&#8220;#ffffff&#8220; shape=&#8220;square&#8220; align=&#8220;left&#8220; button_block=&#8220;true&#8220; link=&#8220;url:https%3A%2F%2Fcloud.interactivespares.com%2Ftiman%2Fcategorie%2F1000%2B-%2BTool-Trac|title:Ersatzteile|target:_blank&#8220;][\/vc_column_inner][\/vc_row_inner]<div class=\"ult-spacer spacer-6a03b68c1d72e\" data-id=\"6a03b68c1d72e\" data-height=\"90\" data-height-mobile=\"60\" data-height-tab=\"90\" data-height-tab-portrait=\"60\" data-height-mobile-landscape=\"60\" style=\"clear:both;display:block;\"><\/div>[vc_row_inner][vc_column_inner][vc_column_text css=&#8220;&#8220;]<\/p>\n<h3>Ausstellungen 2026<\/h3>\n<p>[\/vc_column_text][vc_empty_space height=&#8220;30px&#8220;][vc_toggle title=&#8220;Landwirtschaftsausstellung &#8220; style=&#8220;square&#8220; color=&#8220;black&#8220; css=&#8220;&#8220;]<strong>Datum<\/strong><br \/>\n9. april &#8211; 12. april<\/p>\n<p><b>Leipzig<\/b><\/p>\n<p>Timan stellt in Zusammenarbeit mit Kobatec (Halle 2) aus<\/p>\n<p><strong>Website<\/strong><br \/>\n<a href=\"https:\/\/www.agra-messe.de\/\" target=\"_blank\" rel=\"noopener\">www.agra-messe.de<\/a>[\/vc_toggle][vc_empty_space height=&#8220;10px&#8220;][vc_toggle title=&#8220;Maskiner Under Broen&#8220; style=&#8220;square&#8220; color=&#8220;black&#8220; css=&#8220;&#8220;]<strong>Datum<\/strong><br \/>\n26. august &#8211; 27. august 2026<\/p>\n<p><strong>Standort<\/strong><br \/>\nGl. Strandvej 113,<br \/>\n5500 Middelfart<\/p>\n<p><strong>Website<\/strong><br \/>\n<a href=\"https:\/\/maskinerunderbroen.dk\/\" target=\"_blank\" rel=\"noopener\">www.maskinerunderbroen.dk<\/a>[\/vc_toggle][vc_empty_space height=&#8220;10px&#8220;][vc_toggle title=&#8220;GaLaBau&#8220; style=&#8220;square&#8220; color=&#8220;black&#8220; css=&#8220;&#8220;]<strong>Datum<\/strong><br \/>\n15. September &#8211; 18. September 2026<\/p>\n<p><strong>Standort<\/strong><br \/>\nDeutschland<\/p>\n<p><strong>Website<\/strong><br \/>\n<a href=\"https:\/\/www.galabau-messe.com\" target=\"_blank\" rel=\"noopener\">www.galabau-messe.com<\/a>[\/vc_toggle][vc_empty_space height=&#8220;10px&#8220;][\/vc_column_inner][\/vc_row_inner]<div class=\"ult-spacer spacer-6a03b68c1d74f\" data-id=\"6a03b68c1d74f\" data-height=\"90\" data-height-mobile=\"60\" data-height-tab=\"90\" data-height-tab-portrait=\"60\" data-height-mobile-landscape=\"60\" style=\"clear:both;display:block;\"><\/div>[vc_media_grid grid_id=&#8220;vc_gid:1772439101845-770d4f24-3283-2&#8243; include=&#8220;11557,11581,11601,11597,11605,11593,11589,11585,11573,11561,11577,11569,11565&#8243;][\/vc_column][\/vc_row][vc_row full_width=&#8220;stretch_row&#8220; bg_type=&#8220;bg_color&#8220; seperator_enable=&#8220;seperator_enable_value&#8220; seperator_type=&#8220;xlarge_triangle_left_seperator&#8220; seperator_svg_height=&#8220;60&#8243; seperator_shape_background=&#8220;#ffffff&#8220; height=&#8220;90&#8243; height_on_tabs=&#8220;90&#8243; height_on_tabs_portrait=&#8220;60&#8243; height_on_mob_landscape=&#8220;60&#8243; height_on_mob=&#8220;60&#8243; bg_color_value=&#8220;#ece8e1&#8243;][vc_column]<div class=\"ult-spacer spacer-6a03b68c1d76f\" data-id=\"6a03b68c1d76f\" data-height=\"90\" data-height-mobile=\"60\" data-height-tab=\"90\" data-height-tab-portrait=\"60\" data-height-mobile-landscape=\"60\" style=\"clear:both;display:block;\"><\/div>[\/vc_column][\/vc_row][vc_row full_width=&#8220;stretch_row&#8220; el_class=&#8220;overlay white cta parallax&#8220; css=&#8220;.vc_custom_1691133202809{background-image: url(https:\/\/timan.dk\/wp-content\/uploads\/2023\/08\/16966-116.jpg?id=5540) !important;background-position: center !important;background-repeat: no-repeat !important;background-size: cover !important;}&#8220;][vc_column]<div class=\"ult-spacer spacer-6a03b68c1d78c\" data-id=\"6a03b68c1d78c\" data-height=\"90\" data-height-mobile=\"60\" data-height-tab=\"90\" data-height-tab-portrait=\"60\" data-height-mobile-landscape=\"60\" style=\"clear:both;display:block;\"><\/div>[vc_row_inner][vc_column_inner width=&#8220;1\/4&#8243;][\/vc_column_inner][vc_column_inner width=&#8220;1\/2&#8243;][vc_column_text]<\/p>\n<h6 style=\"text-align: center;\">Haben Sie nicht gefunden, was Sie brauchten?<\/h6>\n<h3 style=\"text-align: center;\">Kontaktieren Sie uns noch heute<\/h3>\n<p style=\"text-align: center;\">Wenn Sie die von Ihnen ben\u00f6tigte L\u00f6sung nicht gefunden haben, kontaktieren Sie uns bitte unter <a href=\"tel:004597330360\">(+45) 97 33 03 60<\/a> oder Senden Sie eine E-Mail an <a href=\"mailto:info@timan.dk\">info@timan.dk<\/a>, wo wir Ihnen gerne weiterhelfen.<\/p>\n<p style=\"text-align: center;\">Wir freuen uns auf Ihre Kontaktaufnahme.<\/p>\n<p>[\/vc_column_text][vc_empty_space height=&#8220;30px&#8220;][vc_btn title=&#8220;Kontaktieren Sie uns&#8220; style=&#8220;custom&#8220; custom_background=&#8220;#fc5623&#8243; custom_text=&#8220;#ffffff&#8220; shape=&#8220;square&#8220; align=&#8220;center&#8220; link=&#8220;url:https%3A%2F%2Ftiman.dk%2Fde%2Fkontakt%2F|title:Kontakt|&#8220;][\/vc_column_inner][vc_column_inner width=&#8220;1\/4&#8243;][\/vc_column_inner][\/vc_row_inner]<div class=\"ult-spacer spacer-6a03b68c1d7a7\" data-id=\"6a03b68c1d7a7\" data-height=\"90\" data-height-mobile=\"60\" data-height-tab=\"90\" data-height-tab-portrait=\"60\" data-height-mobile-landscape=\"60\" style=\"clear:both;display:block;\"><\/div>[\/vc_column][\/vc_row]<\/p>\n<\/div>","protected":false},"excerpt":{"rendered":"<p>[vc_row full_width=&#8220;stretch_row&#8220;][vc_column][vc_column_text] Veranstaltungskalender [\/vc_column_text][vc_empty_space height=&#8220;30px&#8220;][vc_separator color=&#8220;custom&#8220; border_width=&#8220;2&#8243; accent_color=&#8220;#f7f7f7&#8243;][vc_empty_space height=&#8220;30px&#8220;][vc_row_inner][vc_column_inner offset=&#8220;vc_col-lg-8 vc_col-md-8 vc_col-xs-12&#8243;][vc_column_text] \u200bTreffen Sie Timan auf Ausstellungen und Veranstaltungen Timan nimmt das ganze Jahr \u00fcber an einer Reihe von Messen und Ausstellungen teil, auf denen Sie die M\u00f6glichkeit haben, unsere Maschinen aus n\u00e4chster N\u00e4he zu erleben und einen professionellen Dialog mit unseren Spezialisten zu f\u00fchren. &#8230; <a title=\"Events\" class=\"read-more\" href=\"https:\/\/timan.dk\/de\/events-2\/\" aria-label=\"Mehr Informationen \u00fcber Events\">Weiterlesen &#8230;<\/a><\/p>\n","protected":false},"author":1,"featured_media":0,"parent":0,"menu_order":10,"comment_status":"closed","ping_status":"closed","template":"","meta":{"_acf_changed":false,"footnotes":""},"categories":[],"class_list":["post-7834","page","type-page","status-publish"],"acf":[],"yoast_head":"<!-- This site is optimized with the Yoast SEO plugin v27.5 - https:\/\/yoast.com\/product\/yoast-seo-wordpress\/ -->\n<title>Veranstaltung | Treffen Sie mit uns auf Ausstellung | Timan<\/title>\n<meta name=\"description\" content=\"Wir nehmen das ganze Jahre auf mehr Ausstellungen wo Sie unsere Maschinen im wirklich erleben k\u00f6nnen. Schau mal hier oder auf unsere Social Medien\" \/>\n<meta name=\"robots\" content=\"index, follow, max-snippet:-1, max-image-preview:large, max-video-preview:-1\" \/>\n<link rel=\"canonical\" href=\"https:\/\/timan.dk\/de\/events-2\/\" \/>\n<meta property=\"og:locale\" content=\"de_DE\" \/>\n<meta property=\"og:type\" content=\"article\" \/>\n<meta property=\"og:title\" content=\"Veranstaltung | Treffen Sie mit uns auf Ausstellung | Timan\" \/>\n<meta property=\"og:description\" content=\"Wir nehmen das ganze Jahre auf mehr Ausstellungen wo Sie unsere Maschinen im wirklich erleben k\u00f6nnen. Schau mal hier oder auf unsere Social Medien\" \/>\n<meta property=\"og:url\" content=\"https:\/\/timan.dk\/de\/events-2\/\" \/>\n<meta property=\"og:site_name\" content=\"Timan A\/S\" \/>\n<meta property=\"article:modified_time\" content=\"2026-03-02T08:13:37+00:00\" \/>\n<meta name=\"twitter:card\" content=\"summary_large_image\" \/>\n<meta name=\"twitter:label1\" content=\"Gesch\u00e4tzte Lesezeit\" \/>\n\t<meta name=\"twitter:data1\" content=\"4\u00a0Minuten\" \/>\n<script type=\"application\/ld+json\" class=\"yoast-schema-graph\">{\"@context\":\"https:\\\/\\\/schema.org\",\"@graph\":[{\"@type\":\"WebPage\",\"@id\":\"https:\\\/\\\/timan.dk\\\/de\\\/events-2\\\/\",\"url\":\"https:\\\/\\\/timan.dk\\\/de\\\/events-2\\\/\",\"name\":\"Veranstaltung | Treffen Sie mit uns auf Ausstellung | Timan\",\"isPartOf\":{\"@id\":\"https:\\\/\\\/timan.dk\\\/#website\"},\"datePublished\":\"2023-08-03T10:39:02+00:00\",\"dateModified\":\"2026-03-02T08:13:37+00:00\",\"description\":\"Wir nehmen das ganze Jahre auf mehr Ausstellungen wo Sie unsere Maschinen im wirklich erleben k\u00f6nnen. Schau mal hier oder auf unsere Social Medien\",\"breadcrumb\":{\"@id\":\"https:\\\/\\\/timan.dk\\\/de\\\/events-2\\\/#breadcrumb\"},\"inLanguage\":\"de\",\"potentialAction\":[{\"@type\":\"ReadAction\",\"target\":[\"https:\\\/\\\/timan.dk\\\/de\\\/events-2\\\/\"]}]},{\"@type\":\"BreadcrumbList\",\"@id\":\"https:\\\/\\\/timan.dk\\\/de\\\/events-2\\\/#breadcrumb\",\"itemListElement\":[{\"@type\":\"ListItem\",\"position\":1,\"name\":\"Hjem\",\"item\":\"https:\\\/\\\/timan.dk\\\/de\\\/\"},{\"@type\":\"ListItem\",\"position\":2,\"name\":\"Events\"}]},{\"@type\":\"WebSite\",\"@id\":\"https:\\\/\\\/timan.dk\\\/#website\",\"url\":\"https:\\\/\\\/timan.dk\\\/\",\"name\":\"Timan A\\\/S\",\"description\":\"Kehrmaschinen mit Auffangbeh\u00e4lter, B\u00f6schungsm\u00e4her, ferngesteuerte Schlegelm\u00e4her in D\u00e4nemark\",\"publisher\":{\"@id\":\"https:\\\/\\\/timan.dk\\\/#organization\"},\"potentialAction\":[{\"@type\":\"SearchAction\",\"target\":{\"@type\":\"EntryPoint\",\"urlTemplate\":\"https:\\\/\\\/timan.dk\\\/?s={search_term_string}\"},\"query-input\":{\"@type\":\"PropertyValueSpecification\",\"valueRequired\":true,\"valueName\":\"search_term_string\"}}],\"inLanguage\":\"de\"},{\"@type\":\"Organization\",\"@id\":\"https:\\\/\\\/timan.dk\\\/#organization\",\"name\":\"Timan A\\\/S\",\"url\":\"https:\\\/\\\/timan.dk\\\/\",\"logo\":{\"@type\":\"ImageObject\",\"inLanguage\":\"de\",\"@id\":\"https:\\\/\\\/timan.dk\\\/#\\\/schema\\\/logo\\\/image\\\/\",\"url\":\"https:\\\/\\\/timan.dk\\\/wp-content\\\/uploads\\\/2023\\\/08\\\/logo-timan-cut.png\",\"contentUrl\":\"https:\\\/\\\/timan.dk\\\/wp-content\\\/uploads\\\/2023\\\/08\\\/logo-timan-cut.png\",\"width\":2048,\"height\":599,\"caption\":\"Timan A\\\/S\"},\"image\":{\"@id\":\"https:\\\/\\\/timan.dk\\\/#\\\/schema\\\/logo\\\/image\\\/\"}}]}<\/script>\n<!-- \/ Yoast SEO plugin. -->","yoast_head_json":{"title":"Veranstaltung | Treffen Sie mit uns auf Ausstellung | Timan","description":"Wir nehmen das ganze Jahre auf mehr Ausstellungen wo Sie unsere Maschinen im wirklich erleben k\u00f6nnen. Schau mal hier oder auf unsere Social Medien","robots":{"index":"index","follow":"follow","max-snippet":"max-snippet:-1","max-image-preview":"max-image-preview:large","max-video-preview":"max-video-preview:-1"},"canonical":"https:\/\/timan.dk\/de\/events-2\/","og_locale":"de_DE","og_type":"article","og_title":"Veranstaltung | Treffen Sie mit uns auf Ausstellung | Timan","og_description":"Wir nehmen das ganze Jahre auf mehr Ausstellungen wo Sie unsere Maschinen im wirklich erleben k\u00f6nnen. Schau mal hier oder auf unsere Social Medien","og_url":"https:\/\/timan.dk\/de\/events-2\/","og_site_name":"Timan A\/S","article_modified_time":"2026-03-02T08:13:37+00:00","twitter_card":"summary_large_image","twitter_misc":{"Gesch\u00e4tzte Lesezeit":"4\u00a0Minuten"},"schema":{"@context":"https:\/\/schema.org","@graph":[{"@type":"WebPage","@id":"https:\/\/timan.dk\/de\/events-2\/","url":"https:\/\/timan.dk\/de\/events-2\/","name":"Veranstaltung | Treffen Sie mit uns auf Ausstellung | Timan","isPartOf":{"@id":"https:\/\/timan.dk\/#website"},"datePublished":"2023-08-03T10:39:02+00:00","dateModified":"2026-03-02T08:13:37+00:00","description":"Wir nehmen das ganze Jahre auf mehr Ausstellungen wo Sie unsere Maschinen im wirklich erleben k\u00f6nnen. Schau mal hier oder auf unsere Social Medien","breadcrumb":{"@id":"https:\/\/timan.dk\/de\/events-2\/#breadcrumb"},"inLanguage":"de","potentialAction":[{"@type":"ReadAction","target":["https:\/\/timan.dk\/de\/events-2\/"]}]},{"@type":"BreadcrumbList","@id":"https:\/\/timan.dk\/de\/events-2\/#breadcrumb","itemListElement":[{"@type":"ListItem","position":1,"name":"Hjem","item":"https:\/\/timan.dk\/de\/"},{"@type":"ListItem","position":2,"name":"Events"}]},{"@type":"WebSite","@id":"https:\/\/timan.dk\/#website","url":"https:\/\/timan.dk\/","name":"Timan A\/S","description":"Kehrmaschinen mit Auffangbeh\u00e4lter, B\u00f6schungsm\u00e4her, ferngesteuerte Schlegelm\u00e4her in D\u00e4nemark","publisher":{"@id":"https:\/\/timan.dk\/#organization"},"potentialAction":[{"@type":"SearchAction","target":{"@type":"EntryPoint","urlTemplate":"https:\/\/timan.dk\/?s={search_term_string}"},"query-input":{"@type":"PropertyValueSpecification","valueRequired":true,"valueName":"search_term_string"}}],"inLanguage":"de"},{"@type":"Organization","@id":"https:\/\/timan.dk\/#organization","name":"Timan A\/S","url":"https:\/\/timan.dk\/","logo":{"@type":"ImageObject","inLanguage":"de","@id":"https:\/\/timan.dk\/#\/schema\/logo\/image\/","url":"https:\/\/timan.dk\/wp-content\/uploads\/2023\/08\/logo-timan-cut.png","contentUrl":"https:\/\/timan.dk\/wp-content\/uploads\/2023\/08\/logo-timan-cut.png","width":2048,"height":599,"caption":"Timan A\/S"},"image":{"@id":"https:\/\/timan.dk\/#\/schema\/logo\/image\/"}}]}},"_links":{"self":[{"href":"https:\/\/timan.dk\/de\/wp-json\/wp\/v2\/pages\/7834","targetHints":{"allow":["GET"]}}],"collection":[{"href":"https:\/\/timan.dk\/de\/wp-json\/wp\/v2\/pages"}],"about":[{"href":"https:\/\/timan.dk\/de\/wp-json\/wp\/v2\/types\/page"}],"author":[{"embeddable":true,"href":"https:\/\/timan.dk\/de\/wp-json\/wp\/v2\/users\/1"}],"replies":[{"embeddable":true,"href":"https:\/\/timan.dk\/de\/wp-json\/wp\/v2\/comments?post=7834"}],"version-history":[{"count":41,"href":"https:\/\/timan.dk\/de\/wp-json\/wp\/v2\/pages\/7834\/revisions"}],"predecessor-version":[{"id":15283,"href":"https:\/\/timan.dk\/de\/wp-json\/wp\/v2\/pages\/7834\/revisions\/15283"}],"wp:attachment":[{"href":"https:\/\/timan.dk\/de\/wp-json\/wp\/v2\/media?parent=7834"}],"wp:term":[{"taxonomy":"category","embeddable":true,"href":"https:\/\/timan.dk\/de\/wp-json\/wp\/v2\/categories?post=7834"}],"curies":[{"name":"wp","href":"https:\/\/api.w.org\/{rel}","templated":true}]}}