{"id":7844,"date":"2023-09-14T07:32:16","date_gmt":"2023-09-14T05:32:16","guid":{"rendered":"https:\/\/timan.dk\/maschinen\/werkzeugtraeger\/"},"modified":"2025-11-04T08:22:37","modified_gmt":"2025-11-04T07:22:37","slug":"geraetetraeger","status":"publish","type":"page","link":"https:\/\/timan.dk\/de\/maschinen\/geraetetraeger\/","title":{"rendered":"Ger\u00e4tetr\u00e4ger"},"content":{"rendered":"<div class=\"wpb-content-wrapper\"><p>[vc_row full_width=&#8220;stretch_row&#8220;][vc_column]<div class=\"ult-spacer spacer-6a03b854094eb\" data-id=\"6a03b854094eb\" data-height=\"90\" data-height-mobile=\"60\" data-height-tab=\"90\" data-height-tab-portrait=\"60\" data-height-mobile-landscape=\"60\" style=\"clear:both;display:block;\"><\/div>[vc_column_text]<\/p>\n<h2>Ger\u00e4tetr\u00e4ger<\/h2>\n<p>[\/vc_column_text][vc_empty_space height=&#8220;30px&#8220;][vc_separator color=&#8220;custom&#8220; border_width=&#8220;2&#8243; accent_color=&#8220;#f7f7f7&#8243;][vc_empty_space height=&#8220;30px&#8220;][vc_row_inner][vc_column_inner offset=&#8220;vc_col-lg-8 vc_col-md-8 vc_col-xs-12&#8243;][vc_column_text]Seit 2004 hat sich Timan auf die Herstellung von Ger\u00e4tetr\u00e4gern spezialisiert, die sowohl die Arbeitszufriedenheit als auch die Effizienz verbessern. Hinter jedem Ger\u00e4tetr\u00e4ger von Timan steht ein tiefes Verst\u00e4ndnis f\u00fcr Ihre Arbeitsbedingungen und -bed\u00fcrfnisse, kombiniert mit d\u00e4nischer Qualit\u00e4t und Verarbeitung in allen Bereichen, vom Design \u00fcber die Produktion bis hin zum Service.<br \/>\nF\u00fcr jede Aufgabe &#8211; vom Rasenm\u00e4hen und Schneer\u00e4umen bis zur Unkrautbek\u00e4mpfung und Stra\u00dfenreinigung &#8211; haben wir einen Ger\u00e4tetr\u00e4ger, der Ihren Anforderungen entspricht. [\/vc_column_text][vc_empty_space height=&#8220;30px&#8220;][vc_column_text]<\/p>\n<h3>Ger\u00e4tetr\u00e4ger f\u00fcr alle Aufgaben<\/h3>\n<p>Das Konzept hinter den Ger\u00e4tetr\u00e4gern von Timan ist einfach: Sie haben eine Basismaschine \/ einen Ger\u00e4tetr\u00e4ger, der durch den Austausch von Anbauger\u00e4ten f\u00fcr verschiedene Aufgaben angepasst werden kann. So k\u00f6nnen Sie mit ein und demselben Ger\u00e4tetr\u00e4ger Schnee r\u00e4umen, Gras m\u00e4hen und viele andere Wartungsarbeiten durchf\u00fchren. Schlie\u00dfen Sie einfach das ben\u00f6tigte Anbauger\u00e4t an.<\/p>\n<h3>Ger\u00e4tetr\u00e4ger von Timan &#8211; d\u00e4nische Qualit\u00e4t<\/h3>\n<p>Wir bei Timan haben uns auf die Entwicklung einer Reihe verschiedener Ger\u00e4tetr\u00e4ger spezialisiert, um den vielf\u00e4ltigen und komplexen Anforderungen der Industrie gerecht zu werden. In unserem Sortiment finden Sie zwei verschiedene Ger\u00e4tetr\u00e4ger.<\/p>\n<p>Wir bieten eine knickgelenkte Maschine an, die ideal f\u00fcr diejenigen sind, die die direkte Kontrolle und den Komfort einer Maschine wie eines kleineren Kompakttraktors w\u00fcnschen.<\/p>\n<p>Dar\u00fcber hinaus bieten wir auch einen ferngesteuerten Ger\u00e4tetr\u00e4ger an, der speziell f\u00fcr die Bew\u00e4ltigung von H\u00e4ngen und anderem schwierigen Gel\u00e4nde entwickelt wurde, in dem herk\u00f6mmliche Maschinen nur schwer vorankommen.[\/vc_column_text]<div class=\"ult-spacer spacer-6a03b85409539\" data-id=\"6a03b85409539\" data-height=\"0\" data-height-mobile=\"30\" data-height-tab=\"0\" data-height-tab-portrait=\"30\" data-height-mobile-landscape=\"30\" style=\"clear:both;display:block;\"><\/div>[\/vc_column_inner][vc_column_inner offset=&#8220;vc_col-lg-4 vc_col-md-4 vc_col-xs-12&#8243;][vc_btn title=&#8220;H\u00e4ndlersuche&#8220; style=&#8220;custom&#8220; custom_background=&#8220;#fc5623&#8243; custom_text=&#8220;#ffffff&#8220; shape=&#8220;square&#8220; align=&#8220;left&#8220; button_block=&#8220;true&#8220; link=&#8220;url:https%3A%2F%2Ftiman.dk%2Fde%2Fhaendler%2F|title:H%C3%A4ndler|&#8220;][vc_empty_space height=&#8220;5px&#8220;][vc_btn title=&#8220;Ersatzteile bestellen&#8220; style=&#8220;custom&#8220; custom_background=&#8220;#fc5623&#8243; custom_text=&#8220;#ffffff&#8220; shape=&#8220;square&#8220; align=&#8220;left&#8220; button_block=&#8220;true&#8220; link=&#8220;url:https%3A%2F%2Fcloud.interactivespares.com%2Ftiman%2Fcategorie%2F1000%2B-%2BTool-Trac|title:Ersatzteile|target:_blank&#8220;][vc_empty_space height=&#8220;30px&#8220;][vc_column_text css=&#8220;.vc_custom_1696573192307{padding: 30px !important;background-color: #f7f7f7 !important;}&#8220;]<\/p>\n<h4>Service f\u00fcr alle Ger\u00e4tetr\u00e4ger<\/h4>\n<p>Timan bietet den Service f\u00fcr seine Maschinen \u00fcber ein breites Netz von kompetenten H\u00e4ndlern und Servicetechnikern an. Diese Partner sind geschult, um eine gleichbleibend hohe Servicequalit\u00e4t zu gew\u00e4hrleisten, ganz gleich, wo in Europa oder in Teilen Asiens Sie sich befinden. Mit lokalen H\u00e4ndlern in mehreren L\u00e4ndern k\u00f6nnen Sie leicht den n\u00e4chstgelegenen Servicepartner finden. Service und H\u00e4ndler finden <a href=\"https:\/\/timan.dk\/de\/haendler\/\">Sie hier<\/a>.[\/vc_column_text][\/vc_column_inner][\/vc_row_inner][\/vc_column][\/vc_row][vc_row full_width=&#8220;stretch_row&#8220;][vc_column]<div class=\"ult-spacer spacer-6a03b85409565\" data-id=\"6a03b85409565\" data-height=\"90\" data-height-mobile=\"60\" data-height-tab=\"90\" data-height-tab-portrait=\"60\" data-height-mobile-landscape=\"60\" style=\"clear:both;display:block;\"><\/div>[vc_basic_grid post_type=&#8220;page&#8220; max_items=&#8220;-1&#8243; gap=&#8220;15&#8243; orderby=&#8220;title&#8220; order=&#8220;ASC&#8220; item=&#8220;487&#8243; grid_id=&#8220;vc_gid:1762240855255-f40a9348-43fa-0&#8243; taxonomies=&#8220;67&#8243;]<div class=\"ult-spacer spacer-6a03b8540958c\" data-id=\"6a03b8540958c\" data-height=\"90\" data-height-mobile=\"60\" data-height-tab=\"90\" data-height-tab-portrait=\"60\" data-height-mobile-landscape=\"60\" style=\"clear:both;display:block;\"><\/div>[vc_row_inner][vc_column_inner width=&#8220;1\/3&#8243;][vc_column_text css=&#8220;&#8220;]<\/p>\n<h4>Ferngesteuerter Ger\u00e4tetr\u00e4ger &#8211; RC-1000s: Meister der Arbeit am Hang<\/h4>\n<p>Der RC-1000s von Timan ist nicht nur ein Meister am Hang, sondern auch vielseitig, wenn es um die Auswahl der Anbauger\u00e4te geht. Sie k\u00f6nnen verschiedene Frontanbauger\u00e4te wie einen Vario R\u00e4umschild, einen Schlegelm\u00e4her, eine Stubbenfr\u00e4se und vieles mehr anbauen &#8211; allesamt daf\u00fcr ausgelegt, an H\u00e4ngen bis zu 50 Grad einwandfrei zu arbeiten.[\/vc_column_text]<div class=\"ult-spacer spacer-6a03b854095af\" data-id=\"6a03b854095af\" data-height=\"0\" data-height-mobile=\"30\" data-height-tab=\"0\" data-height-tab-portrait=\"0\" data-height-mobile-landscape=\"30\" style=\"clear:both;display:block;\"><\/div>[\/vc_column_inner][vc_column_inner width=&#8220;1\/3&#8243;][vc_column_text css=&#8220;&#8220;]<\/p>\n<h4>Ein Ger\u00e4tetr\u00e4ger f\u00fcr 4 Jahreszeiten &#8211; Timan 3330<\/h4>\n<p>Der Timan 3330 ist unsere Antwort auf ein vielseitiges Ganzjahresger\u00e4t. Mit dem Timan 3330 erhalten Sie einen zuverl\u00e4ssigen Ger\u00e4tetr\u00e4ger, der Bedienkomfort mit d\u00e4nischem Design und Qualit\u00e4t verbindet. Die Maschine kann mit verschiedenen Anbauger\u00e4ten wie zum Beispiel Vario R\u00e4umschild, Salzstreuer oder Wildkrautb\u00fcrste ausgestattet werden und ist damit ideal f\u00fcr alle vier Jahreszeiten. Der Timan 3330 ist au\u00dferdem ein umweltfreundlicher Ger\u00e4tetr\u00e4ger, der die EU-Abgasnormen der Stufe V erf\u00fcllt.[\/vc_column_text]<div class=\"ult-spacer spacer-6a03b854095d6\" data-id=\"6a03b854095d6\" data-height=\"0\" data-height-mobile=\"30\" data-height-tab=\"0\" data-height-tab-portrait=\"0\" data-height-mobile-landscape=\"30\" style=\"clear:both;display:block;\"><\/div>[\/vc_column_inner][vc_column_inner width=&#8220;1\/3&#8243;][\/vc_column_inner][\/vc_row_inner]<div class=\"ult-spacer spacer-6a03b854095f7\" data-id=\"6a03b854095f7\" data-height=\"90\" data-height-mobile=\"60\" data-height-tab=\"90\" data-height-tab-portrait=\"60\" data-height-mobile-landscape=\"60\" style=\"clear:both;display:block;\"><\/div>[\/vc_column][\/vc_row][vc_row full_width=&#8220;stretch_row&#8220; bg_type=&#8220;bg_color&#8220; seperator_enable=&#8220;seperator_enable_value&#8220; seperator_type=&#8220;xlarge_triangle_left_seperator&#8220; seperator_svg_height=&#8220;60&#8243; seperator_shape_background=&#8220;#ffffff&#8220; height=&#8220;90&#8243; height_on_tabs=&#8220;90&#8243; height_on_tabs_portrait=&#8220;60&#8243; height_on_mob_landscape=&#8220;60&#8243; height_on_mob=&#8220;60&#8243; bg_color_value=&#8220;#ece8e1&#8243;][vc_column]<div class=\"ult-spacer spacer-6a03b85409618\" data-id=\"6a03b85409618\" data-height=\"90\" data-height-mobile=\"60\" data-height-tab=\"90\" data-height-tab-portrait=\"60\" data-height-mobile-landscape=\"60\" style=\"clear:both;display:block;\"><\/div>[\/vc_column][\/vc_row][vc_row full_width=&#8220;stretch_row&#8220; el_class=&#8220;overlay white cta parallax&#8220; css=&#8220;.vc_custom_1691133202809{background-image: url(https:\/\/timan.dk\/wp-content\/uploads\/2023\/08\/16966-116.jpg?id=5540) !important;background-position: center !important;background-repeat: no-repeat !important;background-size: cover !important;}&#8220;][vc_column]<div class=\"ult-spacer spacer-6a03b85409637\" data-id=\"6a03b85409637\" data-height=\"90\" data-height-mobile=\"60\" data-height-tab=\"90\" data-height-tab-portrait=\"60\" data-height-mobile-landscape=\"60\" style=\"clear:both;display:block;\"><\/div>[vc_row_inner][vc_column_inner width=&#8220;1\/4&#8243;][\/vc_column_inner][vc_column_inner width=&#8220;1\/2&#8243;][vc_column_text]<\/p>\n<h6 style=\"text-align: center;\">Haben Sie nicht gefunden, was Sie brauchten?<\/h6>\n<h3 style=\"text-align: center;\">Kontaktieren Sie uns noch heute<\/h3>\n<p style=\"text-align: center;\">Wenn Sie die von Ihnen ben\u00f6tigte L\u00f6sung nicht gefunden haben, kontaktieren Sie uns bitte unter <a href=\"tel:004597330360\">(+45) 97 33 03 60<\/a> oder Senden Sie eine E-Mail an <a href=\"mailto:info@timan.dk\">info@timan.dk<\/a>, wo wir Ihnen gerne weiterhelfen.<\/p>\n<p style=\"text-align: center;\">Wir freuen uns auf Ihre Kontaktaufnahme.<\/p>\n<p>[\/vc_column_text][vc_empty_space height=&#8220;30px&#8220;][vc_btn title=&#8220;Kontaktieren Sie uns&#8220; style=&#8220;custom&#8220; custom_background=&#8220;#fc5623&#8243; custom_text=&#8220;#ffffff&#8220; shape=&#8220;square&#8220; align=&#8220;center&#8220; link=&#8220;url:https%3A%2F%2Ftiman.dk%2Fde%2Fkontakt%2F|title:Kontakt|&#8220;][\/vc_column_inner][vc_column_inner width=&#8220;1\/4&#8243;][\/vc_column_inner][\/vc_row_inner]<div class=\"ult-spacer spacer-6a03b85409655\" data-id=\"6a03b85409655\" data-height=\"90\" data-height-mobile=\"60\" data-height-tab=\"90\" data-height-tab-portrait=\"60\" data-height-mobile-landscape=\"60\" style=\"clear:both;display:block;\"><\/div>[\/vc_column][\/vc_row]<\/p>\n<\/div>","protected":false},"excerpt":{"rendered":"<p>[vc_row full_width=&#8220;stretch_row&#8220;][vc_column][vc_column_text] Ger\u00e4tetr\u00e4ger [\/vc_column_text][vc_empty_space height=&#8220;30px&#8220;][vc_separator color=&#8220;custom&#8220; border_width=&#8220;2&#8243; accent_color=&#8220;#f7f7f7&#8243;][vc_empty_space height=&#8220;30px&#8220;][vc_row_inner][vc_column_inner offset=&#8220;vc_col-lg-8 vc_col-md-8 vc_col-xs-12&#8243;][vc_column_text]Seit 2004 hat sich Timan auf die Herstellung von Ger\u00e4tetr\u00e4gern spezialisiert, die sowohl die Arbeitszufriedenheit als auch die Effizienz verbessern. Hinter jedem Ger\u00e4tetr\u00e4ger von Timan steht ein tiefes Verst\u00e4ndnis f\u00fcr Ihre Arbeitsbedingungen und -bed\u00fcrfnisse, kombiniert mit d\u00e4nischer Qualit\u00e4t und Verarbeitung in allen Bereichen, vom &#8230; <a title=\"Ger\u00e4tetr\u00e4ger\" class=\"read-more\" href=\"https:\/\/timan.dk\/de\/maschinen\/geraetetraeger\/\" aria-label=\"Mehr Informationen \u00fcber Ger\u00e4tetr\u00e4ger\">Weiterlesen &#8230;<\/a><\/p>\n","protected":false},"author":1,"featured_media":6363,"parent":7841,"menu_order":11,"comment_status":"closed","ping_status":"closed","template":"","meta":{"_acf_changed":false,"footnotes":""},"categories":[88],"class_list":{"0":"post-7844","1":"page","2":"type-page","3":"status-publish","4":"has-post-thumbnail","6":"category-maschinen"},"acf":[],"yoast_head":"<!-- This site is optimized with the Yoast SEO plugin v27.5 - https:\/\/yoast.com\/product\/yoast-seo-wordpress\/ -->\n<title>Ger\u00e4tetr\u00e4ger | Ferngesteuerte und mit Komfortkabine | Timan<\/title>\n<meta name=\"robots\" content=\"index, follow, max-snippet:-1, max-image-preview:large, max-video-preview:-1\" \/>\n<link rel=\"canonical\" href=\"https:\/\/timan.dk\/de\/maschinen\/geraetetraeger\/\" \/>\n<meta property=\"og:locale\" content=\"de_DE\" \/>\n<meta property=\"og:type\" content=\"article\" \/>\n<meta property=\"og:title\" content=\"Ger\u00e4tetr\u00e4ger | Ferngesteuerte und mit Komfortkabine | Timan\" \/>\n<meta property=\"og:description\" content=\"[vc_row full_width=&#8220;stretch_row&#8220;][vc_column][vc_column_text] Ger\u00e4tetr\u00e4ger [\/vc_column_text][vc_empty_space height=&#8220;30px&#8220;][vc_separator color=&#8220;custom&#8220; border_width=&#8220;2&#8243; accent_color=&#8220;#f7f7f7&#8243;][vc_empty_space height=&#8220;30px&#8220;][vc_row_inner][vc_column_inner offset=&#8220;vc_col-lg-8 vc_col-md-8 vc_col-xs-12&#8243;][vc_column_text]Seit 2004 hat sich Timan auf die Herstellung von Ger\u00e4tetr\u00e4gern spezialisiert, die sowohl die Arbeitszufriedenheit als auch die Effizienz verbessern. Hinter jedem Ger\u00e4tetr\u00e4ger von Timan steht ein tiefes Verst\u00e4ndnis f\u00fcr Ihre Arbeitsbedingungen und -bed\u00fcrfnisse, kombiniert mit d\u00e4nischer Qualit\u00e4t und Verarbeitung in allen Bereichen, vom ... Weiterlesen ...\" \/>\n<meta property=\"og:url\" content=\"https:\/\/timan.dk\/de\/maschinen\/geraetetraeger\/\" \/>\n<meta property=\"og:site_name\" content=\"Timan A\/S\" \/>\n<meta property=\"article:modified_time\" content=\"2025-11-04T07:22:37+00:00\" \/>\n<meta property=\"og:image\" content=\"https:\/\/timan.dk\/wp-content\/uploads\/2023\/08\/dji-20200424-08294900-00-15-15still002.jpg\" \/>\n\t<meta property=\"og:image:width\" content=\"1500\" \/>\n\t<meta property=\"og:image:height\" content=\"844\" \/>\n\t<meta property=\"og:image:type\" content=\"image\/jpeg\" \/>\n<meta name=\"twitter:card\" content=\"summary_large_image\" \/>\n<meta name=\"twitter:label1\" content=\"Gesch\u00e4tzte Lesezeit\" \/>\n\t<meta name=\"twitter:data1\" content=\"6\u00a0Minuten\" \/>\n<script type=\"application\/ld+json\" class=\"yoast-schema-graph\">{\"@context\":\"https:\\\/\\\/schema.org\",\"@graph\":[{\"@type\":\"WebPage\",\"@id\":\"https:\\\/\\\/timan.dk\\\/de\\\/maschinen\\\/geraetetraeger\\\/\",\"url\":\"https:\\\/\\\/timan.dk\\\/de\\\/maschinen\\\/geraetetraeger\\\/\",\"name\":\"Ger\u00e4tetr\u00e4ger | Ferngesteuerte und mit Komfortkabine | Timan\",\"isPartOf\":{\"@id\":\"https:\\\/\\\/timan.dk\\\/#website\"},\"primaryImageOfPage\":{\"@id\":\"https:\\\/\\\/timan.dk\\\/de\\\/maschinen\\\/geraetetraeger\\\/#primaryimage\"},\"image\":{\"@id\":\"https:\\\/\\\/timan.dk\\\/de\\\/maschinen\\\/geraetetraeger\\\/#primaryimage\"},\"thumbnailUrl\":\"https:\\\/\\\/timan.dk\\\/wp-content\\\/uploads\\\/2023\\\/08\\\/dji-20200424-08294900-00-15-15still002.jpg\",\"datePublished\":\"2023-09-14T05:32:16+00:00\",\"dateModified\":\"2025-11-04T07:22:37+00:00\",\"breadcrumb\":{\"@id\":\"https:\\\/\\\/timan.dk\\\/de\\\/maschinen\\\/geraetetraeger\\\/#breadcrumb\"},\"inLanguage\":\"de\",\"potentialAction\":[{\"@type\":\"ReadAction\",\"target\":[\"https:\\\/\\\/timan.dk\\\/de\\\/maschinen\\\/geraetetraeger\\\/\"]}]},{\"@type\":\"ImageObject\",\"inLanguage\":\"de\",\"@id\":\"https:\\\/\\\/timan.dk\\\/de\\\/maschinen\\\/geraetetraeger\\\/#primaryimage\",\"url\":\"https:\\\/\\\/timan.dk\\\/wp-content\\\/uploads\\\/2023\\\/08\\\/dji-20200424-08294900-00-15-15still002.jpg\",\"contentUrl\":\"https:\\\/\\\/timan.dk\\\/wp-content\\\/uploads\\\/2023\\\/08\\\/dji-20200424-08294900-00-15-15still002.jpg\",\"width\":1500,\"height\":844},{\"@type\":\"BreadcrumbList\",\"@id\":\"https:\\\/\\\/timan.dk\\\/de\\\/maschinen\\\/geraetetraeger\\\/#breadcrumb\",\"itemListElement\":[{\"@type\":\"ListItem\",\"position\":1,\"name\":\"Hjem\",\"item\":\"https:\\\/\\\/timan.dk\\\/de\\\/\"},{\"@type\":\"ListItem\",\"position\":2,\"name\":\"Maschinen\",\"item\":\"https:\\\/\\\/timan.dk\\\/de\\\/maschinen\\\/\"},{\"@type\":\"ListItem\",\"position\":3,\"name\":\"Ger\u00e4tetr\u00e4ger\"}]},{\"@type\":\"WebSite\",\"@id\":\"https:\\\/\\\/timan.dk\\\/#website\",\"url\":\"https:\\\/\\\/timan.dk\\\/\",\"name\":\"Timan A\\\/S\",\"description\":\"Kehrmaschinen mit Auffangbeh\u00e4lter, B\u00f6schungsm\u00e4her, ferngesteuerte Schlegelm\u00e4her in D\u00e4nemark\",\"publisher\":{\"@id\":\"https:\\\/\\\/timan.dk\\\/#organization\"},\"potentialAction\":[{\"@type\":\"SearchAction\",\"target\":{\"@type\":\"EntryPoint\",\"urlTemplate\":\"https:\\\/\\\/timan.dk\\\/?s={search_term_string}\"},\"query-input\":{\"@type\":\"PropertyValueSpecification\",\"valueRequired\":true,\"valueName\":\"search_term_string\"}}],\"inLanguage\":\"de\"},{\"@type\":\"Organization\",\"@id\":\"https:\\\/\\\/timan.dk\\\/#organization\",\"name\":\"Timan A\\\/S\",\"url\":\"https:\\\/\\\/timan.dk\\\/\",\"logo\":{\"@type\":\"ImageObject\",\"inLanguage\":\"de\",\"@id\":\"https:\\\/\\\/timan.dk\\\/#\\\/schema\\\/logo\\\/image\\\/\",\"url\":\"https:\\\/\\\/timan.dk\\\/wp-content\\\/uploads\\\/2023\\\/08\\\/logo-timan-cut.png\",\"contentUrl\":\"https:\\\/\\\/timan.dk\\\/wp-content\\\/uploads\\\/2023\\\/08\\\/logo-timan-cut.png\",\"width\":2048,\"height\":599,\"caption\":\"Timan A\\\/S\"},\"image\":{\"@id\":\"https:\\\/\\\/timan.dk\\\/#\\\/schema\\\/logo\\\/image\\\/\"}}]}<\/script>\n<!-- \/ Yoast SEO plugin. -->","yoast_head_json":{"title":"Ger\u00e4tetr\u00e4ger | Ferngesteuerte und mit Komfortkabine | Timan","robots":{"index":"index","follow":"follow","max-snippet":"max-snippet:-1","max-image-preview":"max-image-preview:large","max-video-preview":"max-video-preview:-1"},"canonical":"https:\/\/timan.dk\/de\/maschinen\/geraetetraeger\/","og_locale":"de_DE","og_type":"article","og_title":"Ger\u00e4tetr\u00e4ger | Ferngesteuerte und mit Komfortkabine | Timan","og_description":"[vc_row full_width=&#8220;stretch_row&#8220;][vc_column][vc_column_text] Ger\u00e4tetr\u00e4ger [\/vc_column_text][vc_empty_space height=&#8220;30px&#8220;][vc_separator color=&#8220;custom&#8220; border_width=&#8220;2&#8243; accent_color=&#8220;#f7f7f7&#8243;][vc_empty_space height=&#8220;30px&#8220;][vc_row_inner][vc_column_inner offset=&#8220;vc_col-lg-8 vc_col-md-8 vc_col-xs-12&#8243;][vc_column_text]Seit 2004 hat sich Timan auf die Herstellung von Ger\u00e4tetr\u00e4gern spezialisiert, die sowohl die Arbeitszufriedenheit als auch die Effizienz verbessern. Hinter jedem Ger\u00e4tetr\u00e4ger von Timan steht ein tiefes Verst\u00e4ndnis f\u00fcr Ihre Arbeitsbedingungen und -bed\u00fcrfnisse, kombiniert mit d\u00e4nischer Qualit\u00e4t und Verarbeitung in allen Bereichen, vom ... Weiterlesen ...","og_url":"https:\/\/timan.dk\/de\/maschinen\/geraetetraeger\/","og_site_name":"Timan A\/S","article_modified_time":"2025-11-04T07:22:37+00:00","og_image":[{"width":1500,"height":844,"url":"https:\/\/timan.dk\/wp-content\/uploads\/2023\/08\/dji-20200424-08294900-00-15-15still002.jpg","type":"image\/jpeg"}],"twitter_card":"summary_large_image","twitter_misc":{"Gesch\u00e4tzte Lesezeit":"6\u00a0Minuten"},"schema":{"@context":"https:\/\/schema.org","@graph":[{"@type":"WebPage","@id":"https:\/\/timan.dk\/de\/maschinen\/geraetetraeger\/","url":"https:\/\/timan.dk\/de\/maschinen\/geraetetraeger\/","name":"Ger\u00e4tetr\u00e4ger | Ferngesteuerte und mit Komfortkabine | Timan","isPartOf":{"@id":"https:\/\/timan.dk\/#website"},"primaryImageOfPage":{"@id":"https:\/\/timan.dk\/de\/maschinen\/geraetetraeger\/#primaryimage"},"image":{"@id":"https:\/\/timan.dk\/de\/maschinen\/geraetetraeger\/#primaryimage"},"thumbnailUrl":"https:\/\/timan.dk\/wp-content\/uploads\/2023\/08\/dji-20200424-08294900-00-15-15still002.jpg","datePublished":"2023-09-14T05:32:16+00:00","dateModified":"2025-11-04T07:22:37+00:00","breadcrumb":{"@id":"https:\/\/timan.dk\/de\/maschinen\/geraetetraeger\/#breadcrumb"},"inLanguage":"de","potentialAction":[{"@type":"ReadAction","target":["https:\/\/timan.dk\/de\/maschinen\/geraetetraeger\/"]}]},{"@type":"ImageObject","inLanguage":"de","@id":"https:\/\/timan.dk\/de\/maschinen\/geraetetraeger\/#primaryimage","url":"https:\/\/timan.dk\/wp-content\/uploads\/2023\/08\/dji-20200424-08294900-00-15-15still002.jpg","contentUrl":"https:\/\/timan.dk\/wp-content\/uploads\/2023\/08\/dji-20200424-08294900-00-15-15still002.jpg","width":1500,"height":844},{"@type":"BreadcrumbList","@id":"https:\/\/timan.dk\/de\/maschinen\/geraetetraeger\/#breadcrumb","itemListElement":[{"@type":"ListItem","position":1,"name":"Hjem","item":"https:\/\/timan.dk\/de\/"},{"@type":"ListItem","position":2,"name":"Maschinen","item":"https:\/\/timan.dk\/de\/maschinen\/"},{"@type":"ListItem","position":3,"name":"Ger\u00e4tetr\u00e4ger"}]},{"@type":"WebSite","@id":"https:\/\/timan.dk\/#website","url":"https:\/\/timan.dk\/","name":"Timan A\/S","description":"Kehrmaschinen mit Auffangbeh\u00e4lter, B\u00f6schungsm\u00e4her, ferngesteuerte Schlegelm\u00e4her in D\u00e4nemark","publisher":{"@id":"https:\/\/timan.dk\/#organization"},"potentialAction":[{"@type":"SearchAction","target":{"@type":"EntryPoint","urlTemplate":"https:\/\/timan.dk\/?s={search_term_string}"},"query-input":{"@type":"PropertyValueSpecification","valueRequired":true,"valueName":"search_term_string"}}],"inLanguage":"de"},{"@type":"Organization","@id":"https:\/\/timan.dk\/#organization","name":"Timan A\/S","url":"https:\/\/timan.dk\/","logo":{"@type":"ImageObject","inLanguage":"de","@id":"https:\/\/timan.dk\/#\/schema\/logo\/image\/","url":"https:\/\/timan.dk\/wp-content\/uploads\/2023\/08\/logo-timan-cut.png","contentUrl":"https:\/\/timan.dk\/wp-content\/uploads\/2023\/08\/logo-timan-cut.png","width":2048,"height":599,"caption":"Timan A\/S"},"image":{"@id":"https:\/\/timan.dk\/#\/schema\/logo\/image\/"}}]}},"_links":{"self":[{"href":"https:\/\/timan.dk\/de\/wp-json\/wp\/v2\/pages\/7844","targetHints":{"allow":["GET"]}}],"collection":[{"href":"https:\/\/timan.dk\/de\/wp-json\/wp\/v2\/pages"}],"about":[{"href":"https:\/\/timan.dk\/de\/wp-json\/wp\/v2\/types\/page"}],"author":[{"embeddable":true,"href":"https:\/\/timan.dk\/de\/wp-json\/wp\/v2\/users\/1"}],"replies":[{"embeddable":true,"href":"https:\/\/timan.dk\/de\/wp-json\/wp\/v2\/comments?post=7844"}],"version-history":[{"count":15,"href":"https:\/\/timan.dk\/de\/wp-json\/wp\/v2\/pages\/7844\/revisions"}],"predecessor-version":[{"id":14635,"href":"https:\/\/timan.dk\/de\/wp-json\/wp\/v2\/pages\/7844\/revisions\/14635"}],"up":[{"embeddable":true,"href":"https:\/\/timan.dk\/de\/wp-json\/wp\/v2\/pages\/7841"}],"wp:featuredmedia":[{"embeddable":true,"href":"https:\/\/timan.dk\/de\/wp-json\/wp\/v2\/media\/6363"}],"wp:attachment":[{"href":"https:\/\/timan.dk\/de\/wp-json\/wp\/v2\/media?parent=7844"}],"wp:term":[{"taxonomy":"category","embeddable":true,"href":"https:\/\/timan.dk\/de\/wp-json\/wp\/v2\/categories?post=7844"}],"curies":[{"name":"wp","href":"https:\/\/api.w.org\/{rel}","templated":true}]}}