{"id":7868,"date":"2023-09-14T07:34:52","date_gmt":"2023-09-14T05:34:52","guid":{"rendered":"https:\/\/timan.dk\/maschinen\/hangschneider\/"},"modified":"2025-06-26T15:17:51","modified_gmt":"2025-06-26T13:17:51","slug":"hangmaeher","status":"publish","type":"page","link":"https:\/\/timan.dk\/de\/maschinen\/hangmaeher\/","title":{"rendered":"Hangm\u00e4her"},"content":{"rendered":"<div class=\"wpb-content-wrapper\"><p>[vc_row full_width=&#8220;stretch_row&#8220;][vc_column]<div class=\"ult-spacer spacer-6a03c22c3276b\" data-id=\"6a03c22c3276b\" data-height=\"90\" data-height-mobile=\"60\" data-height-tab=\"90\" data-height-tab-portrait=\"60\" data-height-mobile-landscape=\"60\" style=\"clear:both;display:block;\"><\/div>[vc_column_text]<\/p>\n<h2>Hangm\u00e4her<\/h2>\n<p>[\/vc_column_text][vc_empty_space height=&#8220;30px&#8220;][vc_separator color=&#8220;custom&#8220; border_width=&#8220;2&#8243; accent_color=&#8220;#f7f7f7&#8243;][vc_empty_space height=&#8220;30px&#8220;][vc_row_inner][vc_column_inner offset=&#8220;vc_col-lg-8 vc_col-md-8 vc_col-xs-12&#8243;][vc_column_text]<\/p>\n<h3>Timan Hangm\u00e4her &#8211; d\u00e4nische Qualit\u00e4t und Effizienz<\/h3>\n<p>Gr\u00f6\u00dfere Arbeitsfreude beginnt mit besseren Bedingungen, und das ist das Prinzip der Timan Hangm\u00e4her. Hinter jedem Timan Hangm\u00e4her steckt d\u00e4nische Qualit\u00e4t und Handwerkskunst, von der Entwicklung bis zum fertigen Produkt und Service.[\/vc_column_text][vc_empty_space height=&#8220;30px&#8220;][vc_column_text css=&#8220;&#8220;]<\/p>\n<h3>Vorteile von Timan Hangm\u00e4hern<\/h3>\n<p>Wenn Sie sich f\u00fcr einen Hangm\u00e4her von Timan entscheiden, entscheiden Sie sich vor allem f\u00fcr Sicherheit und Effizienz. Der RC-751 und der RC-1000s von Timan sind so konstruiert, dass sie an H\u00e4ngen und Steigungen von bis zu 50 Grad maximale Leistung erbringen und sicherstellen, dass auch das schwierigste Gel\u00e4nde pr\u00e4zise und effizient gem\u00e4ht wird. Vermeiden Sie es und lassen Sie die Maschine aus sicherer Entfernung die Arbeit f\u00fcr Sie erledigen.<\/p>\n<ul>\n<li>Sicherheit: Die Fernsteuerung minimiert den direkten Kontakt mit der Maschine und unangenehme K\u00f6rperhaltungen. Die Hangm\u00e4her verf\u00fcgen \u00fcber eine eingebaute Notabschaltung f\u00fcr zus\u00e4tzlichen Schutz.<\/li>\n<li>Zuverl\u00e4ssigkeit: Das Raupenfahrwerk sorgt f\u00fcr optimalen Bodenkontakt, auch an schwierigen H\u00e4ngen bis zu 50 Grad.<\/li>\n<li>Kompakte Konstruktion: Trotz ihrer gro\u00dfen Leistung k\u00f6nnen sie auf engstem Raum arbeiten, was ideal f\u00fcr enges Gel\u00e4nde mit Hindernissen ist.<\/li>\n<li>Zuverl\u00e4ssig: Die Hangm\u00e4her von Timan sind zu allen 4 Jahreszeiten zuverl\u00e4ssig.<\/li>\n<\/ul>\n<p>[\/vc_column_text]<div class=\"ult-spacer spacer-6a03c22c327ba\" data-id=\"6a03c22c327ba\" data-height=\"0\" data-height-mobile=\"30\" data-height-tab=\"0\" data-height-tab-portrait=\"30\" data-height-mobile-landscape=\"30\" style=\"clear:both;display:block;\"><\/div>[\/vc_column_inner][vc_column_inner offset=&#8220;vc_col-lg-4 vc_col-md-4 vc_col-xs-12&#8243;][vc_btn title=&#8220;H\u00e4ndlersuche&#8220; style=&#8220;custom&#8220; custom_background=&#8220;#fc5623&#8243; custom_text=&#8220;#ffffff&#8220; shape=&#8220;square&#8220; align=&#8220;left&#8220; button_block=&#8220;true&#8220; link=&#8220;url:https%3A%2F%2Ftiman.dk%2Fde%2Fhaendler%2F|title:H%C3%A4ndler|&#8220;][vc_empty_space height=&#8220;5px&#8220;][vc_btn title=&#8220;Ersatzteile bestellen&#8220; style=&#8220;custom&#8220; custom_background=&#8220;#fc5623&#8243; custom_text=&#8220;#ffffff&#8220; shape=&#8220;square&#8220; align=&#8220;left&#8220; button_block=&#8220;true&#8220; link=&#8220;url:https%3A%2F%2Fcloud.interactivespares.com%2Ftiman%2Fcategorie%2F1000%2B-%2BTool-Trac|title:Ersatzteile|target:_blank&#8220;][\/vc_column_inner][\/vc_row_inner][\/vc_column][\/vc_row][vc_row full_width=&#8220;stretch_row&#8220;][vc_column]<div class=\"ult-spacer spacer-6a03c22c327e7\" data-id=\"6a03c22c327e7\" data-height=\"90\" data-height-mobile=\"60\" data-height-tab=\"90\" data-height-tab-portrait=\"60\" data-height-mobile-landscape=\"60\" style=\"clear:both;display:block;\"><\/div>[vc_basic_grid post_type=&#8220;page&#8220; max_items=&#8220;-1&#8243; gap=&#8220;15&#8243; orderby=&#8220;title&#8220; order=&#8220;ASC&#8220; item=&#8220;487&#8243; grid_id=&#8220;vc_gid:1750943823484-2dee2ebd-c76b-9&#8243; taxonomies=&#8220;66&#8243;]<div class=\"ult-spacer spacer-6a03c22c32809\" data-id=\"6a03c22c32809\" data-height=\"90\" data-height-mobile=\"60\" data-height-tab=\"90\" data-height-tab-portrait=\"60\" data-height-mobile-landscape=\"60\" style=\"clear:both;display:block;\"><\/div>[vc_row_inner][vc_column_inner width=&#8220;1\/3&#8243;][vc_column_text css=&#8220;&#8220;]<\/p>\n<h4>Ferngesteuerte Ger\u00e4tetr\u00e4ger &#8211; RC-1000s: Meister der Hangarbeit<\/h4>\n<p>Der RC-1000s von Timan ist nicht nur ein Meister am Hang, sondern auch vielseitig, wenn es um die Auswahl der Anbauger\u00e4te geht. Sie k\u00f6nnen verschiedene Frontanbauger\u00e4te wie einen Vario R\u00e4umschild, einen Schlegelm\u00e4her, eine Stubbenfr\u00e4se und vieles mehr anbauen &#8211; allesamt daf\u00fcr ausgelegt, an H\u00e4ngen bis zu 50 Grad einwandfrei zu arbeiten.[\/vc_column_text]<div class=\"ult-spacer spacer-6a03c22c32829\" data-id=\"6a03c22c32829\" data-height=\"0\" data-height-mobile=\"30\" data-height-tab=\"0\" data-height-tab-portrait=\"0\" data-height-mobile-landscape=\"30\" style=\"clear:both;display:block;\"><\/div>[\/vc_column_inner][vc_column_inner width=&#8220;1\/3&#8243;][vc_column_text]<\/p>\n<h4>Ferngesteuerte Hangm\u00e4her &#8211; RC-751<\/h4>\n<p>Der RC-751 ist ein ferngesteuerter Hangm\u00e4her und Schlegelm\u00e4her, der f\u00fcr steile H\u00e4nge bis zu 50 Grad geeignet ist. Sein spezielles Design und seine besonders niedrige Bauh\u00f6he machen ihn ideal f\u00fcr die Arbeit unter Solarpanelen in Solaranlagen. Da der M\u00e4her an der Vorderseite der Maschine angebracht ist, wird ein pr\u00e4ziser Schnitt entlang von Kanten und Z\u00e4unen garantiert. Gleichzeitig wird ein \u00dcberfahren des Grases durch die Raupen vermieden. F\u00fcr alle, die das beste M\u00e4hwerk f\u00fcr schwieriges Gel\u00e4nde suchen, ist der RC-751 die erste Wahl.[\/vc_column_text]<div class=\"ult-spacer spacer-6a03c22c3284e\" data-id=\"6a03c22c3284e\" data-height=\"0\" data-height-mobile=\"30\" data-height-tab=\"0\" data-height-tab-portrait=\"0\" data-height-mobile-landscape=\"30\" style=\"clear:both;display:block;\"><\/div>[\/vc_column_inner][vc_column_inner width=&#8220;1\/3&#8243;][\/vc_column_inner][\/vc_row_inner]<div class=\"ult-spacer spacer-6a03c22c32876\" data-id=\"6a03c22c32876\" data-height=\"90\" data-height-mobile=\"60\" data-height-tab=\"90\" data-height-tab-portrait=\"60\" data-height-mobile-landscape=\"60\" style=\"clear:both;display:block;\"><\/div>[\/vc_column][\/vc_row][vc_row full_width=&#8220;stretch_row&#8220; bg_type=&#8220;bg_color&#8220; seperator_enable=&#8220;seperator_enable_value&#8220; seperator_type=&#8220;xlarge_triangle_left_seperator&#8220; seperator_svg_height=&#8220;60&#8243; seperator_shape_background=&#8220;#ffffff&#8220; height=&#8220;90&#8243; height_on_tabs=&#8220;90&#8243; height_on_tabs_portrait=&#8220;60&#8243; height_on_mob_landscape=&#8220;60&#8243; height_on_mob=&#8220;60&#8243; bg_color_value=&#8220;#ece8e1&#8243;][vc_column]<div class=\"ult-spacer spacer-6a03c22c32897\" data-id=\"6a03c22c32897\" data-height=\"90\" data-height-mobile=\"60\" data-height-tab=\"90\" data-height-tab-portrait=\"60\" data-height-mobile-landscape=\"60\" style=\"clear:both;display:block;\"><\/div>[\/vc_column][\/vc_row][vc_row full_width=&#8220;stretch_row&#8220; el_class=&#8220;overlay white cta parallax&#8220; css=&#8220;.vc_custom_1691133202809{background-image: url(https:\/\/timan.dk\/wp-content\/uploads\/2023\/08\/16966-116.jpg?id=5540) !important;background-position: center !important;background-repeat: no-repeat !important;background-size: cover !important;}&#8220;][vc_column]<div class=\"ult-spacer spacer-6a03c22c328b6\" data-id=\"6a03c22c328b6\" data-height=\"90\" data-height-mobile=\"60\" data-height-tab=\"90\" data-height-tab-portrait=\"60\" data-height-mobile-landscape=\"60\" style=\"clear:both;display:block;\"><\/div>[vc_row_inner][vc_column_inner width=&#8220;1\/4&#8243;][\/vc_column_inner][vc_column_inner width=&#8220;1\/2&#8243;][vc_column_text]<\/p>\n<h6 style=\"text-align: center;\">Haben Sie nicht gefunden, was Sie brauchten?<\/h6>\n<h3 style=\"text-align: center;\">Kontaktieren Sie uns noch heute<\/h3>\n<p style=\"text-align: center;\">Wenn Sie die von Ihnen ben\u00f6tigte L\u00f6sung nicht gefunden haben, kontaktieren Sie uns bitte unter <a href=\"tel:004597330360\">(+45) 97 33 03 60<\/a> oder Senden Sie eine E-Mail an <a href=\"mailto:info@timan.dk\">info@timan.dk<\/a>, wo wir Ihnen gerne weiterhelfen.<\/p>\n<p style=\"text-align: center;\">Wir freuen uns auf Ihre Kontaktaufnahme.<\/p>\n<p>[\/vc_column_text][vc_empty_space height=&#8220;30px&#8220;][vc_btn title=&#8220;Kontaktieren Sie uns&#8220; style=&#8220;custom&#8220; custom_background=&#8220;#fc5623&#8243; custom_text=&#8220;#ffffff&#8220; shape=&#8220;square&#8220; align=&#8220;center&#8220; link=&#8220;url:https%3A%2F%2Ftiman.dk%2Fde%2Fkontakt%2F|title:Kontakt|&#8220;][\/vc_column_inner][vc_column_inner width=&#8220;1\/4&#8243;][\/vc_column_inner][\/vc_row_inner]<div class=\"ult-spacer spacer-6a03c22c328d5\" data-id=\"6a03c22c328d5\" data-height=\"90\" data-height-mobile=\"60\" data-height-tab=\"90\" data-height-tab-portrait=\"60\" data-height-mobile-landscape=\"60\" style=\"clear:both;display:block;\"><\/div>[\/vc_column][\/vc_row]<\/p>\n<\/div>","protected":false},"excerpt":{"rendered":"<p>[vc_row full_width=&#8220;stretch_row&#8220;][vc_column][vc_column_text] Hangm\u00e4her [\/vc_column_text][vc_empty_space height=&#8220;30px&#8220;][vc_separator color=&#8220;custom&#8220; border_width=&#8220;2&#8243; accent_color=&#8220;#f7f7f7&#8243;][vc_empty_space height=&#8220;30px&#8220;][vc_row_inner][vc_column_inner offset=&#8220;vc_col-lg-8 vc_col-md-8 vc_col-xs-12&#8243;][vc_column_text] Timan Hangm\u00e4her &#8211; d\u00e4nische Qualit\u00e4t und Effizienz Gr\u00f6\u00dfere Arbeitsfreude beginnt mit besseren Bedingungen, und das ist das Prinzip der Timan Hangm\u00e4her. Hinter jedem Timan Hangm\u00e4her steckt d\u00e4nische Qualit\u00e4t und Handwerkskunst, von der Entwicklung bis zum fertigen Produkt und Service.[\/vc_column_text][vc_empty_space height=&#8220;30px&#8220;][vc_column_text css=&#8220;&#8220;] Vorteile von &#8230; <a title=\"Hangm\u00e4her\" class=\"read-more\" href=\"https:\/\/timan.dk\/de\/maschinen\/hangmaeher\/\" aria-label=\"Mehr Informationen \u00fcber Hangm\u00e4her\">Weiterlesen &#8230;<\/a><\/p>\n","protected":false},"author":1,"featured_media":6830,"parent":7841,"menu_order":11,"comment_status":"closed","ping_status":"closed","template":"","meta":{"_acf_changed":false,"footnotes":""},"categories":[88],"class_list":{"0":"post-7868","1":"page","2":"type-page","3":"status-publish","4":"has-post-thumbnail","6":"category-maschinen"},"acf":[],"yoast_head":"<!-- This site is optimized with the Yoast SEO plugin v27.5 - https:\/\/yoast.com\/product\/yoast-seo-wordpress\/ -->\n<title>Ferngesteuert Hangm\u00e4her f\u00fcr Gras | Timan A\/S<\/title>\n<meta name=\"robots\" content=\"index, follow, max-snippet:-1, max-image-preview:large, max-video-preview:-1\" \/>\n<link rel=\"canonical\" href=\"https:\/\/timan.dk\/de\/maschinen\/hangmaeher\/\" \/>\n<meta property=\"og:locale\" content=\"de_DE\" \/>\n<meta property=\"og:type\" content=\"article\" \/>\n<meta property=\"og:title\" content=\"Ferngesteuert Hangm\u00e4her f\u00fcr Gras | Timan A\/S\" \/>\n<meta property=\"og:description\" content=\"[vc_row full_width=&#8220;stretch_row&#8220;][vc_column][vc_column_text] Hangm\u00e4her [\/vc_column_text][vc_empty_space height=&#8220;30px&#8220;][vc_separator color=&#8220;custom&#8220; border_width=&#8220;2&#8243; accent_color=&#8220;#f7f7f7&#8243;][vc_empty_space height=&#8220;30px&#8220;][vc_row_inner][vc_column_inner offset=&#8220;vc_col-lg-8 vc_col-md-8 vc_col-xs-12&#8243;][vc_column_text] Timan Hangm\u00e4her &#8211; d\u00e4nische Qualit\u00e4t und Effizienz Gr\u00f6\u00dfere Arbeitsfreude beginnt mit besseren Bedingungen, und das ist das Prinzip der Timan Hangm\u00e4her. Hinter jedem Timan Hangm\u00e4her steckt d\u00e4nische Qualit\u00e4t und Handwerkskunst, von der Entwicklung bis zum fertigen Produkt und Service.[\/vc_column_text][vc_empty_space height=&#8220;30px&#8220;][vc_column_text css=&#8220;&#8220;] Vorteile von ... Weiterlesen ...\" \/>\n<meta property=\"og:url\" content=\"https:\/\/timan.dk\/de\/maschinen\/hangmaeher\/\" \/>\n<meta property=\"og:site_name\" content=\"Timan A\/S\" \/>\n<meta property=\"article:modified_time\" content=\"2025-06-26T13:17:51+00:00\" \/>\n<meta property=\"og:image\" content=\"https:\/\/timan.dk\/wp-content\/uploads\/2023\/08\/rc-1000-slagleklipper-fjernstyret-skaent-skraaning-16525.jpg\" \/>\n\t<meta property=\"og:image:width\" content=\"1280\" \/>\n\t<meta property=\"og:image:height\" content=\"853\" \/>\n\t<meta property=\"og:image:type\" content=\"image\/jpeg\" \/>\n<meta name=\"twitter:card\" content=\"summary_large_image\" \/>\n<meta name=\"twitter:label1\" content=\"Gesch\u00e4tzte Lesezeit\" \/>\n\t<meta name=\"twitter:data1\" content=\"5\u00a0Minuten\" \/>\n<script type=\"application\/ld+json\" class=\"yoast-schema-graph\">{\"@context\":\"https:\\\/\\\/schema.org\",\"@graph\":[{\"@type\":\"WebPage\",\"@id\":\"https:\\\/\\\/timan.dk\\\/de\\\/maschinen\\\/hangmaeher\\\/\",\"url\":\"https:\\\/\\\/timan.dk\\\/de\\\/maschinen\\\/hangmaeher\\\/\",\"name\":\"Ferngesteuert Hangm\u00e4her f\u00fcr Gras | Timan A\\\/S\",\"isPartOf\":{\"@id\":\"https:\\\/\\\/timan.dk\\\/#website\"},\"primaryImageOfPage\":{\"@id\":\"https:\\\/\\\/timan.dk\\\/de\\\/maschinen\\\/hangmaeher\\\/#primaryimage\"},\"image\":{\"@id\":\"https:\\\/\\\/timan.dk\\\/de\\\/maschinen\\\/hangmaeher\\\/#primaryimage\"},\"thumbnailUrl\":\"https:\\\/\\\/timan.dk\\\/wp-content\\\/uploads\\\/2023\\\/08\\\/rc-1000-slagleklipper-fjernstyret-skaent-skraaning-16525.jpg\",\"datePublished\":\"2023-09-14T05:34:52+00:00\",\"dateModified\":\"2025-06-26T13:17:51+00:00\",\"breadcrumb\":{\"@id\":\"https:\\\/\\\/timan.dk\\\/de\\\/maschinen\\\/hangmaeher\\\/#breadcrumb\"},\"inLanguage\":\"de\",\"potentialAction\":[{\"@type\":\"ReadAction\",\"target\":[\"https:\\\/\\\/timan.dk\\\/de\\\/maschinen\\\/hangmaeher\\\/\"]}]},{\"@type\":\"ImageObject\",\"inLanguage\":\"de\",\"@id\":\"https:\\\/\\\/timan.dk\\\/de\\\/maschinen\\\/hangmaeher\\\/#primaryimage\",\"url\":\"https:\\\/\\\/timan.dk\\\/wp-content\\\/uploads\\\/2023\\\/08\\\/rc-1000-slagleklipper-fjernstyret-skaent-skraaning-16525.jpg\",\"contentUrl\":\"https:\\\/\\\/timan.dk\\\/wp-content\\\/uploads\\\/2023\\\/08\\\/rc-1000-slagleklipper-fjernstyret-skaent-skraaning-16525.jpg\",\"width\":1280,\"height\":853},{\"@type\":\"BreadcrumbList\",\"@id\":\"https:\\\/\\\/timan.dk\\\/de\\\/maschinen\\\/hangmaeher\\\/#breadcrumb\",\"itemListElement\":[{\"@type\":\"ListItem\",\"position\":1,\"name\":\"Hjem\",\"item\":\"https:\\\/\\\/timan.dk\\\/de\\\/\"},{\"@type\":\"ListItem\",\"position\":2,\"name\":\"Maschinen\",\"item\":\"https:\\\/\\\/timan.dk\\\/de\\\/maschinen\\\/\"},{\"@type\":\"ListItem\",\"position\":3,\"name\":\"Hangm\u00e4her\"}]},{\"@type\":\"WebSite\",\"@id\":\"https:\\\/\\\/timan.dk\\\/#website\",\"url\":\"https:\\\/\\\/timan.dk\\\/\",\"name\":\"Timan A\\\/S\",\"description\":\"Kehrmaschinen mit Auffangbeh\u00e4lter, B\u00f6schungsm\u00e4her, ferngesteuerte Schlegelm\u00e4her in D\u00e4nemark\",\"publisher\":{\"@id\":\"https:\\\/\\\/timan.dk\\\/#organization\"},\"potentialAction\":[{\"@type\":\"SearchAction\",\"target\":{\"@type\":\"EntryPoint\",\"urlTemplate\":\"https:\\\/\\\/timan.dk\\\/?s={search_term_string}\"},\"query-input\":{\"@type\":\"PropertyValueSpecification\",\"valueRequired\":true,\"valueName\":\"search_term_string\"}}],\"inLanguage\":\"de\"},{\"@type\":\"Organization\",\"@id\":\"https:\\\/\\\/timan.dk\\\/#organization\",\"name\":\"Timan A\\\/S\",\"url\":\"https:\\\/\\\/timan.dk\\\/\",\"logo\":{\"@type\":\"ImageObject\",\"inLanguage\":\"de\",\"@id\":\"https:\\\/\\\/timan.dk\\\/#\\\/schema\\\/logo\\\/image\\\/\",\"url\":\"https:\\\/\\\/timan.dk\\\/wp-content\\\/uploads\\\/2023\\\/08\\\/logo-timan-cut.png\",\"contentUrl\":\"https:\\\/\\\/timan.dk\\\/wp-content\\\/uploads\\\/2023\\\/08\\\/logo-timan-cut.png\",\"width\":2048,\"height\":599,\"caption\":\"Timan A\\\/S\"},\"image\":{\"@id\":\"https:\\\/\\\/timan.dk\\\/#\\\/schema\\\/logo\\\/image\\\/\"}}]}<\/script>\n<!-- \/ Yoast SEO plugin. -->","yoast_head_json":{"title":"Ferngesteuert Hangm\u00e4her f\u00fcr Gras | Timan A\/S","robots":{"index":"index","follow":"follow","max-snippet":"max-snippet:-1","max-image-preview":"max-image-preview:large","max-video-preview":"max-video-preview:-1"},"canonical":"https:\/\/timan.dk\/de\/maschinen\/hangmaeher\/","og_locale":"de_DE","og_type":"article","og_title":"Ferngesteuert Hangm\u00e4her f\u00fcr Gras | Timan A\/S","og_description":"[vc_row full_width=&#8220;stretch_row&#8220;][vc_column][vc_column_text] Hangm\u00e4her [\/vc_column_text][vc_empty_space height=&#8220;30px&#8220;][vc_separator color=&#8220;custom&#8220; border_width=&#8220;2&#8243; accent_color=&#8220;#f7f7f7&#8243;][vc_empty_space height=&#8220;30px&#8220;][vc_row_inner][vc_column_inner offset=&#8220;vc_col-lg-8 vc_col-md-8 vc_col-xs-12&#8243;][vc_column_text] Timan Hangm\u00e4her &#8211; d\u00e4nische Qualit\u00e4t und Effizienz Gr\u00f6\u00dfere Arbeitsfreude beginnt mit besseren Bedingungen, und das ist das Prinzip der Timan Hangm\u00e4her. Hinter jedem Timan Hangm\u00e4her steckt d\u00e4nische Qualit\u00e4t und Handwerkskunst, von der Entwicklung bis zum fertigen Produkt und Service.[\/vc_column_text][vc_empty_space height=&#8220;30px&#8220;][vc_column_text css=&#8220;&#8220;] Vorteile von ... Weiterlesen ...","og_url":"https:\/\/timan.dk\/de\/maschinen\/hangmaeher\/","og_site_name":"Timan A\/S","article_modified_time":"2025-06-26T13:17:51+00:00","og_image":[{"width":1280,"height":853,"url":"https:\/\/timan.dk\/wp-content\/uploads\/2023\/08\/rc-1000-slagleklipper-fjernstyret-skaent-skraaning-16525.jpg","type":"image\/jpeg"}],"twitter_card":"summary_large_image","twitter_misc":{"Gesch\u00e4tzte Lesezeit":"5\u00a0Minuten"},"schema":{"@context":"https:\/\/schema.org","@graph":[{"@type":"WebPage","@id":"https:\/\/timan.dk\/de\/maschinen\/hangmaeher\/","url":"https:\/\/timan.dk\/de\/maschinen\/hangmaeher\/","name":"Ferngesteuert Hangm\u00e4her f\u00fcr Gras | Timan A\/S","isPartOf":{"@id":"https:\/\/timan.dk\/#website"},"primaryImageOfPage":{"@id":"https:\/\/timan.dk\/de\/maschinen\/hangmaeher\/#primaryimage"},"image":{"@id":"https:\/\/timan.dk\/de\/maschinen\/hangmaeher\/#primaryimage"},"thumbnailUrl":"https:\/\/timan.dk\/wp-content\/uploads\/2023\/08\/rc-1000-slagleklipper-fjernstyret-skaent-skraaning-16525.jpg","datePublished":"2023-09-14T05:34:52+00:00","dateModified":"2025-06-26T13:17:51+00:00","breadcrumb":{"@id":"https:\/\/timan.dk\/de\/maschinen\/hangmaeher\/#breadcrumb"},"inLanguage":"de","potentialAction":[{"@type":"ReadAction","target":["https:\/\/timan.dk\/de\/maschinen\/hangmaeher\/"]}]},{"@type":"ImageObject","inLanguage":"de","@id":"https:\/\/timan.dk\/de\/maschinen\/hangmaeher\/#primaryimage","url":"https:\/\/timan.dk\/wp-content\/uploads\/2023\/08\/rc-1000-slagleklipper-fjernstyret-skaent-skraaning-16525.jpg","contentUrl":"https:\/\/timan.dk\/wp-content\/uploads\/2023\/08\/rc-1000-slagleklipper-fjernstyret-skaent-skraaning-16525.jpg","width":1280,"height":853},{"@type":"BreadcrumbList","@id":"https:\/\/timan.dk\/de\/maschinen\/hangmaeher\/#breadcrumb","itemListElement":[{"@type":"ListItem","position":1,"name":"Hjem","item":"https:\/\/timan.dk\/de\/"},{"@type":"ListItem","position":2,"name":"Maschinen","item":"https:\/\/timan.dk\/de\/maschinen\/"},{"@type":"ListItem","position":3,"name":"Hangm\u00e4her"}]},{"@type":"WebSite","@id":"https:\/\/timan.dk\/#website","url":"https:\/\/timan.dk\/","name":"Timan A\/S","description":"Kehrmaschinen mit Auffangbeh\u00e4lter, B\u00f6schungsm\u00e4her, ferngesteuerte Schlegelm\u00e4her in D\u00e4nemark","publisher":{"@id":"https:\/\/timan.dk\/#organization"},"potentialAction":[{"@type":"SearchAction","target":{"@type":"EntryPoint","urlTemplate":"https:\/\/timan.dk\/?s={search_term_string}"},"query-input":{"@type":"PropertyValueSpecification","valueRequired":true,"valueName":"search_term_string"}}],"inLanguage":"de"},{"@type":"Organization","@id":"https:\/\/timan.dk\/#organization","name":"Timan A\/S","url":"https:\/\/timan.dk\/","logo":{"@type":"ImageObject","inLanguage":"de","@id":"https:\/\/timan.dk\/#\/schema\/logo\/image\/","url":"https:\/\/timan.dk\/wp-content\/uploads\/2023\/08\/logo-timan-cut.png","contentUrl":"https:\/\/timan.dk\/wp-content\/uploads\/2023\/08\/logo-timan-cut.png","width":2048,"height":599,"caption":"Timan A\/S"},"image":{"@id":"https:\/\/timan.dk\/#\/schema\/logo\/image\/"}}]}},"_links":{"self":[{"href":"https:\/\/timan.dk\/de\/wp-json\/wp\/v2\/pages\/7868","targetHints":{"allow":["GET"]}}],"collection":[{"href":"https:\/\/timan.dk\/de\/wp-json\/wp\/v2\/pages"}],"about":[{"href":"https:\/\/timan.dk\/de\/wp-json\/wp\/v2\/types\/page"}],"author":[{"embeddable":true,"href":"https:\/\/timan.dk\/de\/wp-json\/wp\/v2\/users\/1"}],"replies":[{"embeddable":true,"href":"https:\/\/timan.dk\/de\/wp-json\/wp\/v2\/comments?post=7868"}],"version-history":[{"count":17,"href":"https:\/\/timan.dk\/de\/wp-json\/wp\/v2\/pages\/7868\/revisions"}],"predecessor-version":[{"id":12893,"href":"https:\/\/timan.dk\/de\/wp-json\/wp\/v2\/pages\/7868\/revisions\/12893"}],"up":[{"embeddable":true,"href":"https:\/\/timan.dk\/de\/wp-json\/wp\/v2\/pages\/7841"}],"wp:featuredmedia":[{"embeddable":true,"href":"https:\/\/timan.dk\/de\/wp-json\/wp\/v2\/media\/6830"}],"wp:attachment":[{"href":"https:\/\/timan.dk\/de\/wp-json\/wp\/v2\/media?parent=7868"}],"wp:term":[{"taxonomy":"category","embeddable":true,"href":"https:\/\/timan.dk\/de\/wp-json\/wp\/v2\/categories?post=7868"}],"curies":[{"name":"wp","href":"https:\/\/api.w.org\/{rel}","templated":true}]}}