{"id":7895,"date":"2023-08-23T10:35:18","date_gmt":"2023-08-23T08:35:18","guid":{"rendered":"https:\/\/timan.dk\/Ger\u00e4te-fuer-timan-3330\/kehrwalze\/"},"modified":"2025-01-02T13:35:34","modified_gmt":"2025-01-02T12:35:34","slug":"kehrwalze","status":"publish","type":"page","link":"https:\/\/timan.dk\/de\/geraete\/geraete-fuer-timan-3330\/kehrwalze\/","title":{"rendered":"Zentrumsnahe Kehrwalze"},"content":{"rendered":"<div class=\"wpb-content-wrapper\"><p>[vc_row full_width=&#8220;stretch_row&#8220;][vc_column]<div class=\"ult-spacer spacer-6a039bf2c3c8f\" data-id=\"6a039bf2c3c8f\" data-height=\"90\" data-height-mobile=\"60\" data-height-tab=\"90\" data-height-tab-portrait=\"60\" data-height-mobile-landscape=\"60\" style=\"clear:both;display:block;\"><\/div>[vc_column_text]<\/p>\n<h2>Zentrumsnahe Kehrwalze &#8211; Timan 3330<\/h2>\n<p>[\/vc_column_text][vc_empty_space height=&#8220;30px&#8220;][vc_separator color=&#8220;custom&#8220; border_width=&#8220;2&#8243; accent_color=&#8220;#f7f7f7&#8243;][vc_empty_space height=&#8220;30px&#8220;][vc_row_inner][vc_column_inner offset=&#8220;vc_col-lg-8 vc_col-md-8 vc_col-xs-12&#8243;][vc_column_text]<\/p>\n<h3>Zuverl\u00e4ssige Maschine<\/h3>\n<p>Vor der Winterankunft ist es n\u00f6tig, sich eine zuverl\u00e4ssige Maschine zu besorgen, die leicht und effektiv den Schnee wegr\u00e4umen kann.<\/p>\n<p>Diese leistungsstarke und hydraulische Kehrwalze l\u00e4sst die Gehsteige, Fu\u00dfwege und Stra\u00dfen sch\u00f6n sauber.[\/vc_column_text][vc_empty_space height=&#8220;30px&#8220;][vc_column_text css=&#8220;.vc_custom_1692952362532{background-color: #f7f7f7 !important;}&#8220;]<\/p>\n<blockquote><p>&#8222;\u200bMachen Sie sich bereit f\u00fcr eine bessere Arbeitserfahrung.&#8220;<\/p><\/blockquote>\n<p>[\/vc_column_text][vc_empty_space height=&#8220;30px&#8220;][vc_single_image image=&#8220;6275&#8243; img_size=&#8220;full&#8220;][vc_empty_space height=&#8220;15px&#8220;][vc_media_grid style=&#8220;pagination&#8220; items_per_page=&#8220;3&#8243; arrows_design=&#8220;vc_arrow-icon-arrow_01_left&#8220; arrows_position=&#8220;outside&#8220; arrows_color=&#8220;black&#8220; paging_design=&#8220;none&#8220; loop=&#8220;yes&#8220; autoplay=&#8220;6&#8243; grid_id=&#8220;vc_gid:1735821178021-c917f1e3-b025-6&#8243; include=&#8220;6357,6303,6143,6085,6089,7163&#8243;]<div class=\"ult-spacer spacer-6a039bf2c3d02\" data-id=\"6a039bf2c3d02\" data-height=\"0\" data-height-mobile=\"30\" data-height-tab=\"0\" data-height-tab-portrait=\"30\" data-height-mobile-landscape=\"30\" style=\"clear:both;display:block;\"><\/div>[\/vc_column_inner][vc_column_inner offset=&#8220;vc_col-lg-4 vc_col-md-4 vc_col-xs-12&#8243;][vc_column_text el_class=&#8220;custom-sidebar-boks&#8220;]<\/p>\n<h4>Was Sie erhalten:<\/h4>\n<ul>\n<li>Schwimmstellung<\/li>\n<li>Parallelverschiebungssystem<\/li>\n<li>Hydraulisch gesteuert<\/li>\n<li>Umkehrbar<\/li>\n<\/ul>\n<p>[\/vc_column_text][vc_empty_space height=&#8220;30px&#8220;][vc_btn title=&#8220;Prospekt herunterladen&#8220; style=&#8220;custom&#8220; custom_background=&#8220;#fc5623&#8243; custom_text=&#8220;#ffffff&#8220; shape=&#8220;square&#8220; align=&#8220;left&#8220; i_align=&#8220;right&#8220; i_icon_fontawesome=&#8220;fas fa-download&#8220; button_block=&#8220;true&#8220; add_icon=&#8220;true&#8220; link=&#8220;url:%2Fwp-content%2Fuploads%2F2023%2F10%2F2670-mail-timan-brochure-3330-de.pdf|title:Prospekt%20herunterladen|target:_blank&#8220; el_class=&#8220;custom-farve-btn&#8220;][vc_empty_space height=&#8220;5px&#8220;][vc_btn title=&#8220;Technische Daten&#8220; style=&#8220;custom&#8220; custom_background=&#8220;#fc5623&#8243; custom_text=&#8220;#ffffff&#8220; shape=&#8220;square&#8220; align=&#8220;left&#8220; i_align=&#8220;right&#8220; i_icon_fontawesome=&#8220;fas fa-wrench&#8220; button_block=&#8220;true&#8220; add_icon=&#8220;true&#8220; link=&#8220;url:%2Fwp-content%2Fuploads%2F2023%2F10%2F2271-de-teknisk-data-centerdrevet-kost-timan-3400.pdf|title:Siehe%20technische%20Daten|target:_blank|&#8220; el_class=&#8220;custom-farve-btn&#8220;][vc_empty_space height=&#8220;5px&#8220;][vc_btn title=&#8220;Ger\u00e4te Timan 3330&#8243; style=&#8220;custom&#8220; custom_background=&#8220;#fc5623&#8243; custom_text=&#8220;#ffffff&#8220; shape=&#8220;square&#8220; align=&#8220;left&#8220; i_align=&#8220;right&#8220; i_icon_fontawesome=&#8220;fas fa-cogs&#8220; button_block=&#8220;true&#8220; add_icon=&#8220;true&#8220; link=&#8220;url:%2Fde%2Fgeraete%2Fgeraete-fuer-timan-3330%2F|title:Ger%C3%A4te%20f%C3%BCr%20Timan%203330&#8243;][vc_empty_space height=&#8220;30px&#8220;][vc_widget_sidebar sidebar_id=&#8220;sidebar-1&#8243; el_class=&#8220;contact-sidebar&#8220;][\/vc_column_inner][\/vc_row_inner]<div class=\"ult-spacer spacer-6a039bf2c3d56\" data-id=\"6a039bf2c3d56\" data-height=\"90\" data-height-mobile=\"60\" data-height-tab=\"90\" data-height-tab-portrait=\"60\" data-height-mobile-landscape=\"60\" style=\"clear:both;display:block;\"><\/div>[\/vc_column][\/vc_row][vc_row full_width=&#8220;stretch_row&#8220; bg_type=&#8220;bg_color&#8220; seperator_enable=&#8220;seperator_enable_value&#8220; seperator_type=&#8220;xlarge_triangle_left_seperator&#8220; seperator_svg_height=&#8220;60&#8243; seperator_shape_background=&#8220;#ffffff&#8220; height=&#8220;90&#8243; height_on_tabs=&#8220;90&#8243; height_on_tabs_portrait=&#8220;60&#8243; height_on_mob_landscape=&#8220;60&#8243; height_on_mob=&#8220;60&#8243; bg_color_value=&#8220;#ece8e1&#8243;][vc_column]<div class=\"ult-spacer spacer-6a039bf2c3d95\" data-id=\"6a039bf2c3d95\" data-height=\"90\" data-height-mobile=\"60\" data-height-tab=\"90\" data-height-tab-portrait=\"60\" data-height-mobile-landscape=\"60\" style=\"clear:both;display:block;\"><\/div>[\/vc_column][\/vc_row][vc_row full_width=&#8220;stretch_row&#8220; bg_type=&#8220;bg_color&#8220; bg_color_value=&#8220;#ece8e1&#8243;][vc_column css_animation=&#8220;fadeInUp&#8220;]<div class=\"ult-spacer spacer-6a039bf2c3dd4\" data-id=\"6a039bf2c3dd4\" data-height=\"90\" data-height-mobile=\"60\" data-height-tab=\"90\" data-height-tab-portrait=\"60\" data-height-mobile-landscape=\"60\" style=\"clear:both;display:block;\"><\/div>[vc_row_inner][vc_column_inner][vc_video link=&#8220;https:\/\/www.youtube.com\/watch?v=lRS5LX_JfuA&#8220;][\/vc_column_inner][\/vc_row_inner]<div class=\"ult-spacer spacer-6a039bf2c3e10\" data-id=\"6a039bf2c3e10\" data-height=\"90\" data-height-mobile=\"60\" data-height-tab=\"90\" data-height-tab-portrait=\"60\" data-height-mobile-landscape=\"60\" style=\"clear:both;display:block;\"><\/div>[\/vc_column][\/vc_row][vc_row full_width=&#8220;stretch_row&#8220; bg_type=&#8220;bg_color&#8220; seperator_enable=&#8220;seperator_enable_value&#8220; seperator_type=&#8220;xlarge_triangle_right_seperator&#8220; seperator_position=&#8220;bottom_seperator&#8220; seperator_svg_height=&#8220;60&#8243; seperator_shape_background=&#8220;#ffffff&#8220; height=&#8220;90&#8243; height_on_tabs=&#8220;90&#8243; height_on_tabs_portrait=&#8220;60&#8243; height_on_mob_landscape=&#8220;60&#8243; height_on_mob=&#8220;60&#8243; bg_color_value=&#8220;#ece8e1&#8243;][vc_column]<div class=\"ult-spacer spacer-6a039bf2c3e4b\" data-id=\"6a039bf2c3e4b\" data-height=\"90\" data-height-mobile=\"60\" data-height-tab=\"90\" data-height-tab-portrait=\"60\" data-height-mobile-landscape=\"60\" style=\"clear:both;display:block;\"><\/div>[\/vc_column][\/vc_row][vc_row full_width=&#8220;stretch_row&#8220;][vc_column css_animation=&#8220;fadeIn&#8220; css=&#8220;.vc_custom_1691106517578{padding-top: 0px !important;}&#8220;]<div class=\"ult-spacer spacer-6a039bf2c3e88\" data-id=\"6a039bf2c3e88\" data-height=\"90\" data-height-mobile=\"60\" data-height-tab=\"90\" data-height-tab-portrait=\"60\" data-height-mobile-landscape=\"60\" style=\"clear:both;display:block;\"><\/div>[vc_row_inner equal_height=&#8220;yes&#8220;][vc_column_inner offset=&#8220;vc_col-lg-6 vc_col-md-6 vc_col-xs-12&#8243;][vc_column_text]<\/p>\n<h3>\u200bEine kraftvolle B\u00fcrste mit Zentralantrieb f\u00fcr starken Schnee<\/h3>\n<p>[\/vc_column_text][vc_empty_space height=&#8220;30px&#8220;][vc_separator color=&#8220;custom&#8220; border_width=&#8220;2&#8243; accent_color=&#8220;#f7f7f7&#8243;][vc_empty_space height=&#8220;30px&#8220;][vc_column_text]Wenn der Winter kommt, ist es wichtig eine zuverl\u00e4ssige Maschine zu besitzen, die den Schnee einfach und effizient entfernt und zudem noch robust gebaut ist und auch nach vielen Eins\u00e4tzen noch tadellos funktioniert.<\/p>\n<p>Durch den Mittelantrieb ist es einfach an schwierige Stellen zu gelangen. Es ragen keine Antriebsteile links oder rechts \u00fcber, somit kann gefahrlos an Hausw\u00e4nden oder Bordsteinen gearbeitet werden, ohne diese zu besch\u00e4digen.[\/vc_column_text]<div class=\"ult-spacer spacer-6a039bf2c3ec3\" data-id=\"6a039bf2c3ec3\" data-height=\"0\" data-height-mobile=\"30\" data-height-tab=\"0\" data-height-tab-portrait=\"0\" data-height-mobile-landscape=\"30\" style=\"clear:both;display:block;\"><\/div>[\/vc_column_inner][vc_column_inner css=&#8220;.vc_custom_1692953937440{margin-right: 30px !important;margin-left: 30px !important;background-image: url(https:\/\/timan.dk\/wp-content\/uploads\/2023\/08\/img-1493-red.jpg?id=5605) !important;background-position: center !important;background-repeat: no-repeat !important;background-size: cover !important;}&#8220; offset=&#8220;vc_col-lg-6 vc_col-md-6 vc_col-xs-12&#8243;]<div class=\"ult-spacer spacer-6a039bf2c3efd\" data-id=\"6a039bf2c3efd\" data-height=\"0\" data-height-mobile=\"300\" data-height-tab=\"0\" data-height-tab-portrait=\"300\" data-height-mobile-landscape=\"300\" style=\"clear:both;display:block;\"><\/div>[\/vc_column_inner][\/vc_row_inner][vc_empty_space height=&#8220;30px&#8220;][vc_row_inner][vc_column_inner width=&#8220;1\/2&#8243;][vc_column_text]<br \/>\n\u200bDer Anbau erfolgt einfach und schnell \u00fcber die Hubarme des Tr\u00e4gerfahrzeugs und den Verriegelungshebel des Werkzeugtr\u00e4gers.<\/p>\n<p>\u200bDer verbaute Pendelausgleich der B\u00fcrsten bewirkt, dass die B\u00fcrsten unebenen Oberfl\u00e4chen mit einer Differenz von bis zu 75 mm folgen.<\/p>\n<p>\u200b\u200bUnser Parallelverschiebungssystem verschiebt den Besen seitlich beim Schwenken, wodurch die B\u00fcrste eine maximale Breite von 1350 mm<\/p>\n<p>Die Maschine kann zudem auch das ganze Jahr \u00fcber f\u00fcr zahlreiche andere Einsatzzwecke verwendet werden. Zum Beispiel f\u00fcr das Entfernen von Laub und Schmutz von Geh- oder Radwegen.<br \/>\n[\/vc_column_text]<div class=\"ult-spacer spacer-6a039bf2c3f33\" data-id=\"6a039bf2c3f33\" data-height=\"0\" data-height-mobile=\"15\" data-height-tab=\"0\" data-height-tab-portrait=\"0\" data-height-mobile-landscape=\"15\" style=\"clear:both;display:block;\"><\/div>[\/vc_column_inner][vc_column_inner width=&#8220;1\/2&#8243;][vc_column_text]Die Bedienung erfolgt einfach mit dem Joystick in der Kabine.<\/p>\n<p>\u200bF\u00fcr den Wintereinsatz empfiehlt sich der Einsatz mit unserem Teller oder Walzenstreuern.<\/p>\n<ul>\n<li>Hier kann au\u00dferdem die Drehrichtung der B\u00fcrste mit einem Klick ge\u00e4ndert werden. So kann Schnee oder Schmutz von Eing\u00e4ngen, Fenstern und Haust\u00fcren weg gekehrt werden ohne diese zu besch\u00e4digen oder zu beschmutzen.<\/li>\n<li>Timan 3400 Kehrmaschine kann auch im Herbst verwendet werden,um die Bl\u00e4tter aus den Gehwegen und Pfaden zu l\u00f6schen.<\/li>\n<\/ul>\n<p>[\/vc_column_text][\/vc_column_inner][\/vc_row_inner]<div class=\"ult-spacer spacer-6a039bf2c3f64\" data-id=\"6a039bf2c3f64\" data-height=\"90\" data-height-mobile=\"60\" data-height-tab=\"90\" data-height-tab-portrait=\"60\" data-height-mobile-landscape=\"60\" style=\"clear:both;display:block;\"><\/div>[\/vc_column][\/vc_row][vc_row full_width=&#8220;stretch_row&#8220; bg_type=&#8220;bg_color&#8220; seperator_enable=&#8220;seperator_enable_value&#8220; seperator_type=&#8220;xlarge_triangle_left_seperator&#8220; seperator_svg_height=&#8220;60&#8243; seperator_shape_background=&#8220;#ffffff&#8220; height=&#8220;90&#8243; height_on_tabs=&#8220;90&#8243; height_on_tabs_portrait=&#8220;60&#8243; height_on_mob_landscape=&#8220;60&#8243; height_on_mob=&#8220;60&#8243; bg_color_value=&#8220;#ece8e1&#8243;][vc_column]<div class=\"ult-spacer spacer-6a039bf2c3f98\" data-id=\"6a039bf2c3f98\" data-height=\"90\" data-height-mobile=\"60\" data-height-tab=\"90\" data-height-tab-portrait=\"60\" data-height-mobile-landscape=\"60\" style=\"clear:both;display:block;\"><\/div>[\/vc_column][\/vc_row][vc_row full_width=&#8220;stretch_row&#8220; el_class=&#8220;overlay white cta parallax&#8220; css=&#8220;.vc_custom_1691133202809{background-image: url(https:\/\/timan.dk\/wp-content\/uploads\/2023\/08\/16966-116.jpg?id=5540) !important;background-position: center !important;background-repeat: no-repeat !important;background-size: cover !important;}&#8220;][vc_column]<div class=\"ult-spacer spacer-6a039bf2c3fcb\" data-id=\"6a039bf2c3fcb\" data-height=\"90\" data-height-mobile=\"60\" data-height-tab=\"90\" data-height-tab-portrait=\"60\" data-height-mobile-landscape=\"60\" style=\"clear:both;display:block;\"><\/div>[vc_row_inner][vc_column_inner width=&#8220;1\/4&#8243;][\/vc_column_inner][vc_column_inner width=&#8220;1\/2&#8243;][vc_column_text]<\/p>\n<h6 style=\"text-align: center;\">Haben Sie nicht gefunden, was Sie brauchten?<\/h6>\n<h3 style=\"text-align: center;\">Kontaktieren Sie uns noch heute<\/h3>\n<p style=\"text-align: center;\">Wenn Sie die von Ihnen ben\u00f6tigte L\u00f6sung nicht gefunden haben, kontaktieren Sie uns bitte unter <a href=\"tel:004597330360\">(+45) 97 33 03 60<\/a> oder Senden Sie eine E-Mail an <a href=\"mailto:info@timan.dk\">info@timan.dk<\/a>, wo wir Ihnen gerne weiterhelfen.<\/p>\n<p style=\"text-align: center;\">Wir freuen uns auf Ihre Kontaktaufnahme.<\/p>\n<p>[\/vc_column_text][vc_empty_space height=&#8220;30px&#8220;][vc_btn title=&#8220;Kontaktieren Sie uns&#8220; style=&#8220;custom&#8220; custom_background=&#8220;#fc5623&#8243; custom_text=&#8220;#ffffff&#8220; shape=&#8220;square&#8220; align=&#8220;center&#8220; link=&#8220;url:https%3A%2F%2Ftiman.dk%2Fde%2Fkontakt%2F|title:Kontakt|&#8220;][\/vc_column_inner][vc_column_inner width=&#8220;1\/4&#8243;][\/vc_column_inner][\/vc_row_inner]<div class=\"ult-spacer spacer-6a039bf2c3ffc\" data-id=\"6a039bf2c3ffc\" data-height=\"90\" data-height-mobile=\"60\" data-height-tab=\"90\" data-height-tab-portrait=\"60\" data-height-mobile-landscape=\"60\" style=\"clear:both;display:block;\"><\/div>[\/vc_column][\/vc_row]<\/p>\n<\/div>","protected":false},"excerpt":{"rendered":"<p>[vc_row full_width=&#8220;stretch_row&#8220;][vc_column][vc_column_text] Zentrumsnahe Kehrwalze &#8211; Timan 3330 [\/vc_column_text][vc_empty_space height=&#8220;30px&#8220;][vc_separator color=&#8220;custom&#8220; border_width=&#8220;2&#8243; accent_color=&#8220;#f7f7f7&#8243;][vc_empty_space height=&#8220;30px&#8220;][vc_row_inner][vc_column_inner offset=&#8220;vc_col-lg-8 vc_col-md-8 vc_col-xs-12&#8243;][vc_column_text] Zuverl\u00e4ssige Maschine Vor der Winterankunft ist es n\u00f6tig, sich eine zuverl\u00e4ssige Maschine zu besorgen, die leicht und effektiv den Schnee wegr\u00e4umen kann. Diese leistungsstarke und hydraulische Kehrwalze l\u00e4sst die Gehsteige, Fu\u00dfwege und Stra\u00dfen sch\u00f6n sauber.[\/vc_column_text][vc_empty_space height=&#8220;30px&#8220;][vc_column_text css=&#8220;.vc_custom_1692952362532{background-color: #f7f7f7 !important;}&#8220;] &#8230; <a title=\"Zentrumsnahe Kehrwalze\" class=\"read-more\" href=\"https:\/\/timan.dk\/de\/geraete\/geraete-fuer-timan-3330\/kehrwalze\/\" aria-label=\"Mehr Informationen \u00fcber Zentrumsnahe Kehrwalze\">Weiterlesen &#8230;<\/a><\/p>\n","protected":false},"author":1,"featured_media":6275,"parent":7847,"menu_order":27,"comment_status":"closed","ping_status":"closed","template":"","meta":{"_acf_changed":false,"footnotes":""},"categories":[91,92,93],"class_list":{"0":"post-7895","1":"page","2":"type-page","3":"status-publish","4":"has-post-thumbnail","6":"category-Gerte-timan-3330","7":"category-kehr-saug","8":"category-winterdienst"},"acf":[],"yoast_head":"<!-- This site is optimized with the Yoast SEO plugin v27.5 - https:\/\/yoast.com\/product\/yoast-seo-wordpress\/ -->\n<title>Kehrwalze \u2013 geeignet f\u00fcr Winter und Schnee | Timan A\/S<\/title>\n<meta name=\"robots\" content=\"index, follow, max-snippet:-1, max-image-preview:large, max-video-preview:-1\" \/>\n<link rel=\"canonical\" href=\"https:\/\/timan.dk\/de\/geraete\/geraete-fuer-timan-3330\/kehrwalze\/\" \/>\n<meta property=\"og:locale\" content=\"de_DE\" \/>\n<meta property=\"og:type\" content=\"article\" \/>\n<meta property=\"og:title\" content=\"Kehrwalze \u2013 geeignet f\u00fcr Winter und Schnee | Timan A\/S\" \/>\n<meta property=\"og:description\" content=\"[vc_row full_width=&#8220;stretch_row&#8220;][vc_column][vc_column_text] Zentrumsnahe Kehrwalze &#8211; Timan 3330 [\/vc_column_text][vc_empty_space height=&#8220;30px&#8220;][vc_separator color=&#8220;custom&#8220; border_width=&#8220;2&#8243; accent_color=&#8220;#f7f7f7&#8243;][vc_empty_space height=&#8220;30px&#8220;][vc_row_inner][vc_column_inner offset=&#8220;vc_col-lg-8 vc_col-md-8 vc_col-xs-12&#8243;][vc_column_text] Zuverl\u00e4ssige Maschine Vor der Winterankunft ist es n\u00f6tig, sich eine zuverl\u00e4ssige Maschine zu besorgen, die leicht und effektiv den Schnee wegr\u00e4umen kann. Diese leistungsstarke und hydraulische Kehrwalze l\u00e4sst die Gehsteige, Fu\u00dfwege und Stra\u00dfen sch\u00f6n sauber.[\/vc_column_text][vc_empty_space height=&#8220;30px&#8220;][vc_column_text css=&#8220;.vc_custom_1692952362532{background-color: #f7f7f7 !important;}&#8220;] ... Weiterlesen ...\" \/>\n<meta property=\"og:url\" content=\"https:\/\/timan.dk\/de\/geraete\/geraete-fuer-timan-3330\/kehrwalze\/\" \/>\n<meta property=\"og:site_name\" content=\"Timan A\/S\" \/>\n<meta property=\"article:modified_time\" content=\"2025-01-02T12:35:34+00:00\" \/>\n<meta property=\"og:image\" content=\"https:\/\/timan.dk\/wp-content\/uploads\/2023\/08\/koncepttekst-red.jpg\" \/>\n\t<meta property=\"og:image:width\" content=\"1500\" \/>\n\t<meta property=\"og:image:height\" content=\"893\" \/>\n\t<meta property=\"og:image:type\" content=\"image\/jpeg\" \/>\n<meta name=\"twitter:card\" content=\"summary_large_image\" \/>\n<meta name=\"twitter:label1\" content=\"Gesch\u00e4tzte Lesezeit\" \/>\n\t<meta name=\"twitter:data1\" content=\"7\u00a0Minuten\" \/>\n<script type=\"application\/ld+json\" class=\"yoast-schema-graph\">{\"@context\":\"https:\\\/\\\/schema.org\",\"@graph\":[{\"@type\":\"WebPage\",\"@id\":\"https:\\\/\\\/timan.dk\\\/de\\\/geraete\\\/geraete-fuer-timan-3330\\\/kehrwalze\\\/\",\"url\":\"https:\\\/\\\/timan.dk\\\/de\\\/geraete\\\/geraete-fuer-timan-3330\\\/kehrwalze\\\/\",\"name\":\"Kehrwalze \u2013 geeignet f\u00fcr Winter und Schnee | Timan A\\\/S\",\"isPartOf\":{\"@id\":\"https:\\\/\\\/timan.dk\\\/#website\"},\"primaryImageOfPage\":{\"@id\":\"https:\\\/\\\/timan.dk\\\/de\\\/geraete\\\/geraete-fuer-timan-3330\\\/kehrwalze\\\/#primaryimage\"},\"image\":{\"@id\":\"https:\\\/\\\/timan.dk\\\/de\\\/geraete\\\/geraete-fuer-timan-3330\\\/kehrwalze\\\/#primaryimage\"},\"thumbnailUrl\":\"https:\\\/\\\/timan.dk\\\/wp-content\\\/uploads\\\/2023\\\/08\\\/koncepttekst-red.jpg\",\"datePublished\":\"2023-08-23T08:35:18+00:00\",\"dateModified\":\"2025-01-02T12:35:34+00:00\",\"breadcrumb\":{\"@id\":\"https:\\\/\\\/timan.dk\\\/de\\\/geraete\\\/geraete-fuer-timan-3330\\\/kehrwalze\\\/#breadcrumb\"},\"inLanguage\":\"de\",\"potentialAction\":[{\"@type\":\"ReadAction\",\"target\":[\"https:\\\/\\\/timan.dk\\\/de\\\/geraete\\\/geraete-fuer-timan-3330\\\/kehrwalze\\\/\"]}]},{\"@type\":\"ImageObject\",\"inLanguage\":\"de\",\"@id\":\"https:\\\/\\\/timan.dk\\\/de\\\/geraete\\\/geraete-fuer-timan-3330\\\/kehrwalze\\\/#primaryimage\",\"url\":\"https:\\\/\\\/timan.dk\\\/wp-content\\\/uploads\\\/2023\\\/08\\\/koncepttekst-red.jpg\",\"contentUrl\":\"https:\\\/\\\/timan.dk\\\/wp-content\\\/uploads\\\/2023\\\/08\\\/koncepttekst-red.jpg\",\"width\":1500,\"height\":893},{\"@type\":\"BreadcrumbList\",\"@id\":\"https:\\\/\\\/timan.dk\\\/de\\\/geraete\\\/geraete-fuer-timan-3330\\\/kehrwalze\\\/#breadcrumb\",\"itemListElement\":[{\"@type\":\"ListItem\",\"position\":1,\"name\":\"Hjem\",\"item\":\"https:\\\/\\\/timan.dk\\\/de\\\/\"},{\"@type\":\"ListItem\",\"position\":2,\"name\":\"Ger\u00e4te\",\"item\":\"https:\\\/\\\/timan.dk\\\/de\\\/geraete\\\/\"},{\"@type\":\"ListItem\",\"position\":3,\"name\":\"Ger\u00e4te f\u00fcr Timan 3330\",\"item\":\"https:\\\/\\\/timan.dk\\\/de\\\/geraete\\\/geraete-fuer-timan-3330\\\/\"},{\"@type\":\"ListItem\",\"position\":4,\"name\":\"Zentrumsnahe Kehrwalze\"}]},{\"@type\":\"WebSite\",\"@id\":\"https:\\\/\\\/timan.dk\\\/#website\",\"url\":\"https:\\\/\\\/timan.dk\\\/\",\"name\":\"Timan A\\\/S\",\"description\":\"Kehrmaschinen mit Auffangbeh\u00e4lter, B\u00f6schungsm\u00e4her, ferngesteuerte Schlegelm\u00e4her in D\u00e4nemark\",\"publisher\":{\"@id\":\"https:\\\/\\\/timan.dk\\\/#organization\"},\"potentialAction\":[{\"@type\":\"SearchAction\",\"target\":{\"@type\":\"EntryPoint\",\"urlTemplate\":\"https:\\\/\\\/timan.dk\\\/?s={search_term_string}\"},\"query-input\":{\"@type\":\"PropertyValueSpecification\",\"valueRequired\":true,\"valueName\":\"search_term_string\"}}],\"inLanguage\":\"de\"},{\"@type\":\"Organization\",\"@id\":\"https:\\\/\\\/timan.dk\\\/#organization\",\"name\":\"Timan A\\\/S\",\"url\":\"https:\\\/\\\/timan.dk\\\/\",\"logo\":{\"@type\":\"ImageObject\",\"inLanguage\":\"de\",\"@id\":\"https:\\\/\\\/timan.dk\\\/#\\\/schema\\\/logo\\\/image\\\/\",\"url\":\"https:\\\/\\\/timan.dk\\\/wp-content\\\/uploads\\\/2023\\\/08\\\/logo-timan-cut.png\",\"contentUrl\":\"https:\\\/\\\/timan.dk\\\/wp-content\\\/uploads\\\/2023\\\/08\\\/logo-timan-cut.png\",\"width\":2048,\"height\":599,\"caption\":\"Timan A\\\/S\"},\"image\":{\"@id\":\"https:\\\/\\\/timan.dk\\\/#\\\/schema\\\/logo\\\/image\\\/\"}}]}<\/script>\n<!-- \/ Yoast SEO plugin. -->","yoast_head_json":{"title":"Kehrwalze \u2013 geeignet f\u00fcr Winter und Schnee | Timan A\/S","robots":{"index":"index","follow":"follow","max-snippet":"max-snippet:-1","max-image-preview":"max-image-preview:large","max-video-preview":"max-video-preview:-1"},"canonical":"https:\/\/timan.dk\/de\/geraete\/geraete-fuer-timan-3330\/kehrwalze\/","og_locale":"de_DE","og_type":"article","og_title":"Kehrwalze \u2013 geeignet f\u00fcr Winter und Schnee | Timan A\/S","og_description":"[vc_row full_width=&#8220;stretch_row&#8220;][vc_column][vc_column_text] Zentrumsnahe Kehrwalze &#8211; Timan 3330 [\/vc_column_text][vc_empty_space height=&#8220;30px&#8220;][vc_separator color=&#8220;custom&#8220; border_width=&#8220;2&#8243; accent_color=&#8220;#f7f7f7&#8243;][vc_empty_space height=&#8220;30px&#8220;][vc_row_inner][vc_column_inner offset=&#8220;vc_col-lg-8 vc_col-md-8 vc_col-xs-12&#8243;][vc_column_text] Zuverl\u00e4ssige Maschine Vor der Winterankunft ist es n\u00f6tig, sich eine zuverl\u00e4ssige Maschine zu besorgen, die leicht und effektiv den Schnee wegr\u00e4umen kann. Diese leistungsstarke und hydraulische Kehrwalze l\u00e4sst die Gehsteige, Fu\u00dfwege und Stra\u00dfen sch\u00f6n sauber.[\/vc_column_text][vc_empty_space height=&#8220;30px&#8220;][vc_column_text css=&#8220;.vc_custom_1692952362532{background-color: #f7f7f7 !important;}&#8220;] ... Weiterlesen ...","og_url":"https:\/\/timan.dk\/de\/geraete\/geraete-fuer-timan-3330\/kehrwalze\/","og_site_name":"Timan A\/S","article_modified_time":"2025-01-02T12:35:34+00:00","og_image":[{"width":1500,"height":893,"url":"https:\/\/timan.dk\/wp-content\/uploads\/2023\/08\/koncepttekst-red.jpg","type":"image\/jpeg"}],"twitter_card":"summary_large_image","twitter_misc":{"Gesch\u00e4tzte Lesezeit":"7\u00a0Minuten"},"schema":{"@context":"https:\/\/schema.org","@graph":[{"@type":"WebPage","@id":"https:\/\/timan.dk\/de\/geraete\/geraete-fuer-timan-3330\/kehrwalze\/","url":"https:\/\/timan.dk\/de\/geraete\/geraete-fuer-timan-3330\/kehrwalze\/","name":"Kehrwalze \u2013 geeignet f\u00fcr Winter und Schnee | Timan A\/S","isPartOf":{"@id":"https:\/\/timan.dk\/#website"},"primaryImageOfPage":{"@id":"https:\/\/timan.dk\/de\/geraete\/geraete-fuer-timan-3330\/kehrwalze\/#primaryimage"},"image":{"@id":"https:\/\/timan.dk\/de\/geraete\/geraete-fuer-timan-3330\/kehrwalze\/#primaryimage"},"thumbnailUrl":"https:\/\/timan.dk\/wp-content\/uploads\/2023\/08\/koncepttekst-red.jpg","datePublished":"2023-08-23T08:35:18+00:00","dateModified":"2025-01-02T12:35:34+00:00","breadcrumb":{"@id":"https:\/\/timan.dk\/de\/geraete\/geraete-fuer-timan-3330\/kehrwalze\/#breadcrumb"},"inLanguage":"de","potentialAction":[{"@type":"ReadAction","target":["https:\/\/timan.dk\/de\/geraete\/geraete-fuer-timan-3330\/kehrwalze\/"]}]},{"@type":"ImageObject","inLanguage":"de","@id":"https:\/\/timan.dk\/de\/geraete\/geraete-fuer-timan-3330\/kehrwalze\/#primaryimage","url":"https:\/\/timan.dk\/wp-content\/uploads\/2023\/08\/koncepttekst-red.jpg","contentUrl":"https:\/\/timan.dk\/wp-content\/uploads\/2023\/08\/koncepttekst-red.jpg","width":1500,"height":893},{"@type":"BreadcrumbList","@id":"https:\/\/timan.dk\/de\/geraete\/geraete-fuer-timan-3330\/kehrwalze\/#breadcrumb","itemListElement":[{"@type":"ListItem","position":1,"name":"Hjem","item":"https:\/\/timan.dk\/de\/"},{"@type":"ListItem","position":2,"name":"Ger\u00e4te","item":"https:\/\/timan.dk\/de\/geraete\/"},{"@type":"ListItem","position":3,"name":"Ger\u00e4te f\u00fcr Timan 3330","item":"https:\/\/timan.dk\/de\/geraete\/geraete-fuer-timan-3330\/"},{"@type":"ListItem","position":4,"name":"Zentrumsnahe Kehrwalze"}]},{"@type":"WebSite","@id":"https:\/\/timan.dk\/#website","url":"https:\/\/timan.dk\/","name":"Timan A\/S","description":"Kehrmaschinen mit Auffangbeh\u00e4lter, B\u00f6schungsm\u00e4her, ferngesteuerte Schlegelm\u00e4her in D\u00e4nemark","publisher":{"@id":"https:\/\/timan.dk\/#organization"},"potentialAction":[{"@type":"SearchAction","target":{"@type":"EntryPoint","urlTemplate":"https:\/\/timan.dk\/?s={search_term_string}"},"query-input":{"@type":"PropertyValueSpecification","valueRequired":true,"valueName":"search_term_string"}}],"inLanguage":"de"},{"@type":"Organization","@id":"https:\/\/timan.dk\/#organization","name":"Timan A\/S","url":"https:\/\/timan.dk\/","logo":{"@type":"ImageObject","inLanguage":"de","@id":"https:\/\/timan.dk\/#\/schema\/logo\/image\/","url":"https:\/\/timan.dk\/wp-content\/uploads\/2023\/08\/logo-timan-cut.png","contentUrl":"https:\/\/timan.dk\/wp-content\/uploads\/2023\/08\/logo-timan-cut.png","width":2048,"height":599,"caption":"Timan A\/S"},"image":{"@id":"https:\/\/timan.dk\/#\/schema\/logo\/image\/"}}]}},"_links":{"self":[{"href":"https:\/\/timan.dk\/de\/wp-json\/wp\/v2\/pages\/7895","targetHints":{"allow":["GET"]}}],"collection":[{"href":"https:\/\/timan.dk\/de\/wp-json\/wp\/v2\/pages"}],"about":[{"href":"https:\/\/timan.dk\/de\/wp-json\/wp\/v2\/types\/page"}],"author":[{"embeddable":true,"href":"https:\/\/timan.dk\/de\/wp-json\/wp\/v2\/users\/1"}],"replies":[{"embeddable":true,"href":"https:\/\/timan.dk\/de\/wp-json\/wp\/v2\/comments?post=7895"}],"version-history":[{"count":8,"href":"https:\/\/timan.dk\/de\/wp-json\/wp\/v2\/pages\/7895\/revisions"}],"predecessor-version":[{"id":11366,"href":"https:\/\/timan.dk\/de\/wp-json\/wp\/v2\/pages\/7895\/revisions\/11366"}],"up":[{"embeddable":true,"href":"https:\/\/timan.dk\/de\/wp-json\/wp\/v2\/pages\/7847"}],"wp:featuredmedia":[{"embeddable":true,"href":"https:\/\/timan.dk\/de\/wp-json\/wp\/v2\/media\/6275"}],"wp:attachment":[{"href":"https:\/\/timan.dk\/de\/wp-json\/wp\/v2\/media?parent=7895"}],"wp:term":[{"taxonomy":"category","embeddable":true,"href":"https:\/\/timan.dk\/de\/wp-json\/wp\/v2\/categories?post=7895"}],"curies":[{"name":"wp","href":"https:\/\/api.w.org\/{rel}","templated":true}]}}