{"id":7948,"date":"2023-08-23T12:09:15","date_gmt":"2023-08-23T10:09:15","guid":{"rendered":"https:\/\/timan.dk\/Ger\u00e4te-fuer-timan-3330\/schaufel\/"},"modified":"2024-05-14T12:58:55","modified_gmt":"2024-05-14T10:58:55","slug":"schaufel","status":"publish","type":"page","link":"https:\/\/timan.dk\/de\/geraete\/geraete-fuer-timan-3330\/schaufel\/","title":{"rendered":"Schaufel"},"content":{"rendered":"<div class=\"wpb-content-wrapper\"><p>[vc_row full_width=&#8220;stretch_row&#8220;][vc_column]<div class=\"ult-spacer spacer-6a039c1cd037c\" data-id=\"6a039c1cd037c\" data-height=\"90\" data-height-mobile=\"60\" data-height-tab=\"90\" data-height-tab-portrait=\"60\" data-height-mobile-landscape=\"60\" style=\"clear:both;display:block;\"><\/div>[vc_column_text]<\/p>\n<h2>Frontschaufel<\/h2>\n<p>[\/vc_column_text][vc_empty_space height=&#8220;30px&#8220;][vc_separator color=&#8220;custom&#8220; border_width=&#8220;2&#8243; accent_color=&#8220;#f7f7f7&#8243;][vc_empty_space height=&#8220;30px&#8220;][vc_row_inner][vc_column_inner offset=&#8220;vc_col-lg-8 vc_col-md-8 vc_col-xs-12&#8243;][vc_column_text]<\/p>\n<h3>Verbesserte Arbeitsumgebung<\/h3>\n<p>Mit der Frontschaufel mit hydraulische Kipfunktion f\u00fcr den Timan 3330 sind die Tage der schweren Arbeit, z.B. beim schweren Heben oder mit der Schubkarre vorbei.[\/vc_column_text][vc_empty_space height=&#8220;30px&#8220;][vc_column_text css=&#8220;.vc_custom_1692952362532{background-color: #f7f7f7 !important;}&#8220;]<\/p>\n<blockquote><p>&#8222;\u200bMachen Sie sich bereit f\u00fcr eine bessere Arbeitserfahrung.&#8220;<\/p><\/blockquote>\n<p>[\/vc_column_text][vc_empty_space height=&#8220;30px&#8220;][vc_single_image image=&#8220;6059&#8243; img_size=&#8220;full&#8220;][vc_empty_space height=&#8220;15px&#8220;][vc_media_grid style=&#8220;pagination&#8220; items_per_page=&#8220;3&#8243; arrows_design=&#8220;vc_arrow-icon-arrow_01_left&#8220; arrows_position=&#8220;outside&#8220; arrows_color=&#8220;black&#8220; paging_design=&#8220;none&#8220; loop=&#8220;yes&#8220; autoplay=&#8220;6&#8243; grid_id=&#8220;vc_gid:1709545845866-d8414b5f-4982-1&#8243; include=&#8220;7233,6271,6025,6079,6201,7236&#8243;]<div class=\"ult-spacer spacer-6a039c1cd03ca\" data-id=\"6a039c1cd03ca\" data-height=\"0\" data-height-mobile=\"30\" data-height-tab=\"0\" data-height-tab-portrait=\"30\" data-height-mobile-landscape=\"30\" style=\"clear:both;display:block;\"><\/div>[\/vc_column_inner][vc_column_inner offset=&#8220;vc_col-lg-4 vc_col-md-4 vc_col-xs-12&#8243;][vc_column_text el_class=&#8220;custom-sidebar-boks&#8220;]<\/p>\n<h4>Was Sie erhalten:\u200b<\/h4>\n<ul>\n<li>Verwenden Sie es zum Auslegen und Nivellieren von Kies auf Wegen<\/li>\n<li>Verbesserte Arbeitsumwelt<\/li>\n<li>Hydraulische Neigungsfunktion<\/li>\n<\/ul>\n<p>[\/vc_column_text][vc_empty_space height=&#8220;30px&#8220;][vc_btn title=&#8220;Prospekt herunterladen&#8220; style=&#8220;custom&#8220; custom_background=&#8220;#fc5623&#8243; custom_text=&#8220;#ffffff&#8220; shape=&#8220;square&#8220; align=&#8220;left&#8220; i_align=&#8220;right&#8220; i_icon_fontawesome=&#8220;fas fa-download&#8220; button_block=&#8220;true&#8220; add_icon=&#8220;true&#8220; link=&#8220;url:%2Fwp-content%2Fuploads%2F2023%2F10%2F2670-mail-timan-brochure-3330-de.pdf|title:Prospekt%20herunterladen|target:_blank&#8220; el_class=&#8220;custom-farve-btn&#8220;][vc_empty_space height=&#8220;5px&#8220;][vc_btn title=&#8220;Technische Daten&#8220; style=&#8220;custom&#8220; custom_background=&#8220;#fc5623&#8243; custom_text=&#8220;#ffffff&#8220; shape=&#8220;square&#8220; align=&#8220;left&#8220; i_align=&#8220;right&#8220; i_icon_fontawesome=&#8220;fas fa-wrench&#8220; button_block=&#8220;true&#8220; add_icon=&#8220;true&#8220; link=&#8220;url:%2Fwp-content%2Fuploads%2F2023%2F10%2F2890-data-schaufel-3330-de.pdf|title:Technische%20Daten|target:_blank&#8220; el_class=&#8220;custom-farve-btn&#8220;][vc_empty_space height=&#8220;5px&#8220;][vc_btn title=&#8220;Ger\u00e4te Timan 3330&#8243; style=&#8220;custom&#8220; custom_background=&#8220;#fc5623&#8243; custom_text=&#8220;#ffffff&#8220; shape=&#8220;square&#8220; align=&#8220;left&#8220; i_align=&#8220;right&#8220; i_icon_fontawesome=&#8220;fas fa-cogs&#8220; button_block=&#8220;true&#8220; add_icon=&#8220;true&#8220; link=&#8220;url:%2Fde%2Fgeraete%2Fgeraete-fuer-timan-3330%2F|title:Ger%C3%A4te%20f%C3%BCr%20Timan%203330&#8243;][vc_empty_space height=&#8220;30px&#8220;][vc_widget_sidebar sidebar_id=&#8220;sidebar-1&#8243; el_class=&#8220;contact-sidebar&#8220;][\/vc_column_inner][\/vc_row_inner]<div class=\"ult-spacer spacer-6a039c1cd03f6\" data-id=\"6a039c1cd03f6\" data-height=\"90\" data-height-mobile=\"60\" data-height-tab=\"90\" data-height-tab-portrait=\"60\" data-height-mobile-landscape=\"60\" style=\"clear:both;display:block;\"><\/div>[\/vc_column][\/vc_row][vc_row full_width=&#8220;stretch_row&#8220;][vc_column css_animation=&#8220;fadeIn&#8220; css=&#8220;.vc_custom_1691106517578{padding-top: 0px !important;}&#8220;]<div class=\"ult-spacer spacer-6a039c1cd0420\" data-id=\"6a039c1cd0420\" data-height=\"90\" data-height-mobile=\"60\" data-height-tab=\"90\" data-height-tab-portrait=\"60\" data-height-mobile-landscape=\"60\" style=\"clear:both;display:block;\"><\/div>[vc_row_inner equal_height=&#8220;yes&#8220;][vc_column_inner offset=&#8220;vc_col-lg-6 vc_col-md-6 vc_col-xs-12&#8243;][vc_column_text]<\/p>\n<h3>Das perfekte Werkzeug<\/h3>\n<p>[\/vc_column_text][vc_empty_space height=&#8220;30px&#8220;][vc_separator color=&#8220;custom&#8220; border_width=&#8220;2&#8243; accent_color=&#8220;#f7f7f7&#8243;][vc_empty_space height=&#8220;30px&#8220;][vc_column_text]Die Frontshaufel erleichtert betr\u00e4chtlich den Arbeitstag und spart sowohl Zeit als auch Energie.<\/p>\n<p>So zum Beispiel ist eine Frontschaufel eine ausgezeichnetes Ger\u00e4t auf dem Friedhof.<\/p>\n<p>Die Frontshaufel erleichtert betr\u00e4chtlich den Arbeitstag und spart sowohl Zeit als auch Energie<\/p>\n<p>Die Frontshaufel kann f\u00fcr Auflegen oder Spachteln von Kies auf den Fu\u00dfwegen und Stra\u00dfen verwendet werden.<\/p>\n<ul>\n<li>\u200b\u200b\u200bEr kann schweres Heben und schlechte K\u00f6rperhaltungen bei der Arbeit vermeiden.<\/li>\n<\/ul>\n<p>[\/vc_column_text]<div class=\"ult-spacer spacer-6a039c1cd0443\" data-id=\"6a039c1cd0443\" data-height=\"0\" data-height-mobile=\"30\" data-height-tab=\"0\" data-height-tab-portrait=\"0\" data-height-mobile-landscape=\"30\" style=\"clear:both;display:block;\"><\/div>[\/vc_column_inner][vc_column_inner css=&#8220;.vc_custom_1692965878178{margin-right: 30px !important;margin-left: 30px !important;background-image: url(https:\/\/timan.dk\/wp-content\/uploads\/2023\/08\/timan-3330-skovl-redskabsbaerer-29697.jpg?id=7224) !important;background-position: center !important;background-repeat: no-repeat !important;background-size: cover !important;}&#8220; offset=&#8220;vc_col-lg-6 vc_col-md-6 vc_col-xs-12&#8243;]<div class=\"ult-spacer spacer-6a039c1cd0465\" data-id=\"6a039c1cd0465\" data-height=\"0\" data-height-mobile=\"300\" data-height-tab=\"0\" data-height-tab-portrait=\"300\" data-height-mobile-landscape=\"300\" style=\"clear:both;display:block;\"><\/div>[\/vc_column_inner][\/vc_row_inner]<div class=\"ult-spacer spacer-6a039c1cd048f\" data-id=\"6a039c1cd048f\" data-height=\"90\" data-height-mobile=\"60\" data-height-tab=\"90\" data-height-tab-portrait=\"60\" data-height-mobile-landscape=\"60\" style=\"clear:both;display:block;\"><\/div>[\/vc_column][\/vc_row][vc_row full_width=&#8220;stretch_row&#8220; bg_type=&#8220;bg_color&#8220; seperator_enable=&#8220;seperator_enable_value&#8220; seperator_type=&#8220;xlarge_triangle_left_seperator&#8220; seperator_svg_height=&#8220;60&#8243; seperator_shape_background=&#8220;#ffffff&#8220; height=&#8220;90&#8243; height_on_tabs=&#8220;90&#8243; height_on_tabs_portrait=&#8220;60&#8243; height_on_mob_landscape=&#8220;60&#8243; height_on_mob=&#8220;60&#8243; bg_color_value=&#8220;#ece8e1&#8243;][vc_column]<div class=\"ult-spacer spacer-6a039c1cd04af\" data-id=\"6a039c1cd04af\" data-height=\"90\" data-height-mobile=\"60\" data-height-tab=\"90\" data-height-tab-portrait=\"60\" data-height-mobile-landscape=\"60\" style=\"clear:both;display:block;\"><\/div>[\/vc_column][\/vc_row][vc_row full_width=&#8220;stretch_row&#8220; el_class=&#8220;overlay white cta parallax&#8220; css=&#8220;.vc_custom_1691133202809{background-image: url(https:\/\/timan.dk\/wp-content\/uploads\/2023\/08\/16966-116.jpg?id=5540) !important;background-position: center !important;background-repeat: no-repeat !important;background-size: cover !important;}&#8220;][vc_column]<div class=\"ult-spacer spacer-6a039c1cd04cf\" data-id=\"6a039c1cd04cf\" data-height=\"90\" data-height-mobile=\"60\" data-height-tab=\"90\" data-height-tab-portrait=\"60\" data-height-mobile-landscape=\"60\" style=\"clear:both;display:block;\"><\/div>[vc_row_inner][vc_column_inner width=&#8220;1\/4&#8243;][\/vc_column_inner][vc_column_inner width=&#8220;1\/2&#8243;][vc_column_text]<\/p>\n<h6 style=\"text-align: center;\">Haben Sie nicht gefunden, was Sie brauchten?<\/h6>\n<h3 style=\"text-align: center;\">Kontaktieren Sie uns noch heute<\/h3>\n<p style=\"text-align: center;\">Wenn Sie die von Ihnen ben\u00f6tigte L\u00f6sung nicht gefunden haben, kontaktieren Sie uns bitte unter <a href=\"tel:004597330360\">(+45) 97 33 03 60<\/a> oder Senden Sie eine E-Mail an <a href=\"mailto:info@timan.dk\">info@timan.dk<\/a>, wo wir Ihnen gerne weiterhelfen.<\/p>\n<p style=\"text-align: center;\">Wir freuen uns auf Ihre Kontaktaufnahme.<\/p>\n<p>\u00a0[\/vc_column_text][vc_empty_space height=&#8220;30px&#8220;][vc_btn title=&#8220;Kontaktieren Sie uns&#8220; style=&#8220;custom&#8220; custom_background=&#8220;#fc5623&#8243; custom_text=&#8220;#ffffff&#8220; shape=&#8220;square&#8220; align=&#8220;center&#8220; link=&#8220;url:https%3A%2F%2Ftiman.dk%2Fde%2Fkontakt%2F|title:Kontakt|&#8220;][\/vc_column_inner][vc_column_inner width=&#8220;1\/4&#8243;][\/vc_column_inner][\/vc_row_inner]<div class=\"ult-spacer spacer-6a039c1cd04ed\" data-id=\"6a039c1cd04ed\" data-height=\"90\" data-height-mobile=\"60\" data-height-tab=\"90\" data-height-tab-portrait=\"60\" data-height-mobile-landscape=\"60\" style=\"clear:both;display:block;\"><\/div>[\/vc_column][\/vc_row]<\/p>\n<\/div>","protected":false},"excerpt":{"rendered":"<p>[vc_row full_width=&#8220;stretch_row&#8220;][vc_column][vc_column_text] Frontschaufel [\/vc_column_text][vc_empty_space height=&#8220;30px&#8220;][vc_separator color=&#8220;custom&#8220; border_width=&#8220;2&#8243; accent_color=&#8220;#f7f7f7&#8243;][vc_empty_space height=&#8220;30px&#8220;][vc_row_inner][vc_column_inner offset=&#8220;vc_col-lg-8 vc_col-md-8 vc_col-xs-12&#8243;][vc_column_text] Verbesserte Arbeitsumgebung Mit der Frontschaufel mit hydraulische Kipfunktion f\u00fcr den Timan 3330 sind die Tage der schweren Arbeit, z.B. beim schweren Heben oder mit der Schubkarre vorbei.[\/vc_column_text][vc_empty_space height=&#8220;30px&#8220;][vc_column_text css=&#8220;.vc_custom_1692952362532{background-color: #f7f7f7 !important;}&#8220;] &#8222;\u200bMachen Sie sich bereit f\u00fcr eine bessere Arbeitserfahrung.&#8220; [\/vc_column_text][vc_empty_space height=&#8220;30px&#8220;][vc_single_image image=&#8220;6059&#8243; img_size=&#8220;full&#8220;][vc_empty_space &#8230; <a title=\"Schaufel\" class=\"read-more\" href=\"https:\/\/timan.dk\/de\/geraete\/geraete-fuer-timan-3330\/schaufel\/\" aria-label=\"Mehr Informationen \u00fcber Schaufel\">Weiterlesen &#8230;<\/a><\/p>\n","protected":false},"author":1,"featured_media":6079,"parent":7847,"menu_order":39,"comment_status":"closed","ping_status":"closed","template":"","meta":{"_acf_changed":false,"footnotes":""},"categories":[91,94],"class_list":{"0":"post-7948","1":"page","2":"type-page","3":"status-publish","4":"has-post-thumbnail","6":"category-Gerte-timan-3330","7":"category-gruen-und-grauflaechenpflege"},"acf":[],"yoast_head":"<!-- This site is optimized with the Yoast SEO plugin v27.5 - https:\/\/yoast.com\/product\/yoast-seo-wordpress\/ -->\n<title>Frontschaufel mit Kipfunktion von Timan 3330 | Timan A\/S<\/title>\n<meta name=\"robots\" content=\"index, follow, max-snippet:-1, max-image-preview:large, max-video-preview:-1\" \/>\n<link rel=\"canonical\" href=\"https:\/\/timan.dk\/de\/geraete\/geraete-fuer-timan-3330\/schaufel\/\" \/>\n<meta property=\"og:locale\" content=\"de_DE\" \/>\n<meta property=\"og:type\" content=\"article\" \/>\n<meta property=\"og:title\" content=\"Frontschaufel mit Kipfunktion von Timan 3330 | Timan A\/S\" \/>\n<meta property=\"og:description\" content=\"[vc_row full_width=&#8220;stretch_row&#8220;][vc_column][vc_column_text] Frontschaufel [\/vc_column_text][vc_empty_space height=&#8220;30px&#8220;][vc_separator color=&#8220;custom&#8220; border_width=&#8220;2&#8243; accent_color=&#8220;#f7f7f7&#8243;][vc_empty_space height=&#8220;30px&#8220;][vc_row_inner][vc_column_inner offset=&#8220;vc_col-lg-8 vc_col-md-8 vc_col-xs-12&#8243;][vc_column_text] Verbesserte Arbeitsumgebung Mit der Frontschaufel mit hydraulische Kipfunktion f\u00fcr den Timan 3330 sind die Tage der schweren Arbeit, z.B. beim schweren Heben oder mit der Schubkarre vorbei.[\/vc_column_text][vc_empty_space height=&#8220;30px&#8220;][vc_column_text css=&#8220;.vc_custom_1692952362532{background-color: #f7f7f7 !important;}&#8220;] &#8222;\u200bMachen Sie sich bereit f\u00fcr eine bessere Arbeitserfahrung.&#8220; [\/vc_column_text][vc_empty_space height=&#8220;30px&#8220;][vc_single_image image=&#8220;6059&#8243; img_size=&#8220;full&#8220;][vc_empty_space ... Weiterlesen ...\" \/>\n<meta property=\"og:url\" content=\"https:\/\/timan.dk\/de\/geraete\/geraete-fuer-timan-3330\/schaufel\/\" \/>\n<meta property=\"og:site_name\" content=\"Timan A\/S\" \/>\n<meta property=\"article:modified_time\" content=\"2024-05-14T10:58:55+00:00\" \/>\n<meta property=\"og:image\" content=\"https:\/\/timan.dk\/wp-content\/uploads\/2023\/08\/img-20220307-110730red.jpg\" \/>\n\t<meta property=\"og:image:width\" content=\"1500\" \/>\n\t<meta property=\"og:image:height\" content=\"1125\" \/>\n\t<meta property=\"og:image:type\" content=\"image\/jpeg\" \/>\n<meta name=\"twitter:card\" content=\"summary_large_image\" \/>\n<meta name=\"twitter:label1\" content=\"Gesch\u00e4tzte Lesezeit\" \/>\n\t<meta name=\"twitter:data1\" content=\"5\u00a0Minuten\" \/>\n<script type=\"application\/ld+json\" class=\"yoast-schema-graph\">{\"@context\":\"https:\\\/\\\/schema.org\",\"@graph\":[{\"@type\":\"WebPage\",\"@id\":\"https:\\\/\\\/timan.dk\\\/de\\\/geraete\\\/geraete-fuer-timan-3330\\\/schaufel\\\/\",\"url\":\"https:\\\/\\\/timan.dk\\\/de\\\/geraete\\\/geraete-fuer-timan-3330\\\/schaufel\\\/\",\"name\":\"Frontschaufel mit Kipfunktion von Timan 3330 | Timan A\\\/S\",\"isPartOf\":{\"@id\":\"https:\\\/\\\/timan.dk\\\/#website\"},\"primaryImageOfPage\":{\"@id\":\"https:\\\/\\\/timan.dk\\\/de\\\/geraete\\\/geraete-fuer-timan-3330\\\/schaufel\\\/#primaryimage\"},\"image\":{\"@id\":\"https:\\\/\\\/timan.dk\\\/de\\\/geraete\\\/geraete-fuer-timan-3330\\\/schaufel\\\/#primaryimage\"},\"thumbnailUrl\":\"https:\\\/\\\/timan.dk\\\/wp-content\\\/uploads\\\/2023\\\/08\\\/img-20220307-110730red.jpg\",\"datePublished\":\"2023-08-23T10:09:15+00:00\",\"dateModified\":\"2024-05-14T10:58:55+00:00\",\"breadcrumb\":{\"@id\":\"https:\\\/\\\/timan.dk\\\/de\\\/geraete\\\/geraete-fuer-timan-3330\\\/schaufel\\\/#breadcrumb\"},\"inLanguage\":\"de\",\"potentialAction\":[{\"@type\":\"ReadAction\",\"target\":[\"https:\\\/\\\/timan.dk\\\/de\\\/geraete\\\/geraete-fuer-timan-3330\\\/schaufel\\\/\"]}]},{\"@type\":\"ImageObject\",\"inLanguage\":\"de\",\"@id\":\"https:\\\/\\\/timan.dk\\\/de\\\/geraete\\\/geraete-fuer-timan-3330\\\/schaufel\\\/#primaryimage\",\"url\":\"https:\\\/\\\/timan.dk\\\/wp-content\\\/uploads\\\/2023\\\/08\\\/img-20220307-110730red.jpg\",\"contentUrl\":\"https:\\\/\\\/timan.dk\\\/wp-content\\\/uploads\\\/2023\\\/08\\\/img-20220307-110730red.jpg\",\"width\":1500,\"height\":1125},{\"@type\":\"BreadcrumbList\",\"@id\":\"https:\\\/\\\/timan.dk\\\/de\\\/geraete\\\/geraete-fuer-timan-3330\\\/schaufel\\\/#breadcrumb\",\"itemListElement\":[{\"@type\":\"ListItem\",\"position\":1,\"name\":\"Hjem\",\"item\":\"https:\\\/\\\/timan.dk\\\/de\\\/\"},{\"@type\":\"ListItem\",\"position\":2,\"name\":\"Ger\u00e4te\",\"item\":\"https:\\\/\\\/timan.dk\\\/de\\\/geraete\\\/\"},{\"@type\":\"ListItem\",\"position\":3,\"name\":\"Ger\u00e4te f\u00fcr Timan 3330\",\"item\":\"https:\\\/\\\/timan.dk\\\/de\\\/geraete\\\/geraete-fuer-timan-3330\\\/\"},{\"@type\":\"ListItem\",\"position\":4,\"name\":\"Schaufel\"}]},{\"@type\":\"WebSite\",\"@id\":\"https:\\\/\\\/timan.dk\\\/#website\",\"url\":\"https:\\\/\\\/timan.dk\\\/\",\"name\":\"Timan A\\\/S\",\"description\":\"Kehrmaschinen mit Auffangbeh\u00e4lter, B\u00f6schungsm\u00e4her, ferngesteuerte Schlegelm\u00e4her in D\u00e4nemark\",\"publisher\":{\"@id\":\"https:\\\/\\\/timan.dk\\\/#organization\"},\"potentialAction\":[{\"@type\":\"SearchAction\",\"target\":{\"@type\":\"EntryPoint\",\"urlTemplate\":\"https:\\\/\\\/timan.dk\\\/?s={search_term_string}\"},\"query-input\":{\"@type\":\"PropertyValueSpecification\",\"valueRequired\":true,\"valueName\":\"search_term_string\"}}],\"inLanguage\":\"de\"},{\"@type\":\"Organization\",\"@id\":\"https:\\\/\\\/timan.dk\\\/#organization\",\"name\":\"Timan A\\\/S\",\"url\":\"https:\\\/\\\/timan.dk\\\/\",\"logo\":{\"@type\":\"ImageObject\",\"inLanguage\":\"de\",\"@id\":\"https:\\\/\\\/timan.dk\\\/#\\\/schema\\\/logo\\\/image\\\/\",\"url\":\"https:\\\/\\\/timan.dk\\\/wp-content\\\/uploads\\\/2023\\\/08\\\/logo-timan-cut.png\",\"contentUrl\":\"https:\\\/\\\/timan.dk\\\/wp-content\\\/uploads\\\/2023\\\/08\\\/logo-timan-cut.png\",\"width\":2048,\"height\":599,\"caption\":\"Timan A\\\/S\"},\"image\":{\"@id\":\"https:\\\/\\\/timan.dk\\\/#\\\/schema\\\/logo\\\/image\\\/\"}}]}<\/script>\n<!-- \/ Yoast SEO plugin. -->","yoast_head_json":{"title":"Frontschaufel mit Kipfunktion von Timan 3330 | Timan A\/S","robots":{"index":"index","follow":"follow","max-snippet":"max-snippet:-1","max-image-preview":"max-image-preview:large","max-video-preview":"max-video-preview:-1"},"canonical":"https:\/\/timan.dk\/de\/geraete\/geraete-fuer-timan-3330\/schaufel\/","og_locale":"de_DE","og_type":"article","og_title":"Frontschaufel mit Kipfunktion von Timan 3330 | Timan A\/S","og_description":"[vc_row full_width=&#8220;stretch_row&#8220;][vc_column][vc_column_text] Frontschaufel [\/vc_column_text][vc_empty_space height=&#8220;30px&#8220;][vc_separator color=&#8220;custom&#8220; border_width=&#8220;2&#8243; accent_color=&#8220;#f7f7f7&#8243;][vc_empty_space height=&#8220;30px&#8220;][vc_row_inner][vc_column_inner offset=&#8220;vc_col-lg-8 vc_col-md-8 vc_col-xs-12&#8243;][vc_column_text] Verbesserte Arbeitsumgebung Mit der Frontschaufel mit hydraulische Kipfunktion f\u00fcr den Timan 3330 sind die Tage der schweren Arbeit, z.B. beim schweren Heben oder mit der Schubkarre vorbei.[\/vc_column_text][vc_empty_space height=&#8220;30px&#8220;][vc_column_text css=&#8220;.vc_custom_1692952362532{background-color: #f7f7f7 !important;}&#8220;] &#8222;\u200bMachen Sie sich bereit f\u00fcr eine bessere Arbeitserfahrung.&#8220; [\/vc_column_text][vc_empty_space height=&#8220;30px&#8220;][vc_single_image image=&#8220;6059&#8243; img_size=&#8220;full&#8220;][vc_empty_space ... Weiterlesen ...","og_url":"https:\/\/timan.dk\/de\/geraete\/geraete-fuer-timan-3330\/schaufel\/","og_site_name":"Timan A\/S","article_modified_time":"2024-05-14T10:58:55+00:00","og_image":[{"width":1500,"height":1125,"url":"https:\/\/timan.dk\/wp-content\/uploads\/2023\/08\/img-20220307-110730red.jpg","type":"image\/jpeg"}],"twitter_card":"summary_large_image","twitter_misc":{"Gesch\u00e4tzte Lesezeit":"5\u00a0Minuten"},"schema":{"@context":"https:\/\/schema.org","@graph":[{"@type":"WebPage","@id":"https:\/\/timan.dk\/de\/geraete\/geraete-fuer-timan-3330\/schaufel\/","url":"https:\/\/timan.dk\/de\/geraete\/geraete-fuer-timan-3330\/schaufel\/","name":"Frontschaufel mit Kipfunktion von Timan 3330 | Timan A\/S","isPartOf":{"@id":"https:\/\/timan.dk\/#website"},"primaryImageOfPage":{"@id":"https:\/\/timan.dk\/de\/geraete\/geraete-fuer-timan-3330\/schaufel\/#primaryimage"},"image":{"@id":"https:\/\/timan.dk\/de\/geraete\/geraete-fuer-timan-3330\/schaufel\/#primaryimage"},"thumbnailUrl":"https:\/\/timan.dk\/wp-content\/uploads\/2023\/08\/img-20220307-110730red.jpg","datePublished":"2023-08-23T10:09:15+00:00","dateModified":"2024-05-14T10:58:55+00:00","breadcrumb":{"@id":"https:\/\/timan.dk\/de\/geraete\/geraete-fuer-timan-3330\/schaufel\/#breadcrumb"},"inLanguage":"de","potentialAction":[{"@type":"ReadAction","target":["https:\/\/timan.dk\/de\/geraete\/geraete-fuer-timan-3330\/schaufel\/"]}]},{"@type":"ImageObject","inLanguage":"de","@id":"https:\/\/timan.dk\/de\/geraete\/geraete-fuer-timan-3330\/schaufel\/#primaryimage","url":"https:\/\/timan.dk\/wp-content\/uploads\/2023\/08\/img-20220307-110730red.jpg","contentUrl":"https:\/\/timan.dk\/wp-content\/uploads\/2023\/08\/img-20220307-110730red.jpg","width":1500,"height":1125},{"@type":"BreadcrumbList","@id":"https:\/\/timan.dk\/de\/geraete\/geraete-fuer-timan-3330\/schaufel\/#breadcrumb","itemListElement":[{"@type":"ListItem","position":1,"name":"Hjem","item":"https:\/\/timan.dk\/de\/"},{"@type":"ListItem","position":2,"name":"Ger\u00e4te","item":"https:\/\/timan.dk\/de\/geraete\/"},{"@type":"ListItem","position":3,"name":"Ger\u00e4te f\u00fcr Timan 3330","item":"https:\/\/timan.dk\/de\/geraete\/geraete-fuer-timan-3330\/"},{"@type":"ListItem","position":4,"name":"Schaufel"}]},{"@type":"WebSite","@id":"https:\/\/timan.dk\/#website","url":"https:\/\/timan.dk\/","name":"Timan A\/S","description":"Kehrmaschinen mit Auffangbeh\u00e4lter, B\u00f6schungsm\u00e4her, ferngesteuerte Schlegelm\u00e4her in D\u00e4nemark","publisher":{"@id":"https:\/\/timan.dk\/#organization"},"potentialAction":[{"@type":"SearchAction","target":{"@type":"EntryPoint","urlTemplate":"https:\/\/timan.dk\/?s={search_term_string}"},"query-input":{"@type":"PropertyValueSpecification","valueRequired":true,"valueName":"search_term_string"}}],"inLanguage":"de"},{"@type":"Organization","@id":"https:\/\/timan.dk\/#organization","name":"Timan A\/S","url":"https:\/\/timan.dk\/","logo":{"@type":"ImageObject","inLanguage":"de","@id":"https:\/\/timan.dk\/#\/schema\/logo\/image\/","url":"https:\/\/timan.dk\/wp-content\/uploads\/2023\/08\/logo-timan-cut.png","contentUrl":"https:\/\/timan.dk\/wp-content\/uploads\/2023\/08\/logo-timan-cut.png","width":2048,"height":599,"caption":"Timan A\/S"},"image":{"@id":"https:\/\/timan.dk\/#\/schema\/logo\/image\/"}}]}},"_links":{"self":[{"href":"https:\/\/timan.dk\/de\/wp-json\/wp\/v2\/pages\/7948","targetHints":{"allow":["GET"]}}],"collection":[{"href":"https:\/\/timan.dk\/de\/wp-json\/wp\/v2\/pages"}],"about":[{"href":"https:\/\/timan.dk\/de\/wp-json\/wp\/v2\/types\/page"}],"author":[{"embeddable":true,"href":"https:\/\/timan.dk\/de\/wp-json\/wp\/v2\/users\/1"}],"replies":[{"embeddable":true,"href":"https:\/\/timan.dk\/de\/wp-json\/wp\/v2\/comments?post=7948"}],"version-history":[{"count":6,"href":"https:\/\/timan.dk\/de\/wp-json\/wp\/v2\/pages\/7948\/revisions"}],"predecessor-version":[{"id":8769,"href":"https:\/\/timan.dk\/de\/wp-json\/wp\/v2\/pages\/7948\/revisions\/8769"}],"up":[{"embeddable":true,"href":"https:\/\/timan.dk\/de\/wp-json\/wp\/v2\/pages\/7847"}],"wp:featuredmedia":[{"embeddable":true,"href":"https:\/\/timan.dk\/de\/wp-json\/wp\/v2\/media\/6079"}],"wp:attachment":[{"href":"https:\/\/timan.dk\/de\/wp-json\/wp\/v2\/media?parent=7948"}],"wp:term":[{"taxonomy":"category","embeddable":true,"href":"https:\/\/timan.dk\/de\/wp-json\/wp\/v2\/categories?post=7948"}],"curies":[{"name":"wp","href":"https:\/\/api.w.org\/{rel}","templated":true}]}}