{"id":7992,"date":"2020-01-01T10:15:40","date_gmt":"2020-01-01T09:15:40","guid":{"rendered":"https:\/\/timan.dk\/geraete\/Ger\u00e4te-fuer-rc-1000\/sichelmulcher\/"},"modified":"2026-01-05T10:56:49","modified_gmt":"2026-01-05T09:56:49","slug":"sichelmulcher","status":"publish","type":"page","link":"https:\/\/timan.dk\/de\/geraete\/geraete-fuer-rc-1000\/sichelmulcher\/","title":{"rendered":"Sichelmulcher"},"content":{"rendered":"<div class=\"wpb-content-wrapper\"><p>[vc_row full_width=&#8220;stretch_row&#8220;][vc_column]<div class=\"ult-spacer spacer-69f584750b2f5\" data-id=\"69f584750b2f5\" data-height=\"90\" data-height-mobile=\"60\" data-height-tab=\"90\" data-height-tab-portrait=\"60\" data-height-mobile-landscape=\"60\" style=\"clear:both;display:block;\"><\/div>[vc_column_text]<\/p>\n<h2>RC-1000s mit Sichelmulcher<\/h2>\n<p>[\/vc_column_text][vc_empty_space height=&#8220;30px&#8220;][vc_separator color=&#8220;custom&#8220; border_width=&#8220;2&#8243; accent_color=&#8220;#f7f7f7&#8243;][vc_empty_space height=&#8220;30px&#8220;][vc_row_inner][vc_column_inner offset=&#8220;vc_col-lg-8 vc_col-md-8 vc_col-xs-12&#8243;][vc_column_text]<\/p>\n<h3>Einwandfreies M\u00e4hen an steilen H\u00e4ngen<\/h3>\n<p>RC-1000s mit dem Sichelmulcher l\u00e4sst das Gras mit sch\u00f6ner Ausf\u00fchrung \u2013 sogar an den H\u00e4ngen bis zu 50 Grad.[\/vc_column_text][vc_empty_space height=&#8220;30px&#8220;][vc_column_text css=&#8220;.vc_custom_1692880108972{background-color: #f7f7f7 !important;}&#8220;]<\/p>\n<blockquote><p>&#8222;\u200bErleben Sie in jeder Situation die vollst\u00e4ndige Kontrolle. Unabh\u00e4ngig von Jahreszeit und Gel\u00e4nde.&#8220;<\/p><\/blockquote>\n<p>[\/vc_column_text][vc_empty_space height=&#8220;30px&#8220;][vc_single_image image=&#8220;6874&#8243; img_size=&#8220;full&#8220;][vc_empty_space height=&#8220;15px&#8220;][vc_media_grid style=&#8220;pagination&#8220; items_per_page=&#8220;3&#8243; arrows_design=&#8220;vc_arrow-icon-arrow_01_left&#8220; arrows_position=&#8220;outside&#8220; arrows_color=&#8220;black&#8220; paging_design=&#8220;none&#8220; loop=&#8220;yes&#8220; autoplay=&#8220;6&#8243; grid_id=&#8220;vc_gid:1767606990149-c0c8339b-65ae-6&#8243; include=&#8220;6877,6880,6883,6886&#8243;]<div class=\"ult-spacer spacer-69f584750b341\" data-id=\"69f584750b341\" data-height=\"0\" data-height-mobile=\"30\" data-height-tab=\"0\" data-height-tab-portrait=\"30\" data-height-mobile-landscape=\"30\" style=\"clear:both;display:block;\"><\/div>[\/vc_column_inner][vc_column_inner offset=&#8220;vc_col-lg-4 vc_col-md-4 vc_col-xs-12&#8243;][vc_column_text el_class=&#8220;custom-sidebar-boks&#8220;]<\/p>\n<h4>Was Sie erhalten:<\/h4>\n<ul>\n<li>Ein eindrucksvolles M\u00e4hergebnis<\/li>\n<li>Deckt gro\u00dfe Fl\u00e4chen in k\u00fcrzester Zeit ab<\/li>\n<li>Arbeitet problemlos an H\u00e4ngen bis zu 50 Grad<\/li>\n<li>Einfache und sichere Bedienung<\/li>\n<li>Schnell austauschbar<\/li>\n<\/ul>\n<p>[\/vc_column_text][vc_empty_space height=&#8220;30px&#8220;][vc_btn title=&#8220;Prospekt herunterladen&#8220; style=&#8220;custom&#8220; custom_background=&#8220;#fc5623&#8243; custom_text=&#8220;#ffffff&#8220; shape=&#8220;square&#8220; align=&#8220;left&#8220; i_align=&#8220;right&#8220; i_icon_fontawesome=&#8220;fas fa-download&#8220; button_block=&#8220;true&#8220; add_icon=&#8220;true&#8220; link=&#8220;url:%2Fwp-content%2Fuploads%2F2023%2F10%2F2325-ny-web-timan-rc1000-opslag-de.pdf|title:Prospekt%20herunterladen|target:_blank&#8220; el_class=&#8220;custom-farve-btn&#8220;][vc_empty_space height=&#8220;5px&#8220;][vc_btn title=&#8220;Technische Daten&#8220; style=&#8220;custom&#8220; custom_background=&#8220;#fc5623&#8243; custom_text=&#8220;#ffffff&#8220; shape=&#8220;square&#8220; align=&#8220;left&#8220; i_align=&#8220;right&#8220; i_icon_fontawesome=&#8220;&#8220; css=&#8220;&#8220; button_block=&#8220;true&#8220; add_icon=&#8220;true&#8220; link=&#8220;url:https%3A%2F%2Ftiman.dk%2Fwp-content%2Fuploads%2F2026%2F01%2Fdata-mulchmahwerk-rc1000s-de.pdf|title:Technische%20Daten|target:_blank&#8220; el_class=&#8220;custom-farve-btn&#8220;][vc_empty_space height=&#8220;5px&#8220;][vc_btn title=&#8220;Videoanweisungen zum RC-1000s&#8220; style=&#8220;custom&#8220; custom_background=&#8220;#fc5623&#8243; custom_text=&#8220;#ffffff&#8220; shape=&#8220;square&#8220; align=&#8220;left&#8220; i_align=&#8220;right&#8220; i_icon_fontawesome=&#8220;fab fa-youtube&#8220; button_block=&#8220;true&#8220; add_icon=&#8220;true&#8220; link=&#8220;url:https%3A%2F%2Fwww.youtube.com%2Fplaylist%3Flist%3DPLfztJcPAXnTAlwrCk7FvCwoyxjnVE55qp|title:Videoanweisungen|target:_blank|&#8220;][vc_empty_space height=&#8220;5px&#8220;][vc_btn title=&#8220;RC-1000s-Ger\u00e4te&#8220; style=&#8220;custom&#8220; custom_background=&#8220;#fc5623&#8243; custom_text=&#8220;#ffffff&#8220; shape=&#8220;square&#8220; align=&#8220;left&#8220; i_align=&#8220;right&#8220; i_icon_fontawesome=&#8220;fas fa-cogs&#8220; button_block=&#8220;true&#8220; add_icon=&#8220;true&#8220; link=&#8220;url:%2Fde%2Fgeraete%2Fgeraete-fuer-rc-1000%2F|title:Ger%C3%A4te%20f%C3%BCr%20RC-1000&#8243;][vc_empty_space height=&#8220;30px&#8220;][vc_widget_sidebar sidebar_id=&#8220;sidebar-1&#8243; el_class=&#8220;contact-sidebar&#8220;][\/vc_column_inner][\/vc_row_inner]<div class=\"ult-spacer spacer-69f584750b3cb\" data-id=\"69f584750b3cb\" data-height=\"90\" data-height-mobile=\"60\" data-height-tab=\"90\" data-height-tab-portrait=\"60\" data-height-mobile-landscape=\"60\" style=\"clear:both;display:block;\"><\/div>[\/vc_column][\/vc_row][vc_row full_width=&#8220;stretch_row&#8220; bg_type=&#8220;bg_color&#8220; seperator_enable=&#8220;seperator_enable_value&#8220; seperator_type=&#8220;xlarge_triangle_left_seperator&#8220; seperator_svg_height=&#8220;60&#8243; seperator_shape_background=&#8220;#ffffff&#8220; height=&#8220;90&#8243; height_on_tabs=&#8220;90&#8243; height_on_tabs_portrait=&#8220;60&#8243; height_on_mob_landscape=&#8220;60&#8243; height_on_mob=&#8220;60&#8243; bg_color_value=&#8220;#ece8e1&#8243;][vc_column]<div class=\"ult-spacer spacer-69f584750b3f4\" data-id=\"69f584750b3f4\" data-height=\"90\" data-height-mobile=\"60\" data-height-tab=\"90\" data-height-tab-portrait=\"60\" data-height-mobile-landscape=\"60\" style=\"clear:both;display:block;\"><\/div>[\/vc_column][\/vc_row][vc_row full_width=&#8220;stretch_row&#8220; bg_type=&#8220;bg_color&#8220; bg_color_value=&#8220;#ece8e1&#8243;][vc_column css_animation=&#8220;fadeInUp&#8220;]<div class=\"ult-spacer spacer-69f584750b419\" data-id=\"69f584750b419\" data-height=\"90\" data-height-mobile=\"60\" data-height-tab=\"90\" data-height-tab-portrait=\"60\" data-height-mobile-landscape=\"60\" style=\"clear:both;display:block;\"><\/div>[vc_row_inner][vc_column_inner][vc_video link=&#8220;https:\/\/www.youtube.com\/watch?v=VqcHoaOAYRk&#8220;][\/vc_column_inner][\/vc_row_inner]<div class=\"ult-spacer spacer-69f584750b438\" data-id=\"69f584750b438\" data-height=\"90\" data-height-mobile=\"60\" data-height-tab=\"90\" data-height-tab-portrait=\"60\" data-height-mobile-landscape=\"60\" style=\"clear:both;display:block;\"><\/div>[\/vc_column][\/vc_row][vc_row full_width=&#8220;stretch_row&#8220; bg_type=&#8220;bg_color&#8220; seperator_enable=&#8220;seperator_enable_value&#8220; seperator_type=&#8220;xlarge_triangle_right_seperator&#8220; seperator_position=&#8220;bottom_seperator&#8220; seperator_svg_height=&#8220;60&#8243; seperator_shape_background=&#8220;#ffffff&#8220; height=&#8220;90&#8243; height_on_tabs=&#8220;90&#8243; height_on_tabs_portrait=&#8220;60&#8243; height_on_mob_landscape=&#8220;60&#8243; height_on_mob=&#8220;60&#8243; bg_color_value=&#8220;#ece8e1&#8243;][vc_column]<div class=\"ult-spacer spacer-69f584750b456\" data-id=\"69f584750b456\" data-height=\"90\" data-height-mobile=\"60\" data-height-tab=\"90\" data-height-tab-portrait=\"60\" data-height-mobile-landscape=\"60\" style=\"clear:both;display:block;\"><\/div>[\/vc_column][\/vc_row][vc_row full_width=&#8220;stretch_row&#8220;][vc_column css_animation=&#8220;fadeIn&#8220; css=&#8220;.vc_custom_1691106517578{padding-top: 0px !important;}&#8220;]<div class=\"ult-spacer spacer-69f584750b472\" data-id=\"69f584750b472\" data-height=\"90\" data-height-mobile=\"60\" data-height-tab=\"90\" data-height-tab-portrait=\"60\" data-height-mobile-landscape=\"60\" style=\"clear:both;display:block;\"><\/div>[vc_row_inner equal_height=&#8220;yes&#8220;][vc_column_inner offset=&#8220;vc_col-lg-6 vc_col-md-6 vc_col-xs-12&#8243;][vc_column_text]<\/p>\n<h3>Effizientes M\u00e4hen mit einem Sichelm\u00e4her<\/h3>\n<p>[\/vc_column_text][vc_empty_space height=&#8220;30px&#8220;][vc_separator color=&#8220;custom&#8220; border_width=&#8220;2&#8243; accent_color=&#8220;#f7f7f7&#8243;][vc_empty_space height=&#8220;30px&#8220;][vc_column_text]Nachdem das Gras mit den Gator- Messern gem\u00e4ht wurde, wird es in den teilweise geschlossenen Schild des M\u00e4hers geworfen, und dies mit der Hilfe von Fliehkraft, und w\u00e4hrend der Bewegung nach unten wird das Gras wieder in kleine St\u00fccke gem\u00e4ht, die dann zur\u00fcck auf den Rasen fallen.<\/p>\n<p>Mit der M\u00e4hbreite von 1350 mm bekommen Sie sowohl eine hohe Kapazit\u00e4t als auch ein eindrucksvolles M\u00e4hergebnis.<\/p>\n<p>Diese Methode hat einige offensichtliche Vorteile. Die kleinen St\u00fccke von Gras verrotten schnell und so sichern sie Ern\u00e4hrung. Deshalb brauchen Sie keine D\u00fcngemittel.<\/p>\n<p>Der Sichelmulcher erm\u00f6glicht, das Gras mit der sch\u00f6nen Ausf\u00fchrung zu m\u00e4hen, und das an den Stellen, die mit den traditionellen Rasenm\u00e4hern unpassierbar sind.[\/vc_column_text]<div class=\"ult-spacer spacer-69f584750b48f\" data-id=\"69f584750b48f\" data-height=\"0\" data-height-mobile=\"30\" data-height-tab=\"0\" data-height-tab-portrait=\"0\" data-height-mobile-landscape=\"30\" style=\"clear:both;display:block;\"><\/div>[\/vc_column_inner][vc_column_inner css=&#8220;.vc_custom_1692880323561{margin-right: 30px !important;margin-left: 30px !important;background-image: url(https:\/\/timan.dk\/wp-content\/uploads\/2023\/08\/rotor-klipper-skraaning-fjernstyret-rc-1000-timan-16498.jpg?id=6875) !important;background-position: center !important;background-repeat: no-repeat !important;background-size: cover !important;}&#8220; offset=&#8220;vc_col-lg-6 vc_col-md-6 vc_col-xs-12&#8243;]<div class=\"ult-spacer spacer-69f584750b4ab\" data-id=\"69f584750b4ab\" data-height=\"0\" data-height-mobile=\"300\" data-height-tab=\"0\" data-height-tab-portrait=\"300\" data-height-mobile-landscape=\"300\" style=\"clear:both;display:block;\"><\/div>[\/vc_column_inner][\/vc_row_inner]<div class=\"ult-spacer spacer-69f584750b4c6\" data-id=\"69f584750b4c6\" data-height=\"90\" data-height-mobile=\"60\" data-height-tab=\"90\" data-height-tab-portrait=\"60\" data-height-mobile-landscape=\"60\" style=\"clear:both;display:block;\"><\/div>[\/vc_column][\/vc_row][vc_row full_width=&#8220;stretch_row&#8220; bg_type=&#8220;bg_color&#8220; seperator_enable=&#8220;seperator_enable_value&#8220; seperator_type=&#8220;xlarge_triangle_left_seperator&#8220; seperator_svg_height=&#8220;60&#8243; seperator_shape_background=&#8220;#ffffff&#8220; height=&#8220;90&#8243; height_on_tabs=&#8220;90&#8243; height_on_tabs_portrait=&#8220;60&#8243; height_on_mob_landscape=&#8220;60&#8243; height_on_mob=&#8220;60&#8243; bg_color_value=&#8220;#ece8e1&#8243;][vc_column]<div class=\"ult-spacer spacer-69f584750b4e9\" data-id=\"69f584750b4e9\" data-height=\"90\" data-height-mobile=\"60\" data-height-tab=\"90\" data-height-tab-portrait=\"60\" data-height-mobile-landscape=\"60\" style=\"clear:both;display:block;\"><\/div>[\/vc_column][\/vc_row][vc_row full_width=&#8220;stretch_row&#8220; el_class=&#8220;overlay white cta parallax&#8220; css=&#8220;.vc_custom_1691133202809{background-image: url(https:\/\/timan.dk\/wp-content\/uploads\/2023\/08\/16966-116.jpg?id=5540) !important;background-position: center !important;background-repeat: no-repeat !important;background-size: cover !important;}&#8220;][vc_column]<div class=\"ult-spacer spacer-69f584750b503\" data-id=\"69f584750b503\" data-height=\"90\" data-height-mobile=\"60\" data-height-tab=\"90\" data-height-tab-portrait=\"60\" data-height-mobile-landscape=\"60\" style=\"clear:both;display:block;\"><\/div>[vc_row_inner][vc_column_inner width=&#8220;1\/4&#8243;][\/vc_column_inner][vc_column_inner width=&#8220;1\/2&#8243;][vc_column_text]<\/p>\n<h6 style=\"text-align: center;\">Haben Sie nicht gefunden, was Sie brauchten?<\/h6>\n<h3 style=\"text-align: center;\">Kontaktieren Sie uns noch heute<\/h3>\n<p style=\"text-align: center;\">Wenn Sie die von Ihnen ben\u00f6tigte L\u00f6sung nicht gefunden haben, kontaktieren Sie uns bitte unter <a href=\"tel:004597330360\">(+45) 97 33 03 60<\/a> oder Senden Sie eine E-Mail an <a href=\"mailto:info@timan.dk\">info@timan.dk<\/a>, wo wir Ihnen gerne weiterhelfen.<\/p>\n<p style=\"text-align: center;\">Wir freuen uns auf Ihre Kontaktaufnahme.<\/p>\n<p>[\/vc_column_text][vc_empty_space height=&#8220;30px&#8220;][vc_btn title=&#8220;Kontaktieren Sie uns&#8220; style=&#8220;custom&#8220; custom_background=&#8220;#fc5623&#8243; custom_text=&#8220;#ffffff&#8220; shape=&#8220;square&#8220; align=&#8220;center&#8220; link=&#8220;url:https%3A%2F%2Ftiman.dk%2Fde%2Fkontakt%2F|title:Kontakt|&#8220;][\/vc_column_inner][vc_column_inner width=&#8220;1\/4&#8243;][\/vc_column_inner][\/vc_row_inner]<div class=\"ult-spacer spacer-69f584750b524\" data-id=\"69f584750b524\" data-height=\"90\" data-height-mobile=\"60\" data-height-tab=\"90\" data-height-tab-portrait=\"60\" data-height-mobile-landscape=\"60\" style=\"clear:both;display:block;\"><\/div>[\/vc_column][\/vc_row]<\/p>\n<\/div>","protected":false},"excerpt":{"rendered":"<p>[vc_row full_width=&#8220;stretch_row&#8220;][vc_column][vc_column_text] RC-1000s mit Sichelmulcher [\/vc_column_text][vc_empty_space height=&#8220;30px&#8220;][vc_separator color=&#8220;custom&#8220; border_width=&#8220;2&#8243; accent_color=&#8220;#f7f7f7&#8243;][vc_empty_space height=&#8220;30px&#8220;][vc_row_inner][vc_column_inner offset=&#8220;vc_col-lg-8 vc_col-md-8 vc_col-xs-12&#8243;][vc_column_text] Einwandfreies M\u00e4hen an steilen H\u00e4ngen RC-1000s mit dem Sichelmulcher l\u00e4sst das Gras mit sch\u00f6ner Ausf\u00fchrung \u2013 sogar an den H\u00e4ngen bis zu 50 Grad.[\/vc_column_text][vc_empty_space height=&#8220;30px&#8220;][vc_column_text css=&#8220;.vc_custom_1692880108972{background-color: #f7f7f7 !important;}&#8220;] &#8222;\u200bErleben Sie in jeder Situation die vollst\u00e4ndige Kontrolle. Unabh\u00e4ngig von Jahreszeit und Gel\u00e4nde.&#8220; &#8230; <a title=\"Sichelmulcher\" class=\"read-more\" href=\"https:\/\/timan.dk\/de\/geraete\/geraete-fuer-rc-1000\/sichelmulcher\/\" aria-label=\"Mehr Informationen \u00fcber Sichelmulcher\">Weiterlesen &#8230;<\/a><\/p>\n","protected":false},"author":1,"featured_media":6866,"parent":7871,"menu_order":32,"comment_status":"closed","ping_status":"closed","template":"","meta":{"_acf_changed":false,"footnotes":""},"categories":[95,96],"class_list":{"0":"post-7992","1":"page","2":"type-page","3":"status-publish","4":"has-post-thumbnail","6":"category-Gerte-rc-1000","7":"category-gruen-und-grauflaechenpflege-de"},"acf":[],"yoast_head":"<!-- This site is optimized with the Yoast SEO plugin v27.5 - https:\/\/yoast.com\/product\/yoast-seo-wordpress\/ -->\n<title>Sichelmulcher f\u00fcr Gras | RC-1000 | Timan A\/S<\/title>\n<meta name=\"robots\" content=\"index, follow, max-snippet:-1, max-image-preview:large, max-video-preview:-1\" \/>\n<link rel=\"canonical\" href=\"https:\/\/timan.dk\/de\/geraete\/geraete-fuer-rc-1000\/sichelmulcher\/\" \/>\n<meta property=\"og:locale\" content=\"de_DE\" \/>\n<meta property=\"og:type\" content=\"article\" \/>\n<meta property=\"og:title\" content=\"Sichelmulcher f\u00fcr Gras | RC-1000 | Timan A\/S\" \/>\n<meta property=\"og:description\" content=\"[vc_row full_width=&#8220;stretch_row&#8220;][vc_column][vc_column_text] RC-1000s mit Sichelmulcher [\/vc_column_text][vc_empty_space height=&#8220;30px&#8220;][vc_separator color=&#8220;custom&#8220; border_width=&#8220;2&#8243; accent_color=&#8220;#f7f7f7&#8243;][vc_empty_space height=&#8220;30px&#8220;][vc_row_inner][vc_column_inner offset=&#8220;vc_col-lg-8 vc_col-md-8 vc_col-xs-12&#8243;][vc_column_text] Einwandfreies M\u00e4hen an steilen H\u00e4ngen RC-1000s mit dem Sichelmulcher l\u00e4sst das Gras mit sch\u00f6ner Ausf\u00fchrung \u2013 sogar an den H\u00e4ngen bis zu 50 Grad.[\/vc_column_text][vc_empty_space height=&#8220;30px&#8220;][vc_column_text css=&#8220;.vc_custom_1692880108972{background-color: #f7f7f7 !important;}&#8220;] &#8222;\u200bErleben Sie in jeder Situation die vollst\u00e4ndige Kontrolle. Unabh\u00e4ngig von Jahreszeit und Gel\u00e4nde.&#8220; ... Weiterlesen ...\" \/>\n<meta property=\"og:url\" content=\"https:\/\/timan.dk\/de\/geraete\/geraete-fuer-rc-1000\/sichelmulcher\/\" \/>\n<meta property=\"og:site_name\" content=\"Timan A\/S\" \/>\n<meta property=\"article:modified_time\" content=\"2026-01-05T09:56:49+00:00\" \/>\n<meta property=\"og:image\" content=\"https:\/\/timan.dk\/wp-content\/uploads\/2023\/08\/rotorklipper-fjernstyret-skraenter-rc-1000-timan-16492.jpg\" \/>\n\t<meta property=\"og:image:width\" content=\"1280\" \/>\n\t<meta property=\"og:image:height\" content=\"960\" \/>\n\t<meta property=\"og:image:type\" content=\"image\/jpeg\" \/>\n<meta name=\"twitter:card\" content=\"summary_large_image\" \/>\n<meta name=\"twitter:label1\" content=\"Gesch\u00e4tzte Lesezeit\" \/>\n\t<meta name=\"twitter:data1\" content=\"7\u00a0Minuten\" \/>\n<script type=\"application\/ld+json\" class=\"yoast-schema-graph\">{\"@context\":\"https:\\\/\\\/schema.org\",\"@graph\":[{\"@type\":\"WebPage\",\"@id\":\"https:\\\/\\\/timan.dk\\\/de\\\/geraete\\\/geraete-fuer-rc-1000\\\/sichelmulcher\\\/\",\"url\":\"https:\\\/\\\/timan.dk\\\/de\\\/geraete\\\/geraete-fuer-rc-1000\\\/sichelmulcher\\\/\",\"name\":\"Sichelmulcher f\u00fcr Gras | RC-1000 | Timan A\\\/S\",\"isPartOf\":{\"@id\":\"https:\\\/\\\/timan.dk\\\/#website\"},\"primaryImageOfPage\":{\"@id\":\"https:\\\/\\\/timan.dk\\\/de\\\/geraete\\\/geraete-fuer-rc-1000\\\/sichelmulcher\\\/#primaryimage\"},\"image\":{\"@id\":\"https:\\\/\\\/timan.dk\\\/de\\\/geraete\\\/geraete-fuer-rc-1000\\\/sichelmulcher\\\/#primaryimage\"},\"thumbnailUrl\":\"https:\\\/\\\/timan.dk\\\/wp-content\\\/uploads\\\/2023\\\/08\\\/rotorklipper-fjernstyret-skraenter-rc-1000-timan-16492.jpg\",\"datePublished\":\"2020-01-01T09:15:40+00:00\",\"dateModified\":\"2026-01-05T09:56:49+00:00\",\"breadcrumb\":{\"@id\":\"https:\\\/\\\/timan.dk\\\/de\\\/geraete\\\/geraete-fuer-rc-1000\\\/sichelmulcher\\\/#breadcrumb\"},\"inLanguage\":\"de\",\"potentialAction\":[{\"@type\":\"ReadAction\",\"target\":[\"https:\\\/\\\/timan.dk\\\/de\\\/geraete\\\/geraete-fuer-rc-1000\\\/sichelmulcher\\\/\"]}]},{\"@type\":\"ImageObject\",\"inLanguage\":\"de\",\"@id\":\"https:\\\/\\\/timan.dk\\\/de\\\/geraete\\\/geraete-fuer-rc-1000\\\/sichelmulcher\\\/#primaryimage\",\"url\":\"https:\\\/\\\/timan.dk\\\/wp-content\\\/uploads\\\/2023\\\/08\\\/rotorklipper-fjernstyret-skraenter-rc-1000-timan-16492.jpg\",\"contentUrl\":\"https:\\\/\\\/timan.dk\\\/wp-content\\\/uploads\\\/2023\\\/08\\\/rotorklipper-fjernstyret-skraenter-rc-1000-timan-16492.jpg\",\"width\":1280,\"height\":960},{\"@type\":\"BreadcrumbList\",\"@id\":\"https:\\\/\\\/timan.dk\\\/de\\\/geraete\\\/geraete-fuer-rc-1000\\\/sichelmulcher\\\/#breadcrumb\",\"itemListElement\":[{\"@type\":\"ListItem\",\"position\":1,\"name\":\"Hjem\",\"item\":\"https:\\\/\\\/timan.dk\\\/de\\\/\"},{\"@type\":\"ListItem\",\"position\":2,\"name\":\"Ger\u00e4te\",\"item\":\"https:\\\/\\\/timan.dk\\\/de\\\/geraete\\\/\"},{\"@type\":\"ListItem\",\"position\":3,\"name\":\"Ger\u00e4te f\u00fcr RC-1000s\",\"item\":\"https:\\\/\\\/timan.dk\\\/de\\\/geraete\\\/geraete-fuer-rc-1000\\\/\"},{\"@type\":\"ListItem\",\"position\":4,\"name\":\"Sichelmulcher\"}]},{\"@type\":\"WebSite\",\"@id\":\"https:\\\/\\\/timan.dk\\\/#website\",\"url\":\"https:\\\/\\\/timan.dk\\\/\",\"name\":\"Timan A\\\/S\",\"description\":\"Kehrmaschinen mit Auffangbeh\u00e4lter, B\u00f6schungsm\u00e4her, ferngesteuerte Schlegelm\u00e4her in D\u00e4nemark\",\"publisher\":{\"@id\":\"https:\\\/\\\/timan.dk\\\/#organization\"},\"potentialAction\":[{\"@type\":\"SearchAction\",\"target\":{\"@type\":\"EntryPoint\",\"urlTemplate\":\"https:\\\/\\\/timan.dk\\\/?s={search_term_string}\"},\"query-input\":{\"@type\":\"PropertyValueSpecification\",\"valueRequired\":true,\"valueName\":\"search_term_string\"}}],\"inLanguage\":\"de\"},{\"@type\":\"Organization\",\"@id\":\"https:\\\/\\\/timan.dk\\\/#organization\",\"name\":\"Timan A\\\/S\",\"url\":\"https:\\\/\\\/timan.dk\\\/\",\"logo\":{\"@type\":\"ImageObject\",\"inLanguage\":\"de\",\"@id\":\"https:\\\/\\\/timan.dk\\\/#\\\/schema\\\/logo\\\/image\\\/\",\"url\":\"https:\\\/\\\/timan.dk\\\/wp-content\\\/uploads\\\/2023\\\/08\\\/logo-timan-cut.png\",\"contentUrl\":\"https:\\\/\\\/timan.dk\\\/wp-content\\\/uploads\\\/2023\\\/08\\\/logo-timan-cut.png\",\"width\":2048,\"height\":599,\"caption\":\"Timan A\\\/S\"},\"image\":{\"@id\":\"https:\\\/\\\/timan.dk\\\/#\\\/schema\\\/logo\\\/image\\\/\"}}]}<\/script>\n<!-- \/ Yoast SEO plugin. -->","yoast_head_json":{"title":"Sichelmulcher f\u00fcr Gras | RC-1000 | Timan A\/S","robots":{"index":"index","follow":"follow","max-snippet":"max-snippet:-1","max-image-preview":"max-image-preview:large","max-video-preview":"max-video-preview:-1"},"canonical":"https:\/\/timan.dk\/de\/geraete\/geraete-fuer-rc-1000\/sichelmulcher\/","og_locale":"de_DE","og_type":"article","og_title":"Sichelmulcher f\u00fcr Gras | RC-1000 | Timan A\/S","og_description":"[vc_row full_width=&#8220;stretch_row&#8220;][vc_column][vc_column_text] RC-1000s mit Sichelmulcher [\/vc_column_text][vc_empty_space height=&#8220;30px&#8220;][vc_separator color=&#8220;custom&#8220; border_width=&#8220;2&#8243; accent_color=&#8220;#f7f7f7&#8243;][vc_empty_space height=&#8220;30px&#8220;][vc_row_inner][vc_column_inner offset=&#8220;vc_col-lg-8 vc_col-md-8 vc_col-xs-12&#8243;][vc_column_text] Einwandfreies M\u00e4hen an steilen H\u00e4ngen RC-1000s mit dem Sichelmulcher l\u00e4sst das Gras mit sch\u00f6ner Ausf\u00fchrung \u2013 sogar an den H\u00e4ngen bis zu 50 Grad.[\/vc_column_text][vc_empty_space height=&#8220;30px&#8220;][vc_column_text css=&#8220;.vc_custom_1692880108972{background-color: #f7f7f7 !important;}&#8220;] &#8222;\u200bErleben Sie in jeder Situation die vollst\u00e4ndige Kontrolle. Unabh\u00e4ngig von Jahreszeit und Gel\u00e4nde.&#8220; ... Weiterlesen ...","og_url":"https:\/\/timan.dk\/de\/geraete\/geraete-fuer-rc-1000\/sichelmulcher\/","og_site_name":"Timan A\/S","article_modified_time":"2026-01-05T09:56:49+00:00","og_image":[{"width":1280,"height":960,"url":"https:\/\/timan.dk\/wp-content\/uploads\/2023\/08\/rotorklipper-fjernstyret-skraenter-rc-1000-timan-16492.jpg","type":"image\/jpeg"}],"twitter_card":"summary_large_image","twitter_misc":{"Gesch\u00e4tzte Lesezeit":"7\u00a0Minuten"},"schema":{"@context":"https:\/\/schema.org","@graph":[{"@type":"WebPage","@id":"https:\/\/timan.dk\/de\/geraete\/geraete-fuer-rc-1000\/sichelmulcher\/","url":"https:\/\/timan.dk\/de\/geraete\/geraete-fuer-rc-1000\/sichelmulcher\/","name":"Sichelmulcher f\u00fcr Gras | RC-1000 | Timan A\/S","isPartOf":{"@id":"https:\/\/timan.dk\/#website"},"primaryImageOfPage":{"@id":"https:\/\/timan.dk\/de\/geraete\/geraete-fuer-rc-1000\/sichelmulcher\/#primaryimage"},"image":{"@id":"https:\/\/timan.dk\/de\/geraete\/geraete-fuer-rc-1000\/sichelmulcher\/#primaryimage"},"thumbnailUrl":"https:\/\/timan.dk\/wp-content\/uploads\/2023\/08\/rotorklipper-fjernstyret-skraenter-rc-1000-timan-16492.jpg","datePublished":"2020-01-01T09:15:40+00:00","dateModified":"2026-01-05T09:56:49+00:00","breadcrumb":{"@id":"https:\/\/timan.dk\/de\/geraete\/geraete-fuer-rc-1000\/sichelmulcher\/#breadcrumb"},"inLanguage":"de","potentialAction":[{"@type":"ReadAction","target":["https:\/\/timan.dk\/de\/geraete\/geraete-fuer-rc-1000\/sichelmulcher\/"]}]},{"@type":"ImageObject","inLanguage":"de","@id":"https:\/\/timan.dk\/de\/geraete\/geraete-fuer-rc-1000\/sichelmulcher\/#primaryimage","url":"https:\/\/timan.dk\/wp-content\/uploads\/2023\/08\/rotorklipper-fjernstyret-skraenter-rc-1000-timan-16492.jpg","contentUrl":"https:\/\/timan.dk\/wp-content\/uploads\/2023\/08\/rotorklipper-fjernstyret-skraenter-rc-1000-timan-16492.jpg","width":1280,"height":960},{"@type":"BreadcrumbList","@id":"https:\/\/timan.dk\/de\/geraete\/geraete-fuer-rc-1000\/sichelmulcher\/#breadcrumb","itemListElement":[{"@type":"ListItem","position":1,"name":"Hjem","item":"https:\/\/timan.dk\/de\/"},{"@type":"ListItem","position":2,"name":"Ger\u00e4te","item":"https:\/\/timan.dk\/de\/geraete\/"},{"@type":"ListItem","position":3,"name":"Ger\u00e4te f\u00fcr RC-1000s","item":"https:\/\/timan.dk\/de\/geraete\/geraete-fuer-rc-1000\/"},{"@type":"ListItem","position":4,"name":"Sichelmulcher"}]},{"@type":"WebSite","@id":"https:\/\/timan.dk\/#website","url":"https:\/\/timan.dk\/","name":"Timan A\/S","description":"Kehrmaschinen mit Auffangbeh\u00e4lter, B\u00f6schungsm\u00e4her, ferngesteuerte Schlegelm\u00e4her in D\u00e4nemark","publisher":{"@id":"https:\/\/timan.dk\/#organization"},"potentialAction":[{"@type":"SearchAction","target":{"@type":"EntryPoint","urlTemplate":"https:\/\/timan.dk\/?s={search_term_string}"},"query-input":{"@type":"PropertyValueSpecification","valueRequired":true,"valueName":"search_term_string"}}],"inLanguage":"de"},{"@type":"Organization","@id":"https:\/\/timan.dk\/#organization","name":"Timan A\/S","url":"https:\/\/timan.dk\/","logo":{"@type":"ImageObject","inLanguage":"de","@id":"https:\/\/timan.dk\/#\/schema\/logo\/image\/","url":"https:\/\/timan.dk\/wp-content\/uploads\/2023\/08\/logo-timan-cut.png","contentUrl":"https:\/\/timan.dk\/wp-content\/uploads\/2023\/08\/logo-timan-cut.png","width":2048,"height":599,"caption":"Timan A\/S"},"image":{"@id":"https:\/\/timan.dk\/#\/schema\/logo\/image\/"}}]}},"_links":{"self":[{"href":"https:\/\/timan.dk\/de\/wp-json\/wp\/v2\/pages\/7992","targetHints":{"allow":["GET"]}}],"collection":[{"href":"https:\/\/timan.dk\/de\/wp-json\/wp\/v2\/pages"}],"about":[{"href":"https:\/\/timan.dk\/de\/wp-json\/wp\/v2\/types\/page"}],"author":[{"embeddable":true,"href":"https:\/\/timan.dk\/de\/wp-json\/wp\/v2\/users\/1"}],"replies":[{"embeddable":true,"href":"https:\/\/timan.dk\/de\/wp-json\/wp\/v2\/comments?post=7992"}],"version-history":[{"count":8,"href":"https:\/\/timan.dk\/de\/wp-json\/wp\/v2\/pages\/7992\/revisions"}],"predecessor-version":[{"id":15107,"href":"https:\/\/timan.dk\/de\/wp-json\/wp\/v2\/pages\/7992\/revisions\/15107"}],"up":[{"embeddable":true,"href":"https:\/\/timan.dk\/de\/wp-json\/wp\/v2\/pages\/7871"}],"wp:featuredmedia":[{"embeddable":true,"href":"https:\/\/timan.dk\/de\/wp-json\/wp\/v2\/media\/6866"}],"wp:attachment":[{"href":"https:\/\/timan.dk\/de\/wp-json\/wp\/v2\/media?parent=7992"}],"wp:term":[{"taxonomy":"category","embeddable":true,"href":"https:\/\/timan.dk\/de\/wp-json\/wp\/v2\/categories?post=7992"}],"curies":[{"name":"wp","href":"https:\/\/api.w.org\/{rel}","templated":true}]}}