{"id":13995,"date":"2025-06-23T13:55:50","date_gmt":"2025-06-23T11:55:50","guid":{"rendered":"https:\/\/timan.dk\/tools\/tools-for-timan-3330\/tornado-t3\/"},"modified":"2025-08-20T08:04:06","modified_gmt":"2025-08-20T06:04:06","slug":"tornado-t3","status":"publish","type":"page","link":"https:\/\/timan.dk\/en\/tools\/tools-for-timan-3330\/tornado-t3\/","title":{"rendered":"Tornado T3"},"content":{"rendered":"<div class=\"wpb-content-wrapper\"><p>[vc_row full_width=&#8221;stretch_row&#8221;][vc_column]<div class=\"ult-spacer spacer-6a0974b1437b5\" data-id=\"6a0974b1437b5\" data-height=\"90\" data-height-mobile=\"60\" data-height-tab=\"90\" data-height-tab-portrait=\"60\" data-height-mobile-landscape=\"60\" style=\"clear:both;display:block;\"><\/div>[vc_column_text css=&#8221;&#8221;]<\/p>\n<h1>Tornado T3 \u2013 Efficient and economical sweeper with powerful dry suction<\/h1>\n<p>[\/vc_column_text][vc_empty_space height=&#8221;30px&#8221;][vc_separator color=&#8221;custom&#8221; border_width=&#8221;2&#8243; accent_color=&#8221;#f7f7f7&#8243;][vc_empty_space height=&#8221;30px&#8221;][vc_row_inner][vc_column_inner offset=&#8221;vc_col-lg-8 vc_col-md-8 vc_col-xs-12&#8243;][vc_column_text css=&#8221;&#8221;]The Tornado T3 is designed to deliver maximum performance with minimal operating costs. It is ideal for professional use in the maintenance of outdoor areas and urban environments where high efficiency and reliability are essential.[\/vc_column_text][vc_empty_space height=&#8221;30px&#8221;][vc_single_image image=&#8221;12845&#8243; img_size=&#8221;full&#8221; css=&#8221;&#8221;][vc_empty_space height=&#8221;15px&#8221;][vc_media_grid style=&#8221;pagination&#8221; items_per_page=&#8221;3&#8243; arrows_design=&#8221;vc_arrow-icon-arrow_01_left&#8221; arrows_position=&#8221;outside&#8221; arrows_color=&#8221;black&#8221; paging_design=&#8221;none&#8221; loop=&#8221;yes&#8221; autoplay=&#8221;6&#8243; css=&#8221;&#8221; grid_id=&#8221;vc_gid:1752562166771-a28e95af-a41f-5&#8243; include=&#8221;7146,12647,12665,12673,12677,12681,12685,12689&#8243;]<div class=\"ult-spacer spacer-6a0974b1437fb\" data-id=\"6a0974b1437fb\" data-height=\"0\" data-height-mobile=\"30\" data-height-tab=\"0\" data-height-tab-portrait=\"30\" data-height-mobile-landscape=\"30\" style=\"clear:both;display:block;\"><\/div>[\/vc_column_inner][vc_column_inner offset=&#8221;vc_col-lg-4 vc_col-md-4 vc_col-xs-12&#8243;][vc_column_text css=&#8221;&#8221; el_class=&#8221;custom-sidebar-boks&#8221;]<\/p>\n<h4>What you get:<\/h4>\n<p><\/p>\n<ul>\n<li>Exceptionally high suction power<\/li>\n<li>Low fuel consumption<\/li>\n<li>Low operating costs<\/li>\n<li>Lowest noise level on the market<\/li>\n<li>4 stars in PM 10\/2.5 test<\/li>\n<li>7 m long handheld vacuum<\/li>\n<li>High-pressure cleaner 10 m hose<\/li>\n<li>High-pressure cleaner 140 bar 7L\/min water<\/li>\n<li>Danish design and quality<\/li>\n<li>Safe and user-friendly<\/li>\n<li>Easy tool change<\/li>\n<\/ul>\n<p>[\/vc_column_text][vc_empty_space height=&#8221;50px&#8221;][vc_btn title=&#8221;See technical data&#8221; style=&#8221;custom&#8221; custom_background=&#8221;#fc5623&#8243; custom_text=&#8221;#ffffff&#8221; shape=&#8221;square&#8221; align=&#8221;left&#8221; css=&#8221;&#8221; button_block=&#8221;true&#8221; link=&#8221;url:https%3A%2F%2Ftiman.dk%2Fwp-content%2Fuploads%2F2025%2F08%2Fdata-timan-3330-t3-fejesug-en.pdf|title:See%20technical%20data|target:_blank|&#8221; el_class=&#8221;custom-farve-btn&#8221;][vc_empty_space height=&#8221;5px&#8221;][vc_btn title=&#8221;Find dealer&#8221; style=&#8221;custom&#8221; custom_background=&#8221;#fc5623&#8243; custom_text=&#8221;#ffffff&#8221; shape=&#8221;square&#8221; align=&#8221;left&#8221; css=&#8221;&#8221; button_block=&#8221;true&#8221; link=&#8221;url:https%3A%2F%2Ftiman.dk%2Fen%2Fdealers%2F|title:See%20technical%20data|target:_blank|&#8221; el_class=&#8221;custom-farve-btn&#8221;][vc_empty_space height=&#8221;5px&#8221;][vc_btn title=&#8221;See Timan 3330 tools&#8221; style=&#8221;custom&#8221; custom_background=&#8221;#fc5623&#8243; custom_text=&#8221;#ffffff&#8221; shape=&#8221;square&#8221; align=&#8221;left&#8221; css=&#8221;&#8221; button_block=&#8221;true&#8221; link=&#8221;url:https%3A%2F%2Ftiman.dk%2Fen%2Ftools%2Ftools-for-timan-3330%2F|title:Tools%20for%20Timan%203330|&#8221;][vc_empty_space height=&#8221;30px&#8221;][\/vc_column_inner][\/vc_row_inner]<div class=\"ult-spacer spacer-6a0974b143822\" data-id=\"6a0974b143822\" data-height=\"90\" data-height-mobile=\"60\" data-height-tab=\"90\" data-height-tab-portrait=\"60\" data-height-mobile-landscape=\"60\" style=\"clear:both;display:block;\"><\/div>[\/vc_column][\/vc_row][vc_row full_width=&#8221;stretch_row&#8221; bg_type=&#8221;bg_color&#8221; seperator_enable=&#8221;seperator_enable_value&#8221; seperator_type=&#8221;xlarge_triangle_left_seperator&#8221; seperator_svg_height=&#8221;60&#8243; seperator_shape_background=&#8221;#ffffff&#8221; height=&#8221;90&#8243; height_on_tabs=&#8221;90&#8243; height_on_tabs_portrait=&#8221;60&#8243; height_on_mob_landscape=&#8221;60&#8243; height_on_mob=&#8221;60&#8243; bg_color_value=&#8221;#ece8e1&#8243;][vc_column]<div class=\"ult-spacer spacer-6a0974b143844\" data-id=\"6a0974b143844\" data-height=\"90\" data-height-mobile=\"60\" data-height-tab=\"90\" data-height-tab-portrait=\"60\" data-height-mobile-landscape=\"60\" style=\"clear:both;display:block;\"><\/div>[\/vc_column][\/vc_row][vc_row full_width=&#8221;stretch_row&#8221; bg_type=&#8221;bg_color&#8221; seperator_enable=&#8221;seperator_enable_value&#8221; seperator_type=&#8221;xlarge_triangle_right_seperator&#8221; seperator_position=&#8221;bottom_seperator&#8221; seperator_svg_height=&#8221;60&#8243; seperator_shape_background=&#8221;#ffffff&#8221; height=&#8221;90&#8243; height_on_tabs=&#8221;90&#8243; height_on_tabs_portrait=&#8221;60&#8243; height_on_mob_landscape=&#8221;60&#8243; height_on_mob=&#8221;60&#8243; bg_color_value=&#8221;#ece8e1&#8243;][vc_column]<div class=\"ult-spacer spacer-6a0974b143864\" data-id=\"6a0974b143864\" data-height=\"90\" data-height-mobile=\"60\" data-height-tab=\"90\" data-height-tab-portrait=\"60\" data-height-mobile-landscape=\"60\" style=\"clear:both;display:block;\"><\/div>[\/vc_column][\/vc_row][vc_row full_width=&#8221;stretch_row&#8221;][vc_column css_animation=&#8221;fadeIn&#8221; css=&#8221;.vc_custom_1691106517578{padding-top: 0px !important;}&#8221;]<div class=\"ult-spacer spacer-6a0974b143882\" data-id=\"6a0974b143882\" data-height=\"90\" data-height-mobile=\"60\" data-height-tab=\"90\" data-height-tab-portrait=\"60\" data-height-mobile-landscape=\"60\" style=\"clear:both;display:block;\"><\/div>[vc_row_inner][vc_column_inner width=&#8221;1\/2&#8243;][vc_column_text css=&#8221;&#8221;]<\/p>\n<h3>Who is Tornado T3 for?<\/h3>\n<p>The Tornado T3 is the ideal choice for professionals working in outdoor cleaning and maintenance. The machine has been developed for municipalities, contractors, housing associations, property service companies and other players in the green sector who need a reliable and efficient solution for sweeping, grass collection and high-pressure cleaning.<\/p>\n<p>Thanks to its compact size, large capacity and flexible application options, the T3 is perfect for everything from cycle paths, car parks and pedestrian streets to green areas and harbour areas \u2013 all year round.<\/p>\n<h3>High capacity and fewer stops<\/h3>\n<p>With a tank volume of 600 litres gross (572 litres net), you can work longer without interruptions. This means you can cover larger areas faster and more efficiently, without repeated stops for emptying.<\/p>\n<p>Dry suction with high suction power and low fuel consumption<br \/>The Tornado T3 is equipped with powerful dry suction with high suction power, so you can work at a fast pace without compromising on cleaning quality. The low fuel consumption reduces your operating costs with every start-up.<br \/>\n[\/vc_column_text]<div class=\"ult-spacer spacer-6a0974b14389f\" data-id=\"6a0974b14389f\" data-height=\"0\" data-height-mobile=\"15\" data-height-tab=\"0\" data-height-tab-portrait=\"0\" data-height-mobile-landscape=\"15\" style=\"clear:both;display:block;\"><\/div>[\/vc_column_inner][vc_column_inner width=&#8221;1\/2&#8243;][vc_column_text css=&#8221;&#8221;]<\/p>\n<h3>Built-in high-pressure cleaner for effective cleaning<\/h3>\n<p>The Tornado T3 is equipped with a 10-metre hose on an automatic hose reel, allowing you to quickly and easily clean outdoor areas such as rubbish bins, benches, stairs or areas with stubborn dirt. This gives you greater flexibility in your daily operations and ensures that you can leave areas completely clean, even where the sweeping system cannot reach. The long hose also provides a long reach and makes it easy to adapt the cleaning on site \u2013 without the need for additional equipment.<\/p>\n<h3>Ready for grass and leaf collection<\/h3>\n<p>The Tornado T3 can also be combined with mowing equipment and used for efficient grass and leaf collection. This makes the machine ideal for green maintenance, where you can mow and collect in one pass with the same machine \u2013 quickly, cleanly and professionally.<\/p>\n<h3>Environmentally friendly solution \u2013 complies with EU Stage V<\/h3>\n<p>The Timan 3330 with Tornado T3 complies with all applicable EU Stage V emission requirements, making it an environmentally friendly choice for modern cleaning tasks. With reduced NOx emissions and effective dust control, you get a sustainable and gentle solution for both the operator and the environment.<br \/>\n[\/vc_column_text][\/vc_column_inner][\/vc_row_inner]<div class=\"ult-spacer spacer-6a0974b1438bb\" data-id=\"6a0974b1438bb\" data-height=\"90\" data-height-mobile=\"60\" data-height-tab=\"90\" data-height-tab-portrait=\"60\" data-height-mobile-landscape=\"60\" style=\"clear:both;display:block;\"><\/div>[\/vc_column][\/vc_row][vc_row full_width=&#8221;stretch_row&#8221; bg_type=&#8221;bg_color&#8221; seperator_enable=&#8221;seperator_enable_value&#8221; seperator_type=&#8221;xlarge_triangle_left_seperator&#8221; seperator_svg_height=&#8221;60&#8243; seperator_shape_background=&#8221;#ffffff&#8221; height=&#8221;90&#8243; height_on_tabs=&#8221;90&#8243; height_on_tabs_portrait=&#8221;60&#8243; height_on_mob_landscape=&#8221;60&#8243; height_on_mob=&#8221;60&#8243; bg_color_value=&#8221;#ece8e1&#8243;][vc_column]<div class=\"ult-spacer spacer-6a0974b1438d7\" data-id=\"6a0974b1438d7\" data-height=\"90\" data-height-mobile=\"60\" data-height-tab=\"90\" data-height-tab-portrait=\"60\" data-height-mobile-landscape=\"60\" style=\"clear:both;display:block;\"><\/div>[\/vc_column][\/vc_row]<\/p>\n<p>[vc_row full_width=&#8221;stretch_row&#8221; el_class=&#8221;overlay parallax overflow-row&#8221; css=&#8221;.vc_custom_1691104819308{background-image: url(https:\/\/timan.dk\/wp-content\/uploads\/2023\/08\/16966-116.jpg?id=5540) !important;background-position: center !important;background-repeat: no-repeat !important;background-size: cover !important;}&#8221;][vc_column css_animation=&#8221;fadeIn&#8221;]<div class=\"ult-spacer spacer-6a0974b1438f2\" data-id=\"6a0974b1438f2\" data-height=\"120\" data-height-mobile=\"60\" data-height-tab=\"90\" data-height-tab-portrait=\"60\" data-height-mobile-landscape=\"60\" style=\"clear:both;display:block;\"><\/div>[vc_row_inner css=&#8221;.vc_custom_1682518429141{margin-right: 0px !important;margin-left: 0px !important;}&#8221;][vc_column_inner el_class=&#8221;overflow-box-footer&#8221;][vc_empty_space height=&#8221;60px&#8221;][vc_column_text]<\/p>\n<p>Contact Timan A\/S<br \/>Do you have any questions? Contact us for a no-obligation chat<\/p>\n<p>We are ready to answer any questions you may have that are not answered here on the website. So don&#8217;t hesitate to call or write to us. We will be happy to have a no-obligation chat with you about your plans.<\/p>\n<p>[\/vc_column_text][vc_empty_space height=&#8221;15px&#8221;][vc_btn title=&#8221;Contact us&#8221; style=&#8221;custom&#8221; custom_background=&#8221;#fc5623&#8243; custom_text=&#8221;#ffffff&#8221; shape=&#8221;square&#8221; link=&#8221;url:https%3A%2F%2Ftiman.dk%2Fen%2Fcontact%2F|title:Contact|&#8221;][vc_btn title=&#8221;Spare parts&#8221; style=&#8221;outline-custom&#8221; outline_custom_color=&#8221;#666666&#8243; outline_custom_hover_background=&#8221;#666666&#8243; outline_custom_hover_text=&#8221;#ffffff&#8221; shape=&#8221;square&#8221; link=&#8221;url:https%3A%2F%2Ftiman.dk%2Fen%2Fguides%2F|title:Spare%20parts|&#8221;][vc_empty_space height=&#8221;30&#8243;][vc_column_text]<\/p>\n<p>(+45) 97 33 03 60<\/p>\n<p>[\/vc_column_text][vc_empty_space height=&#8221;60px&#8221;][\/vc_column_inner][\/vc_row_inner]<div class=\"ult-spacer spacer-6a0974b14390c\" data-id=\"6a0974b14390c\" data-height=\"120\" data-height-mobile=\"60\" data-height-tab=\"90\" data-height-tab-portrait=\"60\" data-height-mobile-landscape=\"60\" style=\"clear:both;display:block;\"><\/div>[\/vc_column][\/vc_row]<\/p>\n<\/div>","protected":false},"excerpt":{"rendered":"<p>[vc_row full_width=&#8221;stretch_row&#8221;][vc_column][vc_column_text css=&#8221;&#8221;] Tornado T3 \u2013 Efficient and economical sweeper with powerful dry suction [\/vc_column_text][vc_empty_space height=&#8221;30px&#8221;][vc_separator color=&#8221;custom&#8221; border_width=&#8221;2&#8243; accent_color=&#8221;#f7f7f7&#8243;][vc_empty_space height=&#8221;30px&#8221;][vc_row_inner][vc_column_inner offset=&#8221;vc_col-lg-8 vc_col-md-8 vc_col-xs-12&#8243;][vc_column_text css=&#8221;&#8221;]The Tornado T3 is designed to deliver maximum performance with minimal operating costs. It is ideal for professional use in the maintenance of outdoor areas and urban environments where high efficiency and &#8230; <a title=\"Tornado T3\" class=\"read-more\" href=\"https:\/\/timan.dk\/en\/tools\/tools-for-timan-3330\/tornado-t3\/\" aria-label=\"Read more about Tornado T3\">Read more<\/a><\/p>\n","protected":false},"author":2,"featured_media":12641,"parent":7445,"menu_order":27,"comment_status":"closed","ping_status":"closed","template":"","meta":{"_acf_changed":false,"footnotes":""},"categories":[74,73],"class_list":{"0":"post-13995","1":"page","2":"type-page","3":"status-publish","4":"has-post-thumbnail","6":"category-sweeping-vacuuming-tasks","7":"category-tools-timan-3330"},"acf":[],"yoast_head":"<!-- This site is optimized with the Yoast SEO plugin v27.6 - https:\/\/yoast.com\/product\/yoast-seo-wordpress\/ -->\n<title>Tornado T3 \u2013 Efficient and environmentally friendly sweeper | Timan<\/title>\n<meta name=\"description\" content=\"F\u00e5 maksimal effektivitet og lavere driftsomkostninger med Timan Tornado T3. Perfekt til kommunal reng\u00f8ring, gr\u00e6sopsamling og h\u00f8jtryksrensning\" \/>\n<meta name=\"robots\" content=\"index, follow, max-snippet:-1, max-image-preview:large, max-video-preview:-1\" \/>\n<link rel=\"canonical\" href=\"https:\/\/timan.dk\/redskaber\/redskaber-til-timan-3330\/tornado-t3\/\" \/>\n<meta property=\"og:locale\" content=\"en_US\" \/>\n<meta property=\"og:type\" content=\"article\" \/>\n<meta property=\"og:title\" content=\"Tornado T3 \u2013 Efficient and environmentally friendly sweeper | Timan\" \/>\n<meta property=\"og:description\" content=\"F\u00e5 maksimal effektivitet og lavere driftsomkostninger med Timan Tornado T3. Perfekt til kommunal reng\u00f8ring, gr\u00e6sopsamling og h\u00f8jtryksrensning\" \/>\n<meta property=\"og:url\" content=\"https:\/\/timan.dk\/redskaber\/redskaber-til-timan-3330\/tornado-t3\/\" \/>\n<meta property=\"og:site_name\" content=\"Timan A\/S\" \/>\n<meta property=\"article:modified_time\" content=\"2025-08-20T06:04:06+00:00\" \/>\n<meta property=\"og:image\" content=\"https:\/\/timan.dk\/wp-content\/uploads\/2025\/06\/img20250612133302-scaled.jpg\" \/>\n\t<meta property=\"og:image:width\" content=\"2048\" \/>\n\t<meta property=\"og:image:height\" content=\"1540\" \/>\n\t<meta property=\"og:image:type\" content=\"image\/jpeg\" \/>\n<meta name=\"twitter:card\" content=\"summary_large_image\" \/>\n<meta name=\"twitter:label1\" content=\"Est. reading time\" \/>\n\t<meta name=\"twitter:data1\" content=\"7 minutes\" \/>\n<script type=\"application\/ld+json\" class=\"yoast-schema-graph\">{\"@context\":\"https:\\\/\\\/schema.org\",\"@graph\":[{\"@type\":\"WebPage\",\"@id\":\"https:\\\/\\\/timan.dk\\\/redskaber\\\/redskaber-til-timan-3330\\\/tornado-t3\\\/\",\"url\":\"https:\\\/\\\/timan.dk\\\/redskaber\\\/redskaber-til-timan-3330\\\/tornado-t3\\\/\",\"name\":\"Tornado T3 \u2013 Efficient and environmentally friendly sweeper | Timan\",\"isPartOf\":{\"@id\":\"https:\\\/\\\/timan.dk\\\/#website\"},\"primaryImageOfPage\":{\"@id\":\"https:\\\/\\\/timan.dk\\\/redskaber\\\/redskaber-til-timan-3330\\\/tornado-t3\\\/#primaryimage\"},\"image\":{\"@id\":\"https:\\\/\\\/timan.dk\\\/redskaber\\\/redskaber-til-timan-3330\\\/tornado-t3\\\/#primaryimage\"},\"thumbnailUrl\":\"https:\\\/\\\/timan.dk\\\/wp-content\\\/uploads\\\/2025\\\/06\\\/img20250612133302-scaled.jpg\",\"datePublished\":\"2025-06-23T11:55:50+00:00\",\"dateModified\":\"2025-08-20T06:04:06+00:00\",\"description\":\"F\u00e5 maksimal effektivitet og lavere driftsomkostninger med Timan Tornado T3. Perfekt til kommunal reng\u00f8ring, gr\u00e6sopsamling og h\u00f8jtryksrensning\",\"breadcrumb\":{\"@id\":\"https:\\\/\\\/timan.dk\\\/redskaber\\\/redskaber-til-timan-3330\\\/tornado-t3\\\/#breadcrumb\"},\"inLanguage\":\"en-US\",\"potentialAction\":[{\"@type\":\"ReadAction\",\"target\":[\"https:\\\/\\\/timan.dk\\\/redskaber\\\/redskaber-til-timan-3330\\\/tornado-t3\\\/\"]}]},{\"@type\":\"ImageObject\",\"inLanguage\":\"en-US\",\"@id\":\"https:\\\/\\\/timan.dk\\\/redskaber\\\/redskaber-til-timan-3330\\\/tornado-t3\\\/#primaryimage\",\"url\":\"https:\\\/\\\/timan.dk\\\/wp-content\\\/uploads\\\/2025\\\/06\\\/img20250612133302-scaled.jpg\",\"contentUrl\":\"https:\\\/\\\/timan.dk\\\/wp-content\\\/uploads\\\/2025\\\/06\\\/img20250612133302-scaled.jpg\",\"width\":2048,\"height\":1540,\"caption\":\"oplus_1048592\"},{\"@type\":\"BreadcrumbList\",\"@id\":\"https:\\\/\\\/timan.dk\\\/redskaber\\\/redskaber-til-timan-3330\\\/tornado-t3\\\/#breadcrumb\",\"itemListElement\":[{\"@type\":\"ListItem\",\"position\":1,\"name\":\"Hjem\",\"item\":\"https:\\\/\\\/timan.dk\\\/en\\\/\"},{\"@type\":\"ListItem\",\"position\":2,\"name\":\"Tools\",\"item\":\"https:\\\/\\\/timan.dk\\\/en\\\/tools\\\/\"},{\"@type\":\"ListItem\",\"position\":3,\"name\":\"Tools for Timan 3330\",\"item\":\"https:\\\/\\\/timan.dk\\\/en\\\/tools\\\/tools-for-timan-3330\\\/\"},{\"@type\":\"ListItem\",\"position\":4,\"name\":\"Tornado T3\"}]},{\"@type\":\"WebSite\",\"@id\":\"https:\\\/\\\/timan.dk\\\/#website\",\"url\":\"https:\\\/\\\/timan.dk\\\/\",\"name\":\"Timan A\\\/S\",\"description\":\"Sweepers with collectors, slope mowers, remote-controlled flail mowers in Denmark\",\"publisher\":{\"@id\":\"https:\\\/\\\/timan.dk\\\/#organization\"},\"potentialAction\":[{\"@type\":\"SearchAction\",\"target\":{\"@type\":\"EntryPoint\",\"urlTemplate\":\"https:\\\/\\\/timan.dk\\\/?s={search_term_string}\"},\"query-input\":{\"@type\":\"PropertyValueSpecification\",\"valueRequired\":true,\"valueName\":\"search_term_string\"}}],\"inLanguage\":\"en-US\"},{\"@type\":\"Organization\",\"@id\":\"https:\\\/\\\/timan.dk\\\/#organization\",\"name\":\"Timan A\\\/S\",\"url\":\"https:\\\/\\\/timan.dk\\\/\",\"logo\":{\"@type\":\"ImageObject\",\"inLanguage\":\"en-US\",\"@id\":\"https:\\\/\\\/timan.dk\\\/#\\\/schema\\\/logo\\\/image\\\/\",\"url\":\"https:\\\/\\\/timan.dk\\\/wp-content\\\/uploads\\\/2023\\\/08\\\/logo-timan-cut.png\",\"contentUrl\":\"https:\\\/\\\/timan.dk\\\/wp-content\\\/uploads\\\/2023\\\/08\\\/logo-timan-cut.png\",\"width\":2048,\"height\":599,\"caption\":\"Timan A\\\/S\"},\"image\":{\"@id\":\"https:\\\/\\\/timan.dk\\\/#\\\/schema\\\/logo\\\/image\\\/\"}}]}<\/script>\n<!-- \/ Yoast SEO plugin. -->","yoast_head_json":{"title":"Tornado T3 \u2013 Efficient and environmentally friendly sweeper | Timan","description":"F\u00e5 maksimal effektivitet og lavere driftsomkostninger med Timan Tornado T3. Perfekt til kommunal reng\u00f8ring, gr\u00e6sopsamling og h\u00f8jtryksrensning","robots":{"index":"index","follow":"follow","max-snippet":"max-snippet:-1","max-image-preview":"max-image-preview:large","max-video-preview":"max-video-preview:-1"},"canonical":"https:\/\/timan.dk\/redskaber\/redskaber-til-timan-3330\/tornado-t3\/","og_locale":"en_US","og_type":"article","og_title":"Tornado T3 \u2013 Efficient and environmentally friendly sweeper | Timan","og_description":"F\u00e5 maksimal effektivitet og lavere driftsomkostninger med Timan Tornado T3. Perfekt til kommunal reng\u00f8ring, gr\u00e6sopsamling og h\u00f8jtryksrensning","og_url":"https:\/\/timan.dk\/redskaber\/redskaber-til-timan-3330\/tornado-t3\/","og_site_name":"Timan A\/S","article_modified_time":"2025-08-20T06:04:06+00:00","og_image":[{"width":2048,"height":1540,"url":"https:\/\/timan.dk\/wp-content\/uploads\/2025\/06\/img20250612133302-scaled.jpg","type":"image\/jpeg"}],"twitter_card":"summary_large_image","twitter_misc":{"Est. reading time":"7 minutes"},"schema":{"@context":"https:\/\/schema.org","@graph":[{"@type":"WebPage","@id":"https:\/\/timan.dk\/redskaber\/redskaber-til-timan-3330\/tornado-t3\/","url":"https:\/\/timan.dk\/redskaber\/redskaber-til-timan-3330\/tornado-t3\/","name":"Tornado T3 \u2013 Efficient and environmentally friendly sweeper | Timan","isPartOf":{"@id":"https:\/\/timan.dk\/#website"},"primaryImageOfPage":{"@id":"https:\/\/timan.dk\/redskaber\/redskaber-til-timan-3330\/tornado-t3\/#primaryimage"},"image":{"@id":"https:\/\/timan.dk\/redskaber\/redskaber-til-timan-3330\/tornado-t3\/#primaryimage"},"thumbnailUrl":"https:\/\/timan.dk\/wp-content\/uploads\/2025\/06\/img20250612133302-scaled.jpg","datePublished":"2025-06-23T11:55:50+00:00","dateModified":"2025-08-20T06:04:06+00:00","description":"F\u00e5 maksimal effektivitet og lavere driftsomkostninger med Timan Tornado T3. Perfekt til kommunal reng\u00f8ring, gr\u00e6sopsamling og h\u00f8jtryksrensning","breadcrumb":{"@id":"https:\/\/timan.dk\/redskaber\/redskaber-til-timan-3330\/tornado-t3\/#breadcrumb"},"inLanguage":"en-US","potentialAction":[{"@type":"ReadAction","target":["https:\/\/timan.dk\/redskaber\/redskaber-til-timan-3330\/tornado-t3\/"]}]},{"@type":"ImageObject","inLanguage":"en-US","@id":"https:\/\/timan.dk\/redskaber\/redskaber-til-timan-3330\/tornado-t3\/#primaryimage","url":"https:\/\/timan.dk\/wp-content\/uploads\/2025\/06\/img20250612133302-scaled.jpg","contentUrl":"https:\/\/timan.dk\/wp-content\/uploads\/2025\/06\/img20250612133302-scaled.jpg","width":2048,"height":1540,"caption":"oplus_1048592"},{"@type":"BreadcrumbList","@id":"https:\/\/timan.dk\/redskaber\/redskaber-til-timan-3330\/tornado-t3\/#breadcrumb","itemListElement":[{"@type":"ListItem","position":1,"name":"Hjem","item":"https:\/\/timan.dk\/en\/"},{"@type":"ListItem","position":2,"name":"Tools","item":"https:\/\/timan.dk\/en\/tools\/"},{"@type":"ListItem","position":3,"name":"Tools for Timan 3330","item":"https:\/\/timan.dk\/en\/tools\/tools-for-timan-3330\/"},{"@type":"ListItem","position":4,"name":"Tornado T3"}]},{"@type":"WebSite","@id":"https:\/\/timan.dk\/#website","url":"https:\/\/timan.dk\/","name":"Timan A\/S","description":"Sweepers with collectors, slope mowers, remote-controlled flail mowers in Denmark","publisher":{"@id":"https:\/\/timan.dk\/#organization"},"potentialAction":[{"@type":"SearchAction","target":{"@type":"EntryPoint","urlTemplate":"https:\/\/timan.dk\/?s={search_term_string}"},"query-input":{"@type":"PropertyValueSpecification","valueRequired":true,"valueName":"search_term_string"}}],"inLanguage":"en-US"},{"@type":"Organization","@id":"https:\/\/timan.dk\/#organization","name":"Timan A\/S","url":"https:\/\/timan.dk\/","logo":{"@type":"ImageObject","inLanguage":"en-US","@id":"https:\/\/timan.dk\/#\/schema\/logo\/image\/","url":"https:\/\/timan.dk\/wp-content\/uploads\/2023\/08\/logo-timan-cut.png","contentUrl":"https:\/\/timan.dk\/wp-content\/uploads\/2023\/08\/logo-timan-cut.png","width":2048,"height":599,"caption":"Timan A\/S"},"image":{"@id":"https:\/\/timan.dk\/#\/schema\/logo\/image\/"}}]}},"_links":{"self":[{"href":"https:\/\/timan.dk\/en\/wp-json\/wp\/v2\/pages\/13995","targetHints":{"allow":["GET"]}}],"collection":[{"href":"https:\/\/timan.dk\/en\/wp-json\/wp\/v2\/pages"}],"about":[{"href":"https:\/\/timan.dk\/en\/wp-json\/wp\/v2\/types\/page"}],"author":[{"embeddable":true,"href":"https:\/\/timan.dk\/en\/wp-json\/wp\/v2\/users\/2"}],"replies":[{"embeddable":true,"href":"https:\/\/timan.dk\/en\/wp-json\/wp\/v2\/comments?post=13995"}],"version-history":[{"count":11,"href":"https:\/\/timan.dk\/en\/wp-json\/wp\/v2\/pages\/13995\/revisions"}],"predecessor-version":[{"id":14012,"href":"https:\/\/timan.dk\/en\/wp-json\/wp\/v2\/pages\/13995\/revisions\/14012"}],"up":[{"embeddable":true,"href":"https:\/\/timan.dk\/en\/wp-json\/wp\/v2\/pages\/7445"}],"wp:featuredmedia":[{"embeddable":true,"href":"https:\/\/timan.dk\/en\/wp-json\/wp\/v2\/media\/12641"}],"wp:attachment":[{"href":"https:\/\/timan.dk\/en\/wp-json\/wp\/v2\/media?parent=13995"}],"wp:term":[{"taxonomy":"category","embeddable":true,"href":"https:\/\/timan.dk\/en\/wp-json\/wp\/v2\/categories?post=13995"}],"curies":[{"name":"wp","href":"https:\/\/api.w.org\/{rel}","templated":true}]}}